{"id":1755,"date":"2010-06-16T08:48:17","date_gmt":"2010-06-16T08:48:17","guid":{"rendered":"http:\/\/pracownia52.pl\/www\/?page_id=1755"},"modified":"2018-02-02T08:59:37","modified_gmt":"2018-02-02T08:59:37","slug":"heraklit","status":"publish","type":"page","link":"https:\/\/pracownia52.pl\/www\/?page_id=1755","title":{"rendered":"Heraklit"},"content":{"rendered":"<p>a dok\u0142adniej: <a href=\"https:\/\/pracownia52.home.pl\/autoinstalator\/wordpress14\/?p=100\"><strong>Wojciech Wrotkowski<\/strong><\/a> \u201eJeden wieloimienny. B\u00f3g Heraklita z Efezu&#8221;. nasz (no, dobrze: m\u00f3j, ale te\u017c to i d. Pracownia 52) projekt, sk\u0142ad (w tym tekst starogrecki) oraz realizacja druku. kawa\u0142 ci\u0119\u017ckiej (2008-2009), niestety te\u017c ma\u0142o dzi\u015b komu potrzebnej pracy, kto lubi czyta\u0107 grube, trudne ksi\u0105\u017cki\u2026<br \/>\nmr m.<br \/>\n<a href=\"https:\/\/pracownia52.home.pl\/autoinstalator\/wordpress14\/?p=100\"><img loading=\"lazy\" decoding=\"async\" src=\"http:\/\/pracownia52.pl\/www\/wp-content\/uploads\/2010\/06\/wrotkowski-doktorat-okladka-1.jpg\" alt=\"\" title=\"wrotkowski-doktorat-okladka-1\" width=\"500\" height=\"550\" class=\"alignnone size-full wp-image-1758\" srcset=\"https:\/\/pracownia52.pl\/www\/wp-content\/uploads\/2010\/06\/wrotkowski-doktorat-okladka-1-272x300.jpg?v=1627126079 272w, https:\/\/pracownia52.pl\/www\/wp-content\/uploads\/2010\/06\/wrotkowski-doktorat-okladka-1-768x847.jpg?v=1627126079 768w\" sizes=\"auto, (max-width: 500px) 100vw, 500px\" \/><\/a><\/p>\n","protected":false},"excerpt":{"rendered":"<p>a dok\u0142adniej: Wojciech Wrotkowski \u201eJeden wieloimienny. B\u00f3g Heraklita z Efezu&#8221;. nasz (no, dobrze: m\u00f3j, ale te\u017c to i d. Pracownia 52) projekt, sk\u0142ad (w tym tekst starogrecki) oraz realizacja druku. kawa\u0142 ci\u0119\u017ckiej (2008-2009), niestety te\u017c ma\u0142o dzi\u015b komu potrzebnej pracy, kto lubi czyta\u0107 grube, trudne ksi\u0105\u017cki\u2026 mr m.<\/p>\n","protected":false},"author":1,"featured_media":0,"parent":0,"menu_order":3,"comment_status":"closed","ping_status":"open","template":"","meta":{"footnotes":""},"class_list":["post-1755","page","type-page","status-publish","hentry"],"_links":{"self":[{"href":"https:\/\/pracownia52.pl\/www\/index.php?rest_route=\/wp\/v2\/pages\/1755","targetHints":{"allow":["GET"]}}],"collection":[{"href":"https:\/\/pracownia52.pl\/www\/index.php?rest_route=\/wp\/v2\/pages"}],"about":[{"href":"https:\/\/pracownia52.pl\/www\/index.php?rest_route=\/wp\/v2\/types\/page"}],"author":[{"embeddable":true,"href":"https:\/\/pracownia52.pl\/www\/index.php?rest_route=\/wp\/v2\/users\/1"}],"replies":[{"embeddable":true,"href":"https:\/\/pracownia52.pl\/www\/index.php?rest_route=%2Fwp%2Fv2%2Fcomments&post=1755"}],"version-history":[{"count":13,"href":"https:\/\/pracownia52.pl\/www\/index.php?rest_route=\/wp\/v2\/pages\/1755\/revisions"}],"predecessor-version":[{"id":7491,"href":"https:\/\/pracownia52.pl\/www\/index.php?rest_route=\/wp\/v2\/pages\/1755\/revisions\/7491"}],"wp:attachment":[{"href":"https:\/\/pracownia52.pl\/www\/index.php?rest_route=%2Fwp%2Fv2%2Fmedia&parent=1755"}],"curies":[{"name":"wp","href":"https:\/\/api.w.org\/{rel}","templated":true}]}}