{"id":1816,"date":"2010-06-16T10:50:58","date_gmt":"2010-06-16T10:50:58","guid":{"rendered":"http:\/\/pracownia52.pl\/www\/?page_id=1816"},"modified":"2018-08-26T10:28:09","modified_gmt":"2018-08-26T10:28:09","slug":"teatr-8-dnia","status":"publish","type":"page","link":"https:\/\/pracownia52.pl\/www\/?page_id=1816","title":{"rendered":"Teatr 8 Dnia"},"content":{"rendered":"<p>jeden spektakl, w Poznaniu: na finale tzw. \u201e<a href=\"http:\/\/ooops.pl\/?s=kultury+student\u00f3w+PRL\"><strong>6 Festiwalu kultury student\u00f3w PRL<\/strong><\/a>&#8222;.<br \/>\nd\u0142ugoby opowiada\u0107, ale troch\u0119 zdj\u0119\u0107 mam\u2026<br \/>\nmr m.<br \/>\n<img loading=\"lazy\" decoding=\"async\" src=\"http:\/\/pracownia52.pl\/www\/wp-content\/uploads\/2010\/06\/teatr-8-dnia-0021-low.jpg\" alt=\"\" title=\"teatr-8-dnia-0021-low\" width=\"800\" height=\"540\" class=\"alignnone size-full wp-image-1817\" srcset=\"https:\/\/pracownia52.pl\/www\/wp-content\/uploads\/2010\/06\/teatr-8-dnia-0021-low.jpg?v=1627124248 800w, https:\/\/pracownia52.pl\/www\/wp-content\/uploads\/2010\/06\/teatr-8-dnia-0021-low-300x203.jpg?v=1627124248 300w, https:\/\/pracownia52.pl\/www\/wp-content\/uploads\/2010\/06\/teatr-8-dnia-0021-low-768x518.jpg?v=1627124248 768w\" sizes=\"auto, (max-width: 767px) 89vw, (max-width: 1000px) 54vw, (max-width: 1071px) 543px, 580px\" \/><\/p>\n","protected":false},"excerpt":{"rendered":"<p>jeden spektakl, w Poznaniu: na finale tzw. \u201e6 Festiwalu kultury student\u00f3w PRL&#8222;. d\u0142ugoby opowiada\u0107, ale troch\u0119 zdj\u0119\u0107 mam\u2026 mr m.<\/p>\n","protected":false},"author":1,"featured_media":0,"parent":0,"menu_order":3,"comment_status":"closed","ping_status":"open","template":"","meta":{"footnotes":""},"class_list":["post-1816","page","type-page","status-publish","hentry"],"_links":{"self":[{"href":"https:\/\/pracownia52.pl\/www\/index.php?rest_route=\/wp\/v2\/pages\/1816","targetHints":{"allow":["GET"]}}],"collection":[{"href":"https:\/\/pracownia52.pl\/www\/index.php?rest_route=\/wp\/v2\/pages"}],"about":[{"href":"https:\/\/pracownia52.pl\/www\/index.php?rest_route=\/wp\/v2\/types\/page"}],"author":[{"embeddable":true,"href":"https:\/\/pracownia52.pl\/www\/index.php?rest_route=\/wp\/v2\/users\/1"}],"replies":[{"embeddable":true,"href":"https:\/\/pracownia52.pl\/www\/index.php?rest_route=%2Fwp%2Fv2%2Fcomments&post=1816"}],"version-history":[{"count":5,"href":"https:\/\/pracownia52.pl\/www\/index.php?rest_route=\/wp\/v2\/pages\/1816\/revisions"}],"predecessor-version":[{"id":7736,"href":"https:\/\/pracownia52.pl\/www\/index.php?rest_route=\/wp\/v2\/pages\/1816\/revisions\/7736"}],"wp:attachment":[{"href":"https:\/\/pracownia52.pl\/www\/index.php?rest_route=%2Fwp%2Fv2%2Fmedia&parent=1816"}],"curies":[{"name":"wp","href":"https:\/\/api.w.org\/{rel}","templated":true}]}}