{"id":1905,"date":"2010-06-17T08:31:18","date_gmt":"2010-06-17T08:31:18","guid":{"rendered":"http:\/\/pracownia52.pl\/www\/?page_id=1905"},"modified":"2016-01-25T16:13:02","modified_gmt":"2016-01-25T16:13:02","slug":"krzysztof-sadowski","status":"publish","type":"page","link":"https:\/\/pracownia52.pl\/www\/?page_id=1905","title":{"rendered":"Krzysztof Sadowski"},"content":{"rendered":"<p>zdj\u0119cie dla mies. JAZZ.<br \/>\na ni\u017cej: trzy zdj\u0119cia (ten sam czas, nowe skany) z reedycji LP \u201eThree Thousand Points\u201d, wydanej (CD) przez <a href=\"http:\/\/gadrecords.pl\/katalog\/sadowski-three-thousand-points\"><strong>GAD Records<\/strong><\/a>.<br \/>\n[mrm]<br \/>\n<img loading=\"lazy\" decoding=\"async\" src=\"http:\/\/pracownia52.pl\/www\/wp-content\/uploads\/2010\/06\/1978-krzysztof-sadowski-4.jpg\" alt=\"\" title=\"1978-krzysztof-sadowski-4\" width=\"800\" height=\"523\" class=\"alignnone size-full wp-image-1906\" srcset=\"https:\/\/pracownia52.pl\/www\/wp-content\/uploads\/2010\/06\/1978-krzysztof-sadowski-4.jpg?v=1627124242 800w, https:\/\/pracownia52.pl\/www\/wp-content\/uploads\/2010\/06\/1978-krzysztof-sadowski-4-300x196.jpg?v=1627124242 300w, https:\/\/pracownia52.pl\/www\/wp-content\/uploads\/2010\/06\/1978-krzysztof-sadowski-4-768x502.jpg?v=1627124242 768w\" sizes=\"auto, (max-width: 767px) 89vw, (max-width: 1000px) 54vw, (max-width: 1071px) 543px, 580px\" \/><br \/>\n<div id='gallery-1' class='gallery galleryid-1905 gallery-columns-3 gallery-size-medium'><figure class='gallery-item'>\n\t\t\t<div class='gallery-icon landscape'>\n\t\t\t\t<img loading=\"lazy\" decoding=\"async\" width=\"300\" height=\"212\" src=\"https:\/\/pracownia52.pl\/www\/wp-content\/uploads\/2010\/06\/01-1979-Kalisz-Krz-Sadowski-3-klatki-mod-fot-mr-makowski-1-1200pxl-300x212.jpg?v=1627123926\" class=\"attachment-medium size-medium\" alt=\"\" srcset=\"https:\/\/pracownia52.pl\/www\/wp-content\/uploads\/2010\/06\/01-1979-Kalisz-Krz-Sadowski-3-klatki-mod-fot-mr-makowski-1-1200pxl-300x212.jpg?v=1627123926 300w, https:\/\/pracownia52.pl\/www\/wp-content\/uploads\/2010\/06\/01-1979-Kalisz-Krz-Sadowski-3-klatki-mod-fot-mr-makowski-1-1200pxl-1024x724.jpg?v=1627123926 1024w, https:\/\/pracownia52.pl\/www\/wp-content\/uploads\/2010\/06\/01-1979-Kalisz-Krz-Sadowski-3-klatki-mod-fot-mr-makowski-1-1200pxl-768x543.jpg?v=1627123926 768w, https:\/\/pracownia52.pl\/www\/wp-content\/uploads\/2010\/06\/01-1979-Kalisz-Krz-Sadowski-3-klatki-mod-fot-mr-makowski-1-1200pxl.jpg?v=1627123926 1200w\" sizes=\"auto, 100vw\" \/>\n\t\t\t<\/div><\/figure><figure class='gallery-item'>\n\t\t\t<div class='gallery-icon landscape'>\n\t\t\t\t<img loading=\"lazy\" decoding=\"async\" width=\"300\" height=\"209\" src=\"https:\/\/pracownia52.pl\/www\/wp-content\/uploads\/2010\/06\/02-1978-lub-79-krzysztof-sadowski-dir-flat-v700-122-1200pxl-300x209.jpg?v=1627123926\" class=\"attachment-medium size-medium\" alt=\"\" srcset=\"https:\/\/pracownia52.pl\/www\/wp-content\/uploads\/2010\/06\/02-1978-lub-79-krzysztof-sadowski-dir-flat-v700-122-1200pxl-300x209.jpg?v=1627123926 300w, https:\/\/pracownia52.pl\/www\/wp-content\/uploads\/2010\/06\/02-1978-lub-79-krzysztof-sadowski-dir-flat-v700-122-1200pxl-1024x714.jpg?v=1627123926 1024w, https:\/\/pracownia52.pl\/www\/wp-content\/uploads\/2010\/06\/02-1978-lub-79-krzysztof-sadowski-dir-flat-v700-122-1200pxl-768x536.jpg?v=1627123926 768w, https:\/\/pracownia52.pl\/www\/wp-content\/uploads\/2010\/06\/02-1978-lub-79-krzysztof-sadowski-dir-flat-v700-122-1200pxl.jpg?v=1627123926 1200w\" sizes=\"auto, 100vw\" \/>\n\t\t\t<\/div><\/figure><figure class='gallery-item'>\n\t\t\t<div class='gallery-icon landscape'>\n\t\t\t\t<img loading=\"lazy\" decoding=\"async\" width=\"300\" height=\"197\" src=\"https:\/\/pracownia52.pl\/www\/wp-content\/uploads\/2010\/06\/03-17-1978-lub-79-krzysztof-sadowski-dir-flat-v700-122-1200pxl-300x197.jpg?v=1627123926\" class=\"attachment-medium size-medium\" alt=\"\" srcset=\"https:\/\/pracownia52.pl\/www\/wp-content\/uploads\/2010\/06\/03-17-1978-lub-79-krzysztof-sadowski-dir-flat-v700-122-1200pxl-300x197.jpg?v=1627123926 300w, https:\/\/pracownia52.pl\/www\/wp-content\/uploads\/2010\/06\/03-17-1978-lub-79-krzysztof-sadowski-dir-flat-v700-122-1200pxl-1024x672.jpg?v=1627123926 1024w, https:\/\/pracownia52.pl\/www\/wp-content\/uploads\/2010\/06\/03-17-1978-lub-79-krzysztof-sadowski-dir-flat-v700-122-1200pxl-768x504.jpg?v=1627123926 768w, https:\/\/pracownia52.pl\/www\/wp-content\/uploads\/2010\/06\/03-17-1978-lub-79-krzysztof-sadowski-dir-flat-v700-122-1200pxl.jpg?v=1627123926 1200w\" sizes=\"auto, 100vw\" \/>\n\t\t\t<\/div><\/figure>\n\t\t<\/div>\n<\/p>\n","protected":false},"excerpt":{"rendered":"<p>zdj\u0119cie dla mies. JAZZ. a ni\u017cej: trzy zdj\u0119cia (ten sam czas, nowe skany) z reedycji LP \u201eThree Thousand Points\u201d, wydanej (CD) przez GAD Records. [mrm]<\/p>\n","protected":false},"author":1,"featured_media":0,"parent":0,"menu_order":0,"comment_status":"closed","ping_status":"open","template":"","meta":{"footnotes":""},"class_list":["post-1905","page","type-page","status-publish","hentry"],"_links":{"self":[{"href":"https:\/\/pracownia52.pl\/www\/index.php?rest_route=\/wp\/v2\/pages\/1905","targetHints":{"allow":["GET"]}}],"collection":[{"href":"https:\/\/pracownia52.pl\/www\/index.php?rest_route=\/wp\/v2\/pages"}],"about":[{"href":"https:\/\/pracownia52.pl\/www\/index.php?rest_route=\/wp\/v2\/types\/page"}],"author":[{"embeddable":true,"href":"https:\/\/pracownia52.pl\/www\/index.php?rest_route=\/wp\/v2\/users\/1"}],"replies":[{"embeddable":true,"href":"https:\/\/pracownia52.pl\/www\/index.php?rest_route=%2Fwp%2Fv2%2Fcomments&post=1905"}],"version-history":[{"count":7,"href":"https:\/\/pracownia52.pl\/www\/index.php?rest_route=\/wp\/v2\/pages\/1905\/revisions"}],"predecessor-version":[{"id":5105,"href":"https:\/\/pracownia52.pl\/www\/index.php?rest_route=\/wp\/v2\/pages\/1905\/revisions\/5105"}],"wp:attachment":[{"href":"https:\/\/pracownia52.pl\/www\/index.php?rest_route=%2Fwp%2Fv2%2Fmedia&parent=1905"}],"curies":[{"name":"wp","href":"https:\/\/api.w.org\/{rel}","templated":true}]}}