{"id":1909,"date":"2010-06-17T08:33:13","date_gmt":"2010-06-17T08:33:13","guid":{"rendered":"http:\/\/pracownia52.pl\/www\/?page_id=1909"},"modified":"2019-08-08T12:23:48","modified_gmt":"2019-08-08T12:23:48","slug":"zlota-tarka","status":"publish","type":"page","link":"https:\/\/pracownia52.pl\/www\/?page_id=1909","title":{"rendered":"Zlota Tarka"},"content":{"rendered":"\n<p>Albo inaczej \u201e<a href=\"http:\/\/zlotatarka.sisco.pl\/2010\/historia-zamiast-wstepu-\"><strong>Old Jazz Meeting<\/strong><\/a>\u201d. Festiwal <a href=\"http:\/\/www.polishjazzarch.com\/z\u0142ota-tarka.html\"><strong>jazzu tradycyjnego, w Stodole<\/strong><\/a>. Mn\u00f3stwo wykonawc\u00f3w, bardzo r\u00f3\u017cni. Moje zdj\u0119cia \u2013 to g\u0142\u00f3wnie koniec lat 70.<br \/>mr m.<br \/><\/p>\n\n\n\n<figure class=\"wp-block-image\"><img loading=\"lazy\" decoding=\"async\" width=\"705\" height=\"956\" src=\"http:\/\/pracownia52.pl\/www\/wp-content\/uploads\/2010\/06\/1978-lub-79-zlota-tarka-2.jpg\" alt=\"\" class=\"wp-image-1911\" srcset=\"https:\/\/pracownia52.pl\/www\/wp-content\/uploads\/2010\/06\/1978-lub-79-zlota-tarka-2.jpg?v=1627124242 705w, https:\/\/pracownia52.pl\/www\/wp-content\/uploads\/2010\/06\/1978-lub-79-zlota-tarka-2-221x300.jpg?v=1627124242 221w\" sizes=\"auto, (max-width: 705px) 100vw, 705px\" \/><\/figure>\n\n\n\n<ul class=\"wp-block-gallery columns-3 is-cropped wp-block-gallery-1 is-layout-flex wp-block-gallery-is-layout-flex\"><li class=\"blocks-gallery-item\"><figure><a href=\"https:\/\/pracownia52.pl\/www\/wp-content\/uploads\/2019\/01\/003-1979-zlota-tarka-691-fot-mr-makowski-1024x695.jpg\"><img loading=\"lazy\" decoding=\"async\" width=\"1024\" height=\"695\" src=\"https:\/\/pracownia52.pl\/www\/wp-content\/uploads\/2019\/01\/003-1979-zlota-tarka-691-fot-mr-makowski-1024x695.jpg\" alt=\"\" data-id=\"8505\" data-link=\"https:\/\/pracownia52.pl\/www\/?attachment_id=8505\" class=\"wp-image-8505\" srcset=\"https:\/\/pracownia52.pl\/www\/wp-content\/uploads\/2019\/01\/003-1979-zlota-tarka-691-fot-mr-makowski-1024x695.jpg?v=1627123660 1024w, https:\/\/pracownia52.pl\/www\/wp-content\/uploads\/2019\/01\/003-1979-zlota-tarka-691-fot-mr-makowski-300x204.jpg?v=1627123660 300w, https:\/\/pracownia52.pl\/www\/wp-content\/uploads\/2019\/01\/003-1979-zlota-tarka-691-fot-mr-makowski-768x521.jpg?v=1627123660 768w, https:\/\/pracownia52.pl\/www\/wp-content\/uploads\/2019\/01\/003-1979-zlota-tarka-691-fot-mr-makowski.jpg?v=1627123660 1200w\" sizes=\"auto, (max-width: 767px) 89vw, (max-width: 1000px) 54vw, (max-width: 1071px) 543px, 580px\" \/><\/a><figcaption>Bob Wilber (1978?)<\/figcaption><\/figure><\/li><li class=\"blocks-gallery-item\"><figure><a href=\"https:\/\/pracownia52.pl\/www\/wp-content\/uploads\/2019\/01\/001-1979-zlota-tarka-696-fot-mr-makowski-681x1024.jpg\"><img loading=\"lazy\" decoding=\"async\" width=\"681\" height=\"1024\" src=\"https:\/\/pracownia52.pl\/www\/wp-content\/uploads\/2019\/01\/001-1979-zlota-tarka-696-fot-mr-makowski-681x1024.jpg\" alt=\"\" data-id=\"8503\" data-link=\"https:\/\/pracownia52.pl\/www\/?attachment_id=8503\" class=\"wp-image-8503\" srcset=\"https:\/\/pracownia52.pl\/www\/wp-content\/uploads\/2019\/01\/001-1979-zlota-tarka-696-fot-mr-makowski-681x1024.jpg?v=1627123661 681w, https:\/\/pracownia52.pl\/www\/wp-content\/uploads\/2019\/01\/001-1979-zlota-tarka-696-fot-mr-makowski-200x300.jpg?v=1627123661 200w, https:\/\/pracownia52.pl\/www\/wp-content\/uploads\/2019\/01\/001-1979-zlota-tarka-696-fot-mr-makowski-768x1155.jpg?v=1627123661 768w, https:\/\/pracownia52.pl\/www\/wp-content\/uploads\/2019\/01\/001-1979-zlota-tarka-696-fot-mr-makowski.jpg?v=1627123661 798w\" sizes=\"auto, (max-width: 681px) 100vw, 681px\" \/><\/a><\/figure><\/li><li class=\"blocks-gallery-item\"><figure><a href=\"https:\/\/pracownia52.pl\/www\/wp-content\/uploads\/2019\/01\/002-1979-zlota-tarka-693-fot-mr-makowski-1024x684.jpg\"><img loading=\"lazy\" decoding=\"async\" width=\"1024\" height=\"684\" src=\"https:\/\/pracownia52.pl\/www\/wp-content\/uploads\/2019\/01\/002-1979-zlota-tarka-693-fot-mr-makowski-1024x684.jpg\" alt=\"\" data-id=\"8504\" data-link=\"https:\/\/pracownia52.pl\/www\/?attachment_id=8504\" class=\"wp-image-8504\" srcset=\"https:\/\/pracownia52.pl\/www\/wp-content\/uploads\/2019\/01\/002-1979-zlota-tarka-693-fot-mr-makowski-1024x684.jpg?v=1627123661 1024w, https:\/\/pracownia52.pl\/www\/wp-content\/uploads\/2019\/01\/002-1979-zlota-tarka-693-fot-mr-makowski-300x201.jpg?v=1627123661 300w, https:\/\/pracownia52.pl\/www\/wp-content\/uploads\/2019\/01\/002-1979-zlota-tarka-693-fot-mr-makowski-768x513.jpg?v=1627123661 768w, https:\/\/pracownia52.pl\/www\/wp-content\/uploads\/2019\/01\/002-1979-zlota-tarka-693-fot-mr-makowski.jpg?v=1627123661 1200w\" sizes=\"auto, (max-width: 767px) 89vw, (max-width: 1000px) 54vw, (max-width: 1071px) 543px, 580px\" \/><\/a><figcaption>Peter Herbolzheimer&nbsp; (1979)<\/figcaption><\/figure><\/li><\/ul>\n","protected":false},"excerpt":{"rendered":"<p>Albo inaczej \u201eOld Jazz Meeting\u201d. Festiwal jazzu tradycyjnego, w Stodole. Mn\u00f3stwo wykonawc\u00f3w, bardzo r\u00f3\u017cni. Moje zdj\u0119cia \u2013 to g\u0142\u00f3wnie koniec lat 70.mr m.<\/p>\n","protected":false},"author":1,"featured_media":0,"parent":0,"menu_order":0,"comment_status":"closed","ping_status":"open","template":"","meta":{"footnotes":""},"class_list":["post-1909","page","type-page","status-publish","hentry"],"_links":{"self":[{"href":"https:\/\/pracownia52.pl\/www\/index.php?rest_route=\/wp\/v2\/pages\/1909","targetHints":{"allow":["GET"]}}],"collection":[{"href":"https:\/\/pracownia52.pl\/www\/index.php?rest_route=\/wp\/v2\/pages"}],"about":[{"href":"https:\/\/pracownia52.pl\/www\/index.php?rest_route=\/wp\/v2\/types\/page"}],"author":[{"embeddable":true,"href":"https:\/\/pracownia52.pl\/www\/index.php?rest_route=\/wp\/v2\/users\/1"}],"replies":[{"embeddable":true,"href":"https:\/\/pracownia52.pl\/www\/index.php?rest_route=%2Fwp%2Fv2%2Fcomments&post=1909"}],"version-history":[{"count":7,"href":"https:\/\/pracownia52.pl\/www\/index.php?rest_route=\/wp\/v2\/pages\/1909\/revisions"}],"predecessor-version":[{"id":9593,"href":"https:\/\/pracownia52.pl\/www\/index.php?rest_route=\/wp\/v2\/pages\/1909\/revisions\/9593"}],"wp:attachment":[{"href":"https:\/\/pracownia52.pl\/www\/index.php?rest_route=%2Fwp%2Fv2%2Fmedia&parent=1909"}],"curies":[{"name":"wp","href":"https:\/\/api.w.org\/{rel}","templated":true}]}}