{"id":1925,"date":"2010-06-17T12:42:00","date_gmt":"2010-06-17T12:42:00","guid":{"rendered":"http:\/\/pracownia52.pl\/www\/?page_id=1925"},"modified":"2010-06-17T12:45:56","modified_gmt":"2010-06-17T12:45:56","slug":"teraz-polska-2","status":"publish","type":"page","link":"https:\/\/pracownia52.pl\/www\/?page_id=1925","title":{"rendered":"Teraz Polska"},"content":{"rendered":"<p>jedna edycja (wczesne lata 90.): projekt kompletu materia\u0142\u00f3w poligraficznych \u2013 plakat, folder, zaproszenia i reklamy.<br \/>\nr\u00f3wnie\u017c: kartka wielkanocna, najlepszy z tych druk\u00f3w; mo\u017ce dlatego, \u017ce najmniej ingerowali\u2026 kartka sk\u0142adana: prz\u00f3d-ty\u0142 oraz \u015brodek<br \/>\nzob. te\u017c: <a href=\"http:\/\/pracownia52.pl\/www\/?page_id=270\">Grafield<\/a><br \/>\n[mrm]<br \/>\n<img loading=\"lazy\" decoding=\"async\" src=\"http:\/\/pracownia52.pl\/www\/wp-content\/uploads\/2010\/06\/teraz-polska-wielkanoc-01.jpg\" alt=\"\" title=\"teraz-polska-wielkanoc-01\" width=\"650\" height=\"225\" class=\"alignnone size-full wp-image-1969\" \/> <\/p>\n<p><img loading=\"lazy\" decoding=\"async\" src=\"http:\/\/pracownia52.pl\/www\/wp-content\/uploads\/2010\/06\/teraz-polska-wielkanoc-02.jpg\" alt=\"\" title=\"teraz-polska-wielkanoc-02\" width=\"650\" height=\"225\" class=\"alignnone size-full wp-image-1971\" \/><\/p>\n","protected":false},"excerpt":{"rendered":"<p>jedna edycja (wczesne lata 90.): projekt kompletu materia\u0142\u00f3w poligraficznych \u2013 plakat, folder, zaproszenia i reklamy. r\u00f3wnie\u017c: kartka wielkanocna, najlepszy z tych druk\u00f3w; mo\u017ce dlatego, \u017ce najmniej ingerowali\u2026 kartka sk\u0142adana: prz\u00f3d-ty\u0142 oraz \u015brodek zob. te\u017c: Grafield [mrm]<\/p>\n","protected":false},"author":1,"featured_media":0,"parent":0,"menu_order":3,"comment_status":"closed","ping_status":"open","template":"","meta":{"footnotes":""},"class_list":["post-1925","page","type-page","status-publish","hentry"],"_links":{"self":[{"href":"https:\/\/pracownia52.pl\/www\/index.php?rest_route=\/wp\/v2\/pages\/1925","targetHints":{"allow":["GET"]}}],"collection":[{"href":"https:\/\/pracownia52.pl\/www\/index.php?rest_route=\/wp\/v2\/pages"}],"about":[{"href":"https:\/\/pracownia52.pl\/www\/index.php?rest_route=\/wp\/v2\/types\/page"}],"author":[{"embeddable":true,"href":"https:\/\/pracownia52.pl\/www\/index.php?rest_route=\/wp\/v2\/users\/1"}],"replies":[{"embeddable":true,"href":"https:\/\/pracownia52.pl\/www\/index.php?rest_route=%2Fwp%2Fv2%2Fcomments&post=1925"}],"version-history":[{"count":7,"href":"https:\/\/pracownia52.pl\/www\/index.php?rest_route=\/wp\/v2\/pages\/1925\/revisions"}],"predecessor-version":[{"id":1977,"href":"https:\/\/pracownia52.pl\/www\/index.php?rest_route=\/wp\/v2\/pages\/1925\/revisions\/1977"}],"wp:attachment":[{"href":"https:\/\/pracownia52.pl\/www\/index.php?rest_route=%2Fwp%2Fv2%2Fmedia&parent=1925"}],"curies":[{"name":"wp","href":"https:\/\/api.w.org\/{rel}","templated":true}]}}