{"id":1998,"date":"2010-06-18T11:24:42","date_gmt":"2010-06-18T11:24:42","guid":{"rendered":"http:\/\/pracownia52.pl\/www\/?page_id=1998"},"modified":"2018-12-24T10:53:02","modified_gmt":"2018-12-24T10:53:02","slug":"jacek-skubikowski","status":"publish","type":"page","link":"https:\/\/pracownia52.pl\/www\/?page_id=1998","title":{"rendered":"Jacek Skubikowski"},"content":{"rendered":"\n<p>niekiedy si\u0119 mijali\u015bmy. i nawet jakie\u015b (ale czarno-bia\u0142e) z tego trafi\u0142o na \u201e<a href=\"https:\/\/pl.wikipedia.org\/wiki\/Jedyny_hotel_w_mie\u015bcie\"><strong>Jedyny hotel w mie\u015bcie<\/strong><\/a>\u201d, na ty\u0142, bo pan projektant wola\u0142 da\u0107 z przodu smutn\u0105 wind\u0119.<br \/>mr m.<\/p>\n\n\n\n<ul class=\"wp-block-gallery columns-3 is-cropped wp-block-gallery-1 is-layout-flex wp-block-gallery-is-layout-flex\"><li class=\"blocks-gallery-item\"><figure><a href=\"https:\/\/pracownia52.pl\/www\/wp-content\/uploads\/2010\/06\/skubikowski-jedyny-hotel-fot-mr-makowski-001-low.jpg\"><img loading=\"lazy\" decoding=\"async\" width=\"1182\" height=\"378\" src=\"https:\/\/pracownia52.pl\/www\/wp-content\/uploads\/2010\/06\/skubikowski-jedyny-hotel-fot-mr-makowski-001-low.jpg\" alt=\"\" data-id=\"7204\" class=\"wp-image-7204\" srcset=\"https:\/\/pracownia52.pl\/www\/wp-content\/uploads\/2010\/06\/skubikowski-jedyny-hotel-fot-mr-makowski-001-low.jpg?v=1627123721 1182w, https:\/\/pracownia52.pl\/www\/wp-content\/uploads\/2010\/06\/skubikowski-jedyny-hotel-fot-mr-makowski-001-low-300x96.jpg?v=1627123721 300w, https:\/\/pracownia52.pl\/www\/wp-content\/uploads\/2010\/06\/skubikowski-jedyny-hotel-fot-mr-makowski-001-low-1024x327.jpg?v=1627123721 1024w, https:\/\/pracownia52.pl\/www\/wp-content\/uploads\/2010\/06\/skubikowski-jedyny-hotel-fot-mr-makowski-001-low-768x246.jpg?v=1627123721 768w\" sizes=\"auto, (max-width: 767px) 89vw, (max-width: 1000px) 54vw, (max-width: 1071px) 543px, 580px\" \/><\/a><\/figure><\/li><li class=\"blocks-gallery-item\"><figure><a href=\"https:\/\/pracownia52.pl\/www\/wp-content\/uploads\/2010\/06\/jacek-skubikowski-zosia-skubikowska-198x-5.jpg\"><img loading=\"lazy\" decoding=\"async\" width=\"800\" height=\"923\" src=\"https:\/\/pracownia52.pl\/www\/wp-content\/uploads\/2010\/06\/jacek-skubikowski-zosia-skubikowska-198x-5.jpg\" alt=\"\" data-id=\"2000\" class=\"wp-image-2000\" srcset=\"https:\/\/pracownia52.pl\/www\/wp-content\/uploads\/2010\/06\/jacek-skubikowski-zosia-skubikowska-198x-5.jpg?v=1627124235 800w, https:\/\/pracownia52.pl\/www\/wp-content\/uploads\/2010\/06\/jacek-skubikowski-zosia-skubikowska-198x-5-260x300.jpg?v=1627124235 260w, https:\/\/pracownia52.pl\/www\/wp-content\/uploads\/2010\/06\/jacek-skubikowski-zosia-skubikowska-198x-5-768x886.jpg?v=1627124235 768w\" sizes=\"auto, (max-width: 767px) 89vw, (max-width: 1000px) 54vw, (max-width: 1071px) 543px, 580px\" \/><\/a><\/figure><\/li><\/ul>\n","protected":false},"excerpt":{"rendered":"<p>niekiedy si\u0119 mijali\u015bmy. i nawet jakie\u015b (ale czarno-bia\u0142e) z tego trafi\u0142o na \u201eJedyny hotel w mie\u015bcie\u201d, na ty\u0142, bo pan projektant wola\u0142 da\u0107 z przodu smutn\u0105 wind\u0119.mr m.<\/p>\n","protected":false},"author":1,"featured_media":0,"parent":0,"menu_order":0,"comment_status":"closed","ping_status":"open","template":"","meta":{"footnotes":""},"class_list":["post-1998","page","type-page","status-publish","hentry"],"_links":{"self":[{"href":"https:\/\/pracownia52.pl\/www\/index.php?rest_route=\/wp\/v2\/pages\/1998","targetHints":{"allow":["GET"]}}],"collection":[{"href":"https:\/\/pracownia52.pl\/www\/index.php?rest_route=\/wp\/v2\/pages"}],"about":[{"href":"https:\/\/pracownia52.pl\/www\/index.php?rest_route=\/wp\/v2\/types\/page"}],"author":[{"embeddable":true,"href":"https:\/\/pracownia52.pl\/www\/index.php?rest_route=\/wp\/v2\/users\/1"}],"replies":[{"embeddable":true,"href":"https:\/\/pracownia52.pl\/www\/index.php?rest_route=%2Fwp%2Fv2%2Fcomments&post=1998"}],"version-history":[{"count":6,"href":"https:\/\/pracownia52.pl\/www\/index.php?rest_route=\/wp\/v2\/pages\/1998\/revisions"}],"predecessor-version":[{"id":8213,"href":"https:\/\/pracownia52.pl\/www\/index.php?rest_route=\/wp\/v2\/pages\/1998\/revisions\/8213"}],"wp:attachment":[{"href":"https:\/\/pracownia52.pl\/www\/index.php?rest_route=%2Fwp%2Fv2%2Fmedia&parent=1998"}],"curies":[{"name":"wp","href":"https:\/\/api.w.org\/{rel}","templated":true}]}}