{"id":206,"date":"2010-06-11T08:22:14","date_gmt":"2010-06-11T08:22:14","guid":{"rendered":"http:\/\/pracownia52.pl\/www\/?page_id=206"},"modified":"2018-12-24T09:53:31","modified_gmt":"2018-12-24T09:53:31","slug":"dzika-kiszka","status":"publish","type":"page","link":"https:\/\/pracownia52.pl\/www\/?page_id=206","title":{"rendered":"Dzika Kiszka"},"content":{"rendered":"\n<figure class=\"wp-block-image\"><img decoding=\"async\" src=\"http:\/\/pracownia52.pl\/www\/wp-content\/uploads\/2010\/06\/DzikaKiszka.jpg\" alt=\"\"\/><\/figure>\n\n\n\n<p>ok\u0142adka do CD, zdj\u0119cia<br \/>nie\u017ale zakr\u0119cony band. niez\u0142y kr\u0105\u017cek. szkoda, \u017ce jakie\u015b 15 lat za p\u00f3\u017ano\u2026<br \/>mr m.<br \/><\/p>\n\n\n\n<ul class=\"wp-block-gallery columns-5 is-cropped wp-block-gallery-1 is-layout-flex wp-block-gallery-is-layout-flex\"><li class=\"blocks-gallery-item\"><figure><a href=\"https:\/\/pracownia52.pl\/www\/wp-content\/uploads\/2010\/06\/dzika-tro__jca-2mn.jpg\"><img loading=\"lazy\" decoding=\"async\" width=\"600\" height=\"425\" src=\"https:\/\/pracownia52.pl\/www\/wp-content\/uploads\/2010\/06\/dzika-tro__jca-2mn.jpg\" alt=\"\" data-id=\"6293\" class=\"wp-image-6293\" srcset=\"https:\/\/pracownia52.pl\/www\/wp-content\/uploads\/2010\/06\/dzika-tro__jca-2mn.jpg?v=1627123758 600w, https:\/\/pracownia52.pl\/www\/wp-content\/uploads\/2010\/06\/dzika-tro__jca-2mn-300x213.jpg?v=1627123758 300w\" sizes=\"auto, (max-width: 600px) 100vw, 600px\" \/><\/a><\/figure><\/li><li class=\"blocks-gallery-item\"><figure><a href=\"https:\/\/pracownia52.pl\/www\/wp-content\/uploads\/2010\/06\/dzika-baba-3-mn.jpg\"><img loading=\"lazy\" decoding=\"async\" width=\"550\" height=\"378\" src=\"https:\/\/pracownia52.pl\/www\/wp-content\/uploads\/2010\/06\/dzika-baba-3-mn.jpg\" alt=\"\" data-id=\"6291\" class=\"wp-image-6291\" srcset=\"https:\/\/pracownia52.pl\/www\/wp-content\/uploads\/2010\/06\/dzika-baba-3-mn.jpg?v=1627123758 550w, https:\/\/pracownia52.pl\/www\/wp-content\/uploads\/2010\/06\/dzika-baba-3-mn-300x206.jpg?v=1627123758 300w\" sizes=\"auto, (max-width: 550px) 100vw, 550px\" \/><\/a><\/figure><\/li><li class=\"blocks-gallery-item\"><figure><a href=\"https:\/\/pracownia52.pl\/www\/wp-content\/uploads\/2010\/06\/dzika-baba-2-mn.jpg\"><img loading=\"lazy\" decoding=\"async\" width=\"550\" height=\"383\" src=\"https:\/\/pracownia52.pl\/www\/wp-content\/uploads\/2010\/06\/dzika-baba-2-mn.jpg\" alt=\"\" data-id=\"6290\" class=\"wp-image-6290\" srcset=\"https:\/\/pracownia52.pl\/www\/wp-content\/uploads\/2010\/06\/dzika-baba-2-mn.jpg?v=1627123759 550w, https:\/\/pracownia52.pl\/www\/wp-content\/uploads\/2010\/06\/dzika-baba-2-mn-300x209.jpg?v=1627123759 300w\" sizes=\"auto, (max-width: 550px) 100vw, 550px\" \/><\/a><\/figure><\/li><li class=\"blocks-gallery-item\"><figure><a href=\"https:\/\/pracownia52.pl\/www\/wp-content\/uploads\/2010\/06\/dzika-baba-1-mn.jpg\"><img loading=\"lazy\" decoding=\"async\" width=\"550\" height=\"377\" src=\"https:\/\/pracownia52.pl\/www\/wp-content\/uploads\/2010\/06\/dzika-baba-1-mn.jpg\" alt=\"\" data-id=\"6289\" class=\"wp-image-6289\" srcset=\"https:\/\/pracownia52.pl\/www\/wp-content\/uploads\/2010\/06\/dzika-baba-1-mn.jpg?v=1627123759 550w, https:\/\/pracownia52.pl\/www\/wp-content\/uploads\/2010\/06\/dzika-baba-1-mn-300x206.jpg?v=1627123759 300w\" sizes=\"auto, (max-width: 550px) 100vw, 550px\" \/><\/a><\/figure><\/li><li class=\"blocks-gallery-item\"><figure><a href=\"https:\/\/pracownia52.pl\/www\/wp-content\/uploads\/2010\/06\/7-dyndek-mn.jpg\"><img loading=\"lazy\" decoding=\"async\" width=\"461\" height=\"480\" src=\"https:\/\/pracownia52.pl\/www\/wp-content\/uploads\/2010\/06\/7-dyndek-mn.jpg\" alt=\"\" data-id=\"6287\" class=\"wp-image-6287\" srcset=\"https:\/\/pracownia52.pl\/www\/wp-content\/uploads\/2010\/06\/7-dyndek-mn.jpg?v=1627123759 461w, https:\/\/pracownia52.pl\/www\/wp-content\/uploads\/2010\/06\/7-dyndek-mn-288x300.jpg?v=1627123759 288w\" sizes=\"auto, (max-width: 461px) 100vw, 461px\" \/><\/a><\/figure><\/li><li class=\"blocks-gallery-item\"><figure><a href=\"https:\/\/pracownia52.pl\/www\/wp-content\/uploads\/2010\/06\/3-sekcja-dzika.jpg\"><img loading=\"lazy\" decoding=\"async\" width=\"461\" height=\"480\" src=\"https:\/\/pracownia52.pl\/www\/wp-content\/uploads\/2010\/06\/3-sekcja-dzika.jpg\" alt=\"\" data-id=\"6286\" class=\"wp-image-6286\" srcset=\"https:\/\/pracownia52.pl\/www\/wp-content\/uploads\/2010\/06\/3-sekcja-dzika.jpg?v=1627123759 461w, https:\/\/pracownia52.pl\/www\/wp-content\/uploads\/2010\/06\/3-sekcja-dzika-288x300.jpg?v=1627123759 288w\" sizes=\"auto, (max-width: 461px) 100vw, 461px\" \/><\/a><\/figure><\/li><li class=\"blocks-gallery-item\"><figure><a href=\"https:\/\/pracownia52.pl\/www\/wp-content\/uploads\/2010\/06\/dziki-swiatek-6-mn.jpg\"><img loading=\"lazy\" decoding=\"async\" width=\"600\" height=\"421\" src=\"https:\/\/pracownia52.pl\/www\/wp-content\/uploads\/2010\/06\/dziki-swiatek-6-mn.jpg\" alt=\"\" data-id=\"6284\" class=\"wp-image-6284\" srcset=\"https:\/\/pracownia52.pl\/www\/wp-content\/uploads\/2010\/06\/dziki-swiatek-6-mn.jpg?v=1627123759 600w, https:\/\/pracownia52.pl\/www\/wp-content\/uploads\/2010\/06\/dziki-swiatek-6-mn-300x211.jpg?v=1627123759 300w\" sizes=\"auto, (max-width: 600px) 100vw, 600px\" \/><\/a><\/figure><\/li><li class=\"blocks-gallery-item\"><figure><a href=\"https:\/\/pracownia52.pl\/www\/wp-content\/uploads\/2010\/06\/dziki-swiatek-5-mn.jpg\"><img loading=\"lazy\" decoding=\"async\" width=\"600\" height=\"417\" src=\"https:\/\/pracownia52.pl\/www\/wp-content\/uploads\/2010\/06\/dziki-swiatek-5-mn.jpg\" alt=\"\" data-id=\"6283\" class=\"wp-image-6283\" srcset=\"https:\/\/pracownia52.pl\/www\/wp-content\/uploads\/2010\/06\/dziki-swiatek-5-mn.jpg?v=1627123760 600w, https:\/\/pracownia52.pl\/www\/wp-content\/uploads\/2010\/06\/dziki-swiatek-5-mn-300x209.jpg?v=1627123760 300w\" sizes=\"auto, (max-width: 600px) 100vw, 600px\" \/><\/a><\/figure><\/li><li class=\"blocks-gallery-item\"><figure><a href=\"https:\/\/pracownia52.pl\/www\/wp-content\/uploads\/2010\/06\/dziki-swiatek-4-mn.jpg\"><img loading=\"lazy\" decoding=\"async\" width=\"600\" height=\"415\" src=\"https:\/\/pracownia52.pl\/www\/wp-content\/uploads\/2010\/06\/dziki-swiatek-4-mn.jpg\" alt=\"\" data-id=\"6282\" class=\"wp-image-6282\" srcset=\"https:\/\/pracownia52.pl\/www\/wp-content\/uploads\/2010\/06\/dziki-swiatek-4-mn.jpg?v=1627123760 600w, https:\/\/pracownia52.pl\/www\/wp-content\/uploads\/2010\/06\/dziki-swiatek-4-mn-300x208.jpg?v=1627123760 300w\" sizes=\"auto, (max-width: 600px) 100vw, 600px\" \/><\/a><\/figure><\/li><li class=\"blocks-gallery-item\"><figure><a href=\"https:\/\/pracownia52.pl\/www\/wp-content\/uploads\/2010\/06\/dziki-swiatek-2-mn.jpg\"><img loading=\"lazy\" decoding=\"async\" width=\"600\" height=\"422\" src=\"https:\/\/pracownia52.pl\/www\/wp-content\/uploads\/2010\/06\/dziki-swiatek-2-mn.jpg\" alt=\"\" data-id=\"6280\" class=\"wp-image-6280\" srcset=\"https:\/\/pracownia52.pl\/www\/wp-content\/uploads\/2010\/06\/dziki-swiatek-2-mn.jpg?v=1627123760 600w, https:\/\/pracownia52.pl\/www\/wp-content\/uploads\/2010\/06\/dziki-swiatek-2-mn-300x211.jpg?v=1627123760 300w\" sizes=\"auto, (max-width: 600px) 100vw, 600px\" \/><\/a><\/figure><\/li><li class=\"blocks-gallery-item\"><figure><a href=\"https:\/\/pracownia52.pl\/www\/wp-content\/uploads\/2010\/06\/dziki-swiatek-1-mn.jpg\"><img loading=\"lazy\" decoding=\"async\" width=\"600\" height=\"417\" src=\"https:\/\/pracownia52.pl\/www\/wp-content\/uploads\/2010\/06\/dziki-swiatek-1-mn.jpg\" alt=\"\" data-id=\"6279\" class=\"wp-image-6279\" srcset=\"https:\/\/pracownia52.pl\/www\/wp-content\/uploads\/2010\/06\/dziki-swiatek-1-mn.jpg?v=1627123760 600w, https:\/\/pracownia52.pl\/www\/wp-content\/uploads\/2010\/06\/dziki-swiatek-1-mn-300x209.jpg?v=1627123760 300w\" sizes=\"auto, (max-width: 600px) 100vw, 600px\" \/><\/a><\/figure><\/li><li class=\"blocks-gallery-item\"><figure><a href=\"https:\/\/pracownia52.pl\/www\/wp-content\/uploads\/2010\/06\/dzika-trojca-1mn.jpg\"><img loading=\"lazy\" decoding=\"async\" width=\"600\" height=\"409\" src=\"https:\/\/pracownia52.pl\/www\/wp-content\/uploads\/2010\/06\/dzika-trojca-1mn.jpg\" alt=\"\" data-id=\"6294\" class=\"wp-image-6294\" srcset=\"https:\/\/pracownia52.pl\/www\/wp-content\/uploads\/2010\/06\/dzika-trojca-1mn.jpg?v=1627123758 600w, https:\/\/pracownia52.pl\/www\/wp-content\/uploads\/2010\/06\/dzika-trojca-1mn-300x205.jpg?v=1627123758 300w\" sizes=\"auto, (max-width: 600px) 100vw, 600px\" \/><\/a><\/figure><\/li><li class=\"blocks-gallery-item\"><figure><a href=\"https:\/\/pracownia52.pl\/www\/wp-content\/uploads\/2010\/06\/dziki-kapturek-1mn.jpg\"><img loading=\"lazy\" decoding=\"async\" width=\"331\" height=\"480\" src=\"https:\/\/pracownia52.pl\/www\/wp-content\/uploads\/2010\/06\/dziki-kapturek-1mn.jpg\" alt=\"\" data-id=\"6278\" class=\"wp-image-6278\" srcset=\"https:\/\/pracownia52.pl\/www\/wp-content\/uploads\/2010\/06\/dziki-kapturek-1mn.jpg?v=1627123760 331w, https:\/\/pracownia52.pl\/www\/wp-content\/uploads\/2010\/06\/dziki-kapturek-1mn-207x300.jpg?v=1627123760 207w\" sizes=\"auto, (max-width: 331px) 100vw, 331px\" \/><\/a><\/figure><\/li><li class=\"blocks-gallery-item\"><figure><a href=\"https:\/\/pracownia52.pl\/www\/wp-content\/uploads\/2010\/06\/dzika-kiszka-9.jpg\"><img loading=\"lazy\" decoding=\"async\" width=\"325\" height=\"480\" src=\"https:\/\/pracownia52.pl\/www\/wp-content\/uploads\/2010\/06\/dzika-kiszka-9.jpg\" alt=\"\" data-id=\"6292\" class=\"wp-image-6292\" srcset=\"https:\/\/pracownia52.pl\/www\/wp-content\/uploads\/2010\/06\/dzika-kiszka-9.jpg?v=1627123758 325w, https:\/\/pracownia52.pl\/www\/wp-content\/uploads\/2010\/06\/dzika-kiszka-9-203x300.jpg?v=1627123758 203w\" sizes=\"auto, (max-width: 325px) 100vw, 325px\" \/><\/a><\/figure><\/li><\/ul>\n","protected":false},"excerpt":{"rendered":"<p>ok\u0142adka do CD, zdj\u0119cianie\u017ale zakr\u0119cony band. niez\u0142y kr\u0105\u017cek. szkoda, \u017ce jakie\u015b 15 lat za p\u00f3\u017ano\u2026mr m.<\/p>\n","protected":false},"author":1,"featured_media":0,"parent":0,"menu_order":0,"comment_status":"closed","ping_status":"open","template":"","meta":{"footnotes":""},"class_list":["post-206","page","type-page","status-publish","hentry"],"_links":{"self":[{"href":"https:\/\/pracownia52.pl\/www\/index.php?rest_route=\/wp\/v2\/pages\/206","targetHints":{"allow":["GET"]}}],"collection":[{"href":"https:\/\/pracownia52.pl\/www\/index.php?rest_route=\/wp\/v2\/pages"}],"about":[{"href":"https:\/\/pracownia52.pl\/www\/index.php?rest_route=\/wp\/v2\/types\/page"}],"author":[{"embeddable":true,"href":"https:\/\/pracownia52.pl\/www\/index.php?rest_route=\/wp\/v2\/users\/1"}],"replies":[{"embeddable":true,"href":"https:\/\/pracownia52.pl\/www\/index.php?rest_route=%2Fwp%2Fv2%2Fcomments&post=206"}],"version-history":[{"count":11,"href":"https:\/\/pracownia52.pl\/www\/index.php?rest_route=\/wp\/v2\/pages\/206\/revisions"}],"predecessor-version":[{"id":8189,"href":"https:\/\/pracownia52.pl\/www\/index.php?rest_route=\/wp\/v2\/pages\/206\/revisions\/8189"}],"wp:attachment":[{"href":"https:\/\/pracownia52.pl\/www\/index.php?rest_route=%2Fwp%2Fv2%2Fmedia&parent=206"}],"curies":[{"name":"wp","href":"https:\/\/api.w.org\/{rel}","templated":true}]}}