{"id":2119,"date":"2010-06-23T08:30:20","date_gmt":"2010-06-23T08:30:20","guid":{"rendered":"http:\/\/pracownia52.pl\/www\/?page_id=2119"},"modified":"2010-06-23T08:30:20","modified_gmt":"2010-06-23T08:30:20","slug":"waldemar-swiezy","status":"publish","type":"page","link":"https:\/\/pracownia52.pl\/www\/?page_id=2119","title":{"rendered":"Waldemar \u015awie\u017cy"},"content":{"rendered":"<p>zdj\u0119cia do rozmowy. dopiero startowa\u0142em \u2013 a popsu\u0142 mi si\u0119 (nie m\u00f3j) magnetofon i ca\u0142\u0105 (prawie ;) rozmow\u0119 zrekonstruowa\u0142em z pami\u0119ci, przy stoliku w ktorej\u015b kawiarni na dole. wysz\u0142a bodaj najlepiej z tych, kt\u00f3re wtedy robi\u0142em \u2013 bez zb\u0119dnych szczeg\u00f3\u0142\u00f3w\u2026<br \/>\n[mrm]<br \/>\n<img loading=\"lazy\" decoding=\"async\" src=\"http:\/\/pracownia52.pl\/www\/wp-content\/uploads\/2010\/06\/wald-swiezy-1978-lub9-1.jpg\" alt=\"\" title=\"wald-swiezy-1978-lub9-1\" width=\"538\" height=\"800\" class=\"alignnone size-full wp-image-2122\" srcset=\"https:\/\/pracownia52.pl\/www\/wp-content\/uploads\/2010\/06\/wald-swiezy-1978-lub9-1.jpg?v=1627124224 538w, https:\/\/pracownia52.pl\/www\/wp-content\/uploads\/2010\/06\/wald-swiezy-1978-lub9-1-202x300.jpg?v=1627124224 202w\" sizes=\"auto, (max-width: 538px) 100vw, 538px\" \/><\/p>\n","protected":false},"excerpt":{"rendered":"<p>zdj\u0119cia do rozmowy. dopiero startowa\u0142em \u2013 a popsu\u0142 mi si\u0119 (nie m\u00f3j) magnetofon i ca\u0142\u0105 (prawie ;) rozmow\u0119 zrekonstruowa\u0142em z pami\u0119ci, przy stoliku w ktorej\u015b kawiarni na dole. wysz\u0142a bodaj najlepiej z tych, kt\u00f3re wtedy robi\u0142em \u2013 bez zb\u0119dnych szczeg\u00f3\u0142\u00f3w\u2026 [mrm]<\/p>\n","protected":false},"author":1,"featured_media":0,"parent":0,"menu_order":3,"comment_status":"closed","ping_status":"open","template":"","meta":{"footnotes":""},"class_list":["post-2119","page","type-page","status-publish","hentry"],"_links":{"self":[{"href":"https:\/\/pracownia52.pl\/www\/index.php?rest_route=\/wp\/v2\/pages\/2119","targetHints":{"allow":["GET"]}}],"collection":[{"href":"https:\/\/pracownia52.pl\/www\/index.php?rest_route=\/wp\/v2\/pages"}],"about":[{"href":"https:\/\/pracownia52.pl\/www\/index.php?rest_route=\/wp\/v2\/types\/page"}],"author":[{"embeddable":true,"href":"https:\/\/pracownia52.pl\/www\/index.php?rest_route=\/wp\/v2\/users\/1"}],"replies":[{"embeddable":true,"href":"https:\/\/pracownia52.pl\/www\/index.php?rest_route=%2Fwp%2Fv2%2Fcomments&post=2119"}],"version-history":[{"count":7,"href":"https:\/\/pracownia52.pl\/www\/index.php?rest_route=\/wp\/v2\/pages\/2119\/revisions"}],"predecessor-version":[{"id":2127,"href":"https:\/\/pracownia52.pl\/www\/index.php?rest_route=\/wp\/v2\/pages\/2119\/revisions\/2127"}],"wp:attachment":[{"href":"https:\/\/pracownia52.pl\/www\/index.php?rest_route=%2Fwp%2Fv2%2Fmedia&parent=2119"}],"curies":[{"name":"wp","href":"https:\/\/api.w.org\/{rel}","templated":true}]}}