{"id":2128,"date":"2010-06-23T08:34:26","date_gmt":"2010-06-23T08:34:26","guid":{"rendered":"http:\/\/pracownia52.pl\/www\/?page_id=2128"},"modified":"2019-05-30T08:09:29","modified_gmt":"2019-05-30T08:09:29","slug":"jacek-sienicki","status":"publish","type":"page","link":"https:\/\/pracownia52.pl\/www\/?page_id=2128","title":{"rendered":"Jacek Sienicki"},"content":{"rendered":"\n<p>Osobna opowie\u015b\u0107. Znakomity <strong>kto\u015b<\/strong>\u2026 Osoba, po prostu; niedoceniona tu chyba jednak. Polecam te\u017c stron\u0119 <strong><a href=\"http:\/\/www.jaceksienicki.pl\/\">www<\/a><\/strong>; dla \u2013 oraz now\u0105 (2019) stron\u0119 <a href=\"http:\/\/sieniccy.pl\"><strong>Sieniccy<\/strong><\/a>, o innych znakomitych przedstawicielach rodziny.<br \/>mr m.<\/p>\n\n\n\n<figure class=\"wp-block-image\"><a href=\"https:\/\/pracownia52.pl\/www\/wp-content\/uploads\/2010\/06\/jacek-sienicki-cca-1976-v700-006-cd-rycerska-o3-o3-low-1.jpg\"><img loading=\"lazy\" decoding=\"async\" width=\"527\" height=\"800\" src=\"https:\/\/pracownia52.pl\/www\/wp-content\/uploads\/2010\/06\/jacek-sienicki-cca-1976-v700-006-cd-rycerska-o3-o3-low-1.jpg\" alt=\"\" class=\"wp-image-2132\" srcset=\"https:\/\/pracownia52.pl\/www\/wp-content\/uploads\/2010\/06\/jacek-sienicki-cca-1976-v700-006-cd-rycerska-o3-o3-low-1.jpg?v=1627124224 527w, https:\/\/pracownia52.pl\/www\/wp-content\/uploads\/2010\/06\/jacek-sienicki-cca-1976-v700-006-cd-rycerska-o3-o3-low-1-198x300.jpg?v=1627124224 198w\" sizes=\"auto, (max-width: 527px) 100vw, 527px\" \/><\/a><\/figure>\n","protected":false},"excerpt":{"rendered":"<p>Osobna opowie\u015b\u0107. Znakomity kto\u015b\u2026 Osoba, po prostu; niedoceniona tu chyba jednak. Polecam te\u017c stron\u0119 www; dla \u2013 oraz now\u0105 (2019) stron\u0119 Sieniccy, o innych znakomitych przedstawicielach rodziny.mr m.<\/p>\n","protected":false},"author":1,"featured_media":0,"parent":0,"menu_order":3,"comment_status":"closed","ping_status":"open","template":"","meta":{"footnotes":""},"class_list":["post-2128","page","type-page","status-publish","hentry"],"_links":{"self":[{"href":"https:\/\/pracownia52.pl\/www\/index.php?rest_route=\/wp\/v2\/pages\/2128","targetHints":{"allow":["GET"]}}],"collection":[{"href":"https:\/\/pracownia52.pl\/www\/index.php?rest_route=\/wp\/v2\/pages"}],"about":[{"href":"https:\/\/pracownia52.pl\/www\/index.php?rest_route=\/wp\/v2\/types\/page"}],"author":[{"embeddable":true,"href":"https:\/\/pracownia52.pl\/www\/index.php?rest_route=\/wp\/v2\/users\/1"}],"replies":[{"embeddable":true,"href":"https:\/\/pracownia52.pl\/www\/index.php?rest_route=%2Fwp%2Fv2%2Fcomments&post=2128"}],"version-history":[{"count":8,"href":"https:\/\/pracownia52.pl\/www\/index.php?rest_route=\/wp\/v2\/pages\/2128\/revisions"}],"predecessor-version":[{"id":9424,"href":"https:\/\/pracownia52.pl\/www\/index.php?rest_route=\/wp\/v2\/pages\/2128\/revisions\/9424"}],"wp:attachment":[{"href":"https:\/\/pracownia52.pl\/www\/index.php?rest_route=%2Fwp%2Fv2%2Fmedia&parent=2128"}],"curies":[{"name":"wp","href":"https:\/\/api.w.org\/{rel}","templated":true}]}}