{"id":2141,"date":"2010-06-23T08:41:27","date_gmt":"2010-06-23T08:41:27","guid":{"rendered":"http:\/\/pracownia52.pl\/www\/?page_id=2141"},"modified":"2017-08-17T05:38:12","modified_gmt":"2017-08-17T05:38:12","slug":"magda-holland","status":"publish","type":"page","link":"https:\/\/pracownia52.pl\/www\/?page_id=2141","title":{"rendered":"Magda Holland"},"content":{"rendered":"<p>dzi\u015b znana jako Magda \u0141azarkiewicz jednak\u2026 tu: z synem Antonim \u0141azarkiewiczem (lata 80.), dzi\u015b kompozytorem. jest jeszcze klika zdj\u0119\u0107, mo\u017ce kiedy\u015b. zob te\u017c <a href=\"http:\/\/pracownia52.pl\/www\/?page_id=2157\">Agnieszka Holland i Kasia Adamik<\/a>.<br \/>\nnieco te\u017c informacji w ju\u017c wydanej (2016) ksi\u0105\u017cce \u201e<a href=\"http:\/\/nikt.net\/\"><strong>Pa\u0144stwo Nikt. Dzieje ludzi niewa\u017cnych<\/strong><\/a>\u201d.<br \/>\nmr m.<br \/>\n<img loading=\"lazy\" decoding=\"async\" src=\"http:\/\/pracownia52.pl\/www\/wp-content\/uploads\/2010\/06\/jazz-jamboree-1984-mh-low-1.jpg\" alt=\"\" title=\"jazz-jamboree-1984-mh-low-1\" width=\"800\" height=\"525\" class=\"alignnone size-full wp-image-2144\" srcset=\"https:\/\/pracownia52.pl\/www\/wp-content\/uploads\/2010\/06\/jazz-jamboree-1984-mh-low-1.jpg?v=1627124223 800w, https:\/\/pracownia52.pl\/www\/wp-content\/uploads\/2010\/06\/jazz-jamboree-1984-mh-low-1-300x197.jpg?v=1627124223 300w, https:\/\/pracownia52.pl\/www\/wp-content\/uploads\/2010\/06\/jazz-jamboree-1984-mh-low-1-768x504.jpg?v=1627124223 768w\" sizes=\"auto, (max-width: 767px) 89vw, (max-width: 1000px) 54vw, (max-width: 1071px) 543px, 580px\" \/><\/p>\n","protected":false},"excerpt":{"rendered":"<p>dzi\u015b znana jako Magda \u0141azarkiewicz jednak\u2026 tu: z synem Antonim \u0141azarkiewiczem (lata 80.), dzi\u015b kompozytorem. jest jeszcze klika zdj\u0119\u0107, mo\u017ce kiedy\u015b. zob te\u017c Agnieszka Holland i Kasia Adamik. nieco te\u017c informacji w ju\u017c wydanej (2016) ksi\u0105\u017cce \u201ePa\u0144stwo Nikt. Dzieje ludzi niewa\u017cnych\u201d. mr m.<\/p>\n","protected":false},"author":1,"featured_media":0,"parent":0,"menu_order":3,"comment_status":"closed","ping_status":"open","template":"","meta":{"footnotes":""},"class_list":["post-2141","page","type-page","status-publish","hentry"],"_links":{"self":[{"href":"https:\/\/pracownia52.pl\/www\/index.php?rest_route=\/wp\/v2\/pages\/2141","targetHints":{"allow":["GET"]}}],"collection":[{"href":"https:\/\/pracownia52.pl\/www\/index.php?rest_route=\/wp\/v2\/pages"}],"about":[{"href":"https:\/\/pracownia52.pl\/www\/index.php?rest_route=\/wp\/v2\/types\/page"}],"author":[{"embeddable":true,"href":"https:\/\/pracownia52.pl\/www\/index.php?rest_route=\/wp\/v2\/users\/1"}],"replies":[{"embeddable":true,"href":"https:\/\/pracownia52.pl\/www\/index.php?rest_route=%2Fwp%2Fv2%2Fcomments&post=2141"}],"version-history":[{"count":12,"href":"https:\/\/pracownia52.pl\/www\/index.php?rest_route=\/wp\/v2\/pages\/2141\/revisions"}],"predecessor-version":[{"id":7099,"href":"https:\/\/pracownia52.pl\/www\/index.php?rest_route=\/wp\/v2\/pages\/2141\/revisions\/7099"}],"wp:attachment":[{"href":"https:\/\/pracownia52.pl\/www\/index.php?rest_route=%2Fwp%2Fv2%2Fmedia&parent=2141"}],"curies":[{"name":"wp","href":"https:\/\/api.w.org\/{rel}","templated":true}]}}