{"id":2149,"date":"2010-06-23T11:01:25","date_gmt":"2010-06-23T11:01:25","guid":{"rendered":"http:\/\/pracownia52.pl\/www\/?page_id=2149"},"modified":"2019-01-10T12:50:06","modified_gmt":"2019-01-10T12:50:06","slug":"andrzej-kreutz-majewski","status":"publish","type":"page","link":"https:\/\/pracownia52.pl\/www\/?page_id=2149","title":{"rendered":"Andrzej Kre\u00fctz-Majewski"},"content":{"rendered":"<p>Scenograf <a href=\"http:\/\/www.culture.pl\/pl\/culture\/artykuly\/os_kreutz_majewski_andrzej\">Teatru Wielkiego<\/a>. Kilka zdj\u0119\u0107 z ko\u0144ca lat 70.<br \/>mr m.<br \/><img loading=\"lazy\" decoding=\"async\" class=\"alignnone size-full wp-image-2152\" title=\"majewski-scenograf-TW-w-warsz-19\" src=\"http:\/\/pracownia52.pl\/www\/wp-content\/uploads\/2010\/06\/majewski-scenograf-TW-w-warsz-19.jpg\" alt=\"\" width=\"800\" height=\"530\" srcset=\"https:\/\/pracownia52.pl\/www\/wp-content\/uploads\/2010\/06\/majewski-scenograf-TW-w-warsz-19.jpg?v=1627124223 800w, https:\/\/pracownia52.pl\/www\/wp-content\/uploads\/2010\/06\/majewski-scenograf-TW-w-warsz-19-300x199.jpg?v=1627124223 300w, https:\/\/pracownia52.pl\/www\/wp-content\/uploads\/2010\/06\/majewski-scenograf-TW-w-warsz-19-768x509.jpg?v=1627124223 768w\" sizes=\"auto, (max-width: 767px) 89vw, (max-width: 1000px) 54vw, (max-width: 1071px) 543px, 580px\" \/><\/p>\n\n\n<ul class=\"wp-block-gallery columns-2 is-cropped wp-block-gallery-1 is-layout-flex wp-block-gallery-is-layout-flex\"><li class=\"blocks-gallery-item\"><figure><a href=\"https:\/\/pracownia52.pl\/www\/wp-content\/uploads\/2019\/01\/majewski-andrz-scenograf-TW-w-warsz-20.jpg\"><img loading=\"lazy\" decoding=\"async\" width=\"800\" height=\"535\" src=\"https:\/\/pracownia52.pl\/www\/wp-content\/uploads\/2019\/01\/majewski-andrz-scenograf-TW-w-warsz-20.jpg\" alt=\"\" data-id=\"8728\" data-link=\"https:\/\/pracownia52.pl\/www\/?attachment_id=8728\" class=\"wp-image-8728\" srcset=\"https:\/\/pracownia52.pl\/www\/wp-content\/uploads\/2019\/01\/majewski-andrz-scenograf-TW-w-warsz-20.jpg?v=1627123645 800w, https:\/\/pracownia52.pl\/www\/wp-content\/uploads\/2019\/01\/majewski-andrz-scenograf-TW-w-warsz-20-300x201.jpg?v=1627123645 300w, https:\/\/pracownia52.pl\/www\/wp-content\/uploads\/2019\/01\/majewski-andrz-scenograf-TW-w-warsz-20-768x514.jpg?v=1627123645 768w\" sizes=\"auto, (max-width: 767px) 89vw, (max-width: 1000px) 54vw, (max-width: 1071px) 543px, 580px\" \/><\/a><\/figure><\/li><li class=\"blocks-gallery-item\"><figure><a href=\"https:\/\/pracownia52.pl\/www\/wp-content\/uploads\/2019\/01\/majewski-andrzej-scenograf-15.jpg\"><img loading=\"lazy\" decoding=\"async\" width=\"536\" height=\"800\" src=\"https:\/\/pracownia52.pl\/www\/wp-content\/uploads\/2019\/01\/majewski-andrzej-scenograf-15.jpg\" alt=\"\" data-id=\"8729\" data-link=\"https:\/\/pracownia52.pl\/www\/?attachment_id=8729\" class=\"wp-image-8729\" srcset=\"https:\/\/pracownia52.pl\/www\/wp-content\/uploads\/2019\/01\/majewski-andrzej-scenograf-15.jpg?v=1627123645 536w, https:\/\/pracownia52.pl\/www\/wp-content\/uploads\/2019\/01\/majewski-andrzej-scenograf-15-201x300.jpg?v=1627123645 201w\" sizes=\"auto, (max-width: 536px) 100vw, 536px\" \/><\/a><\/figure><\/li><\/ul>\n","protected":false},"excerpt":{"rendered":"<p>Scenograf Teatru Wielkiego. Kilka zdj\u0119\u0107 z ko\u0144ca lat 70.mr m.<\/p>\n","protected":false},"author":1,"featured_media":0,"parent":0,"menu_order":3,"comment_status":"closed","ping_status":"open","template":"","meta":{"footnotes":""},"class_list":["post-2149","page","type-page","status-publish","hentry"],"_links":{"self":[{"href":"https:\/\/pracownia52.pl\/www\/index.php?rest_route=\/wp\/v2\/pages\/2149","targetHints":{"allow":["GET"]}}],"collection":[{"href":"https:\/\/pracownia52.pl\/www\/index.php?rest_route=\/wp\/v2\/pages"}],"about":[{"href":"https:\/\/pracownia52.pl\/www\/index.php?rest_route=\/wp\/v2\/types\/page"}],"author":[{"embeddable":true,"href":"https:\/\/pracownia52.pl\/www\/index.php?rest_route=\/wp\/v2\/users\/1"}],"replies":[{"embeddable":true,"href":"https:\/\/pracownia52.pl\/www\/index.php?rest_route=%2Fwp%2Fv2%2Fcomments&post=2149"}],"version-history":[{"count":9,"href":"https:\/\/pracownia52.pl\/www\/index.php?rest_route=\/wp\/v2\/pages\/2149\/revisions"}],"predecessor-version":[{"id":8730,"href":"https:\/\/pracownia52.pl\/www\/index.php?rest_route=\/wp\/v2\/pages\/2149\/revisions\/8730"}],"wp:attachment":[{"href":"https:\/\/pracownia52.pl\/www\/index.php?rest_route=%2Fwp%2Fv2%2Fmedia&parent=2149"}],"curies":[{"name":"wp","href":"https:\/\/api.w.org\/{rel}","templated":true}]}}