{"id":216,"date":"2010-06-11T08:27:55","date_gmt":"2010-06-11T08:27:55","guid":{"rendered":"http:\/\/pracownia52.pl\/www\/?page_id=216"},"modified":"2010-06-13T06:24:17","modified_gmt":"2010-06-13T06:24:17","slug":"ekp","status":"publish","type":"page","link":"https:\/\/pracownia52.pl\/www\/?page_id=216","title":{"rendered":"Encyklopedia Kultury Polskiej"},"content":{"rendered":"<p>logo<br \/>\n<img loading=\"lazy\" decoding=\"async\" src=\"http:\/\/pracownia52.pl\/www\/wp-content\/uploads\/2010\/06\/01_encyklopedia-mn.png\" alt=\"\" title=\"01_encyklopedia-mn\" width=\"160\" height=\"76\" border\"0\" \/><br \/>\nEncyklopedia Kultury Polskiej chcia\u0142a mie\u0107 logo. jak ka\u017cdy. z trudno\u015bci\u0105 uda\u0142o mi si\u0119 ich przekona\u0107, \u017ce skr\u00f3t: EKP jest niedobry (bo brzmi jak co\u015b kolejowego). logo nie jest najlepsze \u2013 ale unikn\u0119li\u015bmy przynajmniej \u015bmieszno\u015bci.<br \/>\n[mrm]<\/p>\n","protected":false},"excerpt":{"rendered":"<p>logo Encyklopedia Kultury Polskiej chcia\u0142a mie\u0107 logo. jak ka\u017cdy. z trudno\u015bci\u0105 uda\u0142o mi si\u0119 ich przekona\u0107, \u017ce skr\u00f3t: EKP jest niedobry (bo brzmi jak co\u015b kolejowego). logo nie jest najlepsze \u2013 ale unikn\u0119li\u015bmy przynajmniej \u015bmieszno\u015bci. [mrm]<\/p>\n","protected":false},"author":1,"featured_media":0,"parent":0,"menu_order":3,"comment_status":"closed","ping_status":"open","template":"","meta":{"footnotes":""},"class_list":["post-216","page","type-page","status-publish","hentry"],"_links":{"self":[{"href":"https:\/\/pracownia52.pl\/www\/index.php?rest_route=\/wp\/v2\/pages\/216","targetHints":{"allow":["GET"]}}],"collection":[{"href":"https:\/\/pracownia52.pl\/www\/index.php?rest_route=\/wp\/v2\/pages"}],"about":[{"href":"https:\/\/pracownia52.pl\/www\/index.php?rest_route=\/wp\/v2\/types\/page"}],"author":[{"embeddable":true,"href":"https:\/\/pracownia52.pl\/www\/index.php?rest_route=\/wp\/v2\/users\/1"}],"replies":[{"embeddable":true,"href":"https:\/\/pracownia52.pl\/www\/index.php?rest_route=%2Fwp%2Fv2%2Fcomments&post=216"}],"version-history":[{"count":5,"href":"https:\/\/pracownia52.pl\/www\/index.php?rest_route=\/wp\/v2\/pages\/216\/revisions"}],"predecessor-version":[{"id":893,"href":"https:\/\/pracownia52.pl\/www\/index.php?rest_route=\/wp\/v2\/pages\/216\/revisions\/893"}],"wp:attachment":[{"href":"https:\/\/pracownia52.pl\/www\/index.php?rest_route=%2Fwp%2Fv2%2Fmedia&parent=216"}],"curies":[{"name":"wp","href":"https:\/\/api.w.org\/{rel}","templated":true}]}}