{"id":2222,"date":"2010-06-23T11:56:49","date_gmt":"2010-06-23T11:56:49","guid":{"rendered":"http:\/\/pracownia52.pl\/www\/?page_id=2222"},"modified":"2017-04-20T13:49:11","modified_gmt":"2017-04-20T13:49:11","slug":"ewa-biejat","status":"publish","type":"page","link":"https:\/\/pracownia52.pl\/www\/?page_id=2222","title":{"rendered":"Ewa Biejat"},"content":{"rendered":"<p>zdj\u0119cia z ko\u0144ca lat 70. i pocz. 80. dzi\u015b Ewa \u2013 we francji.<br \/>\nzob. te\u017c: <a href=\"http:\/\/ooops.pl\/?p=30728\"><strong>Stanis\u0142aw M\u0142odo\u017ceniec<\/strong><\/a>, <a href=\"https:\/\/pracownia52.pl\/www\/?page_id=668\"><strong>Daniel Wnuk<\/strong>, re-repassage<\/a>\u2026<br \/>\nmr m.<br \/>\n<img loading=\"lazy\" decoding=\"async\" src=\"http:\/\/pracownia52.pl\/www\/wp-content\/uploads\/2010\/06\/ewa-repassage-jesien-80-03.jpg\" alt=\"\" title=\"ewa-repassage-jesien-80-03\" width=\"550\" height=\"390\" class=\"alignnone size-full wp-image-2224\" srcset=\"https:\/\/pracownia52.pl\/www\/wp-content\/uploads\/2010\/06\/ewa-repassage-jesien-80-03.jpg?v=1627124218 550w, https:\/\/pracownia52.pl\/www\/wp-content\/uploads\/2010\/06\/ewa-repassage-jesien-80-03-300x213.jpg?v=1627124218 300w\" sizes=\"auto, (max-width: 550px) 100vw, 550px\" \/><\/p>\n","protected":false},"excerpt":{"rendered":"<p>zdj\u0119cia z ko\u0144ca lat 70. i pocz. 80. dzi\u015b Ewa \u2013 we francji. zob. te\u017c: Stanis\u0142aw M\u0142odo\u017ceniec, Daniel Wnuk, re-repassage\u2026 mr m.<\/p>\n","protected":false},"author":1,"featured_media":0,"parent":0,"menu_order":3,"comment_status":"closed","ping_status":"open","template":"","meta":{"footnotes":""},"class_list":["post-2222","page","type-page","status-publish","hentry"],"_links":{"self":[{"href":"https:\/\/pracownia52.pl\/www\/index.php?rest_route=\/wp\/v2\/pages\/2222","targetHints":{"allow":["GET"]}}],"collection":[{"href":"https:\/\/pracownia52.pl\/www\/index.php?rest_route=\/wp\/v2\/pages"}],"about":[{"href":"https:\/\/pracownia52.pl\/www\/index.php?rest_route=\/wp\/v2\/types\/page"}],"author":[{"embeddable":true,"href":"https:\/\/pracownia52.pl\/www\/index.php?rest_route=\/wp\/v2\/users\/1"}],"replies":[{"embeddable":true,"href":"https:\/\/pracownia52.pl\/www\/index.php?rest_route=%2Fwp%2Fv2%2Fcomments&post=2222"}],"version-history":[{"count":6,"href":"https:\/\/pracownia52.pl\/www\/index.php?rest_route=\/wp\/v2\/pages\/2222\/revisions"}],"predecessor-version":[{"id":6784,"href":"https:\/\/pracownia52.pl\/www\/index.php?rest_route=\/wp\/v2\/pages\/2222\/revisions\/6784"}],"wp:attachment":[{"href":"https:\/\/pracownia52.pl\/www\/index.php?rest_route=%2Fwp%2Fv2%2Fmedia&parent=2222"}],"curies":[{"name":"wp","href":"https:\/\/api.w.org\/{rel}","templated":true}]}}