{"id":2241,"date":"2010-06-23T13:40:26","date_gmt":"2010-06-23T13:40:26","guid":{"rendered":"http:\/\/pracownia52.pl\/www\/?page_id=2241"},"modified":"2018-12-23T16:36:58","modified_gmt":"2018-12-23T16:36:58","slug":"ewa-glowacka","status":"publish","type":"page","link":"https:\/\/pracownia52.pl\/www\/?page_id=2241","title":{"rendered":"Ewa G\u0142owacka"},"content":{"rendered":"\n<figure class=\"wp-block-image\"><img loading=\"lazy\" decoding=\"async\" width=\"788\" height=\"800\" src=\"http:\/\/pracownia52.pl\/www\/wp-content\/uploads\/2010\/06\/ewa-glowacka-all-4-low-4.jpg\" alt=\"\" class=\"wp-image-2244\" srcset=\"https:\/\/pracownia52.pl\/www\/wp-content\/uploads\/2010\/06\/ewa-glowacka-all-4-low-4.jpg?v=1627124217 788w, https:\/\/pracownia52.pl\/www\/wp-content\/uploads\/2010\/06\/ewa-glowacka-all-4-low-4-296x300.jpg?v=1627124217 296w, https:\/\/pracownia52.pl\/www\/wp-content\/uploads\/2010\/06\/ewa-glowacka-all-4-low-4-768x780.jpg?v=1627124217 768w, https:\/\/pracownia52.pl\/www\/wp-content\/uploads\/2010\/06\/ewa-glowacka-all-4-low-4-75x75.jpg?v=1627124217 75w\" sizes=\"auto, (max-width: 767px) 89vw, (max-width: 1000px) 54vw, (max-width: 1071px) 543px, 580px\" \/><\/figure>\n\n\n\n<p>tancerka <strong><a href=\"http:\/\/www.teatrwielki.pl\/zespoly_artystyczne\/artysci_baletu\/wspolpraca\/ewa_glowacka.html\">Teatru Wielkiego<\/a><\/strong> w warszawie; tu: zdj\u0119cia z lat 70.<br \/>(negatyw cz. bia\u0142y, wzmacniany, st\u0105d dziwny kolor.)<br \/>mr m.<br \/><\/p>\n","protected":false},"excerpt":{"rendered":"<p>tancerka Teatru Wielkiego w warszawie; tu: zdj\u0119cia z lat 70.(negatyw cz. bia\u0142y, wzmacniany, st\u0105d dziwny kolor.)mr m.<\/p>\n","protected":false},"author":1,"featured_media":0,"parent":0,"menu_order":3,"comment_status":"closed","ping_status":"open","template":"","meta":{"footnotes":""},"class_list":["post-2241","page","type-page","status-publish","hentry"],"_links":{"self":[{"href":"https:\/\/pracownia52.pl\/www\/index.php?rest_route=\/wp\/v2\/pages\/2241","targetHints":{"allow":["GET"]}}],"collection":[{"href":"https:\/\/pracownia52.pl\/www\/index.php?rest_route=\/wp\/v2\/pages"}],"about":[{"href":"https:\/\/pracownia52.pl\/www\/index.php?rest_route=\/wp\/v2\/types\/page"}],"author":[{"embeddable":true,"href":"https:\/\/pracownia52.pl\/www\/index.php?rest_route=\/wp\/v2\/users\/1"}],"replies":[{"embeddable":true,"href":"https:\/\/pracownia52.pl\/www\/index.php?rest_route=%2Fwp%2Fv2%2Fcomments&post=2241"}],"version-history":[{"count":6,"href":"https:\/\/pracownia52.pl\/www\/index.php?rest_route=\/wp\/v2\/pages\/2241\/revisions"}],"predecessor-version":[{"id":8147,"href":"https:\/\/pracownia52.pl\/www\/index.php?rest_route=\/wp\/v2\/pages\/2241\/revisions\/8147"}],"wp:attachment":[{"href":"https:\/\/pracownia52.pl\/www\/index.php?rest_route=%2Fwp%2Fv2%2Fmedia&parent=2241"}],"curies":[{"name":"wp","href":"https:\/\/api.w.org\/{rel}","templated":true}]}}