{"id":2256,"date":"2010-06-23T13:50:17","date_gmt":"2010-06-23T13:50:17","guid":{"rendered":"http:\/\/pracownia52.pl\/www\/?page_id=2256"},"modified":"2010-06-23T13:50:17","modified_gmt":"2010-06-23T13:50:17","slug":"halina-labonarska","status":"publish","type":"page","link":"https:\/\/pracownia52.pl\/www\/?page_id=2256","title":{"rendered":"Halina \u0141abonarska"},"content":{"rendered":"<p><a href=\"http:\/\/pl.wikipedia.org\/wiki\/Halina_%C5%81abonarska\">aktorka<\/a> i aktywistka. tu: bodaj z wnukiem (?). i nawet nie pami\u0119tam, do czego by\u0142y te zdj\u0119cia (1990). pocz\u0105tek lat 90. by\u0142 pe\u0142en zmian ;)<br \/>\n[mrm]<br \/>\n<img loading=\"lazy\" decoding=\"async\" src=\"http:\/\/pracownia52.pl\/www\/wp-content\/uploads\/2010\/06\/halina-labonarska-1990-low-7.jpg\" alt=\"\" title=\"halina-labonarska-1990-low-7\" width=\"800\" height=\"534\" class=\"alignnone size-full wp-image-2259\" srcset=\"https:\/\/pracownia52.pl\/www\/wp-content\/uploads\/2010\/06\/halina-labonarska-1990-low-7.jpg?v=1627124216 800w, https:\/\/pracownia52.pl\/www\/wp-content\/uploads\/2010\/06\/halina-labonarska-1990-low-7-300x200.jpg?v=1627124216 300w, https:\/\/pracownia52.pl\/www\/wp-content\/uploads\/2010\/06\/halina-labonarska-1990-low-7-768x513.jpg?v=1627124216 768w\" sizes=\"auto, (max-width: 767px) 89vw, (max-width: 1000px) 54vw, (max-width: 1071px) 543px, 580px\" \/><\/p>\n","protected":false},"excerpt":{"rendered":"<p>aktorka i aktywistka. tu: bodaj z wnukiem (?). i nawet nie pami\u0119tam, do czego by\u0142y te zdj\u0119cia (1990). pocz\u0105tek lat 90. by\u0142 pe\u0142en zmian ;) [mrm]<\/p>\n","protected":false},"author":1,"featured_media":0,"parent":0,"menu_order":3,"comment_status":"closed","ping_status":"open","template":"","meta":{"footnotes":""},"class_list":["post-2256","page","type-page","status-publish","hentry"],"_links":{"self":[{"href":"https:\/\/pracownia52.pl\/www\/index.php?rest_route=\/wp\/v2\/pages\/2256","targetHints":{"allow":["GET"]}}],"collection":[{"href":"https:\/\/pracownia52.pl\/www\/index.php?rest_route=\/wp\/v2\/pages"}],"about":[{"href":"https:\/\/pracownia52.pl\/www\/index.php?rest_route=\/wp\/v2\/types\/page"}],"author":[{"embeddable":true,"href":"https:\/\/pracownia52.pl\/www\/index.php?rest_route=\/wp\/v2\/users\/1"}],"replies":[{"embeddable":true,"href":"https:\/\/pracownia52.pl\/www\/index.php?rest_route=%2Fwp%2Fv2%2Fcomments&post=2256"}],"version-history":[{"count":5,"href":"https:\/\/pracownia52.pl\/www\/index.php?rest_route=\/wp\/v2\/pages\/2256\/revisions"}],"predecessor-version":[{"id":2262,"href":"https:\/\/pracownia52.pl\/www\/index.php?rest_route=\/wp\/v2\/pages\/2256\/revisions\/2262"}],"wp:attachment":[{"href":"https:\/\/pracownia52.pl\/www\/index.php?rest_route=%2Fwp%2Fv2%2Fmedia&parent=2256"}],"curies":[{"name":"wp","href":"https:\/\/api.w.org\/{rel}","templated":true}]}}