{"id":2270,"date":"2010-06-23T14:13:01","date_gmt":"2010-06-23T14:13:01","guid":{"rendered":"http:\/\/pracownia52.pl\/www\/?page_id=2270"},"modified":"2019-07-22T19:54:54","modified_gmt":"2019-07-22T19:54:54","slug":"jan-stanislaw-wojciechowski","status":"publish","type":"page","link":"https:\/\/pracownia52.pl\/www\/?page_id=2270","title":{"rendered":"Jan Stanis\u0142aw Wojciechowski"},"content":{"rendered":"\n<p>Artysta, krytyk sztuki, <a href=\"http:\/\/www.kultura.uj.edu.pl\/index.php?option=com_content&amp;view=article&amp;id=9:-dr-hab-jan-stanisaw-wojciechowski&amp;catid=4:pracownik&amp;Itemid=6\">wyk\u0142adowca akademicki<\/a>. absolwent ASP w Warszawie (1973) \u2013 a do tego znajomy z \u017coliborza ;).<br \/>Tu: zdj\u0119cie przed wydz. rze\u017aby ASP, z ko\u0144ca lat 70.<br \/>mr m.<\/p>\n\n\n\n<figure class=\"wp-block-image\"><img loading=\"lazy\" decoding=\"async\" width=\"534\" height=\"800\" src=\"http:\/\/pracownia52.pl\/www\/wp-content\/uploads\/2010\/06\/jan-p-wojciechowski-asp-1-15.jpg\" alt=\"\" class=\"wp-image-2272\" srcset=\"https:\/\/pracownia52.pl\/www\/wp-content\/uploads\/2010\/06\/jan-p-wojciechowski-asp-1-15.jpg?v=1627124216 534w, https:\/\/pracownia52.pl\/www\/wp-content\/uploads\/2010\/06\/jan-p-wojciechowski-asp-1-15-200x300.jpg?v=1627124216 200w\" sizes=\"auto, (max-width: 534px) 100vw, 534px\" \/><\/figure>\n","protected":false},"excerpt":{"rendered":"<p>Artysta, krytyk sztuki, wyk\u0142adowca akademicki. absolwent ASP w Warszawie (1973) \u2013 a do tego znajomy z \u017coliborza ;).Tu: zdj\u0119cie przed wydz. rze\u017aby ASP, z ko\u0144ca lat 70.mr m.<\/p>\n","protected":false},"author":1,"featured_media":0,"parent":0,"menu_order":3,"comment_status":"closed","ping_status":"open","template":"","meta":{"footnotes":""},"class_list":["post-2270","page","type-page","status-publish","hentry"],"_links":{"self":[{"href":"https:\/\/pracownia52.pl\/www\/index.php?rest_route=\/wp\/v2\/pages\/2270","targetHints":{"allow":["GET"]}}],"collection":[{"href":"https:\/\/pracownia52.pl\/www\/index.php?rest_route=\/wp\/v2\/pages"}],"about":[{"href":"https:\/\/pracownia52.pl\/www\/index.php?rest_route=\/wp\/v2\/types\/page"}],"author":[{"embeddable":true,"href":"https:\/\/pracownia52.pl\/www\/index.php?rest_route=\/wp\/v2\/users\/1"}],"replies":[{"embeddable":true,"href":"https:\/\/pracownia52.pl\/www\/index.php?rest_route=%2Fwp%2Fv2%2Fcomments&post=2270"}],"version-history":[{"count":8,"href":"https:\/\/pracownia52.pl\/www\/index.php?rest_route=\/wp\/v2\/pages\/2270\/revisions"}],"predecessor-version":[{"id":9584,"href":"https:\/\/pracownia52.pl\/www\/index.php?rest_route=\/wp\/v2\/pages\/2270\/revisions\/9584"}],"wp:attachment":[{"href":"https:\/\/pracownia52.pl\/www\/index.php?rest_route=%2Fwp%2Fv2%2Fmedia&parent=2270"}],"curies":[{"name":"wp","href":"https:\/\/api.w.org\/{rel}","templated":true}]}}