{"id":2308,"date":"2010-06-28T06:57:16","date_gmt":"2010-06-28T06:57:16","guid":{"rendered":"http:\/\/pracownia52.pl\/www\/?page_id=2308"},"modified":"2016-02-01T09:38:35","modified_gmt":"2016-02-01T09:38:35","slug":"studencki-festiwal-folklorystyczny-1978","status":"publish","type":"page","link":"https:\/\/pracownia52.pl\/www\/?page_id=2308","title":{"rendered":"Studencki Festiwal Folklorystyczny (1979)"},"content":{"rendered":"<p><img loading=\"lazy\" decoding=\"async\" src=\"http:\/\/pracownia52.pl\/www\/wp-content\/uploads\/2010\/06\/1978-stud-fest-folklorystyczny-katowice-1.jpg\" alt=\"\" title=\"1978-stud-fest-folklorystyczny-katowice-1\" width=\"800\" height=\"542\" class=\"alignnone size-full wp-image-2311\" srcset=\"https:\/\/pracownia52.pl\/www\/wp-content\/uploads\/2010\/06\/1978-stud-fest-folklorystyczny-katowice-1.jpg?v=1627124214 800w, https:\/\/pracownia52.pl\/www\/wp-content\/uploads\/2010\/06\/1978-stud-fest-folklorystyczny-katowice-1-300x203.jpg?v=1627124214 300w, https:\/\/pracownia52.pl\/www\/wp-content\/uploads\/2010\/06\/1978-stud-fest-folklorystyczny-katowice-1-768x520.jpg?v=1627124214 768w\" sizes=\"auto, (max-width: 767px) 89vw, (max-width: 1000px) 54vw, (max-width: 1071px) 543px, 580px\" \/><br \/>\n<br \/>gigantyczna, mi\u0119dzynarodowa i propagandowa szopka ludowa <a href=\"http:\/\/www.festiwal.us.edu.pl\/media.html\">w Katowicach<\/a> (1979) u schy\u0142ku dekady Gierka. warto by\u0142o zobaczy\u0107 \u2013 a w tym: ekip\u0119 d. jugos\u0142awii i jej \u201eopiekun\u00f3w&#8221;. zaczynasz rozumie\u0107, sk\u0105d wojna na ba\u0142kanach, kusturica i temu podobne kilimaty\u2026<br \/>\n[mrm]<br \/>\n<img loading=\"lazy\" decoding=\"async\" src=\"http:\/\/pracownia52.pl\/www\/wp-content\/uploads\/2010\/06\/studencki-ff-katowice-79-01.jpg\" alt=\"studencki-ff-katowice-79-01\" width=\"500\" height=\"344\" class=\"alignnone size-full wp-image-5108\" srcset=\"https:\/\/pracownia52.pl\/www\/wp-content\/uploads\/2010\/06\/studencki-ff-katowice-79-01.jpg?v=1627123925 500w, https:\/\/pracownia52.pl\/www\/wp-content\/uploads\/2010\/06\/studencki-ff-katowice-79-01-300x206.jpg?v=1627123925 300w\" sizes=\"auto, (max-width: 500px) 100vw, 500px\" \/><\/p>\n","protected":false},"excerpt":{"rendered":"<p>gigantyczna, mi\u0119dzynarodowa i propagandowa szopka ludowa w Katowicach (1979) u schy\u0142ku dekady Gierka. warto by\u0142o zobaczy\u0107 \u2013 a w tym: ekip\u0119 d. jugos\u0142awii i jej \u201eopiekun\u00f3w&#8221;. zaczynasz rozumie\u0107, sk\u0105d wojna na ba\u0142kanach, kusturica i temu podobne kilimaty\u2026 [mrm]<\/p>\n","protected":false},"author":1,"featured_media":0,"parent":0,"menu_order":3,"comment_status":"closed","ping_status":"open","template":"","meta":{"footnotes":""},"class_list":["post-2308","page","type-page","status-publish","hentry"],"_links":{"self":[{"href":"https:\/\/pracownia52.pl\/www\/index.php?rest_route=\/wp\/v2\/pages\/2308","targetHints":{"allow":["GET"]}}],"collection":[{"href":"https:\/\/pracownia52.pl\/www\/index.php?rest_route=\/wp\/v2\/pages"}],"about":[{"href":"https:\/\/pracownia52.pl\/www\/index.php?rest_route=\/wp\/v2\/types\/page"}],"author":[{"embeddable":true,"href":"https:\/\/pracownia52.pl\/www\/index.php?rest_route=\/wp\/v2\/users\/1"}],"replies":[{"embeddable":true,"href":"https:\/\/pracownia52.pl\/www\/index.php?rest_route=%2Fwp%2Fv2%2Fcomments&post=2308"}],"version-history":[{"count":6,"href":"https:\/\/pracownia52.pl\/www\/index.php?rest_route=\/wp\/v2\/pages\/2308\/revisions"}],"predecessor-version":[{"id":5110,"href":"https:\/\/pracownia52.pl\/www\/index.php?rest_route=\/wp\/v2\/pages\/2308\/revisions\/5110"}],"wp:attachment":[{"href":"https:\/\/pracownia52.pl\/www\/index.php?rest_route=%2Fwp%2Fv2%2Fmedia&parent=2308"}],"curies":[{"name":"wp","href":"https:\/\/api.w.org\/{rel}","templated":true}]}}