{"id":2381,"date":"2010-08-07T12:23:48","date_gmt":"2010-08-07T12:23:48","guid":{"rendered":"http:\/\/pracownia52.pl\/www\/?page_id=2381"},"modified":"2020-07-28T17:53:47","modified_gmt":"2020-07-28T17:53:47","slug":"wsm","status":"publish","type":"page","link":"https:\/\/pracownia52.pl\/www\/?page_id=2381","title":{"rendered":"WSM"},"content":{"rendered":"\n<figure class=\"wp-block-image\"><a href=\"http:\/\/nikt.net\/\"><img loading=\"lazy\" decoding=\"async\" width=\"1200\" height=\"769\" src=\"https:\/\/pracownia52.pl\/www\/wp-content\/uploads\/2010\/08\/mr-makowski-moj-1szy-negatyw-cca1961-wsm-IVkolonia-001-1200x769pxl.jpg\" alt=\"mr-makowski-moj-1szy-negatyw-cca1961-wsm-IVkolonia-001-1200x769pxl\" class=\"wp-image-5495\" srcset=\"https:\/\/pracownia52.pl\/www\/wp-content\/uploads\/2010\/08\/mr-makowski-moj-1szy-negatyw-cca1961-wsm-IVkolonia-001-1200x769pxl.jpg?v=1627123894 1200w, https:\/\/pracownia52.pl\/www\/wp-content\/uploads\/2010\/08\/mr-makowski-moj-1szy-negatyw-cca1961-wsm-IVkolonia-001-1200x769pxl-300x192.jpg?v=1627123894 300w, https:\/\/pracownia52.pl\/www\/wp-content\/uploads\/2010\/08\/mr-makowski-moj-1szy-negatyw-cca1961-wsm-IVkolonia-001-1200x769pxl-1024x656.jpg?v=1627123894 1024w, https:\/\/pracownia52.pl\/www\/wp-content\/uploads\/2010\/08\/mr-makowski-moj-1szy-negatyw-cca1961-wsm-IVkolonia-001-1200x769pxl-768x492.jpg?v=1627123894 768w\" sizes=\"auto, (max-width: 767px) 89vw, (max-width: 1000px) 54vw, (max-width: 1071px) 543px, 580px\" \/><\/a><figcaption>IV Kolonia WSM, ul. Krasi\u0144skiego 18 (foto: ja) <\/figcaption><\/figure>\n\n\n\n<figure class=\"wp-block-image\"><a href=\"http:\/\/nikt.net\/\"><img loading=\"lazy\" decoding=\"async\" width=\"750\" height=\"1014\" src=\"https:\/\/pracownia52.pl\/www\/wp-content\/uploads\/2016\/03\/Panstwo-Nikt-tom-1-Okladka-I-str-mr-makowski-750pxl.jpg\" alt=\"Panstwo-Nikt-tom-1-Okladka-I-str-mr-makowski-750pxl\" class=\"wp-image-5213\" srcset=\"https:\/\/pracownia52.pl\/www\/wp-content\/uploads\/2016\/03\/Panstwo-Nikt-tom-1-Okladka-I-str-mr-makowski-750pxl.jpg?v=1627126102 750w, https:\/\/pracownia52.pl\/www\/wp-content\/uploads\/2016\/03\/Panstwo-Nikt-tom-1-Okladka-I-str-mr-makowski-750pxl-222x300.jpg?v=1627126102 222w\" sizes=\"auto, (max-width: 706px) 89vw, (max-width: 767px) 82vw, 740px\" \/><\/a><\/figure>\n\n\n\n<p><br \/>\u2026<br \/>kawa\u0142ek historii rodzinnej; ale w sumie\u2026<br \/>\u2022 legitymacja cz\u0142onkowska, jak najbardziej rodzinna;<br \/>\u2022 zdj\u0119cie \u201ekomunijne&#8221; \u2013 <strong>Edmund Gonczarski<\/strong>;<br \/>\u2022 przedszkolne: foto NN; w tle dekoracja Zbigniewa Makowskiego; lata 50.<br \/>\u2022 a na koniec: jedno z pierwszych moich, autorskich i bardzo w\u0142asnych zdj\u0119\u0107, pierwszy [?] negatyw (aparat <strong><a href=\"http:\/\/przedmioty.com\/?p=1266\">Kodak Baby Brownie<\/a><\/strong>), na zdj\u0119ciu kolega z podw\u00f3rka, IV Kolonia, ul. Krasi\u0144skiego 18; ok. 1960 r. \u2013 inne moje zdj\u0119cie z tego negatywu: wy\u017cej \u2013 to <a href=\"http:\/\/nikt.net\/\"><strong>Barbara<\/strong><\/a>.<br \/>\u2026<br \/>a w 2014 zacz\u0105\u0142em z tego <a href=\"http:\/\/nikt.net\/\">jak\u0105\u015b ca\u0142o\u015b\u0107 uk\u0142ada\u0107<\/a>, powoli\u2026 ale <a href=\"http:\/\/nikt.net\/\"><strong>uda\u0142o si\u0119<\/strong><\/a>.<br \/>mr m.<br \/><\/p>\n\n\n\n<figure class=\"wp-block-gallery columns-4 is-cropped wp-block-gallery-1 is-layout-flex wp-block-gallery-is-layout-flex\"><ul class=\"blocks-gallery-grid\"><li class=\"blocks-gallery-item\"><figure><a href=\"https:\/\/pracownia52.pl\/www\/wp-content\/uploads\/2010\/08\/WSM-legitymacja-1950-001-mn.jpg\"><img loading=\"lazy\" decoding=\"async\" width=\"741\" height=\"1000\" src=\"https:\/\/pracownia52.pl\/www\/wp-content\/uploads\/2010\/08\/WSM-legitymacja-1950-001-mn.jpg\" alt=\"\" data-id=\"2383\" class=\"wp-image-2383\" srcset=\"https:\/\/pracownia52.pl\/www\/wp-content\/uploads\/2010\/08\/WSM-legitymacja-1950-001-mn.jpg?v=1627124206 741w, https:\/\/pracownia52.pl\/www\/wp-content\/uploads\/2010\/08\/WSM-legitymacja-1950-001-mn-222x300.jpg?v=1627124206 222w\" sizes=\"auto, (max-width: 706px) 89vw, (max-width: 767px) 82vw, 740px\" \/><\/a><\/figure><\/li><li class=\"blocks-gallery-item\"><figure><a href=\"https:\/\/pracownia52.pl\/www\/wp-content\/uploads\/2010\/08\/WSM-legitymacja-1950-002-mn.jpg\"><img loading=\"lazy\" decoding=\"async\" width=\"1396\" height=\"1000\" src=\"https:\/\/pracownia52.pl\/www\/wp-content\/uploads\/2010\/08\/WSM-legitymacja-1950-002-mn.jpg\" alt=\"\" data-id=\"2385\" class=\"wp-image-2385\" srcset=\"https:\/\/pracownia52.pl\/www\/wp-content\/uploads\/2010\/08\/WSM-legitymacja-1950-002-mn.jpg?v=1627124206 1396w, https:\/\/pracownia52.pl\/www\/wp-content\/uploads\/2010\/08\/WSM-legitymacja-1950-002-mn-300x215.jpg?v=1627124206 300w, https:\/\/pracownia52.pl\/www\/wp-content\/uploads\/2010\/08\/WSM-legitymacja-1950-002-mn-1024x734.jpg?v=1627124206 1024w, https:\/\/pracownia52.pl\/www\/wp-content\/uploads\/2010\/08\/WSM-legitymacja-1950-002-mn-768x550.jpg?v=1627124206 768w\" sizes=\"auto, (max-width: 767px) 89vw, (max-width: 1000px) 54vw, (max-width: 1071px) 543px, 580px\" \/><\/a><\/figure><\/li><li class=\"blocks-gallery-item\"><figure><a href=\"https:\/\/pracownia52.pl\/www\/wp-content\/uploads\/2010\/08\/WSM-legitymacja-1950-004-mn.jpg\"><img loading=\"lazy\" decoding=\"async\" width=\"1381\" height=\"1000\" src=\"https:\/\/pracownia52.pl\/www\/wp-content\/uploads\/2010\/08\/WSM-legitymacja-1950-004-mn.jpg\" alt=\"\" data-id=\"2387\" class=\"wp-image-2387\" srcset=\"https:\/\/pracownia52.pl\/www\/wp-content\/uploads\/2010\/08\/WSM-legitymacja-1950-004-mn.jpg?v=1627124205 1381w, https:\/\/pracownia52.pl\/www\/wp-content\/uploads\/2010\/08\/WSM-legitymacja-1950-004-mn-300x217.jpg?v=1627124205 300w, https:\/\/pracownia52.pl\/www\/wp-content\/uploads\/2010\/08\/WSM-legitymacja-1950-004-mn-1024x741.jpg?v=1627124205 1024w, https:\/\/pracownia52.pl\/www\/wp-content\/uploads\/2010\/08\/WSM-legitymacja-1950-004-mn-768x556.jpg?v=1627124205 768w\" sizes=\"auto, (max-width: 767px) 89vw, (max-width: 1000px) 54vw, (max-width: 1071px) 543px, 580px\" \/><\/a><\/figure><\/li><li class=\"blocks-gallery-item\"><figure><a href=\"https:\/\/pracownia52.pl\/www\/wp-content\/uploads\/2010\/08\/WSM-legitymacja-1950-008-mn.jpg\"><img loading=\"lazy\" decoding=\"async\" width=\"1397\" height=\"1000\" src=\"https:\/\/pracownia52.pl\/www\/wp-content\/uploads\/2010\/08\/WSM-legitymacja-1950-008-mn.jpg\" alt=\"\" data-id=\"2388\" class=\"wp-image-2388\" srcset=\"https:\/\/pracownia52.pl\/www\/wp-content\/uploads\/2010\/08\/WSM-legitymacja-1950-008-mn.jpg?v=1627124205 1397w, https:\/\/pracownia52.pl\/www\/wp-content\/uploads\/2010\/08\/WSM-legitymacja-1950-008-mn-300x215.jpg?v=1627124205 300w, https:\/\/pracownia52.pl\/www\/wp-content\/uploads\/2010\/08\/WSM-legitymacja-1950-008-mn-1024x733.jpg?v=1627124205 1024w, https:\/\/pracownia52.pl\/www\/wp-content\/uploads\/2010\/08\/WSM-legitymacja-1950-008-mn-768x550.jpg?v=1627124205 768w\" sizes=\"auto, (max-width: 767px) 89vw, (max-width: 1000px) 54vw, (max-width: 1071px) 543px, 580px\" \/><\/a><\/figure><\/li><li class=\"blocks-gallery-item\"><figure><a href=\"https:\/\/pracownia52.pl\/www\/wp-content\/uploads\/2010\/08\/przedszkole-mrm-cca-1956-01low.jpg\"><img loading=\"lazy\" decoding=\"async\" width=\"600\" height=\"830\" src=\"https:\/\/pracownia52.pl\/www\/wp-content\/uploads\/2010\/08\/przedszkole-mrm-cca-1956-01low.jpg\" alt=\"\" data-id=\"2563\" class=\"wp-image-2563\" srcset=\"https:\/\/pracownia52.pl\/www\/wp-content\/uploads\/2010\/08\/przedszkole-mrm-cca-1956-01low.jpg?v=1627124188 600w, https:\/\/pracownia52.pl\/www\/wp-content\/uploads\/2010\/08\/przedszkole-mrm-cca-1956-01low-217x300.jpg?v=1627124188 217w\" sizes=\"auto, (max-width: 600px) 100vw, 600px\" \/><\/a><figcaption class=\"blocks-gallery-item__caption\"><strong><a href=\"https:\/\/nikt.net\/?p=2611\">Przedszkole<\/a><\/strong> moje (195\u2026)<\/figcaption><\/figure><\/li><li class=\"blocks-gallery-item\"><figure><a href=\"https:\/\/pracownia52.pl\/www\/wp-content\/uploads\/2010\/08\/komunia-cca1962-01mn.jpg\"><img loading=\"lazy\" decoding=\"async\" width=\"800\" height=\"810\" src=\"https:\/\/pracownia52.pl\/www\/wp-content\/uploads\/2010\/08\/komunia-cca1962-01mn.jpg\" alt=\"\" data-id=\"2565\" class=\"wp-image-2565\" srcset=\"https:\/\/pracownia52.pl\/www\/wp-content\/uploads\/2010\/08\/komunia-cca1962-01mn.jpg?v=1627124187 800w, https:\/\/pracownia52.pl\/www\/wp-content\/uploads\/2010\/08\/komunia-cca1962-01mn-296x300.jpg?v=1627124187 296w, https:\/\/pracownia52.pl\/www\/wp-content\/uploads\/2010\/08\/komunia-cca1962-01mn-768x778.jpg?v=1627124187 768w, https:\/\/pracownia52.pl\/www\/wp-content\/uploads\/2010\/08\/komunia-cca1962-01mn-75x75.jpg?v=1627124187 75w\" sizes=\"auto, (max-width: 767px) 89vw, (max-width: 1000px) 54vw, (max-width: 1071px) 543px, 580px\" \/><\/a><figcaption class=\"blocks-gallery-item__caption\">Komunia kolegi <strong><a href=\"https:\/\/nikt.net\/?p=2178\">S\u0142awka<\/a><\/strong><\/figcaption><\/figure><\/li><li class=\"blocks-gallery-item\"><figure><a href=\"https:\/\/pracownia52.pl\/www\/wp-content\/uploads\/2010\/08\/WSM-IV-mrmakowski-0001film-800pxl.jpg\"><img loading=\"lazy\" decoding=\"async\" width=\"800\" height=\"535\" src=\"https:\/\/pracownia52.pl\/www\/wp-content\/uploads\/2010\/08\/WSM-IV-mrmakowski-0001film-800pxl.jpg\" alt=\"\" data-id=\"4424\" class=\"wp-image-4424\" srcset=\"https:\/\/pracownia52.pl\/www\/wp-content\/uploads\/2010\/08\/WSM-IV-mrmakowski-0001film-800pxl.jpg?v=1627124027 800w, https:\/\/pracownia52.pl\/www\/wp-content\/uploads\/2010\/08\/WSM-IV-mrmakowski-0001film-800pxl-300x201.jpg?v=1627124027 300w, https:\/\/pracownia52.pl\/www\/wp-content\/uploads\/2010\/08\/WSM-IV-mrmakowski-0001film-800pxl-768x514.jpg?v=1627124027 768w\" sizes=\"auto, (max-width: 767px) 89vw, (max-width: 1000px) 54vw, (max-width: 1071px) 543px, 580px\" \/><\/a><figcaption class=\"blocks-gallery-item__caption\">jedno z mych pierwszych zdj\u0119\u0107, Kodak Baby Brownie (196\u2026?)<\/figcaption><\/figure><\/li><\/ul><\/figure>\n","protected":false},"excerpt":{"rendered":"<p>\u2026kawa\u0142ek historii rodzinnej; ale w sumie\u2026\u2022 legitymacja cz\u0142onkowska, jak najbardziej rodzinna;\u2022 zdj\u0119cie \u201ekomunijne&#8221; \u2013 Edmund Gonczarski;\u2022 przedszkolne: foto NN; w tle dekoracja Zbigniewa Makowskiego; lata 50.\u2022 a na koniec: jedno z pierwszych moich, autorskich i bardzo w\u0142asnych zdj\u0119\u0107, pierwszy [?] negatyw (aparat Kodak Baby Brownie), na zdj\u0119ciu kolega z podw\u00f3rka, IV Kolonia, ul. Krasi\u0144skiego 18; &hellip; <\/p>\n<p class=\"link-more\"><a href=\"https:\/\/pracownia52.pl\/www\/?page_id=2381\" class=\"more-link\">Czytaj dalej<span class=\"screen-reader-text\"> \u201eWSM\u201d<\/span><\/a><\/p>\n","protected":false},"author":1,"featured_media":0,"parent":0,"menu_order":3,"comment_status":"closed","ping_status":"open","template":"","meta":{"footnotes":""},"class_list":["post-2381","page","type-page","status-publish","hentry"],"_links":{"self":[{"href":"https:\/\/pracownia52.pl\/www\/index.php?rest_route=\/wp\/v2\/pages\/2381","targetHints":{"allow":["GET"]}}],"collection":[{"href":"https:\/\/pracownia52.pl\/www\/index.php?rest_route=\/wp\/v2\/pages"}],"about":[{"href":"https:\/\/pracownia52.pl\/www\/index.php?rest_route=\/wp\/v2\/types\/page"}],"author":[{"embeddable":true,"href":"https:\/\/pracownia52.pl\/www\/index.php?rest_route=\/wp\/v2\/users\/1"}],"replies":[{"embeddable":true,"href":"https:\/\/pracownia52.pl\/www\/index.php?rest_route=%2Fwp%2Fv2%2Fcomments&post=2381"}],"version-history":[{"count":38,"href":"https:\/\/pracownia52.pl\/www\/index.php?rest_route=\/wp\/v2\/pages\/2381\/revisions"}],"predecessor-version":[{"id":9719,"href":"https:\/\/pracownia52.pl\/www\/index.php?rest_route=\/wp\/v2\/pages\/2381\/revisions\/9719"}],"wp:attachment":[{"href":"https:\/\/pracownia52.pl\/www\/index.php?rest_route=%2Fwp%2Fv2%2Fmedia&parent=2381"}],"curies":[{"name":"wp","href":"https:\/\/api.w.org\/{rel}","templated":true}]}}