{"id":2401,"date":"2010-08-07T12:41:36","date_gmt":"2010-08-07T12:41:36","guid":{"rendered":"http:\/\/pracownia52.pl\/www\/?page_id=2401"},"modified":"2018-12-27T12:31:25","modified_gmt":"2018-12-27T12:31:25","slug":"patriotyczne","status":"publish","type":"page","link":"https:\/\/pracownia52.pl\/www\/?page_id=2401","title":{"rendered":"patriotyczne"},"content":{"rendered":"\n<p>zdj\u0119cia z r\u00f3\u017cnych lat \u2013 niekt\u00f3re (to pierwsze: Alpy francuskie, 1992?) nawet nie-cyfrowe, w co trudno dzi\u015b uwierzy\u0107 ;)<br \/>mr m.<\/p>\n\n\n\n<ul class=\"wp-block-gallery columns-5 is-cropped wp-block-gallery-1 is-layout-flex wp-block-gallery-is-layout-flex\"><li class=\"blocks-gallery-item\"><figure><a href=\"https:\/\/pracownia52.pl\/www\/wp-content\/uploads\/2010\/08\/alpy-002-mn.jpg\"><img loading=\"lazy\" decoding=\"async\" width=\"800\" height=\"541\" src=\"https:\/\/pracownia52.pl\/www\/wp-content\/uploads\/2010\/08\/alpy-002-mn.jpg\" alt=\"\" data-id=\"2404\" class=\"wp-image-2404\" srcset=\"https:\/\/pracownia52.pl\/www\/wp-content\/uploads\/2010\/08\/alpy-002-mn.jpg?v=1627124205 800w, https:\/\/pracownia52.pl\/www\/wp-content\/uploads\/2010\/08\/alpy-002-mn-300x203.jpg?v=1627124205 300w, https:\/\/pracownia52.pl\/www\/wp-content\/uploads\/2010\/08\/alpy-002-mn-768x519.jpg?v=1627124205 768w\" sizes=\"auto, (max-width: 767px) 89vw, (max-width: 1000px) 54vw, (max-width: 1071px) 543px, 580px\" \/><\/a><\/figure><\/li><li class=\"blocks-gallery-item\"><figure><a href=\"https:\/\/pracownia52.pl\/www\/wp-content\/uploads\/2010\/08\/PA190013-low.jpg\"><img loading=\"lazy\" decoding=\"async\" width=\"800\" height=\"600\" src=\"https:\/\/pracownia52.pl\/www\/wp-content\/uploads\/2010\/08\/PA190013-low.jpg\" alt=\"\" data-id=\"2407\" class=\"wp-image-2407\" srcset=\"https:\/\/pracownia52.pl\/www\/wp-content\/uploads\/2010\/08\/PA190013-low.jpg?v=1627124204 800w, https:\/\/pracownia52.pl\/www\/wp-content\/uploads\/2010\/08\/PA190013-low-300x225.jpg?v=1627124204 300w, https:\/\/pracownia52.pl\/www\/wp-content\/uploads\/2010\/08\/PA190013-low-768x576.jpg?v=1627124204 768w\" sizes=\"auto, (max-width: 767px) 89vw, (max-width: 1000px) 54vw, (max-width: 1071px) 543px, 580px\" \/><\/a><\/figure><\/li><li class=\"blocks-gallery-item\"><figure><a href=\"https:\/\/pracownia52.pl\/www\/wp-content\/uploads\/2010\/08\/P2180040-low.jpg\"><img loading=\"lazy\" decoding=\"async\" width=\"640\" height=\"480\" src=\"https:\/\/pracownia52.pl\/www\/wp-content\/uploads\/2010\/08\/P2180040-low.jpg\" alt=\"\" data-id=\"2409\" class=\"wp-image-2409\" srcset=\"https:\/\/pracownia52.pl\/www\/wp-content\/uploads\/2010\/08\/P2180040-low.jpg?v=1627124204 640w, https:\/\/pracownia52.pl\/www\/wp-content\/uploads\/2010\/08\/P2180040-low-300x225.jpg?v=1627124204 300w\" sizes=\"auto, (max-width: 640px) 100vw, 640px\" \/><\/a><\/figure><\/li><li class=\"blocks-gallery-item\"><figure><a href=\"https:\/\/pracownia52.pl\/www\/wp-content\/uploads\/2010\/08\/P2180042-low.jpg\"><img loading=\"lazy\" decoding=\"async\" width=\"640\" height=\"480\" src=\"https:\/\/pracownia52.pl\/www\/wp-content\/uploads\/2010\/08\/P2180042-low.jpg\" alt=\"\" data-id=\"2410\" class=\"wp-image-2410\" srcset=\"https:\/\/pracownia52.pl\/www\/wp-content\/uploads\/2010\/08\/P2180042-low.jpg?v=1627124204 640w, https:\/\/pracownia52.pl\/www\/wp-content\/uploads\/2010\/08\/P2180042-low-300x225.jpg?v=1627124204 300w\" sizes=\"auto, (max-width: 640px) 100vw, 640px\" \/><\/a><\/figure><\/li><li class=\"blocks-gallery-item\"><figure><a href=\"https:\/\/pracownia52.pl\/www\/wp-content\/uploads\/2010\/08\/P3140041-low.jpg\"><img loading=\"lazy\" decoding=\"async\" width=\"640\" height=\"480\" src=\"https:\/\/pracownia52.pl\/www\/wp-content\/uploads\/2010\/08\/P3140041-low.jpg\" alt=\"\" data-id=\"2411\" class=\"wp-image-2411\" srcset=\"https:\/\/pracownia52.pl\/www\/wp-content\/uploads\/2010\/08\/P3140041-low.jpg?v=1627124203 640w, https:\/\/pracownia52.pl\/www\/wp-content\/uploads\/2010\/08\/P3140041-low-300x225.jpg?v=1627124203 300w\" sizes=\"auto, (max-width: 640px) 100vw, 640px\" \/><\/a><\/figure><\/li><li class=\"blocks-gallery-item\"><figure><a href=\"https:\/\/pracownia52.pl\/www\/wp-content\/uploads\/2010\/08\/P5160066-low.jpg\"><img loading=\"lazy\" decoding=\"async\" width=\"800\" height=\"600\" src=\"https:\/\/pracownia52.pl\/www\/wp-content\/uploads\/2010\/08\/P5160066-low.jpg\" alt=\"\" data-id=\"2413\" class=\"wp-image-2413\" srcset=\"https:\/\/pracownia52.pl\/www\/wp-content\/uploads\/2010\/08\/P5160066-low.jpg?v=1627124203 800w, https:\/\/pracownia52.pl\/www\/wp-content\/uploads\/2010\/08\/P5160066-low-300x225.jpg?v=1627124203 300w, https:\/\/pracownia52.pl\/www\/wp-content\/uploads\/2010\/08\/P5160066-low-768x576.jpg?v=1627124203 768w\" sizes=\"auto, (max-width: 767px) 89vw, (max-width: 1000px) 54vw, (max-width: 1071px) 543px, 580px\" \/><\/a><\/figure><\/li><li class=\"blocks-gallery-item\"><figure><a href=\"https:\/\/pracownia52.pl\/www\/wp-content\/uploads\/2010\/08\/P5240427-low.jpg\"><img loading=\"lazy\" decoding=\"async\" width=\"800\" height=\"600\" src=\"https:\/\/pracownia52.pl\/www\/wp-content\/uploads\/2010\/08\/P5240427-low.jpg\" alt=\"\" data-id=\"2414\" class=\"wp-image-2414\" srcset=\"https:\/\/pracownia52.pl\/www\/wp-content\/uploads\/2010\/08\/P5240427-low.jpg?v=1627124203 800w, https:\/\/pracownia52.pl\/www\/wp-content\/uploads\/2010\/08\/P5240427-low-300x225.jpg?v=1627124203 300w, https:\/\/pracownia52.pl\/www\/wp-content\/uploads\/2010\/08\/P5240427-low-768x576.jpg?v=1627124203 768w\" sizes=\"auto, (max-width: 767px) 89vw, (max-width: 1000px) 54vw, (max-width: 1071px) 543px, 580px\" \/><\/a><\/figure><\/li><li class=\"blocks-gallery-item\"><figure><a href=\"https:\/\/pracownia52.pl\/www\/wp-content\/uploads\/2010\/08\/P4260058-low.jpg\"><img loading=\"lazy\" decoding=\"async\" width=\"800\" height=\"600\" src=\"https:\/\/pracownia52.pl\/www\/wp-content\/uploads\/2010\/08\/P4260058-low.jpg\" alt=\"\" data-id=\"2415\" class=\"wp-image-2415\" srcset=\"https:\/\/pracownia52.pl\/www\/wp-content\/uploads\/2010\/08\/P4260058-low.jpg?v=1627124203 800w, https:\/\/pracownia52.pl\/www\/wp-content\/uploads\/2010\/08\/P4260058-low-300x225.jpg?v=1627124203 300w, https:\/\/pracownia52.pl\/www\/wp-content\/uploads\/2010\/08\/P4260058-low-768x576.jpg?v=1627124203 768w\" sizes=\"auto, (max-width: 767px) 89vw, (max-width: 1000px) 54vw, (max-width: 1071px) 543px, 580px\" \/><\/a><\/figure><\/li><li class=\"blocks-gallery-item\"><figure><a href=\"https:\/\/pracownia52.pl\/www\/wp-content\/uploads\/2010\/08\/P4220097-low.jpg\"><img loading=\"lazy\" decoding=\"async\" width=\"800\" height=\"600\" src=\"https:\/\/pracownia52.pl\/www\/wp-content\/uploads\/2010\/08\/P4220097-low.jpg\" alt=\"\" data-id=\"2418\" class=\"wp-image-2418\" srcset=\"https:\/\/pracownia52.pl\/www\/wp-content\/uploads\/2010\/08\/P4220097-low.jpg?v=1627124202 800w, https:\/\/pracownia52.pl\/www\/wp-content\/uploads\/2010\/08\/P4220097-low-300x225.jpg?v=1627124202 300w, https:\/\/pracownia52.pl\/www\/wp-content\/uploads\/2010\/08\/P4220097-low-768x576.jpg?v=1627124202 768w\" sizes=\"auto, (max-width: 767px) 89vw, (max-width: 1000px) 54vw, (max-width: 1071px) 543px, 580px\" \/><\/a><\/figure><\/li><li class=\"blocks-gallery-item\"><figure><a href=\"https:\/\/pracownia52.pl\/www\/wp-content\/uploads\/2010\/08\/P3140033-low.jpg\"><img loading=\"lazy\" decoding=\"async\" width=\"640\" height=\"480\" src=\"https:\/\/pracownia52.pl\/www\/wp-content\/uploads\/2010\/08\/P3140033-low.jpg\" alt=\"\" data-id=\"2420\" class=\"wp-image-2420\" srcset=\"https:\/\/pracownia52.pl\/www\/wp-content\/uploads\/2010\/08\/P3140033-low.jpg?v=1627124202 640w, https:\/\/pracownia52.pl\/www\/wp-content\/uploads\/2010\/08\/P3140033-low-300x225.jpg?v=1627124202 300w\" sizes=\"auto, (max-width: 640px) 100vw, 640px\" \/><\/a><\/figure><\/li><li class=\"blocks-gallery-item\"><figure><a href=\"https:\/\/pracownia52.pl\/www\/wp-content\/uploads\/2010\/08\/P3090025-low.jpg\"><img loading=\"lazy\" decoding=\"async\" width=\"640\" height=\"480\" src=\"https:\/\/pracownia52.pl\/www\/wp-content\/uploads\/2010\/08\/P3090025-low.jpg\" alt=\"\" data-id=\"2422\" class=\"wp-image-2422\" srcset=\"https:\/\/pracownia52.pl\/www\/wp-content\/uploads\/2010\/08\/P3090025-low.jpg?v=1627124202 640w, https:\/\/pracownia52.pl\/www\/wp-content\/uploads\/2010\/08\/P3090025-low-300x225.jpg?v=1627124202 300w\" sizes=\"auto, (max-width: 640px) 100vw, 640px\" \/><\/a><\/figure><\/li><li class=\"blocks-gallery-item\"><figure><a href=\"https:\/\/pracownia52.pl\/www\/wp-content\/uploads\/2010\/08\/patriotyczne-22-002-inne.jpg\"><img loading=\"lazy\" decoding=\"async\" width=\"1200\" height=\"900\" src=\"https:\/\/pracownia52.pl\/www\/wp-content\/uploads\/2010\/08\/patriotyczne-22-002-inne.jpg\" alt=\"\" data-id=\"5594\" class=\"wp-image-5594\" srcset=\"https:\/\/pracownia52.pl\/www\/wp-content\/uploads\/2010\/08\/patriotyczne-22-002-inne.jpg?v=1627123888 1200w, https:\/\/pracownia52.pl\/www\/wp-content\/uploads\/2010\/08\/patriotyczne-22-002-inne-300x225.jpg?v=1627123888 300w, https:\/\/pracownia52.pl\/www\/wp-content\/uploads\/2010\/08\/patriotyczne-22-002-inne-1024x768.jpg?v=1627123888 1024w, https:\/\/pracownia52.pl\/www\/wp-content\/uploads\/2010\/08\/patriotyczne-22-002-inne-768x576.jpg?v=1627123888 768w\" sizes=\"auto, (max-width: 767px) 89vw, (max-width: 1000px) 54vw, (max-width: 1071px) 543px, 580px\" \/><\/a><\/figure><\/li><li class=\"blocks-gallery-item\"><figure><a href=\"https:\/\/pracownia52.pl\/www\/wp-content\/uploads\/2010\/08\/P9280001-low.jpg\"><img loading=\"lazy\" decoding=\"async\" width=\"600\" height=\"800\" src=\"https:\/\/pracownia52.pl\/www\/wp-content\/uploads\/2010\/08\/P9280001-low.jpg\" alt=\"\" data-id=\"2406\" class=\"wp-image-2406\" srcset=\"https:\/\/pracownia52.pl\/www\/wp-content\/uploads\/2010\/08\/P9280001-low.jpg?v=1627124204 600w, https:\/\/pracownia52.pl\/www\/wp-content\/uploads\/2010\/08\/P9280001-low-225x300.jpg?v=1627124204 225w\" sizes=\"auto, (max-width: 600px) 100vw, 600px\" \/><\/a><\/figure><\/li><\/ul>\n","protected":false},"excerpt":{"rendered":"<p>zdj\u0119cia z r\u00f3\u017cnych lat \u2013 niekt\u00f3re (to pierwsze: Alpy francuskie, 1992?) nawet nie-cyfrowe, w co trudno dzi\u015b uwierzy\u0107 ;)mr m.<\/p>\n","protected":false},"author":1,"featured_media":0,"parent":0,"menu_order":3,"comment_status":"closed","ping_status":"open","template":"","meta":{"footnotes":""},"class_list":["post-2401","page","type-page","status-publish","hentry"],"_links":{"self":[{"href":"https:\/\/pracownia52.pl\/www\/index.php?rest_route=\/wp\/v2\/pages\/2401","targetHints":{"allow":["GET"]}}],"collection":[{"href":"https:\/\/pracownia52.pl\/www\/index.php?rest_route=\/wp\/v2\/pages"}],"about":[{"href":"https:\/\/pracownia52.pl\/www\/index.php?rest_route=\/wp\/v2\/types\/page"}],"author":[{"embeddable":true,"href":"https:\/\/pracownia52.pl\/www\/index.php?rest_route=\/wp\/v2\/users\/1"}],"replies":[{"embeddable":true,"href":"https:\/\/pracownia52.pl\/www\/index.php?rest_route=%2Fwp%2Fv2%2Fcomments&post=2401"}],"version-history":[{"count":17,"href":"https:\/\/pracownia52.pl\/www\/index.php?rest_route=\/wp\/v2\/pages\/2401\/revisions"}],"predecessor-version":[{"id":8382,"href":"https:\/\/pracownia52.pl\/www\/index.php?rest_route=\/wp\/v2\/pages\/2401\/revisions\/8382"}],"wp:attachment":[{"href":"https:\/\/pracownia52.pl\/www\/index.php?rest_route=%2Fwp%2Fv2%2Fmedia&parent=2401"}],"curies":[{"name":"wp","href":"https:\/\/api.w.org\/{rel}","templated":true}]}}