{"id":2551,"date":"2010-09-27T08:15:31","date_gmt":"2010-09-27T08:15:31","guid":{"rendered":"http:\/\/pracownia52.pl\/www\/?page_id=2551"},"modified":"2020-02-08T08:52:45","modified_gmt":"2020-02-08T08:52:45","slug":"ld-50","status":"publish","type":"page","link":"https:\/\/pracownia52.pl\/www\/?page_id=2551","title":{"rendered":"LD 50"},"content":{"rendered":"\n<p>Kilka zdj\u0119\u0107, w tym: z Remontu, z pocz. lat 80. \u2013 oraz ju\u017c z XXI wieku, dolne z lewej: nieistniej\u0105cy ju\u017c <strong><a href=\"https:\/\/pl.squat.net\/tag\/elba\/\">squat \u201eElba\u201d<\/a><\/strong> (pierwszy).<br \/>mr m.<br \/><\/p>\n\n\n\n<figure class=\"wp-block-gallery columns-2 is-cropped wp-block-gallery-1 is-layout-flex wp-block-gallery-is-layout-flex\"><ul class=\"blocks-gallery-grid\"><li class=\"blocks-gallery-item\"><figure><a href=\"https:\/\/pracownia52.pl\/www\/wp-content\/uploads\/2010\/09\/remont-1981-wios-001mn.jpg\"><img loading=\"lazy\" decoding=\"async\" width=\"550\" height=\"375\" src=\"https:\/\/pracownia52.pl\/www\/wp-content\/uploads\/2010\/09\/remont-1981-wios-001mn.jpg\" alt=\"\" data-id=\"2554\" data-link=\"https:\/\/pracownia52.pl\/www\/?attachment_id=2554\" class=\"wp-image-2554\" srcset=\"https:\/\/pracownia52.pl\/www\/wp-content\/uploads\/2010\/09\/remont-1981-wios-001mn.jpg?v=1627124189 550w, https:\/\/pracownia52.pl\/www\/wp-content\/uploads\/2010\/09\/remont-1981-wios-001mn-300x205.jpg?v=1627124189 300w\" sizes=\"auto, (max-width: 550px) 100vw, 550px\" \/><\/a><\/figure><\/li><li class=\"blocks-gallery-item\"><figure><a href=\"https:\/\/pracownia52.pl\/www\/wp-content\/uploads\/2010\/09\/remont-wiosna-1981-a.jpg\"><img loading=\"lazy\" decoding=\"async\" width=\"900\" height=\"600\" src=\"https:\/\/pracownia52.pl\/www\/wp-content\/uploads\/2010\/09\/remont-wiosna-1981-a.jpg\" alt=\"\" data-id=\"2559\" data-link=\"https:\/\/pracownia52.pl\/www\/?attachment_id=2559\" class=\"wp-image-2559\" srcset=\"https:\/\/pracownia52.pl\/www\/wp-content\/uploads\/2010\/09\/remont-wiosna-1981-a.jpg?v=1627124188 900w, https:\/\/pracownia52.pl\/www\/wp-content\/uploads\/2010\/09\/remont-wiosna-1981-a-300x200.jpg?v=1627124188 300w, https:\/\/pracownia52.pl\/www\/wp-content\/uploads\/2010\/09\/remont-wiosna-1981-a-768x512.jpg?v=1627124188 768w\" sizes=\"auto, (max-width: 767px) 89vw, (max-width: 1000px) 54vw, (max-width: 1071px) 543px, 580px\" \/><\/a><\/figure><\/li><li class=\"blocks-gallery-item\"><figure><a href=\"https:\/\/pracownia52.pl\/www\/wp-content\/uploads\/2010\/09\/20070120_011_-mod.jpg\"><img loading=\"lazy\" decoding=\"async\" width=\"800\" height=\"600\" src=\"https:\/\/pracownia52.pl\/www\/wp-content\/uploads\/2010\/09\/20070120_011_-mod.jpg\" alt=\"\" data-id=\"2556\" data-link=\"https:\/\/pracownia52.pl\/www\/?attachment_id=2556\" class=\"wp-image-2556\" srcset=\"https:\/\/pracownia52.pl\/www\/wp-content\/uploads\/2010\/09\/20070120_011_-mod.jpg?v=1627124189 800w, https:\/\/pracownia52.pl\/www\/wp-content\/uploads\/2010\/09\/20070120_011_-mod-300x225.jpg?v=1627124189 300w, https:\/\/pracownia52.pl\/www\/wp-content\/uploads\/2010\/09\/20070120_011_-mod-768x576.jpg?v=1627124189 768w\" sizes=\"auto, (max-width: 767px) 89vw, (max-width: 1000px) 54vw, (max-width: 1071px) 543px, 580px\" \/><\/a><\/figure><\/li><li class=\"blocks-gallery-item\"><figure><a href=\"https:\/\/pracownia52.pl\/www\/wp-content\/uploads\/2010\/09\/PC172531-mn.jpg\"><img loading=\"lazy\" decoding=\"async\" width=\"800\" height=\"600\" src=\"https:\/\/pracownia52.pl\/www\/wp-content\/uploads\/2010\/09\/PC172531-mn.jpg\" alt=\"\" data-id=\"2560\" data-link=\"https:\/\/pracownia52.pl\/www\/?attachment_id=2560\" class=\"wp-image-2560\" srcset=\"https:\/\/pracownia52.pl\/www\/wp-content\/uploads\/2010\/09\/PC172531-mn.jpg?v=1627124188 800w, https:\/\/pracownia52.pl\/www\/wp-content\/uploads\/2010\/09\/PC172531-mn-300x225.jpg?v=1627124188 300w, https:\/\/pracownia52.pl\/www\/wp-content\/uploads\/2010\/09\/PC172531-mn-768x576.jpg?v=1627124188 768w\" sizes=\"auto, (max-width: 767px) 89vw, (max-width: 1000px) 54vw, (max-width: 1071px) 543px, 580px\" \/><\/a><\/figure><\/li><\/ul><\/figure>\n","protected":false},"excerpt":{"rendered":"<p>Kilka zdj\u0119\u0107, w tym: z Remontu, z pocz. lat 80. \u2013 oraz ju\u017c z XXI wieku, dolne z lewej: nieistniej\u0105cy ju\u017c squat \u201eElba\u201d (pierwszy).mr m.<\/p>\n","protected":false},"author":1,"featured_media":0,"parent":0,"menu_order":0,"comment_status":"closed","ping_status":"open","template":"","meta":{"footnotes":""},"class_list":["post-2551","page","type-page","status-publish","hentry"],"_links":{"self":[{"href":"https:\/\/pracownia52.pl\/www\/index.php?rest_route=\/wp\/v2\/pages\/2551","targetHints":{"allow":["GET"]}}],"collection":[{"href":"https:\/\/pracownia52.pl\/www\/index.php?rest_route=\/wp\/v2\/pages"}],"about":[{"href":"https:\/\/pracownia52.pl\/www\/index.php?rest_route=\/wp\/v2\/types\/page"}],"author":[{"embeddable":true,"href":"https:\/\/pracownia52.pl\/www\/index.php?rest_route=\/wp\/v2\/users\/1"}],"replies":[{"embeddable":true,"href":"https:\/\/pracownia52.pl\/www\/index.php?rest_route=%2Fwp%2Fv2%2Fcomments&post=2551"}],"version-history":[{"count":15,"href":"https:\/\/pracownia52.pl\/www\/index.php?rest_route=\/wp\/v2\/pages\/2551\/revisions"}],"predecessor-version":[{"id":9668,"href":"https:\/\/pracownia52.pl\/www\/index.php?rest_route=\/wp\/v2\/pages\/2551\/revisions\/9668"}],"wp:attachment":[{"href":"https:\/\/pracownia52.pl\/www\/index.php?rest_route=%2Fwp%2Fv2%2Fmedia&parent=2551"}],"curies":[{"name":"wp","href":"https:\/\/api.w.org\/{rel}","templated":true}]}}