{"id":2568,"date":"2010-09-28T08:02:09","date_gmt":"2010-09-28T08:02:09","guid":{"rendered":"http:\/\/pracownia52.pl\/www\/?page_id=2568"},"modified":"2020-02-12T18:20:33","modified_gmt":"2020-02-12T18:20:33","slug":"scissors-art","status":"publish","type":"page","link":"https:\/\/pracownia52.pl\/www\/?page_id=2568","title":{"rendered":"scissors art"},"content":{"rendered":"\n<p>Formu\u0142a, wymy\u015blona (w tym: dla <a href=\"http:\/\/pracownia52.pl\/www\/?s=scissors+art\"><strong>Non Stopu<\/strong><\/a>), w 2 po\u0142. lat 80. nic, lub niewiele wiedzia\u0142em wtedy o pomys\u0142ach, <a href=\"http:\/\/www.youtube.com\/watch?v=fGJ7Z6AEzpY\">realizacjach<\/a>, jakie mieli (np.): <a href=\"http:\/\/rr.www.cistron.nl\/his\/nothing.htm\"><strong>William S. Borroughs<\/strong><\/a> czy <a href=\"http:\/\/ooops.pl\/?p=26030\"><strong>Brion Gysin<\/strong><\/a>; a szkoda. takie \u017cycie, za <a href=\"https:\/\/pracownia52.pl\/www\/?page_id=2015\"><strong>Murem<\/strong><\/a> (+ umys\u0142u).<br \/>mr m.<\/p>\n","protected":false},"excerpt":{"rendered":"<p>Formu\u0142a, wymy\u015blona (w tym: dla Non Stopu), w 2 po\u0142. lat 80. nic, lub niewiele wiedzia\u0142em wtedy o pomys\u0142ach, realizacjach, jakie mieli (np.): William S. Borroughs czy Brion Gysin; a szkoda. takie \u017cycie, za Murem (+ umys\u0142u).mr m.<\/p>\n","protected":false},"author":1,"featured_media":2570,"parent":0,"menu_order":3,"comment_status":"closed","ping_status":"open","template":"","meta":{"footnotes":""},"class_list":["post-2568","page","type-page","status-publish","has-post-thumbnail","hentry"],"_links":{"self":[{"href":"https:\/\/pracownia52.pl\/www\/index.php?rest_route=\/wp\/v2\/pages\/2568","targetHints":{"allow":["GET"]}}],"collection":[{"href":"https:\/\/pracownia52.pl\/www\/index.php?rest_route=\/wp\/v2\/pages"}],"about":[{"href":"https:\/\/pracownia52.pl\/www\/index.php?rest_route=\/wp\/v2\/types\/page"}],"author":[{"embeddable":true,"href":"https:\/\/pracownia52.pl\/www\/index.php?rest_route=\/wp\/v2\/users\/1"}],"replies":[{"embeddable":true,"href":"https:\/\/pracownia52.pl\/www\/index.php?rest_route=%2Fwp%2Fv2%2Fcomments&post=2568"}],"version-history":[{"count":13,"href":"https:\/\/pracownia52.pl\/www\/index.php?rest_route=\/wp\/v2\/pages\/2568\/revisions"}],"predecessor-version":[{"id":9676,"href":"https:\/\/pracownia52.pl\/www\/index.php?rest_route=\/wp\/v2\/pages\/2568\/revisions\/9676"}],"wp:featuredmedia":[{"embeddable":true,"href":"https:\/\/pracownia52.pl\/www\/index.php?rest_route=\/wp\/v2\/media\/2570"}],"wp:attachment":[{"href":"https:\/\/pracownia52.pl\/www\/index.php?rest_route=%2Fwp%2Fv2%2Fmedia&parent=2568"}],"curies":[{"name":"wp","href":"https:\/\/api.w.org\/{rel}","templated":true}]}}