{"id":2574,"date":"2010-10-03T15:28:39","date_gmt":"2010-10-03T15:28:39","guid":{"rendered":"http:\/\/pracownia52.pl\/www\/?page_id=2574"},"modified":"2020-02-20T15:21:27","modified_gmt":"2020-02-20T15:21:27","slug":"apteka","status":"publish","type":"page","link":"https:\/\/pracownia52.pl\/www\/?page_id=2574","title":{"rendered":"Apteka"},"content":{"rendered":"\n<p>Kilka przypadkowych zdj\u0119\u0107 z ko\u0144ca lat 80. \u2013 i kilka nieprzypadkowych z \u201e<a href=\"https:\/\/pracownia52.pl\/www\/?page_id=568\"><strong>poza kontrol\u0105<\/strong><\/a>\u201d.<br \/>mr m.<br \/><\/p>\n\n\n\n<figure class=\"wp-block-gallery columns-2 is-cropped wp-block-gallery-1 is-layout-flex wp-block-gallery-is-layout-flex\"><ul class=\"blocks-gallery-grid\"><li class=\"blocks-gallery-item\"><figure><a href=\"http:\/\/pracownia52.pl\/www\/wp-content\/uploads\/2010\/10\/gdynia-w-remoncie-low-2.jpg\"><img loading=\"lazy\" decoding=\"async\" width=\"511\" height=\"800\" src=\"http:\/\/pracownia52.pl\/www\/wp-content\/uploads\/2010\/10\/gdynia-w-remoncie-low-2.jpg\" alt=\"\" data-id=\"2577\" class=\"wp-image-2577\" srcset=\"https:\/\/pracownia52.pl\/www\/wp-content\/uploads\/2010\/10\/gdynia-w-remoncie-low-2.jpg?v=1627124187 511w, https:\/\/pracownia52.pl\/www\/wp-content\/uploads\/2010\/10\/gdynia-w-remoncie-low-2-192x300.jpg?v=1627124187 192w\" sizes=\"auto, (max-width: 511px) 100vw, 511px\" \/><\/a><\/figure><\/li><li class=\"blocks-gallery-item\"><figure><a href=\"https:\/\/pracownia52.pl\/www\/wp-content\/uploads\/2020\/02\/Apteka-fot-mr-makowski-zrzut-ekranu-low-res.jpg?v=1582212064\"><img loading=\"lazy\" decoding=\"async\" width=\"588\" height=\"893\" src=\"https:\/\/pracownia52.pl\/www\/wp-content\/uploads\/2020\/02\/Apteka-fot-mr-makowski-zrzut-ekranu-low-res.jpg\" alt=\"\" data-id=\"9696\" data-full-url=\"https:\/\/pracownia52.pl\/www\/wp-content\/uploads\/2020\/02\/Apteka-fot-mr-makowski-zrzut-ekranu-low-res.jpg?v=1582212064\" data-link=\"https:\/\/pracownia52.pl\/www\/?attachment_id=9696\" class=\"wp-image-9696\" srcset=\"https:\/\/pracownia52.pl\/www\/wp-content\/uploads\/2020\/02\/Apteka-fot-mr-makowski-zrzut-ekranu-low-res.jpg?v=1627123562 588w, https:\/\/pracownia52.pl\/www\/wp-content\/uploads\/2020\/02\/Apteka-fot-mr-makowski-zrzut-ekranu-low-res-198x300.jpg?v=1627123562 198w\" sizes=\"auto, (max-width: 588px) 100vw, 588px\" \/><\/a><\/figure><\/li><\/ul><\/figure>\n","protected":false},"excerpt":{"rendered":"<p>Kilka przypadkowych zdj\u0119\u0107 z ko\u0144ca lat 80. \u2013 i kilka nieprzypadkowych z \u201epoza kontrol\u0105\u201d.mr m.<\/p>\n","protected":false},"author":1,"featured_media":0,"parent":0,"menu_order":0,"comment_status":"closed","ping_status":"open","template":"","meta":{"footnotes":""},"class_list":["post-2574","page","type-page","status-publish","hentry"],"_links":{"self":[{"href":"https:\/\/pracownia52.pl\/www\/index.php?rest_route=\/wp\/v2\/pages\/2574","targetHints":{"allow":["GET"]}}],"collection":[{"href":"https:\/\/pracownia52.pl\/www\/index.php?rest_route=\/wp\/v2\/pages"}],"about":[{"href":"https:\/\/pracownia52.pl\/www\/index.php?rest_route=\/wp\/v2\/types\/page"}],"author":[{"embeddable":true,"href":"https:\/\/pracownia52.pl\/www\/index.php?rest_route=\/wp\/v2\/users\/1"}],"replies":[{"embeddable":true,"href":"https:\/\/pracownia52.pl\/www\/index.php?rest_route=%2Fwp%2Fv2%2Fcomments&post=2574"}],"version-history":[{"count":8,"href":"https:\/\/pracownia52.pl\/www\/index.php?rest_route=\/wp\/v2\/pages\/2574\/revisions"}],"predecessor-version":[{"id":9698,"href":"https:\/\/pracownia52.pl\/www\/index.php?rest_route=\/wp\/v2\/pages\/2574\/revisions\/9698"}],"wp:attachment":[{"href":"https:\/\/pracownia52.pl\/www\/index.php?rest_route=%2Fwp%2Fv2%2Fmedia&parent=2574"}],"curies":[{"name":"wp","href":"https:\/\/api.w.org\/{rel}","templated":true}]}}