{"id":2586,"date":"2010-10-19T06:37:03","date_gmt":"2010-10-19T06:37:03","guid":{"rendered":"http:\/\/pracownia52.pl\/www\/?page_id=2586"},"modified":"2023-08-22T17:18:32","modified_gmt":"2023-08-22T17:18:32","slug":"perfect","status":"publish","type":"page","link":"https:\/\/pracownia52.pl\/www\/?page_id=2586","title":{"rendered":"Perfect"},"content":{"rendered":"\n<p>prawie nic. kilka zdj\u0119\u0107 w studiu TVP (1982 lub pocz. 1983 r.) \u2013 i ok\u0142adka do <a href=\"http:\/\/www.inrock.pl\/\">ksi\u0105\u017cki Konrada Wojciechowskiego<\/a> (2010 r.); na kt\u00f3rej niekt\u00f3re z nich.<br \/>\u2026<br \/>no, jest jeszcze \u201e<a href=\"https:\/\/pracownia52.pl\/www\/?page_id=13\"><strong>non stop<\/strong><\/a>\u201d, epizod ze Zbigniewem, inna opowie\u015b\u0107.<br \/>mr m.<br \/><br \/><img loading=\"lazy\" decoding=\"async\" class=\"alignnone size-full wp-image-2589\" title=\"okladka-I-IV-perfect-Low-Res-RGB-wszystkie-str-IV-i-I-okl\" src=\"http:\/\/pracownia52.pl\/www\/wp-content\/uploads\/2010\/10\/okladka-I-IV-perfect-Low-Res-RGB-wszystkie-str-IV-i-I-okl.jpg\" alt=\"\" width=\"800\" height=\"528\" srcset=\"https:\/\/pracownia52.pl\/www\/wp-content\/uploads\/2010\/10\/okladka-I-IV-perfect-Low-Res-RGB-wszystkie-str-IV-i-I-okl.jpg?v=1628007799 800w, https:\/\/pracownia52.pl\/www\/wp-content\/uploads\/2010\/10\/okladka-I-IV-perfect-Low-Res-RGB-wszystkie-str-IV-i-I-okl-300x198.jpg?v=1628007799 300w, https:\/\/pracownia52.pl\/www\/wp-content\/uploads\/2010\/10\/okladka-I-IV-perfect-Low-Res-RGB-wszystkie-str-IV-i-I-okl-768x507.jpg?v=1628007799 768w\" sizes=\"auto, (max-width: 767px) 89vw, (max-width: 1000px) 54vw, (max-width: 1071px) 543px, 580px\" \/><\/p>\n","protected":false},"excerpt":{"rendered":"<p>prawie nic. kilka zdj\u0119\u0107 w studiu TVP (1982 lub pocz. 1983 r.) \u2013 i ok\u0142adka do ksi\u0105\u017cki Konrada Wojciechowskiego (2010 r.); na kt\u00f3rej niekt\u00f3re z nich.\u2026no, jest jeszcze \u201enon stop\u201d, epizod ze Zbigniewem, inna opowie\u015b\u0107.mr m.<\/p>\n","protected":false},"author":1,"featured_media":0,"parent":0,"menu_order":0,"comment_status":"closed","ping_status":"open","template":"","meta":{"footnotes":""},"class_list":["post-2586","page","type-page","status-publish","hentry"],"_links":{"self":[{"href":"https:\/\/pracownia52.pl\/www\/index.php?rest_route=\/wp\/v2\/pages\/2586","targetHints":{"allow":["GET"]}}],"collection":[{"href":"https:\/\/pracownia52.pl\/www\/index.php?rest_route=\/wp\/v2\/pages"}],"about":[{"href":"https:\/\/pracownia52.pl\/www\/index.php?rest_route=\/wp\/v2\/types\/page"}],"author":[{"embeddable":true,"href":"https:\/\/pracownia52.pl\/www\/index.php?rest_route=\/wp\/v2\/users\/1"}],"replies":[{"embeddable":true,"href":"https:\/\/pracownia52.pl\/www\/index.php?rest_route=%2Fwp%2Fv2%2Fcomments&post=2586"}],"version-history":[{"count":7,"href":"https:\/\/pracownia52.pl\/www\/index.php?rest_route=\/wp\/v2\/pages\/2586\/revisions"}],"predecessor-version":[{"id":10230,"href":"https:\/\/pracownia52.pl\/www\/index.php?rest_route=\/wp\/v2\/pages\/2586\/revisions\/10230"}],"wp:attachment":[{"href":"https:\/\/pracownia52.pl\/www\/index.php?rest_route=%2Fwp%2Fv2%2Fmedia&parent=2586"}],"curies":[{"name":"wp","href":"https:\/\/api.w.org\/{rel}","templated":true}]}}