{"id":2595,"date":"2011-01-02T07:07:30","date_gmt":"2011-01-02T07:07:30","guid":{"rendered":"http:\/\/pracownia52.pl\/www\/?page_id=2595"},"modified":"2017-09-25T05:04:47","modified_gmt":"2017-09-25T05:04:47","slug":"bazgroly","status":"publish","type":"page","link":"https:\/\/pracownia52.pl\/www\/?page_id=2595","title":{"rendered":"bazgro\u0142y"},"content":{"rendered":"<p>czasem <a href=\"https:\/\/pracownia52.pl\/www\/?page_id=2444\"><strong>co\u015b rysujemy<\/strong><\/a>, niekiedy przypadkiem czy nawet \u015bwiadomie\u2026 p\u00f3\u0142-\u015bwiadomie, od niechcenia\u2026 te\u017c \u2013 fragmenty jakich\u015b prac, niesko\u0144czone, porzucone, nie-ca\u0142e. do innych cel\u00f3w kiedy\u015b \u2013 brane.<br \/>\ntakie tam: \u015bmieci z \u017cycia.<br \/>\nmr m.<br \/>\n1.<br \/>\nfragment projektu wstepnego ok\u0142adki \u201e<a href=\"http:\/\/pracownia52.pl\/www\/?page_id=533\">Pick Up<\/a>&#8221; (1987 chyba); inny jej kawa\u0142ek \u2013 <a href=\"https:\/\/pracownia52.pl\/www\/?p=2864\"><strong>tam<\/strong><\/a>.<br \/>\n<br \/><img loading=\"lazy\" decoding=\"async\" src=\"http:\/\/pracownia52.pl\/www\/wp-content\/uploads\/2011\/01\/projekt-wstepny-okladki-Pick-Up-1987-chyba-fragm.jpg\" alt=\"\" title=\"projekt-wstepny-okladki-Pick-Up-1987-chyba-fragm\" width=\"550\" height=\"413\" class=\"alignnone size-full wp-image-2601\" srcset=\"https:\/\/pracownia52.pl\/www\/wp-content\/uploads\/2011\/01\/projekt-wstepny-okladki-Pick-Up-1987-chyba-fragm.jpg?v=1628007713 550w, https:\/\/pracownia52.pl\/www\/wp-content\/uploads\/2011\/01\/projekt-wstepny-okladki-Pick-Up-1987-chyba-fragm-300x225.jpg?v=1628007713 300w\" sizes=\"auto, (max-width: 550px) 100vw, 550px\" \/><br \/>\n2.<br \/>\nfragment ksi\u0105\u017cki rysowanej \u2013 takie jakby portfolio; z ko\u0144ca lat 80. \u2013 obecnie w depozycie u <a href=\"http:\/\/www.zjarocina.pl\/\"><strong>Roberta Jarosza<\/strong><\/a>.<br \/>\n<br \/><img loading=\"lazy\" decoding=\"async\" src=\"http:\/\/pracownia52.pl\/www\/wp-content\/uploads\/2011\/01\/m-low.jpg\" alt=\"\" title=\"m-low\" width=\"550\" height=\"733\" class=\"alignnone size-full wp-image-2598\" srcset=\"https:\/\/pracownia52.pl\/www\/wp-content\/uploads\/2011\/01\/m-low.jpg?v=1627124186 550w, https:\/\/pracownia52.pl\/www\/wp-content\/uploads\/2011\/01\/m-low-225x300.jpg?v=1627124186 225w\" sizes=\"auto, (max-width: 550px) 100vw, 550px\" \/><\/p>\n","protected":false},"excerpt":{"rendered":"<p>czasem co\u015b rysujemy, niekiedy przypadkiem czy nawet \u015bwiadomie\u2026 p\u00f3\u0142-\u015bwiadomie, od niechcenia\u2026 te\u017c \u2013 fragmenty jakich\u015b prac, niesko\u0144czone, porzucone, nie-ca\u0142e. do innych cel\u00f3w kiedy\u015b \u2013 brane. takie tam: \u015bmieci z \u017cycia. mr m. 1. fragment projektu wstepnego ok\u0142adki \u201ePick Up&#8221; (1987 chyba); inny jej kawa\u0142ek \u2013 tam. 2. fragment ksi\u0105\u017cki rysowanej \u2013 takie jakby portfolio; z &hellip; <\/p>\n<p class=\"link-more\"><a href=\"https:\/\/pracownia52.pl\/www\/?page_id=2595\" class=\"more-link\">Czytaj dalej<span class=\"screen-reader-text\"> \u201ebazgro\u0142y\u201d<\/span><\/a><\/p>\n","protected":false},"author":1,"featured_media":0,"parent":0,"menu_order":3,"comment_status":"closed","ping_status":"open","template":"","meta":{"footnotes":""},"class_list":["post-2595","page","type-page","status-publish","hentry"],"_links":{"self":[{"href":"https:\/\/pracownia52.pl\/www\/index.php?rest_route=\/wp\/v2\/pages\/2595","targetHints":{"allow":["GET"]}}],"collection":[{"href":"https:\/\/pracownia52.pl\/www\/index.php?rest_route=\/wp\/v2\/pages"}],"about":[{"href":"https:\/\/pracownia52.pl\/www\/index.php?rest_route=\/wp\/v2\/types\/page"}],"author":[{"embeddable":true,"href":"https:\/\/pracownia52.pl\/www\/index.php?rest_route=\/wp\/v2\/users\/1"}],"replies":[{"embeddable":true,"href":"https:\/\/pracownia52.pl\/www\/index.php?rest_route=%2Fwp%2Fv2%2Fcomments&post=2595"}],"version-history":[{"count":13,"href":"https:\/\/pracownia52.pl\/www\/index.php?rest_route=\/wp\/v2\/pages\/2595\/revisions"}],"predecessor-version":[{"id":7182,"href":"https:\/\/pracownia52.pl\/www\/index.php?rest_route=\/wp\/v2\/pages\/2595\/revisions\/7182"}],"wp:attachment":[{"href":"https:\/\/pracownia52.pl\/www\/index.php?rest_route=%2Fwp%2Fv2%2Fmedia&parent=2595"}],"curies":[{"name":"wp","href":"https:\/\/api.w.org\/{rel}","templated":true}]}}