{"id":2618,"date":"2011-01-07T15:36:19","date_gmt":"2011-01-07T15:36:19","guid":{"rendered":"http:\/\/pracownia52.pl\/www\/?page_id=2618"},"modified":"2011-01-07T15:36:19","modified_gmt":"2011-01-07T15:36:19","slug":"manufaktura-legenda","status":"publish","type":"page","link":"https:\/\/pracownia52.pl\/www\/?page_id=2618","title":{"rendered":"Manufaktura Legenda"},"content":{"rendered":"<p><a href=\"http:\/\/pl.wikipedia.org\/wiki\/Manufaktura_Legenda\"><img loading=\"lazy\" decoding=\"async\" src=\"http:\/\/pracownia52.pl\/www\/wp-content\/uploads\/2011\/01\/02-logo-manufaktura-pozytyw-low.png\" alt=\"\" title=\"02-logo-manufaktura-pozytyw-low\" width=\"496\" height=\"550\" class=\"alignnone size-full wp-image-2623\" srcset=\"https:\/\/pracownia52.pl\/www\/wp-content\/uploads\/2011\/01\/02-logo-manufaktura-pozytyw-low.png?v=1643731188 496w, https:\/\/pracownia52.pl\/www\/wp-content\/uploads\/2011\/01\/02-logo-manufaktura-pozytyw-low-271x300.png?v=1643731188 271w\" sizes=\"auto, (max-width: 496px) 100vw, 496px\" \/><\/a><br \/>\nlogo \u2013 ale te\u017c to <a href=\"http:\/\/www.youtube.com\/watch?v=RG8s8Io02x0&#038;feature=player_embedded\">M\u00f3j Wydawca<\/a> ;)<br \/>\nno i zobaczcie te\u017c \u2013 <a href=\"http:\/\/www.zjarocina.pl\/\"><strong>z jarocina<\/strong><\/a> (oraz <a href=\"http:\/\/www.wmoichoczach.com.pl\/pl\/news.php\"><strong>w moich oczach<\/strong><\/a>)<br \/>\n[mrm]<\/p>\n","protected":false},"excerpt":{"rendered":"<p>logo \u2013 ale te\u017c to M\u00f3j Wydawca ;) no i zobaczcie te\u017c \u2013 z jarocina (oraz w moich oczach) [mrm]<\/p>\n","protected":false},"author":1,"featured_media":0,"parent":0,"menu_order":3,"comment_status":"closed","ping_status":"open","template":"","meta":{"footnotes":""},"class_list":["post-2618","page","type-page","status-publish","hentry"],"_links":{"self":[{"href":"https:\/\/pracownia52.pl\/www\/index.php?rest_route=\/wp\/v2\/pages\/2618","targetHints":{"allow":["GET"]}}],"collection":[{"href":"https:\/\/pracownia52.pl\/www\/index.php?rest_route=\/wp\/v2\/pages"}],"about":[{"href":"https:\/\/pracownia52.pl\/www\/index.php?rest_route=\/wp\/v2\/types\/page"}],"author":[{"embeddable":true,"href":"https:\/\/pracownia52.pl\/www\/index.php?rest_route=\/wp\/v2\/users\/1"}],"replies":[{"embeddable":true,"href":"https:\/\/pracownia52.pl\/www\/index.php?rest_route=%2Fwp%2Fv2%2Fcomments&post=2618"}],"version-history":[{"count":6,"href":"https:\/\/pracownia52.pl\/www\/index.php?rest_route=\/wp\/v2\/pages\/2618\/revisions"}],"predecessor-version":[{"id":2625,"href":"https:\/\/pracownia52.pl\/www\/index.php?rest_route=\/wp\/v2\/pages\/2618\/revisions\/2625"}],"wp:attachment":[{"href":"https:\/\/pracownia52.pl\/www\/index.php?rest_route=%2Fwp%2Fv2%2Fmedia&parent=2618"}],"curies":[{"name":"wp","href":"https:\/\/api.w.org\/{rel}","templated":true}]}}