{"id":262,"date":"2010-06-11T09:00:27","date_gmt":"2010-06-11T09:00:27","guid":{"rendered":"http:\/\/pracownia52.pl\/www\/?page_id=262"},"modified":"2019-01-11T14:33:22","modified_gmt":"2019-01-11T14:33:22","slug":"gpw-gielda-papierow-wartosciowych-w-warszawie","status":"publish","type":"page","link":"https:\/\/pracownia52.pl\/www\/?page_id=262","title":{"rendered":"GPW \u2013 Gie\u0142da Papier\u00f3w Warto\u015bciowych w Warszawie"},"content":{"rendered":"\n<ul class=\"wp-block-gallery columns-1 is-cropped wp-block-gallery-1 is-layout-flex wp-block-gallery-is-layout-flex\"><li class=\"blocks-gallery-item\"><figure><img loading=\"lazy\" decoding=\"async\" width=\"550\" height=\"384\" src=\"http:\/\/pracownia52.pl\/www\/wp-content\/uploads\/2010\/06\/raport-GPW-1996-II-III.jpg\" alt=\"\" data-id=\"1913\" class=\"wp-image-1913\" srcset=\"https:\/\/pracownia52.pl\/www\/wp-content\/uploads\/2010\/06\/raport-GPW-1996-II-III.jpg?v=1694769386 550w, https:\/\/pracownia52.pl\/www\/wp-content\/uploads\/2010\/06\/raport-GPW-1996-II-III-300x209.jpg?v=1694769386 300w\" sizes=\"auto, (max-width: 550px) 100vw, 550px\" \/><\/figure><\/li><\/ul>\n\n\n\n<p>Projekty, druki, inne. sporo rzeczy, r\u00f3\u017cne:<br \/>\u2022 raport roczny, ksi\u0105\u017cki (polskie i ang.),<br \/>\u2022 plansze B1 do wystawy w Meksyku, kufry do tych plansz (z pomoc\u0105 Andrzeja Krawca, patrz: <a href=\"https:\/\/pracownia52.pl\/www\/?page_id=416\">K<strong>rzak<\/strong><\/a>). Logo na szcz\u0119\u015bcie nie moje.<br \/>mr m.<br \/><\/p>\n","protected":false},"excerpt":{"rendered":"<p>Projekty, druki, inne. sporo rzeczy, r\u00f3\u017cne:\u2022 raport roczny, ksi\u0105\u017cki (polskie i ang.),\u2022 plansze B1 do wystawy w Meksyku, kufry do tych plansz (z pomoc\u0105 Andrzeja Krawca, patrz: Krzak). Logo na szcz\u0119\u015bcie nie moje.mr m.<\/p>\n","protected":false},"author":1,"featured_media":0,"parent":0,"menu_order":3,"comment_status":"closed","ping_status":"open","template":"","meta":{"footnotes":""},"class_list":["post-262","page","type-page","status-publish","hentry"],"_links":{"self":[{"href":"https:\/\/pracownia52.pl\/www\/index.php?rest_route=\/wp\/v2\/pages\/262","targetHints":{"allow":["GET"]}}],"collection":[{"href":"https:\/\/pracownia52.pl\/www\/index.php?rest_route=\/wp\/v2\/pages"}],"about":[{"href":"https:\/\/pracownia52.pl\/www\/index.php?rest_route=\/wp\/v2\/types\/page"}],"author":[{"embeddable":true,"href":"https:\/\/pracownia52.pl\/www\/index.php?rest_route=\/wp\/v2\/users\/1"}],"replies":[{"embeddable":true,"href":"https:\/\/pracownia52.pl\/www\/index.php?rest_route=%2Fwp%2Fv2%2Fcomments&post=262"}],"version-history":[{"count":12,"href":"https:\/\/pracownia52.pl\/www\/index.php?rest_route=\/wp\/v2\/pages\/262\/revisions"}],"predecessor-version":[{"id":8788,"href":"https:\/\/pracownia52.pl\/www\/index.php?rest_route=\/wp\/v2\/pages\/262\/revisions\/8788"}],"wp:attachment":[{"href":"https:\/\/pracownia52.pl\/www\/index.php?rest_route=%2Fwp%2Fv2%2Fmedia&parent=262"}],"curies":[{"name":"wp","href":"https:\/\/api.w.org\/{rel}","templated":true}]}}