{"id":2641,"date":"2011-01-19T06:17:46","date_gmt":"2011-01-19T06:17:46","guid":{"rendered":"http:\/\/pracownia52.pl\/www\/?page_id=2641"},"modified":"2025-03-13T15:13:03","modified_gmt":"2025-03-13T15:13:03","slug":"dom-serial","status":"publish","type":"page","link":"https:\/\/pracownia52.pl\/www\/?page_id=2641","title":{"rendered":"dom \u2013 serial"},"content":{"rendered":"\n<p>1979 \u2013 epizod w filmie polskim \u2013 ledwie 3 miesi\u0105ce by\u0142em asystentem u <strong>Jana \u0141omnickiego<\/strong>, \u015bwietny facet ale trudny \u2013 przy serialu \u201eDom&#8221;. Ale znalaz\u0142em \u201eten&#8221; dom\u2026 (+ kilka innych <strong><a href=\"https:\/\/pracownia52.pl\/www\/?page_id=3658\" data-type=\"page\" data-id=\"3658\">plener\u00f3w<\/a><\/strong>.)<br \/>mr m.<br \/><br \/><\/p>\n\n\n\n<figure class=\"wp-block-image\"><img loading=\"lazy\" decoding=\"async\" width=\"529\" height=\"800\" src=\"http:\/\/pracownia52.pl\/www\/wp-content\/uploads\/2011\/01\/ul-panska-cd-13.jpg\" alt=\"\" class=\"wp-image-2646\" srcset=\"https:\/\/pracownia52.pl\/www\/wp-content\/uploads\/2011\/01\/ul-panska-cd-13.jpg?v=1627124185 529w, https:\/\/pracownia52.pl\/www\/wp-content\/uploads\/2011\/01\/ul-panska-cd-13-198x300.jpg?v=1627124185 198w\" sizes=\"auto, (max-width: 529px) 100vw, 529px\" \/><\/figure>\n\n\n\n<figure class=\"wp-block-gallery has-nested-images columns-4 is-cropped wp-block-gallery-1 is-layout-flex wp-block-gallery-is-layout-flex\">\n<figure class=\"wp-block-image\"><a href=\"https:\/\/pracownia52.pl\/www\/wp-content\/uploads\/2011\/01\/detal-gdzies-na-ul-panskiej-1979-11.jpg\"><img loading=\"lazy\" decoding=\"async\" width=\"524\" height=\"800\" data-id=\"4463\" src=\"https:\/\/pracownia52.pl\/www\/wp-content\/uploads\/2011\/01\/detal-gdzies-na-ul-panskiej-1979-11.jpg\" alt=\"\" class=\"wp-image-4463\" srcset=\"https:\/\/pracownia52.pl\/www\/wp-content\/uploads\/2011\/01\/detal-gdzies-na-ul-panskiej-1979-11.jpg?v=1627124026 524w, https:\/\/pracownia52.pl\/www\/wp-content\/uploads\/2011\/01\/detal-gdzies-na-ul-panskiej-1979-11-197x300.jpg?v=1627124026 197w\" sizes=\"auto, (max-width: 524px) 100vw, 524px\" \/><\/a><\/figure>\n\n\n\n<figure class=\"wp-block-image\"><a href=\"https:\/\/pracownia52.pl\/www\/wp-content\/uploads\/2011\/01\/dom-serial-1979-low-21.jpg\"><img loading=\"lazy\" decoding=\"async\" width=\"800\" height=\"529\" data-id=\"4464\" src=\"https:\/\/pracownia52.pl\/www\/wp-content\/uploads\/2011\/01\/dom-serial-1979-low-21.jpg\" alt=\"\" class=\"wp-image-4464\" srcset=\"https:\/\/pracownia52.pl\/www\/wp-content\/uploads\/2011\/01\/dom-serial-1979-low-21.jpg?v=1627124025 800w, https:\/\/pracownia52.pl\/www\/wp-content\/uploads\/2011\/01\/dom-serial-1979-low-21-300x198.jpg?v=1627124025 300w, https:\/\/pracownia52.pl\/www\/wp-content\/uploads\/2011\/01\/dom-serial-1979-low-21-768x508.jpg?v=1627124025 768w\" sizes=\"auto, (max-width: 767px) 89vw, (max-width: 1000px) 54vw, (max-width: 1071px) 543px, 580px\" \/><\/a><\/figure>\n\n\n\n<figure class=\"wp-block-image\"><a href=\"https:\/\/pracownia52.pl\/www\/wp-content\/uploads\/2011\/01\/dom-serial-dom-ul-panska-1979-15.jpg\"><img loading=\"lazy\" decoding=\"async\" width=\"538\" height=\"800\" data-id=\"4465\" src=\"https:\/\/pracownia52.pl\/www\/wp-content\/uploads\/2011\/01\/dom-serial-dom-ul-panska-1979-15.jpg\" alt=\"\" class=\"wp-image-4465\" srcset=\"https:\/\/pracownia52.pl\/www\/wp-content\/uploads\/2011\/01\/dom-serial-dom-ul-panska-1979-15.jpg?v=1627124025 538w, https:\/\/pracownia52.pl\/www\/wp-content\/uploads\/2011\/01\/dom-serial-dom-ul-panska-1979-15-202x300.jpg?v=1627124025 202w\" sizes=\"auto, (max-width: 538px) 100vw, 538px\" \/><\/a><\/figure>\n\n\n\n<figure class=\"wp-block-image\"><a href=\"https:\/\/pracownia52.pl\/www\/wp-content\/uploads\/2011\/01\/jan-lomnicki-dom-1979-001-m.jpg\"><img loading=\"lazy\" decoding=\"async\" width=\"873\" height=\"600\" data-id=\"4466\" src=\"https:\/\/pracownia52.pl\/www\/wp-content\/uploads\/2011\/01\/jan-lomnicki-dom-1979-001-m.jpg\" alt=\"\" class=\"wp-image-4466\" srcset=\"https:\/\/pracownia52.pl\/www\/wp-content\/uploads\/2011\/01\/jan-lomnicki-dom-1979-001-m.jpg?v=1627124025 873w, https:\/\/pracownia52.pl\/www\/wp-content\/uploads\/2011\/01\/jan-lomnicki-dom-1979-001-m-300x206.jpg?v=1627124025 300w, https:\/\/pracownia52.pl\/www\/wp-content\/uploads\/2011\/01\/jan-lomnicki-dom-1979-001-m-768x528.jpg?v=1627124025 768w\" sizes=\"auto, (max-width: 767px) 89vw, (max-width: 1000px) 54vw, (max-width: 1071px) 543px, 580px\" \/><\/a><\/figure>\n\n\n\n<figure class=\"wp-block-image\"><a href=\"https:\/\/pracownia52.pl\/www\/wp-content\/uploads\/2011\/01\/jan-lomnicki-dom-1979-002mn.jpg\"><img loading=\"lazy\" decoding=\"async\" width=\"871\" height=\"600\" data-id=\"4467\" src=\"https:\/\/pracownia52.pl\/www\/wp-content\/uploads\/2011\/01\/jan-lomnicki-dom-1979-002mn.jpg\" alt=\"\" class=\"wp-image-4467\" srcset=\"https:\/\/pracownia52.pl\/www\/wp-content\/uploads\/2011\/01\/jan-lomnicki-dom-1979-002mn.jpg?v=1627124025 871w, https:\/\/pracownia52.pl\/www\/wp-content\/uploads\/2011\/01\/jan-lomnicki-dom-1979-002mn-300x207.jpg?v=1627124025 300w, https:\/\/pracownia52.pl\/www\/wp-content\/uploads\/2011\/01\/jan-lomnicki-dom-1979-002mn-768x529.jpg?v=1627124025 768w\" sizes=\"auto, (max-width: 767px) 89vw, (max-width: 1000px) 54vw, (max-width: 1071px) 543px, 580px\" \/><\/a><\/figure>\n\n\n\n<figure class=\"wp-block-image\"><a href=\"https:\/\/pracownia52.pl\/www\/wp-content\/uploads\/2011\/01\/jan-lomnicki-panska-1979-i-ktos-z-urzedu-16.jpg\"><img loading=\"lazy\" decoding=\"async\" width=\"800\" height=\"520\" data-id=\"4468\" src=\"https:\/\/pracownia52.pl\/www\/wp-content\/uploads\/2011\/01\/jan-lomnicki-panska-1979-i-ktos-z-urzedu-16.jpg\" alt=\"\" class=\"wp-image-4468\" srcset=\"https:\/\/pracownia52.pl\/www\/wp-content\/uploads\/2011\/01\/jan-lomnicki-panska-1979-i-ktos-z-urzedu-16.jpg?v=1627124024 800w, https:\/\/pracownia52.pl\/www\/wp-content\/uploads\/2011\/01\/jan-lomnicki-panska-1979-i-ktos-z-urzedu-16-300x195.jpg?v=1627124024 300w, https:\/\/pracownia52.pl\/www\/wp-content\/uploads\/2011\/01\/jan-lomnicki-panska-1979-i-ktos-z-urzedu-16-768x499.jpg?v=1627124024 768w\" sizes=\"auto, (max-width: 767px) 89vw, (max-width: 1000px) 54vw, (max-width: 1071px) 543px, 580px\" \/><\/a><\/figure>\n\n\n\n<figure class=\"wp-block-image\"><a href=\"https:\/\/pracownia52.pl\/www\/wp-content\/uploads\/2011\/01\/lomnicki-dom-003.jpg\"><img loading=\"lazy\" decoding=\"async\" width=\"450\" height=\"653\" data-id=\"4469\" src=\"https:\/\/pracownia52.pl\/www\/wp-content\/uploads\/2011\/01\/lomnicki-dom-003.jpg\" alt=\"\" class=\"wp-image-4469\" srcset=\"https:\/\/pracownia52.pl\/www\/wp-content\/uploads\/2011\/01\/lomnicki-dom-003.jpg?v=1627124024 450w, https:\/\/pracownia52.pl\/www\/wp-content\/uploads\/2011\/01\/lomnicki-dom-003-207x300.jpg?v=1627124024 207w\" sizes=\"auto, (max-width: 450px) 100vw, 450px\" \/><\/a><\/figure>\n\n\n\n<figure class=\"wp-block-image\"><a href=\"https:\/\/pracownia52.pl\/www\/wp-content\/uploads\/2011\/01\/lomnicki-dom-0051.jpg\"><img loading=\"lazy\" decoding=\"async\" width=\"550\" height=\"378\" data-id=\"4470\" src=\"https:\/\/pracownia52.pl\/www\/wp-content\/uploads\/2011\/01\/lomnicki-dom-0051.jpg\" alt=\"\" class=\"wp-image-4470\" srcset=\"https:\/\/pracownia52.pl\/www\/wp-content\/uploads\/2011\/01\/lomnicki-dom-0051.jpg?v=1627124024 550w, https:\/\/pracownia52.pl\/www\/wp-content\/uploads\/2011\/01\/lomnicki-dom-0051-300x206.jpg?v=1627124024 300w\" sizes=\"auto, (max-width: 550px) 100vw, 550px\" \/><\/a><\/figure>\n\n\n\n<figure class=\"wp-block-image\"><a href=\"https:\/\/pracownia52.pl\/www\/wp-content\/uploads\/2011\/01\/mieszkania-panska-1979-opuszczone-19.jpg\"><img loading=\"lazy\" decoding=\"async\" width=\"800\" height=\"556\" data-id=\"4471\" src=\"https:\/\/pracownia52.pl\/www\/wp-content\/uploads\/2011\/01\/mieszkania-panska-1979-opuszczone-19.jpg\" alt=\"\" class=\"wp-image-4471\" srcset=\"https:\/\/pracownia52.pl\/www\/wp-content\/uploads\/2011\/01\/mieszkania-panska-1979-opuszczone-19.jpg?v=1627124024 800w, https:\/\/pracownia52.pl\/www\/wp-content\/uploads\/2011\/01\/mieszkania-panska-1979-opuszczone-19-300x209.jpg?v=1627124024 300w, https:\/\/pracownia52.pl\/www\/wp-content\/uploads\/2011\/01\/mieszkania-panska-1979-opuszczone-19-768x534.jpg?v=1627124024 768w\" sizes=\"auto, (max-width: 767px) 89vw, (max-width: 1000px) 54vw, (max-width: 1071px) 543px, 580px\" \/><\/a><\/figure>\n\n\n\n<figure class=\"wp-block-image\"><a href=\"https:\/\/pracownia52.pl\/www\/wp-content\/uploads\/2011\/01\/praga-1979-urzadz-mn.jpg\"><img loading=\"lazy\" decoding=\"async\" width=\"450\" height=\"677\" data-id=\"4472\" src=\"https:\/\/pracownia52.pl\/www\/wp-content\/uploads\/2011\/01\/praga-1979-urzadz-mn.jpg\" alt=\"\" class=\"wp-image-4472\" srcset=\"https:\/\/pracownia52.pl\/www\/wp-content\/uploads\/2011\/01\/praga-1979-urzadz-mn.jpg?v=1627124024 450w, https:\/\/pracownia52.pl\/www\/wp-content\/uploads\/2011\/01\/praga-1979-urzadz-mn-199x300.jpg?v=1627124024 199w\" sizes=\"auto, (max-width: 450px) 100vw, 450px\" \/><\/a><\/figure>\n\n\n\n<figure class=\"wp-block-image\"><a href=\"https:\/\/pracownia52.pl\/www\/wp-content\/uploads\/2011\/01\/ul-panska-1979-20.jpg\"><img loading=\"lazy\" decoding=\"async\" width=\"800\" height=\"526\" data-id=\"4473\" src=\"https:\/\/pracownia52.pl\/www\/wp-content\/uploads\/2011\/01\/ul-panska-1979-20.jpg\" alt=\"\" class=\"wp-image-4473\" srcset=\"https:\/\/pracownia52.pl\/www\/wp-content\/uploads\/2011\/01\/ul-panska-1979-20.jpg?v=1627124023 800w, https:\/\/pracownia52.pl\/www\/wp-content\/uploads\/2011\/01\/ul-panska-1979-20-300x197.jpg?v=1627124023 300w, https:\/\/pracownia52.pl\/www\/wp-content\/uploads\/2011\/01\/ul-panska-1979-20-768x505.jpg?v=1627124023 768w\" sizes=\"auto, (max-width: 767px) 89vw, (max-width: 1000px) 54vw, (max-width: 1071px) 543px, 580px\" \/><\/a><\/figure>\n\n\n\n<figure class=\"wp-block-image\"><a href=\"https:\/\/pracownia52.pl\/www\/wp-content\/uploads\/2011\/01\/ul-panska-str-parzysta-1979-4.jpg\"><img loading=\"lazy\" decoding=\"async\" width=\"800\" height=\"525\" data-id=\"4475\" src=\"https:\/\/pracownia52.pl\/www\/wp-content\/uploads\/2011\/01\/ul-panska-str-parzysta-1979-4.jpg\" alt=\"\" class=\"wp-image-4475\" srcset=\"https:\/\/pracownia52.pl\/www\/wp-content\/uploads\/2011\/01\/ul-panska-str-parzysta-1979-4.jpg?v=1627124023 800w, https:\/\/pracownia52.pl\/www\/wp-content\/uploads\/2011\/01\/ul-panska-str-parzysta-1979-4-300x197.jpg?v=1627124023 300w, https:\/\/pracownia52.pl\/www\/wp-content\/uploads\/2011\/01\/ul-panska-str-parzysta-1979-4-768x504.jpg?v=1627124023 768w\" sizes=\"auto, (max-width: 767px) 89vw, (max-width: 1000px) 54vw, (max-width: 1071px) 543px, 580px\" \/><\/a><\/figure>\n\n\n\n<figure class=\"wp-block-image size-large\"><a href=\"https:\/\/pracownia52.pl\/www\/wp-content\/uploads\/2022\/09\/1979-praca-dla-Lomnickiego-okolice-Okuniewa-fot-mr-makowski-low-res-231.jpg\"><img loading=\"lazy\" decoding=\"async\" width=\"1024\" height=\"684\" data-id=\"10143\" src=\"https:\/\/pracownia52.pl\/www\/wp-content\/uploads\/2022\/09\/1979-praca-dla-Lomnickiego-okolice-Okuniewa-fot-mr-makowski-low-res-231-1024x684.jpg\" alt=\"\" class=\"wp-image-10143\" srcset=\"https:\/\/pracownia52.pl\/www\/wp-content\/uploads\/2022\/09\/1979-praca-dla-Lomnickiego-okolice-Okuniewa-fot-mr-makowski-low-res-231-1024x684.jpg?v=1663000922 1024w, https:\/\/pracownia52.pl\/www\/wp-content\/uploads\/2022\/09\/1979-praca-dla-Lomnickiego-okolice-Okuniewa-fot-mr-makowski-low-res-231-300x201.jpg?v=1663000922 300w, https:\/\/pracownia52.pl\/www\/wp-content\/uploads\/2022\/09\/1979-praca-dla-Lomnickiego-okolice-Okuniewa-fot-mr-makowski-low-res-231-768x513.jpg?v=1663000922 768w, https:\/\/pracownia52.pl\/www\/wp-content\/uploads\/2022\/09\/1979-praca-dla-Lomnickiego-okolice-Okuniewa-fot-mr-makowski-low-res-231-1536x1027.jpg?v=1663000922 1536w, https:\/\/pracownia52.pl\/www\/wp-content\/uploads\/2022\/09\/1979-praca-dla-Lomnickiego-okolice-Okuniewa-fot-mr-makowski-low-res-231.jpg?v=1663000922 1800w\" sizes=\"auto, (max-width: 767px) 89vw, (max-width: 1000px) 54vw, (max-width: 1071px) 543px, 580px\" \/><\/a><\/figure>\n<\/figure>\n","protected":false},"excerpt":{"rendered":"<p>1979 \u2013 epizod w filmie polskim \u2013 ledwie 3 miesi\u0105ce by\u0142em asystentem u Jana \u0141omnickiego, \u015bwietny facet ale trudny \u2013 przy serialu \u201eDom&#8221;. Ale znalaz\u0142em \u201eten&#8221; dom\u2026 (+ kilka innych plener\u00f3w.)mr m.<\/p>\n","protected":false},"author":1,"featured_media":4470,"parent":0,"menu_order":3,"comment_status":"closed","ping_status":"open","template":"","meta":{"footnotes":""},"class_list":["post-2641","page","type-page","status-publish","has-post-thumbnail","hentry"],"_links":{"self":[{"href":"https:\/\/pracownia52.pl\/www\/index.php?rest_route=\/wp\/v2\/pages\/2641","targetHints":{"allow":["GET"]}}],"collection":[{"href":"https:\/\/pracownia52.pl\/www\/index.php?rest_route=\/wp\/v2\/pages"}],"about":[{"href":"https:\/\/pracownia52.pl\/www\/index.php?rest_route=\/wp\/v2\/types\/page"}],"author":[{"embeddable":true,"href":"https:\/\/pracownia52.pl\/www\/index.php?rest_route=\/wp\/v2\/users\/1"}],"replies":[{"embeddable":true,"href":"https:\/\/pracownia52.pl\/www\/index.php?rest_route=%2Fwp%2Fv2%2Fcomments&post=2641"}],"version-history":[{"count":18,"href":"https:\/\/pracownia52.pl\/www\/index.php?rest_route=\/wp\/v2\/pages\/2641\/revisions"}],"predecessor-version":[{"id":10488,"href":"https:\/\/pracownia52.pl\/www\/index.php?rest_route=\/wp\/v2\/pages\/2641\/revisions\/10488"}],"wp:featuredmedia":[{"embeddable":true,"href":"https:\/\/pracownia52.pl\/www\/index.php?rest_route=\/wp\/v2\/media\/4470"}],"wp:attachment":[{"href":"https:\/\/pracownia52.pl\/www\/index.php?rest_route=%2Fwp%2Fv2%2Fmedia&parent=2641"}],"curies":[{"name":"wp","href":"https:\/\/api.w.org\/{rel}","templated":true}]}}