{"id":2650,"date":"2011-02-06T09:11:12","date_gmt":"2011-02-06T09:11:12","guid":{"rendered":"http:\/\/pracownia52.pl\/www\/?page_id=2650"},"modified":"2018-12-27T12:20:55","modified_gmt":"2018-12-27T12:20:55","slug":"andrzej-woroniec","status":"publish","type":"page","link":"https:\/\/pracownia52.pl\/www\/?page_id=2650","title":{"rendered":"andrzej woroniec"},"content":{"rendered":"\n<p>Znany te\u017c dzi\u015b jako <a href=\"https:\/\/www.facebook.com\/a.woron\"><strong>Andrzej Woron<\/strong><\/a>. Kilka wizyt \u2013 na ul. Brzeskiej, p\u00f3\u017aniej <a href=\"http:\/\/pracownia52.pl\/www\/?page_id=2015\">w Berlinie<\/a> \u2013 i kilka zdj\u0119\u0107. szkoda, \u017ce tak ma\u0142o. prowadzi\u0142 tam, w Westberlinie w\u0142a\u015bnie, teatr, ale nie zna\u0142em tej (i <strong><a href=\"http:\/\/poieinkaiprattein.org\/beyond-images\/art-and-artists\/andrej-woron\/\">innych<\/a><\/strong>) jego dzia\u0142alno\u015bci prawie wcale.<br \/>mr m.<\/p>\n\n\n\n<ul class=\"wp-block-gallery columns-3 is-cropped wp-block-gallery-1 is-layout-flex wp-block-gallery-is-layout-flex\"><li class=\"blocks-gallery-item\"><figure><a href=\"https:\/\/pracownia52.pl\/www\/wp-content\/uploads\/2011\/02\/woron-V-88-01-a-mn.jpg\"><img loading=\"lazy\" decoding=\"async\" width=\"600\" height=\"395\" src=\"https:\/\/pracownia52.pl\/www\/wp-content\/uploads\/2011\/02\/woron-V-88-01-a-mn.jpg\" alt=\"\" data-id=\"2655\" class=\"wp-image-2655\" srcset=\"https:\/\/pracownia52.pl\/www\/wp-content\/uploads\/2011\/02\/woron-V-88-01-a-mn.jpg?v=1627124185 600w, https:\/\/pracownia52.pl\/www\/wp-content\/uploads\/2011\/02\/woron-V-88-01-a-mn-300x198.jpg?v=1627124185 300w\" sizes=\"auto, (max-width: 600px) 100vw, 600px\" \/><\/a><\/figure><\/li><li class=\"blocks-gallery-item\"><figure><a href=\"https:\/\/pracownia52.pl\/www\/wp-content\/uploads\/2011\/02\/woron-V-88-002-b-mn.jpg\"><img loading=\"lazy\" decoding=\"async\" width=\"600\" height=\"400\" src=\"https:\/\/pracownia52.pl\/www\/wp-content\/uploads\/2011\/02\/woron-V-88-002-b-mn.jpg\" alt=\"\" data-id=\"2658\" class=\"wp-image-2658\" srcset=\"https:\/\/pracownia52.pl\/www\/wp-content\/uploads\/2011\/02\/woron-V-88-002-b-mn.jpg?v=1627124184 600w, https:\/\/pracownia52.pl\/www\/wp-content\/uploads\/2011\/02\/woron-V-88-002-b-mn-300x200.jpg?v=1627124184 300w\" sizes=\"auto, (max-width: 600px) 100vw, 600px\" \/><\/a><\/figure><\/li><li class=\"blocks-gallery-item\"><figure><a href=\"https:\/\/pracownia52.pl\/www\/wp-content\/uploads\/2018\/06\/berlinV88-013-mod-mn.jpg\"><img loading=\"lazy\" decoding=\"async\" width=\"600\" height=\"388\" src=\"https:\/\/pracownia52.pl\/www\/wp-content\/uploads\/2018\/06\/berlinV88-013-mod-mn.jpg\" alt=\"\" data-id=\"7562\" class=\"wp-image-7562\" srcset=\"https:\/\/pracownia52.pl\/www\/wp-content\/uploads\/2018\/06\/berlinV88-013-mod-mn.jpg?v=1627123705 600w, https:\/\/pracownia52.pl\/www\/wp-content\/uploads\/2018\/06\/berlinV88-013-mod-mn-300x194.jpg?v=1627123705 300w\" sizes=\"auto, (max-width: 600px) 100vw, 600px\" \/><\/a><\/figure><\/li><\/ul>\n","protected":false},"excerpt":{"rendered":"<p>Znany te\u017c dzi\u015b jako Andrzej Woron. Kilka wizyt \u2013 na ul. Brzeskiej, p\u00f3\u017aniej w Berlinie \u2013 i kilka zdj\u0119\u0107. szkoda, \u017ce tak ma\u0142o. prowadzi\u0142 tam, w Westberlinie w\u0142a\u015bnie, teatr, ale nie zna\u0142em tej (i innych) jego dzia\u0142alno\u015bci prawie wcale.mr m.<\/p>\n","protected":false},"author":1,"featured_media":2654,"parent":0,"menu_order":3,"comment_status":"closed","ping_status":"open","template":"","meta":{"footnotes":""},"class_list":["post-2650","page","type-page","status-publish","has-post-thumbnail","hentry"],"_links":{"self":[{"href":"https:\/\/pracownia52.pl\/www\/index.php?rest_route=\/wp\/v2\/pages\/2650","targetHints":{"allow":["GET"]}}],"collection":[{"href":"https:\/\/pracownia52.pl\/www\/index.php?rest_route=\/wp\/v2\/pages"}],"about":[{"href":"https:\/\/pracownia52.pl\/www\/index.php?rest_route=\/wp\/v2\/types\/page"}],"author":[{"embeddable":true,"href":"https:\/\/pracownia52.pl\/www\/index.php?rest_route=\/wp\/v2\/users\/1"}],"replies":[{"embeddable":true,"href":"https:\/\/pracownia52.pl\/www\/index.php?rest_route=%2Fwp%2Fv2%2Fcomments&post=2650"}],"version-history":[{"count":17,"href":"https:\/\/pracownia52.pl\/www\/index.php?rest_route=\/wp\/v2\/pages\/2650\/revisions"}],"predecessor-version":[{"id":8372,"href":"https:\/\/pracownia52.pl\/www\/index.php?rest_route=\/wp\/v2\/pages\/2650\/revisions\/8372"}],"wp:featuredmedia":[{"embeddable":true,"href":"https:\/\/pracownia52.pl\/www\/index.php?rest_route=\/wp\/v2\/media\/2654"}],"wp:attachment":[{"href":"https:\/\/pracownia52.pl\/www\/index.php?rest_route=%2Fwp%2Fv2%2Fmedia&parent=2650"}],"curies":[{"name":"wp","href":"https:\/\/api.w.org\/{rel}","templated":true}]}}