{"id":2665,"date":"2011-03-31T05:48:20","date_gmt":"2011-03-31T05:48:20","guid":{"rendered":"http:\/\/pracownia52.pl\/www\/?page_id=2665"},"modified":"2019-03-18T06:37:55","modified_gmt":"2019-03-18T06:37:55","slug":"prl","status":"publish","type":"page","link":"https:\/\/pracownia52.pl\/www\/?page_id=2665","title":{"rendered":"PRL"},"content":{"rendered":"\n<p>Na razie niewiele, mo\u017ce kiedy\u015b: <strong><em>k\u0142amsTVo<\/em><\/strong>, rok 1981 \u2013 ul. Marchlewskiego (dzi\u015b JPII), nie bez zwi\u0105zku z <a href=\"http:\/\/pajeczaki.pl\/index.php\/2011\/03\/30\/plakat\/\">kolekcj\u0105 Pani<\/a>\u2026 do tego starsze: <strong>1 Maja 1974<\/strong><br \/>&#8230;&#8230;&#8230;&#8230;<br \/>Osobno doda\u0142em: rok <strong>1981<\/strong> (tzw. <a href=\"https:\/\/pracownia52.pl\/www\/?page_id=8472\"><strong>ingres kard. J\u00f3zefa Glempa<\/strong><\/a>)\u2026 i kilka z 1989. Jest na tej stronie jeszcze kilka innych w\u0105tk\u00f3w: np. \u201e<a href=\"http:\/\/pracownia52.pl\/www\/?page_id=4767\"><strong>Rotunda<\/strong><\/a>\u201d, wybuch (15 II 1979), wysypisko \u015bmieci \u201e<a href=\"http:\/\/pracownia52.pl\/www\/?p=3529\"><strong>Radiowo<\/strong><\/a>\u201d (1979 r.)\u2026 Chcia\u0142o si\u0119 kiedy\u015b chodzi\u0107 bez celu.<\/p>\n\n\n\n<ul class=\"wp-block-gallery columns-6 is-cropped wp-block-gallery-1 is-layout-flex wp-block-gallery-is-layout-flex\"><li class=\"blocks-gallery-item\"><figure><a href=\"https:\/\/pracownia52.pl\/www\/wp-content\/uploads\/2011\/03\/klamsTVo-1-81-jesien.jpg\"><img loading=\"lazy\" decoding=\"async\" width=\"550\" height=\"406\" src=\"https:\/\/pracownia52.pl\/www\/wp-content\/uploads\/2011\/03\/klamsTVo-1-81-jesien.jpg\" alt=\"\" data-id=\"2669\" class=\"wp-image-2669\" srcset=\"https:\/\/pracownia52.pl\/www\/wp-content\/uploads\/2011\/03\/klamsTVo-1-81-jesien.jpg?v=1627124184 550w, https:\/\/pracownia52.pl\/www\/wp-content\/uploads\/2011\/03\/klamsTVo-1-81-jesien-300x221.jpg?v=1627124184 300w\" sizes=\"auto, (max-width: 550px) 100vw, 550px\" \/><\/a><\/figure><\/li><li class=\"blocks-gallery-item\"><figure><a href=\"https:\/\/pracownia52.pl\/www\/wp-content\/uploads\/2011\/03\/1maja1974001mn.jpg\"><img loading=\"lazy\" decoding=\"async\" width=\"550\" height=\"368\" src=\"https:\/\/pracownia52.pl\/www\/wp-content\/uploads\/2011\/03\/1maja1974001mn.jpg\" alt=\"\" data-id=\"3342\" class=\"wp-image-3342\" srcset=\"https:\/\/pracownia52.pl\/www\/wp-content\/uploads\/2011\/03\/1maja1974001mn.jpg?v=1627124130 550w, https:\/\/pracownia52.pl\/www\/wp-content\/uploads\/2011\/03\/1maja1974001mn-300x201.jpg?v=1627124130 300w\" sizes=\"auto, (max-width: 550px) 100vw, 550px\" \/><\/a><\/figure><\/li><li class=\"blocks-gallery-item\"><figure><a href=\"https:\/\/pracownia52.pl\/www\/wp-content\/uploads\/2011\/03\/1maja1974002mn.jpg\"><img loading=\"lazy\" decoding=\"async\" width=\"550\" height=\"367\" src=\"https:\/\/pracownia52.pl\/www\/wp-content\/uploads\/2011\/03\/1maja1974002mn.jpg\" alt=\"\" data-id=\"3346\" class=\"wp-image-3346\" srcset=\"https:\/\/pracownia52.pl\/www\/wp-content\/uploads\/2011\/03\/1maja1974002mn.jpg?v=1627124130 550w, https:\/\/pracownia52.pl\/www\/wp-content\/uploads\/2011\/03\/1maja1974002mn-300x200.jpg?v=1627124130 300w\" sizes=\"auto, (max-width: 550px) 100vw, 550px\" \/><\/a><\/figure><\/li><li class=\"blocks-gallery-item\"><figure><a href=\"https:\/\/pracownia52.pl\/www\/wp-content\/uploads\/2011\/03\/motor-jurka-1978-low-5.jpg\"><img loading=\"lazy\" decoding=\"async\" width=\"800\" height=\"522\" src=\"https:\/\/pracownia52.pl\/www\/wp-content\/uploads\/2011\/03\/motor-jurka-1978-low-5.jpg\" alt=\"\" data-id=\"3348\" class=\"wp-image-3348\" srcset=\"https:\/\/pracownia52.pl\/www\/wp-content\/uploads\/2011\/03\/motor-jurka-1978-low-5.jpg?v=1627124129 800w, https:\/\/pracownia52.pl\/www\/wp-content\/uploads\/2011\/03\/motor-jurka-1978-low-5-300x196.jpg?v=1627124129 300w, https:\/\/pracownia52.pl\/www\/wp-content\/uploads\/2011\/03\/motor-jurka-1978-low-5-768x501.jpg?v=1627124129 768w\" sizes=\"auto, (max-width: 767px) 89vw, (max-width: 1000px) 54vw, (max-width: 1071px) 543px, 580px\" \/><\/a><\/figure><\/li><li class=\"blocks-gallery-item\"><figure><a href=\"https:\/\/pracownia52.pl\/www\/wp-content\/uploads\/2011\/03\/1981-PKP-budowl-low-20.jpg\"><img loading=\"lazy\" decoding=\"async\" width=\"800\" height=\"529\" src=\"https:\/\/pracownia52.pl\/www\/wp-content\/uploads\/2011\/03\/1981-PKP-budowl-low-20.jpg\" alt=\"\" data-id=\"4103\" class=\"wp-image-4103\" srcset=\"https:\/\/pracownia52.pl\/www\/wp-content\/uploads\/2011\/03\/1981-PKP-budowl-low-20.jpg?v=1627124080 800w, https:\/\/pracownia52.pl\/www\/wp-content\/uploads\/2011\/03\/1981-PKP-budowl-low-20-300x198.jpg?v=1627124080 300w, https:\/\/pracownia52.pl\/www\/wp-content\/uploads\/2011\/03\/1981-PKP-budowl-low-20-768x508.jpg?v=1627124080 768w\" sizes=\"auto, (max-width: 767px) 89vw, (max-width: 1000px) 54vw, (max-width: 1071px) 543px, 580px\" \/><\/a><\/figure><\/li><li class=\"blocks-gallery-item\"><figure><a href=\"https:\/\/pracownia52.pl\/www\/wp-content\/uploads\/2011\/03\/1981-dachy-na-wareckiej-warszawa-28.jpg\"><img loading=\"lazy\" decoding=\"async\" width=\"800\" height=\"529\" src=\"https:\/\/pracownia52.pl\/www\/wp-content\/uploads\/2011\/03\/1981-dachy-na-wareckiej-warszawa-28.jpg\" alt=\"\" data-id=\"2885\" class=\"wp-image-2885\" srcset=\"https:\/\/pracownia52.pl\/www\/wp-content\/uploads\/2011\/03\/1981-dachy-na-wareckiej-warszawa-28.jpg?v=1627124172 800w, https:\/\/pracownia52.pl\/www\/wp-content\/uploads\/2011\/03\/1981-dachy-na-wareckiej-warszawa-28-300x198.jpg?v=1627124172 300w, https:\/\/pracownia52.pl\/www\/wp-content\/uploads\/2011\/03\/1981-dachy-na-wareckiej-warszawa-28-768x508.jpg?v=1627124172 768w\" sizes=\"auto, (max-width: 767px) 89vw, (max-width: 1000px) 54vw, (max-width: 1071px) 543px, 580px\" \/><\/a><\/figure><\/li><\/ul>\n\n\n\n<p>A to ju\u017c dla \u201e<strong><a href=\"https:\/\/pracownia52.pl\/www\/?page_id=325\">itd<\/a><\/strong>\u201d zdj\u0119cia \u2013 <strong>Zbrosza<\/strong>, miejsce, gdzie powsta\u0142a \u201eSolidarno\u015b\u0107 Wiejska\u201d, gablota parafii (1981), ko\u015bci\u00f3\u0142 oraz salka zebra\u0144.<\/p>\n\n\n\n<ul class=\"wp-block-gallery columns-3 is-cropped wp-block-gallery-2 is-layout-flex wp-block-gallery-is-layout-flex\"><li class=\"blocks-gallery-item\"><figure><a href=\"https:\/\/pracownia52.pl\/www\/wp-content\/uploads\/2011\/03\/zbrosza1981mleczko01mn.jpg\"><img loading=\"lazy\" decoding=\"async\" width=\"900\" height=\"601\" src=\"https:\/\/pracownia52.pl\/www\/wp-content\/uploads\/2011\/03\/zbrosza1981mleczko01mn.jpg\" alt=\"\" data-id=\"5162\" class=\"wp-image-5162\" srcset=\"https:\/\/pracownia52.pl\/www\/wp-content\/uploads\/2011\/03\/zbrosza1981mleczko01mn.jpg?v=1627123919 900w, https:\/\/pracownia52.pl\/www\/wp-content\/uploads\/2011\/03\/zbrosza1981mleczko01mn-300x200.jpg?v=1627123919 300w, https:\/\/pracownia52.pl\/www\/wp-content\/uploads\/2011\/03\/zbrosza1981mleczko01mn-768x513.jpg?v=1627123919 768w\" sizes=\"auto, (max-width: 767px) 89vw, (max-width: 1000px) 54vw, (max-width: 1071px) 543px, 580px\" \/><\/a><\/figure><\/li><li class=\"blocks-gallery-item\"><figure><a href=\"https:\/\/pracownia52.pl\/www\/wp-content\/uploads\/2011\/03\/zbrosza-1980-solidarnosc-wiejska-low-4.jpg\"><img loading=\"lazy\" decoding=\"async\" width=\"800\" height=\"526\" src=\"https:\/\/pracownia52.pl\/www\/wp-content\/uploads\/2011\/03\/zbrosza-1980-solidarnosc-wiejska-low-4.jpg\" alt=\"\" data-id=\"5160\" class=\"wp-image-5160\" srcset=\"https:\/\/pracownia52.pl\/www\/wp-content\/uploads\/2011\/03\/zbrosza-1980-solidarnosc-wiejska-low-4.jpg?v=1627123919 800w, https:\/\/pracownia52.pl\/www\/wp-content\/uploads\/2011\/03\/zbrosza-1980-solidarnosc-wiejska-low-4-300x197.jpg?v=1627123919 300w, https:\/\/pracownia52.pl\/www\/wp-content\/uploads\/2011\/03\/zbrosza-1980-solidarnosc-wiejska-low-4-768x505.jpg?v=1627123919 768w\" sizes=\"auto, (max-width: 767px) 89vw, (max-width: 1000px) 54vw, (max-width: 1071px) 543px, 580px\" \/><\/a><\/figure><\/li><li class=\"blocks-gallery-item\"><figure><a href=\"https:\/\/pracownia52.pl\/www\/wp-content\/uploads\/2011\/03\/zbrosza-1980r-2p-low.jpg\"><img loading=\"lazy\" decoding=\"async\" width=\"800\" height=\"530\" src=\"https:\/\/pracownia52.pl\/www\/wp-content\/uploads\/2011\/03\/zbrosza-1980r-2p-low.jpg\" alt=\"\" data-id=\"5161\" class=\"wp-image-5161\" srcset=\"https:\/\/pracownia52.pl\/www\/wp-content\/uploads\/2011\/03\/zbrosza-1980r-2p-low.jpg?v=1627123919 800w, https:\/\/pracownia52.pl\/www\/wp-content\/uploads\/2011\/03\/zbrosza-1980r-2p-low-300x199.jpg?v=1627123919 300w, https:\/\/pracownia52.pl\/www\/wp-content\/uploads\/2011\/03\/zbrosza-1980r-2p-low-768x509.jpg?v=1627123919 768w\" sizes=\"auto, (max-width: 767px) 89vw, (max-width: 1000px) 54vw, (max-width: 1071px) 543px, 580px\" \/><\/a><\/figure><\/li><\/ul>\n\n\n\n<p>&#8230;&#8230;&#8230;&#8230;<br \/>i dodajemy: <strong>Marsz 3 maja 1986<\/strong>: Wawrzyszew (pod Hut\u0105 \u201eWarszawa\u201d). Lali wod\u0105, bo mieli tak nakazane, ale ludzie poszli inn\u0105 drog\u0105, nie jak zwykle ul. Kasprowicza.<\/p>\n\n\n\n<ul class=\"wp-block-gallery columns-3 is-cropped wp-block-gallery-3 is-layout-flex wp-block-gallery-is-layout-flex\"><li class=\"blocks-gallery-item\"><figure><a href=\"https:\/\/pracownia52.pl\/www\/wp-content\/uploads\/2011\/03\/1-Maja-1985-r-low-wawrzyszew-2.jpg\"><img loading=\"lazy\" decoding=\"async\" width=\"800\" height=\"533\" src=\"https:\/\/pracownia52.pl\/www\/wp-content\/uploads\/2011\/03\/1-Maja-1985-r-low-wawrzyszew-2.jpg\" alt=\"\" data-id=\"5269\" class=\"wp-image-5269\" srcset=\"https:\/\/pracownia52.pl\/www\/wp-content\/uploads\/2011\/03\/1-Maja-1985-r-low-wawrzyszew-2.jpg?v=1627123913 800w, https:\/\/pracownia52.pl\/www\/wp-content\/uploads\/2011\/03\/1-Maja-1985-r-low-wawrzyszew-2-300x200.jpg?v=1627123913 300w, https:\/\/pracownia52.pl\/www\/wp-content\/uploads\/2011\/03\/1-Maja-1985-r-low-wawrzyszew-2-768x512.jpg?v=1627123913 768w\" sizes=\"auto, (max-width: 767px) 89vw, (max-width: 1000px) 54vw, (max-width: 1071px) 543px, 580px\" \/><\/a><\/figure><\/li><li class=\"blocks-gallery-item\"><figure><a href=\"https:\/\/pracownia52.pl\/www\/wp-content\/uploads\/2011\/03\/1-maja-1986-.jpg\"><img loading=\"lazy\" decoding=\"async\" width=\"800\" height=\"530\" src=\"https:\/\/pracownia52.pl\/www\/wp-content\/uploads\/2011\/03\/1-maja-1986-.jpg\" alt=\"\" data-id=\"5270\" class=\"wp-image-5270\" srcset=\"https:\/\/pracownia52.pl\/www\/wp-content\/uploads\/2011\/03\/1-maja-1986-.jpg?v=1627123912 800w, https:\/\/pracownia52.pl\/www\/wp-content\/uploads\/2011\/03\/1-maja-1986--300x199.jpg?v=1627123912 300w, https:\/\/pracownia52.pl\/www\/wp-content\/uploads\/2011\/03\/1-maja-1986--768x509.jpg?v=1627123912 768w\" sizes=\"auto, (max-width: 767px) 89vw, (max-width: 1000px) 54vw, (max-width: 1071px) 543px, 580px\" \/><\/a><\/figure><\/li><li class=\"blocks-gallery-item\"><figure><a href=\"https:\/\/pracownia52.pl\/www\/wp-content\/uploads\/2011\/03\/1-maja-1984-wawrzyszew-004oo6mod-mn-1.jpg\"><img loading=\"lazy\" decoding=\"async\" width=\"800\" height=\"532\" src=\"https:\/\/pracownia52.pl\/www\/wp-content\/uploads\/2011\/03\/1-maja-1984-wawrzyszew-004oo6mod-mn-1.jpg\" alt=\"\" data-id=\"5272\" class=\"wp-image-5272\" srcset=\"https:\/\/pracownia52.pl\/www\/wp-content\/uploads\/2011\/03\/1-maja-1984-wawrzyszew-004oo6mod-mn-1.jpg?v=1627123912 800w, https:\/\/pracownia52.pl\/www\/wp-content\/uploads\/2011\/03\/1-maja-1984-wawrzyszew-004oo6mod-mn-1-300x200.jpg?v=1627123912 300w, https:\/\/pracownia52.pl\/www\/wp-content\/uploads\/2011\/03\/1-maja-1984-wawrzyszew-004oo6mod-mn-1-768x511.jpg?v=1627123912 768w\" sizes=\"auto, (max-width: 767px) 89vw, (max-width: 1000px) 54vw, (max-width: 1071px) 543px, 580px\" \/><\/a><\/figure><\/li><\/ul>\n\n\n\n<figure class=\"wp-block-image\"><img loading=\"lazy\" decoding=\"async\" width=\"1024\" height=\"682\" src=\"https:\/\/pracownia52.pl\/www\/wp-content\/uploads\/2019\/03\/1983-krasnoludki-fot-mr-makowski-223-1024x682.jpg\" alt=\"\" class=\"wp-image-9302\" srcset=\"https:\/\/pracownia52.pl\/www\/wp-content\/uploads\/2019\/03\/1983-krasnoludki-fot-mr-makowski-223-1024x682.jpg?v=1627123604 1024w, https:\/\/pracownia52.pl\/www\/wp-content\/uploads\/2019\/03\/1983-krasnoludki-fot-mr-makowski-223-300x200.jpg?v=1627123604 300w, https:\/\/pracownia52.pl\/www\/wp-content\/uploads\/2019\/03\/1983-krasnoludki-fot-mr-makowski-223-768x511.jpg?v=1627123604 768w, https:\/\/pracownia52.pl\/www\/wp-content\/uploads\/2019\/03\/1983-krasnoludki-fot-mr-makowski-223.jpg?v=1627123604 1200w\" sizes=\"auto, (max-width: 767px) 89vw, (max-width: 1000px) 54vw, (max-width: 1071px) 543px, 580px\" \/><figcaption>\u201eKrasnoludki\u201d, ulica w Warszawie, 1983 rok<\/figcaption><\/figure>\n\n\n\n<p>mr m.<\/p>\n","protected":false},"excerpt":{"rendered":"<p>Na razie niewiele, mo\u017ce kiedy\u015b: k\u0142amsTVo, rok 1981 \u2013 ul. Marchlewskiego (dzi\u015b JPII), nie bez zwi\u0105zku z kolekcj\u0105 Pani\u2026 do tego starsze: 1 Maja 1974&#8230;&#8230;&#8230;&#8230;Osobno doda\u0142em: rok 1981 (tzw. ingres kard. J\u00f3zefa Glempa)\u2026 i kilka z 1989. Jest na tej stronie jeszcze kilka innych w\u0105tk\u00f3w: np. \u201eRotunda\u201d, wybuch (15 II 1979), wysypisko \u015bmieci \u201eRadiowo\u201d (1979 &hellip; <\/p>\n<p class=\"link-more\"><a href=\"https:\/\/pracownia52.pl\/www\/?page_id=2665\" class=\"more-link\">Czytaj dalej<span class=\"screen-reader-text\"> \u201ePRL\u201d<\/span><\/a><\/p>\n","protected":false},"author":1,"featured_media":5049,"parent":0,"menu_order":3,"comment_status":"closed","ping_status":"open","template":"","meta":{"footnotes":""},"class_list":["post-2665","page","type-page","status-publish","has-post-thumbnail","hentry"],"_links":{"self":[{"href":"https:\/\/pracownia52.pl\/www\/index.php?rest_route=\/wp\/v2\/pages\/2665","targetHints":{"allow":["GET"]}}],"collection":[{"href":"https:\/\/pracownia52.pl\/www\/index.php?rest_route=\/wp\/v2\/pages"}],"about":[{"href":"https:\/\/pracownia52.pl\/www\/index.php?rest_route=\/wp\/v2\/types\/page"}],"author":[{"embeddable":true,"href":"https:\/\/pracownia52.pl\/www\/index.php?rest_route=\/wp\/v2\/users\/1"}],"replies":[{"embeddable":true,"href":"https:\/\/pracownia52.pl\/www\/index.php?rest_route=%2Fwp%2Fv2%2Fcomments&post=2665"}],"version-history":[{"count":39,"href":"https:\/\/pracownia52.pl\/www\/index.php?rest_route=\/wp\/v2\/pages\/2665\/revisions"}],"predecessor-version":[{"id":9303,"href":"https:\/\/pracownia52.pl\/www\/index.php?rest_route=\/wp\/v2\/pages\/2665\/revisions\/9303"}],"wp:featuredmedia":[{"embeddable":true,"href":"https:\/\/pracownia52.pl\/www\/index.php?rest_route=\/wp\/v2\/media\/5049"}],"wp:attachment":[{"href":"https:\/\/pracownia52.pl\/www\/index.php?rest_route=%2Fwp%2Fv2%2Fmedia&parent=2665"}],"curies":[{"name":"wp","href":"https:\/\/api.w.org\/{rel}","templated":true}]}}