{"id":2767,"date":"2011-09-25T21:00:35","date_gmt":"2011-09-25T21:00:35","guid":{"rendered":"http:\/\/pracownia52.pl\/www\/?page_id=2767"},"modified":"2018-12-28T12:08:36","modified_gmt":"2018-12-28T12:08:36","slug":"made-in-poland","status":"publish","type":"page","link":"https:\/\/pracownia52.pl\/www\/?page_id=2767","title":{"rendered":"made in poland"},"content":{"rendered":"\n<p>kilka zdj\u0119\u0107, niekt\u00f3re w CD <a href=\"http:\/\/www.wmoichoczach.com.pl\/\"><strong>roberta jarosza<\/strong> i <strong>slavka pakosa<\/strong><\/a>. tu: \u0141\u00f3d\u017a, rockowisko, 1984 \u2013 i <a href=\"http:\/\/pracownia52.pl\/www\/?page_id=3712\"><strong>rock arena<\/strong><\/a> 1985\u2026<br \/><br \/><\/p>\n\n\n\n<figure class=\"wp-block-image\"><img loading=\"lazy\" decoding=\"async\" width=\"800\" height=\"531\" src=\"http:\/\/pracownia52.pl\/www\/wp-content\/uploads\/2011\/09\/made-in-poland-1984-1.jpg\" alt=\"\" class=\"wp-image-2769\" srcset=\"https:\/\/pracownia52.pl\/www\/wp-content\/uploads\/2011\/09\/made-in-poland-1984-1.jpg?v=1627124176 800w, https:\/\/pracownia52.pl\/www\/wp-content\/uploads\/2011\/09\/made-in-poland-1984-1-300x199.jpg?v=1627124176 300w, https:\/\/pracownia52.pl\/www\/wp-content\/uploads\/2011\/09\/made-in-poland-1984-1-768x510.jpg?v=1627124176 768w\" sizes=\"auto, (max-width: 767px) 89vw, (max-width: 1000px) 54vw, (max-width: 1071px) 543px, 580px\" \/><\/figure>\n\n\n\n<ul class=\"wp-block-gallery columns-3 is-cropped wp-block-gallery-1 is-layout-flex wp-block-gallery-is-layout-flex\"><li class=\"blocks-gallery-item\"><figure><a href=\"https:\/\/pracownia52.pl\/www\/wp-content\/uploads\/2011\/09\/made-in-poland-v700-kolor-1985-rock-arena-01-low-mod.jpg\"><img loading=\"lazy\" decoding=\"async\" width=\"800\" height=\"517\" src=\"https:\/\/pracownia52.pl\/www\/wp-content\/uploads\/2011\/09\/made-in-poland-v700-kolor-1985-rock-arena-01-low-mod.jpg\" alt=\"\" data-id=\"4751\" class=\"wp-image-4751\" srcset=\"https:\/\/pracownia52.pl\/www\/wp-content\/uploads\/2011\/09\/made-in-poland-v700-kolor-1985-rock-arena-01-low-mod.jpg?v=1627123960 800w, https:\/\/pracownia52.pl\/www\/wp-content\/uploads\/2011\/09\/made-in-poland-v700-kolor-1985-rock-arena-01-low-mod-300x194.jpg?v=1627123960 300w, https:\/\/pracownia52.pl\/www\/wp-content\/uploads\/2011\/09\/made-in-poland-v700-kolor-1985-rock-arena-01-low-mod-768x496.jpg?v=1627123960 768w\" sizes=\"auto, (max-width: 767px) 89vw, (max-width: 1000px) 54vw, (max-width: 1071px) 543px, 580px\" \/><\/a><\/figure><\/li><li class=\"blocks-gallery-item\"><figure><a href=\"https:\/\/pracownia52.pl\/www\/wp-content\/uploads\/2011\/09\/made-rock-arena-3-low.jpg\"><img loading=\"lazy\" decoding=\"async\" width=\"800\" height=\"525\" src=\"https:\/\/pracownia52.pl\/www\/wp-content\/uploads\/2011\/09\/made-rock-arena-3-low.jpg\" alt=\"\" data-id=\"4752\" class=\"wp-image-4752\" srcset=\"https:\/\/pracownia52.pl\/www\/wp-content\/uploads\/2011\/09\/made-rock-arena-3-low.jpg?v=1627123960 800w, https:\/\/pracownia52.pl\/www\/wp-content\/uploads\/2011\/09\/made-rock-arena-3-low-300x197.jpg?v=1627123960 300w, https:\/\/pracownia52.pl\/www\/wp-content\/uploads\/2011\/09\/made-rock-arena-3-low-768x504.jpg?v=1627123960 768w\" sizes=\"auto, (max-width: 767px) 89vw, (max-width: 1000px) 54vw, (max-width: 1071px) 543px, 580px\" \/><\/a><\/figure><\/li><li class=\"blocks-gallery-item\"><figure><a href=\"https:\/\/pracownia52.pl\/www\/wp-content\/uploads\/2011\/09\/rocko1984madeinpoland20505m.jpg\"><img loading=\"lazy\" decoding=\"async\" width=\"900\" height=\"601\" src=\"https:\/\/pracownia52.pl\/www\/wp-content\/uploads\/2011\/09\/rocko1984madeinpoland20505m.jpg\" alt=\"\" data-id=\"4753\" class=\"wp-image-4753\" srcset=\"https:\/\/pracownia52.pl\/www\/wp-content\/uploads\/2011\/09\/rocko1984madeinpoland20505m.jpg?v=1627123960 900w, https:\/\/pracownia52.pl\/www\/wp-content\/uploads\/2011\/09\/rocko1984madeinpoland20505m-300x200.jpg?v=1627123960 300w, https:\/\/pracownia52.pl\/www\/wp-content\/uploads\/2011\/09\/rocko1984madeinpoland20505m-768x513.jpg?v=1627123960 768w\" sizes=\"auto, (max-width: 767px) 89vw, (max-width: 1000px) 54vw, (max-width: 1071px) 543px, 580px\" \/><\/a><\/figure><\/li><li class=\"blocks-gallery-item\"><figure><a href=\"https:\/\/pracownia52.pl\/www\/wp-content\/uploads\/2011\/09\/made-in-poland-1984-1.jpg\"><img loading=\"lazy\" decoding=\"async\" width=\"800\" height=\"531\" src=\"https:\/\/pracownia52.pl\/www\/wp-content\/uploads\/2011\/09\/made-in-poland-1984-1.jpg\" alt=\"\" data-id=\"2769\" class=\"wp-image-2769\" srcset=\"https:\/\/pracownia52.pl\/www\/wp-content\/uploads\/2011\/09\/made-in-poland-1984-1.jpg?v=1627124176 800w, https:\/\/pracownia52.pl\/www\/wp-content\/uploads\/2011\/09\/made-in-poland-1984-1-300x199.jpg?v=1627124176 300w, https:\/\/pracownia52.pl\/www\/wp-content\/uploads\/2011\/09\/made-in-poland-1984-1-768x510.jpg?v=1627124176 768w\" sizes=\"auto, (max-width: 767px) 89vw, (max-width: 1000px) 54vw, (max-width: 1071px) 543px, 580px\" \/><\/a><\/figure><\/li><li class=\"blocks-gallery-item\"><figure><a href=\"https:\/\/pracownia52.pl\/www\/wp-content\/uploads\/2011\/09\/made-in-poland-03-low-1.jpg\"><img loading=\"lazy\" decoding=\"async\" width=\"800\" height=\"533\" src=\"https:\/\/pracownia52.pl\/www\/wp-content\/uploads\/2011\/09\/made-in-poland-03-low-1.jpg\" alt=\"\" data-id=\"2772\" class=\"wp-image-2772\" srcset=\"https:\/\/pracownia52.pl\/www\/wp-content\/uploads\/2011\/09\/made-in-poland-03-low-1.jpg?v=1627124176 800w, https:\/\/pracownia52.pl\/www\/wp-content\/uploads\/2011\/09\/made-in-poland-03-low-1-300x200.jpg?v=1627124176 300w, https:\/\/pracownia52.pl\/www\/wp-content\/uploads\/2011\/09\/made-in-poland-03-low-1-768x512.jpg?v=1627124176 768w\" sizes=\"auto, (max-width: 767px) 89vw, (max-width: 1000px) 54vw, (max-width: 1071px) 543px, 580px\" \/><\/a><\/figure><\/li><\/ul>\n","protected":false},"excerpt":{"rendered":"<p>kilka zdj\u0119\u0107, niekt\u00f3re w CD roberta jarosza i slavka pakosa. tu: \u0141\u00f3d\u017a, rockowisko, 1984 \u2013 i rock arena 1985\u2026<\/p>\n","protected":false},"author":1,"featured_media":0,"parent":0,"menu_order":0,"comment_status":"closed","ping_status":"open","template":"","meta":{"footnotes":""},"class_list":["post-2767","page","type-page","status-publish","hentry"],"_links":{"self":[{"href":"https:\/\/pracownia52.pl\/www\/index.php?rest_route=\/wp\/v2\/pages\/2767","targetHints":{"allow":["GET"]}}],"collection":[{"href":"https:\/\/pracownia52.pl\/www\/index.php?rest_route=\/wp\/v2\/pages"}],"about":[{"href":"https:\/\/pracownia52.pl\/www\/index.php?rest_route=\/wp\/v2\/types\/page"}],"author":[{"embeddable":true,"href":"https:\/\/pracownia52.pl\/www\/index.php?rest_route=\/wp\/v2\/users\/1"}],"replies":[{"embeddable":true,"href":"https:\/\/pracownia52.pl\/www\/index.php?rest_route=%2Fwp%2Fv2%2Fcomments&post=2767"}],"version-history":[{"count":13,"href":"https:\/\/pracownia52.pl\/www\/index.php?rest_route=\/wp\/v2\/pages\/2767\/revisions"}],"predecessor-version":[{"id":8456,"href":"https:\/\/pracownia52.pl\/www\/index.php?rest_route=\/wp\/v2\/pages\/2767\/revisions\/8456"}],"wp:attachment":[{"href":"https:\/\/pracownia52.pl\/www\/index.php?rest_route=%2Fwp%2Fv2%2Fmedia&parent=2767"}],"curies":[{"name":"wp","href":"https:\/\/api.w.org\/{rel}","templated":true}]}}