{"id":2796,"date":"2012-03-01T20:07:40","date_gmt":"2012-03-01T20:07:40","guid":{"rendered":"http:\/\/pracownia52.pl\/www\/?page_id=2796"},"modified":"2017-03-13T17:07:24","modified_gmt":"2017-03-13T17:07:24","slug":"james-blood-ulmer","status":"publish","type":"page","link":"https:\/\/pracownia52.pl\/www\/?page_id=2796","title":{"rendered":"james blood ulmer"},"content":{"rendered":"<p>pocz\u0105tek lat 90. &#8212; <a href=\"https:\/\/pracownia52.pl\/www\/?page_id=1236\"><strong>JnO<\/strong><\/a>, niby nic, <em>reporterka<\/em> \u2013 ale lubi\u0119 te zdj\u0119cia. a szczeg\u00f3lnie reklamy na scenie <strong>hali ludowej<\/strong> we wro. i ten kosz, w rogu\u2026<br \/>\nmr m.<br \/>\n<br \/><img loading=\"lazy\" decoding=\"async\" src=\"http:\/\/pracownia52.pl\/www\/wp-content\/uploads\/2012\/03\/james-blood-ulmer-low-89-wro-4.jpg\" alt=\"\" title=\"james-blood-ulmer-low-89-wro-4\" width=\"800\" height=\"529\" class=\"alignnone size-full wp-image-2797\" srcset=\"https:\/\/pracownia52.pl\/www\/wp-content\/uploads\/2012\/03\/james-blood-ulmer-low-89-wro-4.jpg?v=1627124175 800w, https:\/\/pracownia52.pl\/www\/wp-content\/uploads\/2012\/03\/james-blood-ulmer-low-89-wro-4-300x198.jpg?v=1627124175 300w, https:\/\/pracownia52.pl\/www\/wp-content\/uploads\/2012\/03\/james-blood-ulmer-low-89-wro-4-768x508.jpg?v=1627124175 768w\" sizes=\"auto, (max-width: 767px) 89vw, (max-width: 1000px) 54vw, (max-width: 1071px) 543px, 580px\" \/><br \/>\n<br \/><img loading=\"lazy\" decoding=\"async\" src=\"http:\/\/pracownia52.pl\/www\/wp-content\/uploads\/2012\/03\/james-blood-ulmer-1989-wro-low-2.jpg\" alt=\"\" title=\"james-blood-ulmer-1989-wro-low-2\" width=\"800\" height=\"526\" class=\"alignnone size-full wp-image-2798\" srcset=\"https:\/\/pracownia52.pl\/www\/wp-content\/uploads\/2012\/03\/james-blood-ulmer-1989-wro-low-2.jpg?v=1627124174 800w, https:\/\/pracownia52.pl\/www\/wp-content\/uploads\/2012\/03\/james-blood-ulmer-1989-wro-low-2-300x197.jpg?v=1627124174 300w, https:\/\/pracownia52.pl\/www\/wp-content\/uploads\/2012\/03\/james-blood-ulmer-1989-wro-low-2-768x505.jpg?v=1627124174 768w\" sizes=\"auto, (max-width: 767px) 89vw, (max-width: 1000px) 54vw, (max-width: 1071px) 543px, 580px\" \/><\/p>\n","protected":false},"excerpt":{"rendered":"<p>pocz\u0105tek lat 90. &#8212; JnO, niby nic, reporterka \u2013 ale lubi\u0119 te zdj\u0119cia. a szczeg\u00f3lnie reklamy na scenie hali ludowej we wro. i ten kosz, w rogu\u2026 mr m.<\/p>\n","protected":false},"author":1,"featured_media":0,"parent":0,"menu_order":0,"comment_status":"closed","ping_status":"open","template":"","meta":{"footnotes":""},"class_list":["post-2796","page","type-page","status-publish","hentry"],"_links":{"self":[{"href":"https:\/\/pracownia52.pl\/www\/index.php?rest_route=\/wp\/v2\/pages\/2796","targetHints":{"allow":["GET"]}}],"collection":[{"href":"https:\/\/pracownia52.pl\/www\/index.php?rest_route=\/wp\/v2\/pages"}],"about":[{"href":"https:\/\/pracownia52.pl\/www\/index.php?rest_route=\/wp\/v2\/types\/page"}],"author":[{"embeddable":true,"href":"https:\/\/pracownia52.pl\/www\/index.php?rest_route=\/wp\/v2\/users\/1"}],"replies":[{"embeddable":true,"href":"https:\/\/pracownia52.pl\/www\/index.php?rest_route=%2Fwp%2Fv2%2Fcomments&post=2796"}],"version-history":[{"count":7,"href":"https:\/\/pracownia52.pl\/www\/index.php?rest_route=\/wp\/v2\/pages\/2796\/revisions"}],"predecessor-version":[{"id":6382,"href":"https:\/\/pracownia52.pl\/www\/index.php?rest_route=\/wp\/v2\/pages\/2796\/revisions\/6382"}],"wp:attachment":[{"href":"https:\/\/pracownia52.pl\/www\/index.php?rest_route=%2Fwp%2Fv2%2Fmedia&parent=2796"}],"curies":[{"name":"wp","href":"https:\/\/api.w.org\/{rel}","templated":true}]}}