{"id":281,"date":"2010-06-11T09:06:33","date_gmt":"2010-06-11T09:06:33","guid":{"rendered":"http:\/\/pracownia52.pl\/www\/?page_id=281"},"modified":"2010-06-13T06:31:00","modified_gmt":"2010-06-13T06:31:00","slug":"harctur","status":"publish","type":"page","link":"https:\/\/pracownia52.pl\/www\/?page_id=281","title":{"rendered":"Harctur"},"content":{"rendered":"<p>d\u0142u\u017csza wsp\u00f3\u0142praca (ponad 9 lat) \u2013 ju\u017c zako\u0144czona<br \/>\n\u2022 katalogi, cenniki, kalendarze reklamowe<br \/>\n\u2022 drobne druki: papiery firmowe, ulotki, wizytowki itp. (projekty, org. druku)<br \/>\n\u2022 strony www, 2 projekty; z realizacj\u0105. chyba ju\u017c zmieniona (nie przez nas)\u2026<br \/>\n\u2022 strona www: 1 realizacja (w mechani\u017amie WordPress; aby uzyska\u0107 efekt tzw. CMS)<br \/>\n\u2022 porz\u0105dkowanie identyfikacji wizualnej (w trakcie)<br \/>\n\u2022 koncepcje promocyjne<br \/>\n<img loading=\"lazy\" decoding=\"async\" src=\"http:\/\/pracownia52.pl\/www\/wp-content\/uploads\/2010\/06\/lato-99-rgb.jpg\" alt=\"\" title=\"lato-99-rgb\" width=\"300\" height=\"450\" border\"0\" \/> <img loading=\"lazy\" decoding=\"async\" src=\"http:\/\/pracownia52.pl\/www\/wp-content\/uploads\/2010\/06\/harctur-lato-98.jpg\" alt=\"\" title=\"harctur-lato-98\" width=\"300\" height=\"450\" border\"0\" \/><\/p>\n","protected":false},"excerpt":{"rendered":"<p>d\u0142u\u017csza wsp\u00f3\u0142praca (ponad 9 lat) \u2013 ju\u017c zako\u0144czona \u2022 katalogi, cenniki, kalendarze reklamowe \u2022 drobne druki: papiery firmowe, ulotki, wizytowki itp. (projekty, org. druku) \u2022 strony www, 2 projekty; z realizacj\u0105. chyba ju\u017c zmieniona (nie przez nas)\u2026 \u2022 strona www: 1 realizacja (w mechani\u017amie WordPress; aby uzyska\u0107 efekt tzw. CMS) \u2022 porz\u0105dkowanie identyfikacji wizualnej (w &hellip; <\/p>\n<p class=\"link-more\"><a href=\"https:\/\/pracownia52.pl\/www\/?page_id=281\" class=\"more-link\">Czytaj dalej<span class=\"screen-reader-text\"> \u201eHarctur\u201d<\/span><\/a><\/p>\n","protected":false},"author":1,"featured_media":0,"parent":0,"menu_order":3,"comment_status":"closed","ping_status":"open","template":"","meta":{"footnotes":""},"class_list":["post-281","page","type-page","status-publish","hentry"],"_links":{"self":[{"href":"https:\/\/pracownia52.pl\/www\/index.php?rest_route=\/wp\/v2\/pages\/281","targetHints":{"allow":["GET"]}}],"collection":[{"href":"https:\/\/pracownia52.pl\/www\/index.php?rest_route=\/wp\/v2\/pages"}],"about":[{"href":"https:\/\/pracownia52.pl\/www\/index.php?rest_route=\/wp\/v2\/types\/page"}],"author":[{"embeddable":true,"href":"https:\/\/pracownia52.pl\/www\/index.php?rest_route=\/wp\/v2\/users\/1"}],"replies":[{"embeddable":true,"href":"https:\/\/pracownia52.pl\/www\/index.php?rest_route=%2Fwp%2Fv2%2Fcomments&post=281"}],"version-history":[{"count":6,"href":"https:\/\/pracownia52.pl\/www\/index.php?rest_route=\/wp\/v2\/pages\/281\/revisions"}],"predecessor-version":[{"id":910,"href":"https:\/\/pracownia52.pl\/www\/index.php?rest_route=\/wp\/v2\/pages\/281\/revisions\/910"}],"wp:attachment":[{"href":"https:\/\/pracownia52.pl\/www\/index.php?rest_route=%2Fwp%2Fv2%2Fmedia&parent=281"}],"curies":[{"name":"wp","href":"https:\/\/api.w.org\/{rel}","templated":true}]}}