{"id":2819,"date":"2012-05-09T10:23:39","date_gmt":"2012-05-09T10:23:39","guid":{"rendered":"http:\/\/pracownia52.pl\/www\/?page_id=2819"},"modified":"2017-05-01T16:30:15","modified_gmt":"2017-05-01T16:30:15","slug":"darek-dusza","status":"publish","type":"page","link":"https:\/\/pracownia52.pl\/www\/?page_id=2819","title":{"rendered":"darek dusza"},"content":{"rendered":"<p>tak, nale\u017cy Ci si\u0119 darku u mnie &#8212; osobna strona. poza <a href=\"http:\/\/pracownia52.pl\/www\/?page_id=725\">istniej\u0105cymi<\/a> i to <a href=\"http:\/\/pracownia52.pl\/www\/?page_id=1529\">dwoma<\/a>; a nawet <a href=\"http:\/\/pracownia52.pl\/www\/?page_id=45\">trzema<\/a>, jednak.<br \/>\nmr m.<br \/>\nu-aktualnienie: jest te\u017c (2016) <a href=\"https:\/\/pracownia52.pl\/www\/?p=5256\">ok\u0142adka<\/a> oraz <a href=\"https:\/\/pracownia52.pl\/www\/?p=6012\"><strong>LP<\/strong><\/a> (2017), nied\u0142ugo te\u017c CD (2017)\u2026<br \/>\n<br \/><img loading=\"lazy\" decoding=\"async\" src=\"http:\/\/pracownia52.pl\/www\/wp-content\/uploads\/2012\/05\/1985-jarocin-dusza004modmn.jpg\" alt=\"\" title=\"1985-jarocin-dusza004modmn\" width=\"600\" height=\"909\" class=\"alignnone size-full wp-image-2821\" srcset=\"https:\/\/pracownia52.pl\/www\/wp-content\/uploads\/2012\/05\/1985-jarocin-dusza004modmn.jpg?v=1627124174 600w, https:\/\/pracownia52.pl\/www\/wp-content\/uploads\/2012\/05\/1985-jarocin-dusza004modmn-198x300.jpg?v=1627124174 198w\" sizes=\"auto, (max-width: 600px) 100vw, 600px\" \/><\/p>\n","protected":false},"excerpt":{"rendered":"<p>tak, nale\u017cy Ci si\u0119 darku u mnie &#8212; osobna strona. poza istniej\u0105cymi i to dwoma; a nawet trzema, jednak. mr m. u-aktualnienie: jest te\u017c (2016) ok\u0142adka oraz LP (2017), nied\u0142ugo te\u017c CD (2017)\u2026<\/p>\n","protected":false},"author":1,"featured_media":0,"parent":0,"menu_order":0,"comment_status":"closed","ping_status":"open","template":"","meta":{"footnotes":""},"class_list":["post-2819","page","type-page","status-publish","hentry"],"_links":{"self":[{"href":"https:\/\/pracownia52.pl\/www\/index.php?rest_route=\/wp\/v2\/pages\/2819","targetHints":{"allow":["GET"]}}],"collection":[{"href":"https:\/\/pracownia52.pl\/www\/index.php?rest_route=\/wp\/v2\/pages"}],"about":[{"href":"https:\/\/pracownia52.pl\/www\/index.php?rest_route=\/wp\/v2\/types\/page"}],"author":[{"embeddable":true,"href":"https:\/\/pracownia52.pl\/www\/index.php?rest_route=\/wp\/v2\/users\/1"}],"replies":[{"embeddable":true,"href":"https:\/\/pracownia52.pl\/www\/index.php?rest_route=%2Fwp%2Fv2%2Fcomments&post=2819"}],"version-history":[{"count":9,"href":"https:\/\/pracownia52.pl\/www\/index.php?rest_route=\/wp\/v2\/pages\/2819\/revisions"}],"predecessor-version":[{"id":6880,"href":"https:\/\/pracownia52.pl\/www\/index.php?rest_route=\/wp\/v2\/pages\/2819\/revisions\/6880"}],"wp:attachment":[{"href":"https:\/\/pracownia52.pl\/www\/index.php?rest_route=%2Fwp%2Fv2%2Fmedia&parent=2819"}],"curies":[{"name":"wp","href":"https:\/\/api.w.org\/{rel}","templated":true}]}}