{"id":289,"date":"2010-06-11T09:51:22","date_gmt":"2010-06-11T09:51:22","guid":{"rendered":"http:\/\/pracownia52.pl\/www\/?page_id=289"},"modified":"2018-12-28T12:05:10","modified_gmt":"2018-12-28T12:05:10","slug":"henryk-gembalski-die-sicheheit","status":"publish","type":"page","link":"https:\/\/pracownia52.pl\/www\/?page_id=289","title":{"rendered":"henryk gembalski \u201edie sicheheit\u201d"},"content":{"rendered":"\n<p>Ok\u0142adka na LP. wydawca: VII Festiwal Kultury Student\u00f3w PRL \/ Polskie Nagrania Muza.  A projekt? Wy\u0142\u0105cznie zdj\u0119cia (solaryzacja tzw. negatywowa wysz\u0142a przypadkiem, bo negatyw by\u0142 kupowany na lewo z WFD, od operator\u00f3w, w roli, w du\u017cych ilo\u015bciach \u2013 i r\u00f3\u017cnej bywa\u0142 jako\u015bci\u2026). Do tego <strong><a href=\"https:\/\/pracownia52.pl\/www\/?page_id=2568\">no\u017cyczki<\/a><\/strong>, farby plakat\u00f3wki. Ca\u0142y on niechlujny, ten projekt, jak koniec Peerelu \u2013 a jeszcze do tego kompletnie popsuty w druku; ale czasy ju\u017c by\u0142y <em>ma\u0142o produkcyjne<\/em>\u2026<br \/> mr m.<br \/> ps.<br \/> reprodukcje ok\u0142adki z <a href=\"https:\/\/www.discogs.com\/Henryk-Gembalski-Die-Sicherheit\/release\/2253566\"><strong>Discogs<\/strong><\/a>, nawet chyba nie mam egzemplarza.<br \/> m.<br \/> <\/p>\n\n\n\n<ul class=\"wp-block-gallery columns-3 is-cropped wp-block-gallery-1 is-layout-flex wp-block-gallery-is-layout-flex\"><li class=\"blocks-gallery-item\"><figure><img loading=\"lazy\" decoding=\"async\" width=\"746\" height=\"800\" src=\"https:\/\/pracownia52.pl\/www\/wp-content\/uploads\/2010\/06\/henryk-gembalski-die-sicherheit-01.jpg\" alt=\"\" data-id=\"7209\" class=\"wp-image-7209\" srcset=\"https:\/\/pracownia52.pl\/www\/wp-content\/uploads\/2010\/06\/henryk-gembalski-die-sicherheit-01.jpg?v=1650181508 746w, https:\/\/pracownia52.pl\/www\/wp-content\/uploads\/2010\/06\/henryk-gembalski-die-sicherheit-01-280x300.jpg?v=1650181508 280w\" sizes=\"auto, (max-width: 706px) 89vw, (max-width: 767px) 82vw, 740px\" \/><\/figure><\/li><li class=\"blocks-gallery-item\"><figure><img loading=\"lazy\" decoding=\"async\" width=\"746\" height=\"791\" src=\"https:\/\/pracownia52.pl\/www\/wp-content\/uploads\/2010\/06\/henryk-gembalski-die-sicherheit-02.jpg\" alt=\"\" data-id=\"7210\" class=\"wp-image-7210\" srcset=\"https:\/\/pracownia52.pl\/www\/wp-content\/uploads\/2010\/06\/henryk-gembalski-die-sicherheit-02.jpg?v=1650181523 746w, https:\/\/pracownia52.pl\/www\/wp-content\/uploads\/2010\/06\/henryk-gembalski-die-sicherheit-02-283x300.jpg?v=1650181523 283w\" sizes=\"auto, (max-width: 706px) 89vw, (max-width: 767px) 82vw, 740px\" \/><\/figure><\/li><\/ul>\n","protected":false},"excerpt":{"rendered":"<p>Ok\u0142adka na LP. wydawca: VII Festiwal Kultury Student\u00f3w PRL \/ Polskie Nagrania Muza. A projekt? Wy\u0142\u0105cznie zdj\u0119cia (solaryzacja tzw. negatywowa wysz\u0142a przypadkiem, bo negatyw by\u0142 kupowany na lewo z WFD, od operator\u00f3w, w roli, w du\u017cych ilo\u015bciach \u2013 i r\u00f3\u017cnej bywa\u0142 jako\u015bci\u2026). Do tego no\u017cyczki, farby plakat\u00f3wki. Ca\u0142y on niechlujny, ten projekt, jak koniec Peerelu &hellip; <\/p>\n<p class=\"link-more\"><a href=\"https:\/\/pracownia52.pl\/www\/?page_id=289\" class=\"more-link\">Czytaj dalej<span class=\"screen-reader-text\"> \u201ehenryk gembalski \u201edie sicheheit\u201d\u201d<\/span><\/a><\/p>\n","protected":false},"author":1,"featured_media":0,"parent":0,"menu_order":0,"comment_status":"closed","ping_status":"open","template":"","meta":{"footnotes":""},"class_list":["post-289","page","type-page","status-publish","hentry"],"_links":{"self":[{"href":"https:\/\/pracownia52.pl\/www\/index.php?rest_route=\/wp\/v2\/pages\/289","targetHints":{"allow":["GET"]}}],"collection":[{"href":"https:\/\/pracownia52.pl\/www\/index.php?rest_route=\/wp\/v2\/pages"}],"about":[{"href":"https:\/\/pracownia52.pl\/www\/index.php?rest_route=\/wp\/v2\/types\/page"}],"author":[{"embeddable":true,"href":"https:\/\/pracownia52.pl\/www\/index.php?rest_route=\/wp\/v2\/users\/1"}],"replies":[{"embeddable":true,"href":"https:\/\/pracownia52.pl\/www\/index.php?rest_route=%2Fwp%2Fv2%2Fcomments&post=289"}],"version-history":[{"count":13,"href":"https:\/\/pracownia52.pl\/www\/index.php?rest_route=\/wp\/v2\/pages\/289\/revisions"}],"predecessor-version":[{"id":8452,"href":"https:\/\/pracownia52.pl\/www\/index.php?rest_route=\/wp\/v2\/pages\/289\/revisions\/8452"}],"wp:attachment":[{"href":"https:\/\/pracownia52.pl\/www\/index.php?rest_route=%2Fwp%2Fv2%2Fmedia&parent=289"}],"curies":[{"name":"wp","href":"https:\/\/api.w.org\/{rel}","templated":true}]}}