{"id":292,"date":"2010-06-11T09:53:19","date_gmt":"2010-06-11T09:53:19","guid":{"rendered":"http:\/\/pracownia52.pl\/www\/?page_id=292"},"modified":"2024-01-21T10:07:08","modified_gmt":"2024-01-21T10:07:08","slug":"i-miesiecznik-troche-inny","status":"publish","type":"page","link":"https:\/\/pracownia52.pl\/www\/?page_id=292","title":{"rendered":"i \u2013 miesi\u0119cznik troch\u0119 inny"},"content":{"rendered":"\n<p>ilustracje, intensywna wsp\u00f3\u0142praca. ciekawe, cho\u0107 efemeryczne wydawnictwo; dzie\u0142o nasze: Dorota Karaszewska, Maciej Ka\u0142kus, jeszcze kilka os\u00f3b\u2026 ale g\u0142\u00f3wnie si\u0119 tu <strong>Boles\u0142aw Rok<\/strong>, filozof-marksista udziela\u0142. i ja oczywi\u015bcie.<br \/>interesuj\u0105ca, cho\u0107 chwilowa \u2013 by\u0142a \u201erada redakcyjna&#8221;: (m.in.) Wojciech Eichelberger, <a href=\"http:\/\/maciejzembaty.pl\/\"><strong>Maciej Zembaty<\/strong><\/a>, kto tam jeszcze: no, t\u0142um \u00f3wczesnych off-celebryt\u00f3w\u2026<br \/>no i <a href=\"https:\/\/pl.wikipedia.org\/wiki\/Jaros\u0142aw_Markiewicz\">Jaro\u00ads\u0142aw Mar\u00adkie\u00adwicz<\/a> \u2013 kt\u00f3ry zreszt\u0105 \u201ewymy\u015bli\u0142\u201d \u0142\u0105cznik <em>troch\u0119<\/em>. Cudzys\u0142\u00f3w, bo on tylko opowiedzia\u0142 na jednym z pierwszych zebra\u0144 przed powstaniem pisma anegdot\u0119, historyjk\u0119 o swym koledze (poeta bu\u0142garski?), kt\u00f3ry w pary\u017cu pewnemu \u017cebrakowi dopisa\u0142 do napisu \u201ejestem g\u0142odny\u201d zwrot \u201etroch\u0119\u201d (<em>un peu<\/em> je\u015bli dobrze pami\u0119tam: <em>j&#8217;ai<\/em> <strong><em>un peu<\/em><\/strong> <em>faim<\/em>).<br \/>Obroty \u017cebraka znacznie wzros\u0142y.<br \/>mr m.<br \/>patrz te\u017c: <a href=\"https:\/\/pracownia52.pl\/www\/?page_id=645\"><strong>Pusty Ob\u0142ok<\/strong><\/a>, <a href=\"https:\/\/pracownia52.pl\/www\/?page_id=4896\"><strong>S\u0142awomir Go\u0142aszewski<\/strong><\/a><\/p>\n\n\n\n<figure class=\"wp-block-gallery has-nested-images columns-2 is-cropped wp-block-gallery-1 is-layout-flex wp-block-gallery-is-layout-flex\">\n<figure class=\"wp-block-image size-full\"><a href=\"https:\/\/pracownia52.pl\/www\/wp-content\/uploads\/2010\/06\/i-miesiecznik-1989-001-w.jpg\"><img loading=\"lazy\" decoding=\"async\" width=\"385\" height=\"550\" data-id=\"295\" src=\"https:\/\/pracownia52.pl\/www\/wp-content\/uploads\/2010\/06\/i-miesiecznik-1989-001-w.jpg?v=1627124312\" alt=\"\" class=\"wp-image-295\" srcset=\"https:\/\/pracownia52.pl\/www\/wp-content\/uploads\/2010\/06\/i-miesiecznik-1989-001-w.jpg?v=1705831812 385w, https:\/\/pracownia52.pl\/www\/wp-content\/uploads\/2010\/06\/i-miesiecznik-1989-001-w-210x300.jpg?v=1705831812 210w\" sizes=\"auto, (max-width: 385px) 100vw, 385px\" \/><\/a><\/figure>\n\n\n\n<figure class=\"wp-block-image size-full\"><a href=\"https:\/\/pracownia52.pl\/www\/wp-content\/uploads\/2010\/06\/i-miesiecznik-1990-002-low.jpg\"><img loading=\"lazy\" decoding=\"async\" width=\"557\" height=\"800\" data-id=\"2350\" src=\"https:\/\/pracownia52.pl\/www\/wp-content\/uploads\/2010\/06\/i-miesiecznik-1990-002-low.jpg?v=1627124208\" alt=\"\" class=\"wp-image-2350\" srcset=\"https:\/\/pracownia52.pl\/www\/wp-content\/uploads\/2010\/06\/i-miesiecznik-1990-002-low.jpg?v=1705831727 557w, https:\/\/pracownia52.pl\/www\/wp-content\/uploads\/2010\/06\/i-miesiecznik-1990-002-low-209x300.jpg?v=1705831727 209w\" sizes=\"auto, (max-width: 557px) 100vw, 557px\" \/><\/a><\/figure>\n<\/figure>\n","protected":false},"excerpt":{"rendered":"<p>ilustracje, intensywna wsp\u00f3\u0142praca. ciekawe, cho\u0107 efemeryczne wydawnictwo; dzie\u0142o nasze: Dorota Karaszewska, Maciej Ka\u0142kus, jeszcze kilka os\u00f3b\u2026 ale g\u0142\u00f3wnie si\u0119 tu Boles\u0142aw Rok, filozof-marksista udziela\u0142. i ja oczywi\u015bcie.interesuj\u0105ca, cho\u0107 chwilowa \u2013 by\u0142a \u201erada redakcyjna&#8221;: (m.in.) Wojciech Eichelberger, Maciej Zembaty, kto tam jeszcze: no, t\u0142um \u00f3wczesnych off-celebryt\u00f3w\u2026no i Jaro\u00ads\u0142aw Mar\u00adkie\u00adwicz \u2013 kt\u00f3ry zreszt\u0105 \u201ewymy\u015bli\u0142\u201d \u0142\u0105cznik troch\u0119. Cudzys\u0142\u00f3w, &hellip; <\/p>\n<p class=\"link-more\"><a href=\"https:\/\/pracownia52.pl\/www\/?page_id=292\" class=\"more-link\">Czytaj dalej<span class=\"screen-reader-text\"> \u201ei \u2013 miesi\u0119cznik troch\u0119 inny\u201d<\/span><\/a><\/p>\n","protected":false},"author":1,"featured_media":0,"parent":0,"menu_order":3,"comment_status":"closed","ping_status":"open","template":"","meta":{"footnotes":""},"class_list":["post-292","page","type-page","status-publish","hentry"],"_links":{"self":[{"href":"https:\/\/pracownia52.pl\/www\/index.php?rest_route=\/wp\/v2\/pages\/292","targetHints":{"allow":["GET"]}}],"collection":[{"href":"https:\/\/pracownia52.pl\/www\/index.php?rest_route=\/wp\/v2\/pages"}],"about":[{"href":"https:\/\/pracownia52.pl\/www\/index.php?rest_route=\/wp\/v2\/types\/page"}],"author":[{"embeddable":true,"href":"https:\/\/pracownia52.pl\/www\/index.php?rest_route=\/wp\/v2\/users\/1"}],"replies":[{"embeddable":true,"href":"https:\/\/pracownia52.pl\/www\/index.php?rest_route=%2Fwp%2Fv2%2Fcomments&post=292"}],"version-history":[{"count":27,"href":"https:\/\/pracownia52.pl\/www\/index.php?rest_route=\/wp\/v2\/pages\/292\/revisions"}],"predecessor-version":[{"id":10304,"href":"https:\/\/pracownia52.pl\/www\/index.php?rest_route=\/wp\/v2\/pages\/292\/revisions\/10304"}],"wp:attachment":[{"href":"https:\/\/pracownia52.pl\/www\/index.php?rest_route=%2Fwp%2Fv2%2Fmedia&parent=292"}],"curies":[{"name":"wp","href":"https:\/\/api.w.org\/{rel}","templated":true}]}}