{"id":297,"date":"2010-06-11T09:58:17","date_gmt":"2010-06-11T09:58:17","guid":{"rendered":"http:\/\/pracownia52.pl\/www\/?page_id=297"},"modified":"2018-12-24T13:47:54","modified_gmt":"2018-12-24T13:47:54","slug":"immanuel","status":"publish","type":"page","link":"https:\/\/pracownia52.pl\/www\/?page_id=297","title":{"rendered":"immanuel"},"content":{"rendered":"\n<ul class=\"wp-block-gallery columns-2 is-cropped wp-block-gallery-1 is-layout-flex wp-block-gallery-is-layout-flex\"><li class=\"blocks-gallery-item\"><figure><img loading=\"lazy\" decoding=\"async\" width=\"472\" height=\"472\" src=\"http:\/\/pracownia52.pl\/www\/wp-content\/uploads\/2010\/06\/b0001-stcover-immanuel.jpg\" alt=\"\" data-id=\"299\" class=\"wp-image-299\" srcset=\"https:\/\/pracownia52.pl\/www\/wp-content\/uploads\/2010\/06\/b0001-stcover-immanuel.jpg?v=1627125909 472w, https:\/\/pracownia52.pl\/www\/wp-content\/uploads\/2010\/06\/b0001-stcover-immanuel-300x300.jpg?v=1627125909 300w, https:\/\/pracownia52.pl\/www\/wp-content\/uploads\/2010\/06\/b0001-stcover-immanuel-150x150.jpg?v=1627125909 150w, https:\/\/pracownia52.pl\/www\/wp-content\/uploads\/2010\/06\/b0001-stcover-immanuel-75x75.jpg?v=1627125909 75w\" sizes=\"auto, (max-width: 472px) 100vw, 472px\" \/><\/figure><\/li><li class=\"blocks-gallery-item\"><figure><img loading=\"lazy\" decoding=\"async\" width=\"800\" height=\"728\" src=\"http:\/\/pracownia52.pl\/www\/wp-content\/uploads\/2010\/06\/immanuel-z-tytulem-01.jpg\" alt=\"immanuel-z-tytulem-01\" data-id=\"3483\" class=\"wp-image-3483\" srcset=\"https:\/\/pracownia52.pl\/www\/wp-content\/uploads\/2010\/06\/immanuel-z-tytulem-01.jpg?v=1740665671 800w, https:\/\/pracownia52.pl\/www\/wp-content\/uploads\/2010\/06\/immanuel-z-tytulem-01-300x273.jpg?v=1740665671 300w, https:\/\/pracownia52.pl\/www\/wp-content\/uploads\/2010\/06\/immanuel-z-tytulem-01-768x699.jpg?v=1740665671 768w\" sizes=\"auto, (max-width: 767px) 89vw, (max-width: 1000px) 54vw, (max-width: 1071px) 543px, 580px\" \/><\/figure><\/li><\/ul>\n\n\n\n<p><br \/><a href=\"http:\/\/pracownia52.pl\/www\/?page_id=60\">Pierwszy CD<\/a>, ale do\u015b\u0107 niezwyk\u0142y. mniejsza w tym nasza zas\u0142uga \u2013 a bardziej czas\u00f3w, w kt\u00f3rych przysz\u0142o\u2026 Uda\u0142o si\u0119 nam nam\u00f3wi\u0107 \u00f3wczesnego szefa <a href=\"http:\/\/pracownia52.pl\/www\/?page_id=60\">Aiwa Poland<\/a> Roberta Kami\u0144skiego oraz jacka \u201eD\u017ceksonga\u201d Onaszkiewicza na wydanie p\u0142yty z wszystkimi (praktycznie) nagraniami zespo\u0142u, kt\u00f3ry ani za komuny ani za kapitalizmu szans w krajowym biznesie muzycznym nie mia\u0142. z wielu powod\u00f3w.<br \/>I w dodatku wszystko to mo\u017cna by\u0142o umie\u015bci\u0107 na jednym cd: mp3.<\/p>\n\n\n\n<blockquote class=\"wp-block-quote is-layout-flow wp-block-quote-is-layout-flow\"><p><strong>Zima<\/strong> \u2013 Wracaj\u0105c do p\u0142yty z mp3. Nie mieli\u015bcie \u017cadnych obaw co do takiej formy prezentacji waszych dokona\u0144?<br \/><strong>D\u017cekson<\/strong>: \u2013 Raczej nie, pierwsza przewrotno\u015b\u0107 by\u0142a taka, \u017ce to by\u0142a pierwsza w \u015bwiecie oficjalna p\u0142yta mp3.<br \/><strong>D\u017cu D\u017cu<\/strong>: \u2013 A my wcze\u015bniej nic nie wydali\u015bmy, wi\u0119c to te\u017c by\u0142o dla nas wa\u017cne.<br \/>\u201e<a href=\"http:\/\/www.freecolours.pl\/immanuel-jeden-message-milosc-cz-i\/\"><strong>IMMANUEL \u2013 jeden message mi\u0142o\u015b\u0107<\/strong><\/a>\u201d, cz. I<\/p><\/blockquote>\n\n\n\n<p>P\u00f3\u017aniej te\u017c: <a href=\"http:\/\/pracownia52.pl\/www\/?page_id=765\"><strong>Tabula Rasa<\/strong><\/a> \u2013 z racji (te\u017c) Benka Onaszkiewicza\u2026 Fajna p\u0142yta, lubi\u0119 ok\u0142adk\u0119.<br \/>&#8230;&#8230;&#8230;&#8230;&#8230;&#8230;&#8230;.<br \/>W 2010 roku troch\u0119 si\u0119 nam drogi rozesz\u0142y, w dodatku do\u015b\u0107 przykro i\u2026 niefajnie \u2013 za spraw\u0105 projektu pt. <strong>Kacezet i Fundamenty<\/strong>. (Ale mo\u017ce o tym jeszcze kiedy\u015b. Albo i nie.)<br \/>mr m.<\/p>\n","protected":false},"excerpt":{"rendered":"<p>Pierwszy CD, ale do\u015b\u0107 niezwyk\u0142y. mniejsza w tym nasza zas\u0142uga \u2013 a bardziej czas\u00f3w, w kt\u00f3rych przysz\u0142o\u2026 Uda\u0142o si\u0119 nam nam\u00f3wi\u0107 \u00f3wczesnego szefa Aiwa Poland Roberta Kami\u0144skiego oraz jacka \u201eD\u017ceksonga\u201d Onaszkiewicza na wydanie p\u0142yty z wszystkimi (praktycznie) nagraniami zespo\u0142u, kt\u00f3ry ani za komuny ani za kapitalizmu szans w krajowym biznesie muzycznym nie mia\u0142. z wielu &hellip; <\/p>\n<p class=\"link-more\"><a href=\"https:\/\/pracownia52.pl\/www\/?page_id=297\" class=\"more-link\">Czytaj dalej<span class=\"screen-reader-text\"> \u201eimmanuel\u201d<\/span><\/a><\/p>\n","protected":false},"author":1,"featured_media":0,"parent":0,"menu_order":0,"comment_status":"closed","ping_status":"open","template":"","meta":{"footnotes":""},"class_list":["post-297","page","type-page","status-publish","hentry"],"_links":{"self":[{"href":"https:\/\/pracownia52.pl\/www\/index.php?rest_route=\/wp\/v2\/pages\/297","targetHints":{"allow":["GET"]}}],"collection":[{"href":"https:\/\/pracownia52.pl\/www\/index.php?rest_route=\/wp\/v2\/pages"}],"about":[{"href":"https:\/\/pracownia52.pl\/www\/index.php?rest_route=\/wp\/v2\/types\/page"}],"author":[{"embeddable":true,"href":"https:\/\/pracownia52.pl\/www\/index.php?rest_route=\/wp\/v2\/users\/1"}],"replies":[{"embeddable":true,"href":"https:\/\/pracownia52.pl\/www\/index.php?rest_route=%2Fwp%2Fv2%2Fcomments&post=297"}],"version-history":[{"count":15,"href":"https:\/\/pracownia52.pl\/www\/index.php?rest_route=\/wp\/v2\/pages\/297\/revisions"}],"predecessor-version":[{"id":8305,"href":"https:\/\/pracownia52.pl\/www\/index.php?rest_route=\/wp\/v2\/pages\/297\/revisions\/8305"}],"wp:attachment":[{"href":"https:\/\/pracownia52.pl\/www\/index.php?rest_route=%2Fwp%2Fv2%2Fmedia&parent=297"}],"curies":[{"name":"wp","href":"https:\/\/api.w.org\/{rel}","templated":true}]}}