{"id":306,"date":"2010-06-11T10:04:17","date_gmt":"2010-06-11T10:04:17","guid":{"rendered":"http:\/\/pracownia52.pl\/www\/?page_id=306"},"modified":"2012-09-27T06:14:29","modified_gmt":"2012-09-27T06:14:29","slug":"inter-cars-sa","status":"publish","type":"page","link":"https:\/\/pracownia52.pl\/www\/?page_id=306","title":{"rendered":"Inter Cars SA"},"content":{"rendered":"<p><img loading=\"lazy\" decoding=\"async\" src=\"http:\/\/pracownia52.pl\/www\/wp-content\/uploads\/2010\/06\/love-cars-low10.jpg\" alt=\"\" title=\"love-cars-low10\" width=\"500\" height=\"250\" border\"0\" \/><br \/>\n<br \/>kalendarz na rok 2005 \u2013 14 kart format 600\u00d7300 mm, papier kreda 285 g. matowa, lakier matowy. ci\u0119\u017ckie, eleganckie \u2013 i wszystko wydrukowane w nak\u0142adzie zaledwie 185 sztuk\u2026<br \/>\n[mr m.]<br \/>\n<div id='gallery-1' class='gallery galleryid-306 gallery-columns-6 gallery-size-thumbnail'><figure class='gallery-item'>\n\t\t\t<div class='gallery-icon landscape'>\n\t\t\t\t<a href='https:\/\/pracownia52.pl\/www\/wp-content\/uploads\/2010\/06\/love-cars-low10.jpg'><img loading=\"lazy\" decoding=\"async\" width=\"150\" height=\"150\" src=\"https:\/\/pracownia52.pl\/www\/wp-content\/uploads\/2010\/06\/love-cars-low10-150x150.jpg?v=1636448476\" class=\"attachment-thumbnail size-thumbnail\" alt=\"\" srcset=\"https:\/\/pracownia52.pl\/www\/wp-content\/uploads\/2010\/06\/love-cars-low10-150x150.jpg?v=1636448476 150w, https:\/\/pracownia52.pl\/www\/wp-content\/uploads\/2010\/06\/love-cars-low10-75x75.jpg?v=1636448476 75w\" sizes=\"auto, 100vw\" \/><\/a>\n\t\t\t<\/div><\/figure><figure class='gallery-item'>\n\t\t\t<div class='gallery-icon landscape'>\n\t\t\t\t<a href='https:\/\/pracownia52.pl\/www\/wp-content\/uploads\/2010\/06\/001-styczen-m.jpg'><img loading=\"lazy\" decoding=\"async\" width=\"150\" height=\"150\" src=\"https:\/\/pracownia52.pl\/www\/wp-content\/uploads\/2010\/06\/001-styczen-m-150x150.jpg?v=1627124133\" class=\"attachment-thumbnail size-thumbnail\" alt=\"\" srcset=\"https:\/\/pracownia52.pl\/www\/wp-content\/uploads\/2010\/06\/001-styczen-m-150x150.jpg?v=1627124133 150w, https:\/\/pracownia52.pl\/www\/wp-content\/uploads\/2010\/06\/001-styczen-m-300x300.jpg?v=1627124133 300w, https:\/\/pracownia52.pl\/www\/wp-content\/uploads\/2010\/06\/001-styczen-m-75x75.jpg?v=1627124133 75w, https:\/\/pracownia52.pl\/www\/wp-content\/uploads\/2010\/06\/001-styczen-m.jpg?v=1627124133 450w\" sizes=\"auto, 100vw\" \/><\/a>\n\t\t\t<\/div><\/figure><figure class='gallery-item'>\n\t\t\t<div class='gallery-icon landscape'>\n\t\t\t\t<a href='https:\/\/pracownia52.pl\/www\/wp-content\/uploads\/2010\/06\/002-luty-m.jpg'><img loading=\"lazy\" decoding=\"async\" width=\"150\" height=\"150\" src=\"https:\/\/pracownia52.pl\/www\/wp-content\/uploads\/2010\/06\/002-luty-m-150x150.jpg?v=1627124133\" class=\"attachment-thumbnail size-thumbnail\" alt=\"\" srcset=\"https:\/\/pracownia52.pl\/www\/wp-content\/uploads\/2010\/06\/002-luty-m-150x150.jpg?v=1627124133 150w, https:\/\/pracownia52.pl\/www\/wp-content\/uploads\/2010\/06\/002-luty-m-300x300.jpg?v=1627124133 300w, https:\/\/pracownia52.pl\/www\/wp-content\/uploads\/2010\/06\/002-luty-m-75x75.jpg?v=1627124133 75w, https:\/\/pracownia52.pl\/www\/wp-content\/uploads\/2010\/06\/002-luty-m.jpg?v=1627124133 450w\" sizes=\"auto, 100vw\" \/><\/a>\n\t\t\t<\/div><\/figure><figure class='gallery-item'>\n\t\t\t<div class='gallery-icon landscape'>\n\t\t\t\t<a href='https:\/\/pracownia52.pl\/www\/wp-content\/uploads\/2010\/06\/003-marzec-m.jpg'><img loading=\"lazy\" decoding=\"async\" width=\"150\" height=\"150\" src=\"https:\/\/pracownia52.pl\/www\/wp-content\/uploads\/2010\/06\/003-marzec-m-150x150.jpg?v=1627124133\" class=\"attachment-thumbnail size-thumbnail\" alt=\"\" srcset=\"https:\/\/pracownia52.pl\/www\/wp-content\/uploads\/2010\/06\/003-marzec-m-150x150.jpg?v=1627124133 150w, https:\/\/pracownia52.pl\/www\/wp-content\/uploads\/2010\/06\/003-marzec-m-300x300.jpg?v=1627124133 300w, https:\/\/pracownia52.pl\/www\/wp-content\/uploads\/2010\/06\/003-marzec-m-75x75.jpg?v=1627124133 75w, https:\/\/pracownia52.pl\/www\/wp-content\/uploads\/2010\/06\/003-marzec-m.jpg?v=1627124133 450w\" sizes=\"auto, 100vw\" \/><\/a>\n\t\t\t<\/div><\/figure><figure class='gallery-item'>\n\t\t\t<div class='gallery-icon landscape'>\n\t\t\t\t<a href='https:\/\/pracownia52.pl\/www\/wp-content\/uploads\/2010\/06\/004-kwiecien-m.jpg'><img loading=\"lazy\" decoding=\"async\" width=\"150\" height=\"150\" src=\"https:\/\/pracownia52.pl\/www\/wp-content\/uploads\/2010\/06\/004-kwiecien-m-150x150.jpg?v=1627124133\" class=\"attachment-thumbnail size-thumbnail\" alt=\"\" srcset=\"https:\/\/pracownia52.pl\/www\/wp-content\/uploads\/2010\/06\/004-kwiecien-m-150x150.jpg?v=1627124133 150w, https:\/\/pracownia52.pl\/www\/wp-content\/uploads\/2010\/06\/004-kwiecien-m-300x300.jpg?v=1627124133 300w, https:\/\/pracownia52.pl\/www\/wp-content\/uploads\/2010\/06\/004-kwiecien-m-75x75.jpg?v=1627124133 75w, https:\/\/pracownia52.pl\/www\/wp-content\/uploads\/2010\/06\/004-kwiecien-m.jpg?v=1627124133 450w\" sizes=\"auto, 100vw\" \/><\/a>\n\t\t\t<\/div><\/figure><figure class='gallery-item'>\n\t\t\t<div class='gallery-icon landscape'>\n\t\t\t\t<a href='https:\/\/pracownia52.pl\/www\/wp-content\/uploads\/2010\/06\/005-V-maj-m.jpg'><img loading=\"lazy\" decoding=\"async\" width=\"150\" height=\"150\" src=\"https:\/\/pracownia52.pl\/www\/wp-content\/uploads\/2010\/06\/005-V-maj-m-150x150.jpg?v=1627124133\" class=\"attachment-thumbnail size-thumbnail\" alt=\"\" srcset=\"https:\/\/pracownia52.pl\/www\/wp-content\/uploads\/2010\/06\/005-V-maj-m-150x150.jpg?v=1627124133 150w, https:\/\/pracownia52.pl\/www\/wp-content\/uploads\/2010\/06\/005-V-maj-m-300x300.jpg?v=1627124133 300w, https:\/\/pracownia52.pl\/www\/wp-content\/uploads\/2010\/06\/005-V-maj-m-75x75.jpg?v=1627124133 75w, https:\/\/pracownia52.pl\/www\/wp-content\/uploads\/2010\/06\/005-V-maj-m.jpg?v=1627124133 450w\" sizes=\"auto, 100vw\" \/><\/a>\n\t\t\t<\/div><\/figure><figure class='gallery-item'>\n\t\t\t<div class='gallery-icon landscape'>\n\t\t\t\t<a href='https:\/\/pracownia52.pl\/www\/wp-content\/uploads\/2010\/06\/006-czerwiec-m.jpg'><img loading=\"lazy\" decoding=\"async\" width=\"150\" height=\"150\" src=\"https:\/\/pracownia52.pl\/www\/wp-content\/uploads\/2010\/06\/006-czerwiec-m-150x150.jpg?v=1627124133\" class=\"attachment-thumbnail size-thumbnail\" alt=\"\" srcset=\"https:\/\/pracownia52.pl\/www\/wp-content\/uploads\/2010\/06\/006-czerwiec-m-150x150.jpg?v=1627124133 150w, https:\/\/pracownia52.pl\/www\/wp-content\/uploads\/2010\/06\/006-czerwiec-m-300x300.jpg?v=1627124133 300w, https:\/\/pracownia52.pl\/www\/wp-content\/uploads\/2010\/06\/006-czerwiec-m-75x75.jpg?v=1627124133 75w, https:\/\/pracownia52.pl\/www\/wp-content\/uploads\/2010\/06\/006-czerwiec-m.jpg?v=1627124133 450w\" sizes=\"auto, 100vw\" \/><\/a>\n\t\t\t<\/div><\/figure><figure class='gallery-item'>\n\t\t\t<div class='gallery-icon landscape'>\n\t\t\t\t<a href='https:\/\/pracownia52.pl\/www\/wp-content\/uploads\/2010\/06\/007-lipiec-m.jpg'><img loading=\"lazy\" decoding=\"async\" width=\"150\" height=\"150\" src=\"https:\/\/pracownia52.pl\/www\/wp-content\/uploads\/2010\/06\/007-lipiec-m-150x150.jpg?v=1627124132\" class=\"attachment-thumbnail size-thumbnail\" alt=\"\" srcset=\"https:\/\/pracownia52.pl\/www\/wp-content\/uploads\/2010\/06\/007-lipiec-m-150x150.jpg?v=1627124132 150w, https:\/\/pracownia52.pl\/www\/wp-content\/uploads\/2010\/06\/007-lipiec-m-300x300.jpg?v=1627124132 300w, https:\/\/pracownia52.pl\/www\/wp-content\/uploads\/2010\/06\/007-lipiec-m-75x75.jpg?v=1627124132 75w, https:\/\/pracownia52.pl\/www\/wp-content\/uploads\/2010\/06\/007-lipiec-m.jpg?v=1627124132 450w\" sizes=\"auto, 100vw\" \/><\/a>\n\t\t\t<\/div><\/figure><figure class='gallery-item'>\n\t\t\t<div class='gallery-icon landscape'>\n\t\t\t\t<a href='https:\/\/pracownia52.pl\/www\/wp-content\/uploads\/2010\/06\/008-VIII-2cv-m.jpg'><img loading=\"lazy\" decoding=\"async\" width=\"150\" height=\"150\" src=\"https:\/\/pracownia52.pl\/www\/wp-content\/uploads\/2010\/06\/008-VIII-2cv-m-150x150.jpg?v=1627124132\" class=\"attachment-thumbnail size-thumbnail\" alt=\"\" srcset=\"https:\/\/pracownia52.pl\/www\/wp-content\/uploads\/2010\/06\/008-VIII-2cv-m-150x150.jpg?v=1627124132 150w, https:\/\/pracownia52.pl\/www\/wp-content\/uploads\/2010\/06\/008-VIII-2cv-m-300x300.jpg?v=1627124132 300w, https:\/\/pracownia52.pl\/www\/wp-content\/uploads\/2010\/06\/008-VIII-2cv-m-75x75.jpg?v=1627124132 75w, https:\/\/pracownia52.pl\/www\/wp-content\/uploads\/2010\/06\/008-VIII-2cv-m.jpg?v=1627124132 450w\" sizes=\"auto, 100vw\" \/><\/a>\n\t\t\t<\/div><\/figure><figure class='gallery-item'>\n\t\t\t<div class='gallery-icon landscape'>\n\t\t\t\t<a href='https:\/\/pracownia52.pl\/www\/wp-content\/uploads\/2010\/06\/009-IX-kot-m.jpg'><img loading=\"lazy\" decoding=\"async\" width=\"150\" height=\"150\" src=\"https:\/\/pracownia52.pl\/www\/wp-content\/uploads\/2010\/06\/009-IX-kot-m-150x150.jpg?v=1627124132\" class=\"attachment-thumbnail size-thumbnail\" alt=\"\" srcset=\"https:\/\/pracownia52.pl\/www\/wp-content\/uploads\/2010\/06\/009-IX-kot-m-150x150.jpg?v=1627124132 150w, https:\/\/pracownia52.pl\/www\/wp-content\/uploads\/2010\/06\/009-IX-kot-m-300x300.jpg?v=1627124132 300w, https:\/\/pracownia52.pl\/www\/wp-content\/uploads\/2010\/06\/009-IX-kot-m-75x75.jpg?v=1627124132 75w, https:\/\/pracownia52.pl\/www\/wp-content\/uploads\/2010\/06\/009-IX-kot-m.jpg?v=1627124132 450w\" sizes=\"auto, 100vw\" \/><\/a>\n\t\t\t<\/div><\/figure><figure class='gallery-item'>\n\t\t\t<div class='gallery-icon landscape'>\n\t\t\t\t<a href='https:\/\/pracownia52.pl\/www\/wp-content\/uploads\/2010\/06\/010-pazdziernik-m.jpg'><img loading=\"lazy\" decoding=\"async\" width=\"150\" height=\"150\" src=\"https:\/\/pracownia52.pl\/www\/wp-content\/uploads\/2010\/06\/010-pazdziernik-m-150x150.jpg?v=1627124132\" class=\"attachment-thumbnail size-thumbnail\" alt=\"\" srcset=\"https:\/\/pracownia52.pl\/www\/wp-content\/uploads\/2010\/06\/010-pazdziernik-m-150x150.jpg?v=1627124132 150w, https:\/\/pracownia52.pl\/www\/wp-content\/uploads\/2010\/06\/010-pazdziernik-m-300x300.jpg?v=1627124132 300w, https:\/\/pracownia52.pl\/www\/wp-content\/uploads\/2010\/06\/010-pazdziernik-m-75x75.jpg?v=1627124132 75w, https:\/\/pracownia52.pl\/www\/wp-content\/uploads\/2010\/06\/010-pazdziernik-m.jpg?v=1627124132 450w\" sizes=\"auto, 100vw\" \/><\/a>\n\t\t\t<\/div><\/figure><figure class='gallery-item'>\n\t\t\t<div class='gallery-icon landscape'>\n\t\t\t\t<a href='https:\/\/pracownia52.pl\/www\/wp-content\/uploads\/2010\/06\/011-XI-motor-m.jpg'><img loading=\"lazy\" decoding=\"async\" width=\"150\" height=\"150\" src=\"https:\/\/pracownia52.pl\/www\/wp-content\/uploads\/2010\/06\/011-XI-motor-m-150x150.jpg?v=1627124132\" class=\"attachment-thumbnail size-thumbnail\" alt=\"\" srcset=\"https:\/\/pracownia52.pl\/www\/wp-content\/uploads\/2010\/06\/011-XI-motor-m-150x150.jpg?v=1627124132 150w, https:\/\/pracownia52.pl\/www\/wp-content\/uploads\/2010\/06\/011-XI-motor-m-300x300.jpg?v=1627124132 300w, https:\/\/pracownia52.pl\/www\/wp-content\/uploads\/2010\/06\/011-XI-motor-m-75x75.jpg?v=1627124132 75w, https:\/\/pracownia52.pl\/www\/wp-content\/uploads\/2010\/06\/011-XI-motor-m.jpg?v=1627124132 450w\" sizes=\"auto, 100vw\" \/><\/a>\n\t\t\t<\/div><\/figure><figure class='gallery-item'>\n\t\t\t<div class='gallery-icon landscape'>\n\t\t\t\t<a href='https:\/\/pracownia52.pl\/www\/wp-content\/uploads\/2010\/06\/012-grudzien-m.jpg'><img loading=\"lazy\" decoding=\"async\" width=\"150\" height=\"150\" src=\"https:\/\/pracownia52.pl\/www\/wp-content\/uploads\/2010\/06\/012-grudzien-m-150x150.jpg?v=1627124131\" class=\"attachment-thumbnail size-thumbnail\" alt=\"\" srcset=\"https:\/\/pracownia52.pl\/www\/wp-content\/uploads\/2010\/06\/012-grudzien-m-150x150.jpg?v=1627124131 150w, https:\/\/pracownia52.pl\/www\/wp-content\/uploads\/2010\/06\/012-grudzien-m-300x300.jpg?v=1627124131 300w, https:\/\/pracownia52.pl\/www\/wp-content\/uploads\/2010\/06\/012-grudzien-m-75x75.jpg?v=1627124131 75w, https:\/\/pracownia52.pl\/www\/wp-content\/uploads\/2010\/06\/012-grudzien-m.jpg?v=1627124131 450w\" sizes=\"auto, 100vw\" \/><\/a>\n\t\t\t<\/div><\/figure>\n\t\t<\/div>\n<\/p>\n","protected":false},"excerpt":{"rendered":"<p>kalendarz na rok 2005 \u2013 14 kart format 600\u00d7300 mm, papier kreda 285 g. matowa, lakier matowy. ci\u0119\u017ckie, eleganckie \u2013 i wszystko wydrukowane w nak\u0142adzie zaledwie 185 sztuk\u2026 [mr m.]<\/p>\n","protected":false},"author":1,"featured_media":0,"parent":0,"menu_order":3,"comment_status":"closed","ping_status":"open","template":"","meta":{"footnotes":""},"class_list":["post-306","page","type-page","status-publish","hentry"],"_links":{"self":[{"href":"https:\/\/pracownia52.pl\/www\/index.php?rest_route=\/wp\/v2\/pages\/306","targetHints":{"allow":["GET"]}}],"collection":[{"href":"https:\/\/pracownia52.pl\/www\/index.php?rest_route=\/wp\/v2\/pages"}],"about":[{"href":"https:\/\/pracownia52.pl\/www\/index.php?rest_route=\/wp\/v2\/types\/page"}],"author":[{"embeddable":true,"href":"https:\/\/pracownia52.pl\/www\/index.php?rest_route=\/wp\/v2\/users\/1"}],"replies":[{"embeddable":true,"href":"https:\/\/pracownia52.pl\/www\/index.php?rest_route=%2Fwp%2Fv2%2Fcomments&post=306"}],"version-history":[{"count":6,"href":"https:\/\/pracownia52.pl\/www\/index.php?rest_route=\/wp\/v2\/pages\/306\/revisions"}],"predecessor-version":[{"id":3321,"href":"https:\/\/pracownia52.pl\/www\/index.php?rest_route=\/wp\/v2\/pages\/306\/revisions\/3321"}],"wp:attachment":[{"href":"https:\/\/pracownia52.pl\/www\/index.php?rest_route=%2Fwp%2Fv2%2Fmedia&parent=306"}],"curies":[{"name":"wp","href":"https:\/\/api.w.org\/{rel}","templated":true}]}}