{"id":320,"date":"2010-06-11T10:10:24","date_gmt":"2010-06-11T10:10:24","guid":{"rendered":"http:\/\/pracownia52.pl\/www\/?page_id=320"},"modified":"2018-10-22T14:02:19","modified_gmt":"2018-10-22T14:02:19","slug":"irena-santor","status":"publish","type":"page","link":"https:\/\/pracownia52.pl\/www\/?page_id=320","title":{"rendered":"Irena Santor"},"content":{"rendered":"<p>ok\u0142adka do <a href=\"https:\/\/www.discogs.com\/Irena-Santor-Biegnie-Czas\/release\/7852091\"><strong>LP<\/strong><\/a>, MK dla <a href=\"https:\/\/pracownia52.pl\/www\/?page_id=547\"><strong>Polskich Nagra\u0144<\/strong><\/a>, zdj\u0119cia. pani Irena \u2013 niespotykanie urocza osoba. bezpo\u015brednia, mi\u0142a i u\u015bmiechni\u0119ta. a praca? przyjemna; spora odmiana po rokendrollowym chamstwie.<br \/>\nmr m.<br \/>\n<img loading=\"lazy\" decoding=\"async\" src=\"http:\/\/pracownia52.pl\/www\/wp-content\/uploads\/2010\/06\/irena-santor-89.jpg\" alt=\"\" title=\"irena-santor-89\" width=\"500\" height=\"336\" border\"0\" \/><\/p>\n","protected":false},"excerpt":{"rendered":"<p>ok\u0142adka do LP, MK dla Polskich Nagra\u0144, zdj\u0119cia. pani Irena \u2013 niespotykanie urocza osoba. bezpo\u015brednia, mi\u0142a i u\u015bmiechni\u0119ta. a praca? przyjemna; spora odmiana po rokendrollowym chamstwie. mr m.<\/p>\n","protected":false},"author":1,"featured_media":0,"parent":0,"menu_order":0,"comment_status":"closed","ping_status":"open","template":"","meta":{"footnotes":""},"class_list":["post-320","page","type-page","status-publish","hentry"],"_links":{"self":[{"href":"https:\/\/pracownia52.pl\/www\/index.php?rest_route=\/wp\/v2\/pages\/320","targetHints":{"allow":["GET"]}}],"collection":[{"href":"https:\/\/pracownia52.pl\/www\/index.php?rest_route=\/wp\/v2\/pages"}],"about":[{"href":"https:\/\/pracownia52.pl\/www\/index.php?rest_route=\/wp\/v2\/types\/page"}],"author":[{"embeddable":true,"href":"https:\/\/pracownia52.pl\/www\/index.php?rest_route=\/wp\/v2\/users\/1"}],"replies":[{"embeddable":true,"href":"https:\/\/pracownia52.pl\/www\/index.php?rest_route=%2Fwp%2Fv2%2Fcomments&post=320"}],"version-history":[{"count":9,"href":"https:\/\/pracownia52.pl\/www\/index.php?rest_route=\/wp\/v2\/pages\/320\/revisions"}],"predecessor-version":[{"id":7859,"href":"https:\/\/pracownia52.pl\/www\/index.php?rest_route=\/wp\/v2\/pages\/320\/revisions\/7859"}],"wp:attachment":[{"href":"https:\/\/pracownia52.pl\/www\/index.php?rest_route=%2Fwp%2Fv2%2Fmedia&parent=320"}],"curies":[{"name":"wp","href":"https:\/\/api.w.org\/{rel}","templated":true}]}}