{"id":3239,"date":"2012-08-22T08:58:44","date_gmt":"2012-08-22T08:58:44","guid":{"rendered":"http:\/\/pracownia52.pl\/www\/?page_id=3239"},"modified":"2017-03-18T11:04:09","modified_gmt":"2017-03-18T11:04:09","slug":"moskwa","status":"publish","type":"page","link":"https:\/\/pracownia52.pl\/www\/?page_id=3239","title":{"rendered":"Moskwa"},"content":{"rendered":"<p>jakie\u015b pojedy\u0144cze zdjecia z Jarocina, jaki\u015b koncert\u2026 prawie nic.<br \/>\nmr m.<\/p>\n","protected":false},"excerpt":{"rendered":"<p>jakie\u015b pojedy\u0144cze zdjecia z Jarocina, jaki\u015b koncert\u2026 prawie nic. mr m.<\/p>\n","protected":false},"author":1,"featured_media":3241,"parent":0,"menu_order":0,"comment_status":"closed","ping_status":"open","template":"","meta":{"footnotes":""},"class_list":["post-3239","page","type-page","status-publish","has-post-thumbnail","hentry"],"_links":{"self":[{"href":"https:\/\/pracownia52.pl\/www\/index.php?rest_route=\/wp\/v2\/pages\/3239","targetHints":{"allow":["GET"]}}],"collection":[{"href":"https:\/\/pracownia52.pl\/www\/index.php?rest_route=\/wp\/v2\/pages"}],"about":[{"href":"https:\/\/pracownia52.pl\/www\/index.php?rest_route=\/wp\/v2\/types\/page"}],"author":[{"embeddable":true,"href":"https:\/\/pracownia52.pl\/www\/index.php?rest_route=\/wp\/v2\/users\/1"}],"replies":[{"embeddable":true,"href":"https:\/\/pracownia52.pl\/www\/index.php?rest_route=%2Fwp%2Fv2%2Fcomments&post=3239"}],"version-history":[{"count":5,"href":"https:\/\/pracownia52.pl\/www\/index.php?rest_route=\/wp\/v2\/pages\/3239\/revisions"}],"predecessor-version":[{"id":6763,"href":"https:\/\/pracownia52.pl\/www\/index.php?rest_route=\/wp\/v2\/pages\/3239\/revisions\/6763"}],"wp:featuredmedia":[{"embeddable":true,"href":"https:\/\/pracownia52.pl\/www\/index.php?rest_route=\/wp\/v2\/media\/3241"}],"wp:attachment":[{"href":"https:\/\/pracownia52.pl\/www\/index.php?rest_route=%2Fwp%2Fv2%2Fmedia&parent=3239"}],"curies":[{"name":"wp","href":"https:\/\/api.w.org\/{rel}","templated":true}]}}