{"id":3289,"date":"2012-08-31T08:58:10","date_gmt":"2012-08-31T08:58:10","guid":{"rendered":"http:\/\/pracownia52.pl\/www\/?page_id=3289"},"modified":"2020-07-28T12:49:03","modified_gmt":"2020-07-28T12:49:03","slug":"leszek-dranicki","status":"publish","type":"page","link":"https:\/\/pracownia52.pl\/www\/?page_id=3289","title":{"rendered":"Leszek Dranicki"},"content":{"rendered":"\n<p>Chwile mi\u0142e, z przesz\u0142o\u015bci. Te\u017c w <a href=\"http:\/\/pracownia52.pl\/www\/?page_id=416\">Krzaku<\/a>,&nbsp;<a href=\"https:\/\/pracownia52.pl\/www\/?page_id=8056\"><strong>Antyquintecie<\/strong><\/a>\u2026<br \/>Jeden plakat, <del>zaraz go wklej\u0119 tu<\/del>. Uaktualnienie: oo, plakatu nie mam \u2013 mam za to zdj\u0119cie, na nim wykorzystane, to \u015brodkowe ni\u017cej\u2026 Leszek nadal gra\u2026<br \/>mr m.<\/p>\n\n\n\n<figure class=\"wp-block-gallery columns-3 is-cropped wp-block-gallery-1 is-layout-flex wp-block-gallery-is-layout-flex\"><ul class=\"blocks-gallery-grid\"><li class=\"blocks-gallery-item\"><figure><a href=\"http:\/\/pracownia52.pl\/www\/wp-content\/uploads\/2012\/08\/Leszek-dranicki-1982-mn2.jpg\"><img loading=\"lazy\" decoding=\"async\" width=\"550\" height=\"369\" src=\"http:\/\/pracownia52.pl\/www\/wp-content\/uploads\/2012\/08\/Leszek-dranicki-1982-mn2.jpg\" alt=\"\" data-id=\"3291\" class=\"wp-image-3291\" srcset=\"https:\/\/pracownia52.pl\/www\/wp-content\/uploads\/2012\/08\/Leszek-dranicki-1982-mn2.jpg?v=1627124135 550w, https:\/\/pracownia52.pl\/www\/wp-content\/uploads\/2012\/08\/Leszek-dranicki-1982-mn2-300x201.jpg?v=1627124135 300w\" sizes=\"auto, (max-width: 550px) 100vw, 550px\" \/><\/a><figcaption class=\"blocks-gallery-item__caption\">Zakopane, 1982 rok<\/figcaption><\/figure><\/li><li class=\"blocks-gallery-item\"><figure><a href=\"http:\/\/pracownia52.pl\/www\/wp-content\/uploads\/2012\/08\/leszek-dr-zona-Kawy-stod82.jpg\"><img loading=\"lazy\" decoding=\"async\" width=\"500\" height=\"353\" src=\"http:\/\/pracownia52.pl\/www\/wp-content\/uploads\/2012\/08\/leszek-dr-zona-Kawy-stod82.jpg\" alt=\"leszek-dr-zona-Kawy-stod82\" data-id=\"3831\" class=\"wp-image-3831\" srcset=\"https:\/\/pracownia52.pl\/www\/wp-content\/uploads\/2012\/08\/leszek-dr-zona-Kawy-stod82.jpg?v=1627124083 500w, https:\/\/pracownia52.pl\/www\/wp-content\/uploads\/2012\/08\/leszek-dr-zona-Kawy-stod82-300x212.jpg?v=1627124083 300w\" sizes=\"auto, (max-width: 500px) 100vw, 500px\" \/><\/a><\/figure><\/li><li class=\"blocks-gallery-item\"><figure><a href=\"https:\/\/pracownia52.pl\/www\/wp-content\/uploads\/2019\/01\/1983-krzak-berlin-Leszek-Dranicki-fot-mr-makowski-164-1024x683.jpg\"><img loading=\"lazy\" decoding=\"async\" width=\"1024\" height=\"683\" src=\"https:\/\/pracownia52.pl\/www\/wp-content\/uploads\/2019\/01\/1983-krzak-berlin-Leszek-Dranicki-fot-mr-makowski-164-1024x683.jpg\" alt=\"\" data-id=\"8870\" data-link=\"https:\/\/pracownia52.pl\/www\/?attachment_id=8870\" class=\"wp-image-8870\" srcset=\"https:\/\/pracownia52.pl\/www\/wp-content\/uploads\/2019\/01\/1983-krzak-berlin-Leszek-Dranicki-fot-mr-makowski-164-1024x683.jpg?v=1627123638 1024w, https:\/\/pracownia52.pl\/www\/wp-content\/uploads\/2019\/01\/1983-krzak-berlin-Leszek-Dranicki-fot-mr-makowski-164-300x200.jpg?v=1627123638 300w, https:\/\/pracownia52.pl\/www\/wp-content\/uploads\/2019\/01\/1983-krzak-berlin-Leszek-Dranicki-fot-mr-makowski-164-768x512.jpg?v=1627123638 768w, https:\/\/pracownia52.pl\/www\/wp-content\/uploads\/2019\/01\/1983-krzak-berlin-Leszek-Dranicki-fot-mr-makowski-164.jpg?v=1627123638 1200w\" sizes=\"auto, (max-width: 767px) 89vw, (max-width: 1000px) 54vw, (max-width: 1071px) 543px, 580px\" \/><\/a><figcaption class=\"blocks-gallery-item__caption\">Berlin Zach, 1983 rok<\/figcaption><\/figure><\/li><\/ul><\/figure>\n","protected":false},"excerpt":{"rendered":"<p>Chwile mi\u0142e, z przesz\u0142o\u015bci. Te\u017c w Krzaku,&nbsp;Antyquintecie\u2026Jeden plakat, zaraz go wklej\u0119 tu. Uaktualnienie: oo, plakatu nie mam \u2013 mam za to zdj\u0119cie, na nim wykorzystane, to \u015brodkowe ni\u017cej\u2026 Leszek nadal gra\u2026mr m.<\/p>\n","protected":false},"author":1,"featured_media":0,"parent":0,"menu_order":0,"comment_status":"closed","ping_status":"open","template":"","meta":{"footnotes":""},"class_list":["post-3289","page","type-page","status-publish","hentry"],"_links":{"self":[{"href":"https:\/\/pracownia52.pl\/www\/index.php?rest_route=\/wp\/v2\/pages\/3289","targetHints":{"allow":["GET"]}}],"collection":[{"href":"https:\/\/pracownia52.pl\/www\/index.php?rest_route=\/wp\/v2\/pages"}],"about":[{"href":"https:\/\/pracownia52.pl\/www\/index.php?rest_route=\/wp\/v2\/types\/page"}],"author":[{"embeddable":true,"href":"https:\/\/pracownia52.pl\/www\/index.php?rest_route=\/wp\/v2\/users\/1"}],"replies":[{"embeddable":true,"href":"https:\/\/pracownia52.pl\/www\/index.php?rest_route=%2Fwp%2Fv2%2Fcomments&post=3289"}],"version-history":[{"count":13,"href":"https:\/\/pracownia52.pl\/www\/index.php?rest_route=\/wp\/v2\/pages\/3289\/revisions"}],"predecessor-version":[{"id":9718,"href":"https:\/\/pracownia52.pl\/www\/index.php?rest_route=\/wp\/v2\/pages\/3289\/revisions\/9718"}],"wp:attachment":[{"href":"https:\/\/pracownia52.pl\/www\/index.php?rest_route=%2Fwp%2Fv2%2Fmedia&parent=3289"}],"curies":[{"name":"wp","href":"https:\/\/api.w.org\/{rel}","templated":true}]}}