{"id":337,"date":"2010-06-11T10:36:23","date_gmt":"2010-06-11T10:36:23","guid":{"rendered":"http:\/\/pracownia52.pl\/www\/?page_id=337"},"modified":"2018-12-24T10:53:42","modified_gmt":"2018-12-24T10:53:42","slug":"jan-kyks-skrzek","status":"publish","type":"page","link":"https:\/\/pracownia52.pl\/www\/?page_id=337","title":{"rendered":"Jan \u201eKyks\u201d Skrzek"},"content":{"rendered":"\n<figure class=\"wp-block-image\"><img loading=\"lazy\" decoding=\"async\" width=\"650\" height=\"957\" src=\"http:\/\/pracownia52.pl\/www\/wp-content\/uploads\/2010\/06\/1986-festiwal-harmonijki-jasiu-skrzek-dir-flat-V700-004-plus-harmonijki-best-650pxl-02.jpg\" alt=\"1986-festiwal-harmonijki-jasiu-skrzek-dir-flat-V700-004-plus-harmonijki-best-650pxl-02\" class=\"wp-image-4738\" srcset=\"https:\/\/pracownia52.pl\/www\/wp-content\/uploads\/2010\/06\/1986-festiwal-harmonijki-jasiu-skrzek-dir-flat-V700-004-plus-harmonijki-best-650pxl-02.jpg?v=1627123961 650w, https:\/\/pracownia52.pl\/www\/wp-content\/uploads\/2010\/06\/1986-festiwal-harmonijki-jasiu-skrzek-dir-flat-V700-004-plus-harmonijki-best-650pxl-02-204x300.jpg?v=1627123961 204w\" sizes=\"auto, (max-width: 650px) 100vw, 650px\" \/><\/figure>\n\n\n\n<p><br \/><br \/>ok\u0142adki do CD\u2019s; ok\u0142adka do 2 wydania CD, reedycja w 2004. ok\u0142adka do CD z 2006 r. \u201e\u015bpiewam pie\u015b\u0144 dla bluesa\u201d. mam te\u017c kilka fajnych zdj\u0119\u0107 Jasia. z olsztyna, z \u201erawy\u201d, z jarocina\u2026 mo\u017ce kiedy\u015b.<br \/>mr m.<br \/>29 I 2015: <a href=\"http:\/\/www.radio.katowice.pl\/zobacz,9054,Zmarl-Jan-Kyks-Skrzek.html#.VMn_GyjnznQ\">niestety<\/a>.<\/p>\n\n\n\n<ul class=\"wp-block-gallery columns-2 is-cropped wp-block-gallery-1 is-layout-flex wp-block-gallery-is-layout-flex\"><li class=\"blocks-gallery-item\"><figure><a href=\"https:\/\/pracownia52.pl\/www\/wp-content\/uploads\/2010\/06\/jan-kyks-skrzek.jpg\"><img loading=\"lazy\" decoding=\"async\" width=\"500\" height=\"500\" src=\"https:\/\/pracownia52.pl\/www\/wp-content\/uploads\/2010\/06\/jan-kyks-skrzek.jpg\" alt=\"\" data-id=\"339\" class=\"wp-image-339\" srcset=\"https:\/\/pracownia52.pl\/www\/wp-content\/uploads\/2010\/06\/jan-kyks-skrzek.jpg?v=1656427096 500w, https:\/\/pracownia52.pl\/www\/wp-content\/uploads\/2010\/06\/jan-kyks-skrzek-300x300.jpg?v=1656427096 300w, https:\/\/pracownia52.pl\/www\/wp-content\/uploads\/2010\/06\/jan-kyks-skrzek-150x150.jpg?v=1656427096 150w, https:\/\/pracownia52.pl\/www\/wp-content\/uploads\/2010\/06\/jan-kyks-skrzek-75x75.jpg?v=1656427096 75w\" sizes=\"auto, (max-width: 500px) 100vw, 500px\" \/><\/a><\/figure><\/li><li class=\"blocks-gallery-item\"><figure><a href=\"https:\/\/pracownia52.pl\/www\/wp-content\/uploads\/2010\/06\/kyks-2006-cd.jpg\"><img loading=\"lazy\" decoding=\"async\" width=\"600\" height=\"600\" src=\"https:\/\/pracownia52.pl\/www\/wp-content\/uploads\/2010\/06\/kyks-2006-cd.jpg\" alt=\"\" data-id=\"340\" class=\"wp-image-340\" srcset=\"https:\/\/pracownia52.pl\/www\/wp-content\/uploads\/2010\/06\/kyks-2006-cd.jpg?v=1656427147 600w, https:\/\/pracownia52.pl\/www\/wp-content\/uploads\/2010\/06\/kyks-2006-cd-300x300.jpg?v=1656427147 300w, https:\/\/pracownia52.pl\/www\/wp-content\/uploads\/2010\/06\/kyks-2006-cd-150x150.jpg?v=1656427147 150w, https:\/\/pracownia52.pl\/www\/wp-content\/uploads\/2010\/06\/kyks-2006-cd-75x75.jpg?v=1656427147 75w\" sizes=\"auto, (max-width: 600px) 100vw, 600px\" \/><\/a><\/figure><\/li><\/ul>\n","protected":false},"excerpt":{"rendered":"<p>ok\u0142adki do CD\u2019s; ok\u0142adka do 2 wydania CD, reedycja w 2004. ok\u0142adka do CD z 2006 r. \u201e\u015bpiewam pie\u015b\u0144 dla bluesa\u201d. mam te\u017c kilka fajnych zdj\u0119\u0107 Jasia. z olsztyna, z \u201erawy\u201d, z jarocina\u2026 mo\u017ce kiedy\u015b.mr m.29 I 2015: niestety.<\/p>\n","protected":false},"author":1,"featured_media":0,"parent":0,"menu_order":0,"comment_status":"closed","ping_status":"open","template":"","meta":{"footnotes":""},"class_list":["post-337","page","type-page","status-publish","hentry"],"_links":{"self":[{"href":"https:\/\/pracownia52.pl\/www\/index.php?rest_route=\/wp\/v2\/pages\/337","targetHints":{"allow":["GET"]}}],"collection":[{"href":"https:\/\/pracownia52.pl\/www\/index.php?rest_route=\/wp\/v2\/pages"}],"about":[{"href":"https:\/\/pracownia52.pl\/www\/index.php?rest_route=\/wp\/v2\/types\/page"}],"author":[{"embeddable":true,"href":"https:\/\/pracownia52.pl\/www\/index.php?rest_route=\/wp\/v2\/users\/1"}],"replies":[{"embeddable":true,"href":"https:\/\/pracownia52.pl\/www\/index.php?rest_route=%2Fwp%2Fv2%2Fcomments&post=337"}],"version-history":[{"count":8,"href":"https:\/\/pracownia52.pl\/www\/index.php?rest_route=\/wp\/v2\/pages\/337\/revisions"}],"predecessor-version":[{"id":8214,"href":"https:\/\/pracownia52.pl\/www\/index.php?rest_route=\/wp\/v2\/pages\/337\/revisions\/8214"}],"wp:attachment":[{"href":"https:\/\/pracownia52.pl\/www\/index.php?rest_route=%2Fwp%2Fv2%2Fmedia&parent=337"}],"curies":[{"name":"wp","href":"https:\/\/api.w.org\/{rel}","templated":true}]}}