{"id":343,"date":"2010-06-11T10:49:02","date_gmt":"2010-06-11T10:49:02","guid":{"rendered":"http:\/\/pracownia52.pl\/www\/?page_id=343"},"modified":"2018-12-24T10:54:33","modified_gmt":"2018-12-24T10:54:33","slug":"jazz-miesiecznik","status":"publish","type":"page","link":"https:\/\/pracownia52.pl\/www\/?page_id=343","title":{"rendered":"Jazz (miesi\u0119cznik)"},"content":{"rendered":"\n<p>p\u00f3\u0142 etatu. najpierw. zdj\u0119cia, teksty\u2026 p\u00f3\u017aniej (w stanie wojennym) przerobiony na \u201eMagazyn Muzyczny\u201d tam te\u017c, jeszcze w mies. \u201eJAZZ\u201d, prze\u017cy\u0142em tzw. weryfikacj\u0119 dziennikarsk\u0105\u2026<br \/>a w obrazkach: Tomasz Sta\u0144ko (1978 lub 79); p\u00f3\u017cniej wydany (te\u017c) w ksi\u0105\u017cce <a href=\"http:\/\/www.ooops.pl\/makowskiundpepe\/?p=6804\">Rafa\u0142a<\/a>\u2026 oraz: Krzysztof Sadowski (w miesi\u0119czniku by\u0142 chyba poziomy); w 2015 \u2013 kilka (+ moich) jego zdj\u0119\u0107 z tamtego okresu w ksi\u0105\u017ceczce do p\u0142yty Wyd. <a href=\"http:\/\/gadrecords.pl\/plyty\"><strong>GAD Records<\/strong><\/a><br \/>zob. te\u017c np. ciekawe duety <a href=\"https:\/\/pracownia52.pl\/www\/?page_id=1038\"><strong>Alber | Strobel<\/strong><\/a>, <a href=\"https:\/\/pracownia52.pl\/www\/?page_id=6206\"><strong>Bednarek | Zgraja<\/strong><\/a>, te\u017c <a href=\"https:\/\/pracownia52.pl\/www\/?page_id=1063\"><strong>Andrzej Przybielski i W\u0142adys\u0142aw Jagie\u0142\u0142o<\/strong><\/a> czy portrety innych tu: <a href=\"https:\/\/pracownia52.pl\/www\/?page_id=1058\"><strong>Helmut Nadolski<\/strong><\/a>, <a href=\"https:\/\/pracownia52.pl\/www\/?page_id=1536\"><strong>Zbigniew Namys\u0142owski<\/strong><\/a>\u2026<br \/>te\u017c kilkana\u015bcie takich, kt\u00f3rych jeszcze brakuje: Marianna Wr\u00f3blewska, W\u0142odzimierz Nahorny\u2026<br \/>mr m.<\/p>\n\n\n\n<ul class=\"wp-block-gallery columns-2 is-cropped wp-block-gallery-1 is-layout-flex wp-block-gallery-is-layout-flex\"><li class=\"blocks-gallery-item\"><figure><img loading=\"lazy\" decoding=\"async\" width=\"529\" height=\"800\" src=\"https:\/\/pracownia52.pl\/www\/wp-content\/uploads\/2010\/06\/tomasz-stanko-1979-low-1.jpg\" alt=\"\" data-id=\"345\" class=\"wp-image-345\" srcset=\"https:\/\/pracownia52.pl\/www\/wp-content\/uploads\/2010\/06\/tomasz-stanko-1979-low-1.jpg?v=1627124309 529w, https:\/\/pracownia52.pl\/www\/wp-content\/uploads\/2010\/06\/tomasz-stanko-1979-low-1-198x300.jpg?v=1627124309 198w\" sizes=\"auto, (max-width: 529px) 100vw, 529px\" \/><\/figure><\/li><li class=\"blocks-gallery-item\"><figure><img loading=\"lazy\" decoding=\"async\" width=\"450\" height=\"670\" src=\"https:\/\/pracownia52.pl\/www\/wp-content\/uploads\/2010\/06\/sadowski-1979-8-216-001mn.jpg\" alt=\"\" data-id=\"4419\" class=\"wp-image-4419\" srcset=\"https:\/\/pracownia52.pl\/www\/wp-content\/uploads\/2010\/06\/sadowski-1979-8-216-001mn.jpg?v=1627124027 450w, https:\/\/pracownia52.pl\/www\/wp-content\/uploads\/2010\/06\/sadowski-1979-8-216-001mn-201x300.jpg?v=1627124027 201w\" sizes=\"auto, (max-width: 450px) 100vw, 450px\" \/><\/figure><\/li><\/ul>\n","protected":false},"excerpt":{"rendered":"<p>p\u00f3\u0142 etatu. najpierw. zdj\u0119cia, teksty\u2026 p\u00f3\u017aniej (w stanie wojennym) przerobiony na \u201eMagazyn Muzyczny\u201d tam te\u017c, jeszcze w mies. \u201eJAZZ\u201d, prze\u017cy\u0142em tzw. weryfikacj\u0119 dziennikarsk\u0105\u2026a w obrazkach: Tomasz Sta\u0144ko (1978 lub 79); p\u00f3\u017cniej wydany (te\u017c) w ksi\u0105\u017cce Rafa\u0142a\u2026 oraz: Krzysztof Sadowski (w miesi\u0119czniku by\u0142 chyba poziomy); w 2015 \u2013 kilka (+ moich) jego zdj\u0119\u0107 z tamtego okresu &hellip; <\/p>\n<p class=\"link-more\"><a href=\"https:\/\/pracownia52.pl\/www\/?page_id=343\" class=\"more-link\">Czytaj dalej<span class=\"screen-reader-text\"> \u201eJazz (miesi\u0119cznik)\u201d<\/span><\/a><\/p>\n","protected":false},"author":1,"featured_media":0,"parent":0,"menu_order":0,"comment_status":"closed","ping_status":"open","template":"","meta":{"footnotes":""},"class_list":["post-343","page","type-page","status-publish","hentry"],"_links":{"self":[{"href":"https:\/\/pracownia52.pl\/www\/index.php?rest_route=\/wp\/v2\/pages\/343","targetHints":{"allow":["GET"]}}],"collection":[{"href":"https:\/\/pracownia52.pl\/www\/index.php?rest_route=\/wp\/v2\/pages"}],"about":[{"href":"https:\/\/pracownia52.pl\/www\/index.php?rest_route=\/wp\/v2\/types\/page"}],"author":[{"embeddable":true,"href":"https:\/\/pracownia52.pl\/www\/index.php?rest_route=\/wp\/v2\/users\/1"}],"replies":[{"embeddable":true,"href":"https:\/\/pracownia52.pl\/www\/index.php?rest_route=%2Fwp%2Fv2%2Fcomments&post=343"}],"version-history":[{"count":16,"href":"https:\/\/pracownia52.pl\/www\/index.php?rest_route=\/wp\/v2\/pages\/343\/revisions"}],"predecessor-version":[{"id":8216,"href":"https:\/\/pracownia52.pl\/www\/index.php?rest_route=\/wp\/v2\/pages\/343\/revisions\/8216"}],"wp:attachment":[{"href":"https:\/\/pracownia52.pl\/www\/index.php?rest_route=%2Fwp%2Fv2%2Fmedia&parent=343"}],"curies":[{"name":"wp","href":"https:\/\/api.w.org\/{rel}","templated":true}]}}