{"id":3487,"date":"2013-02-03T16:19:51","date_gmt":"2013-02-03T16:19:51","guid":{"rendered":"http:\/\/pracownia52.pl\/www\/?page_id=3487"},"modified":"2013-02-03T16:22:27","modified_gmt":"2013-02-03T16:22:27","slug":"dhl","status":"publish","type":"page","link":"https:\/\/pracownia52.pl\/www\/?page_id=3487","title":{"rendered":"DHL"},"content":{"rendered":"<p>biuletyn pracowniczy. (pierwsza po\u0142. lat 90.)<br \/>\nwysz\u0142o kilka numer\u00f3w \u2013 projekt nietypowy, bo w moich ulubionych 2 kolorach (czarny + pantone; \u201efirmowy\u201d oczywi\u015bcie).<br \/>\nw dodatku nie stosowa\u0142em (typowo) zdje\u0107 na ok\u0142adce, a rysunki r\u00f3\u017cne \u2013 nawet pana prezesa mi <a href=\"http:\/\/pracownia52.pl\/www\/?page_id=2189\"><strong>Barbara Redli\u0144ska<\/strong><\/a> narysowa\u0142a, ze zdj\u0119cia.<br \/>\nale pani, kt\u00f3ra ten projekt wymy\u015bli\u0142a i prowadzi\u0142a \u2013 posz\u0142a na urlop macierzy\u0144ski i si\u0119 sko\u0144czy\u0142o.<br \/>\n[mrm]<br \/>\n<br \/><a href=\"http:\/\/pracownia52.pl\/www\/wp-content\/uploads\/2013\/02\/DHL-magazyn-001mn.jpg\"><img loading=\"lazy\" decoding=\"async\" src=\"http:\/\/pracownia52.pl\/www\/wp-content\/uploads\/2013\/02\/DHL-magazyn-001mn-209x300.jpg\" alt=\"DHL-magazyn-001mn\" width=\"350\" height=\"502\" class=\"alignnone size-medium wp-image-3491\" srcset=\"https:\/\/pracownia52.pl\/www\/wp-content\/uploads\/2013\/02\/DHL-magazyn-001mn-209x300.jpg?v=1638727088 209w, https:\/\/pracownia52.pl\/www\/wp-content\/uploads\/2013\/02\/DHL-magazyn-001mn.jpg?v=1638727088 600w\" sizes=\"auto, (max-width: 350px) 100vw, 350px\" \/><\/a>  <a href=\"http:\/\/pracownia52.pl\/www\/wp-content\/uploads\/2013\/02\/DHL-magazyn-002mn.jpg\"><img loading=\"lazy\" decoding=\"async\" src=\"http:\/\/pracownia52.pl\/www\/wp-content\/uploads\/2013\/02\/DHL-magazyn-002mn.jpg\" alt=\"DHL-magazyn-002mn\" width=\"350\" height=\"502\" class=\"alignnone size-full wp-image-3492\" \/><\/a><\/p>\n","protected":false},"excerpt":{"rendered":"<p>biuletyn pracowniczy. (pierwsza po\u0142. lat 90.) wysz\u0142o kilka numer\u00f3w \u2013 projekt nietypowy, bo w moich ulubionych 2 kolorach (czarny + pantone; \u201efirmowy\u201d oczywi\u015bcie). w dodatku nie stosowa\u0142em (typowo) zdje\u0107 na ok\u0142adce, a rysunki r\u00f3\u017cne \u2013 nawet pana prezesa mi Barbara Redli\u0144ska narysowa\u0142a, ze zdj\u0119cia. ale pani, kt\u00f3ra ten projekt wymy\u015bli\u0142a i prowadzi\u0142a \u2013 posz\u0142a na &hellip; <\/p>\n<p class=\"link-more\"><a href=\"https:\/\/pracownia52.pl\/www\/?page_id=3487\" class=\"more-link\">Czytaj dalej<span class=\"screen-reader-text\"> \u201eDHL\u201d<\/span><\/a><\/p>\n","protected":false},"author":1,"featured_media":0,"parent":0,"menu_order":3,"comment_status":"closed","ping_status":"open","template":"","meta":{"footnotes":""},"class_list":["post-3487","page","type-page","status-publish","hentry"],"_links":{"self":[{"href":"https:\/\/pracownia52.pl\/www\/index.php?rest_route=\/wp\/v2\/pages\/3487","targetHints":{"allow":["GET"]}}],"collection":[{"href":"https:\/\/pracownia52.pl\/www\/index.php?rest_route=\/wp\/v2\/pages"}],"about":[{"href":"https:\/\/pracownia52.pl\/www\/index.php?rest_route=\/wp\/v2\/types\/page"}],"author":[{"embeddable":true,"href":"https:\/\/pracownia52.pl\/www\/index.php?rest_route=\/wp\/v2\/users\/1"}],"replies":[{"embeddable":true,"href":"https:\/\/pracownia52.pl\/www\/index.php?rest_route=%2Fwp%2Fv2%2Fcomments&post=3487"}],"version-history":[{"count":11,"href":"https:\/\/pracownia52.pl\/www\/index.php?rest_route=\/wp\/v2\/pages\/3487\/revisions"}],"predecessor-version":[{"id":3500,"href":"https:\/\/pracownia52.pl\/www\/index.php?rest_route=\/wp\/v2\/pages\/3487\/revisions\/3500"}],"wp:attachment":[{"href":"https:\/\/pracownia52.pl\/www\/index.php?rest_route=%2Fwp%2Fv2%2Fmedia&parent=3487"}],"curies":[{"name":"wp","href":"https:\/\/api.w.org\/{rel}","templated":true}]}}