{"id":356,"date":"2010-06-11T10:57:26","date_gmt":"2010-06-11T10:57:26","guid":{"rendered":"http:\/\/pracownia52.pl\/www\/?page_id=356"},"modified":"2017-10-08T15:00:12","modified_gmt":"2017-10-08T15:00:12","slug":"jerozolimska-orkiestra-symfoniczna","status":"publish","type":"page","link":"https:\/\/pracownia52.pl\/www\/?page_id=356","title":{"rendered":"Jerozolimska Orkiestra Symfoniczna"},"content":{"rendered":"<p>\u2022 znak-ilustracja oraz folder do jedynego wtedy koncertu w Polsce<br \/>\n\u2022 katalog; oraz cudze (sponsor\u00f3w) materia\u0142y informacyjne w nietypowej teczce kt\u00f3rej introligator nie chcia\u0142 skleja\u0107 \u2013 cho\u0107 sam wymy\u015bli\u0142. kleili\u015bmy sami, z pomoc\u0105 zaprzyja\u017anionych rodzin. i uda\u0142o si\u0119.<br \/>\nach, i to, co wida\u0107 na ilustracji \u2013 toi by\u0142 tzw. <a href=\"https:\/\/pl.wikipedia.org\/wiki\/Suchy_t\u0142ok\"><strong>suchy t\u0142ok<\/strong><\/a> (druk reliefowy), wyciskany na papierze teczki. (a wi\u0119c niedok\u0142adno\u015bci, detale\u2026 troch\u0119 gin\u0119\u0142y; tu je wida\u0107 (za) wyra\u017anie jednak.<br \/>\nmr m.<br \/>\n<img loading=\"lazy\" decoding=\"async\" src=\"http:\/\/pracownia52.pl\/www\/wp-content\/uploads\/2010\/06\/jerozolimska-orkiestra-w.png\" alt=\"\" title=\"jerozolimska-orkiestra-w\" width=\"500\" height=\"500\" border\"0\" \/><\/p>\n","protected":false},"excerpt":{"rendered":"<p>\u2022 znak-ilustracja oraz folder do jedynego wtedy koncertu w Polsce \u2022 katalog; oraz cudze (sponsor\u00f3w) materia\u0142y informacyjne w nietypowej teczce kt\u00f3rej introligator nie chcia\u0142 skleja\u0107 \u2013 cho\u0107 sam wymy\u015bli\u0142. kleili\u015bmy sami, z pomoc\u0105 zaprzyja\u017anionych rodzin. i uda\u0142o si\u0119. ach, i to, co wida\u0107 na ilustracji \u2013 toi by\u0142 tzw. suchy t\u0142ok (druk reliefowy), wyciskany na &hellip; <\/p>\n<p class=\"link-more\"><a href=\"https:\/\/pracownia52.pl\/www\/?page_id=356\" class=\"more-link\">Czytaj dalej<span class=\"screen-reader-text\"> \u201eJerozolimska Orkiestra Symfoniczna\u201d<\/span><\/a><\/p>\n","protected":false},"author":1,"featured_media":0,"parent":0,"menu_order":3,"comment_status":"closed","ping_status":"open","template":"","meta":{"footnotes":""},"class_list":["post-356","page","type-page","status-publish","hentry"],"_links":{"self":[{"href":"https:\/\/pracownia52.pl\/www\/index.php?rest_route=\/wp\/v2\/pages\/356","targetHints":{"allow":["GET"]}}],"collection":[{"href":"https:\/\/pracownia52.pl\/www\/index.php?rest_route=\/wp\/v2\/pages"}],"about":[{"href":"https:\/\/pracownia52.pl\/www\/index.php?rest_route=\/wp\/v2\/types\/page"}],"author":[{"embeddable":true,"href":"https:\/\/pracownia52.pl\/www\/index.php?rest_route=\/wp\/v2\/users\/1"}],"replies":[{"embeddable":true,"href":"https:\/\/pracownia52.pl\/www\/index.php?rest_route=%2Fwp%2Fv2%2Fcomments&post=356"}],"version-history":[{"count":8,"href":"https:\/\/pracownia52.pl\/www\/index.php?rest_route=\/wp\/v2\/pages\/356\/revisions"}],"predecessor-version":[{"id":7241,"href":"https:\/\/pracownia52.pl\/www\/index.php?rest_route=\/wp\/v2\/pages\/356\/revisions\/7241"}],"wp:attachment":[{"href":"https:\/\/pracownia52.pl\/www\/index.php?rest_route=%2Fwp%2Fv2%2Fmedia&parent=356"}],"curies":[{"name":"wp","href":"https:\/\/api.w.org\/{rel}","templated":true}]}}