{"id":3611,"date":"2013-03-19T09:45:28","date_gmt":"2013-03-19T09:45:28","guid":{"rendered":"http:\/\/pracownia52.pl\/www\/?page_id=3611"},"modified":"2018-12-27T12:59:27","modified_gmt":"2018-12-27T12:59:27","slug":"reczne-i-chemiczne","status":"publish","type":"page","link":"https:\/\/pracownia52.pl\/www\/?page_id=3611","title":{"rendered":"r\u0119czne i chemiczne"},"content":{"rendered":"\n<p>Z lat 70. p\u00f3\u017aniej mi si\u0119 znudzi\u0142y: efekty s\u0105 powtarzalne.<br \/>(Ale dosta\u0142em za nie <a href=\"http:\/\/pracownia52.pl\/www\/wp-content\/uploads\/2010\/06\/mrm-artysta-1-41.jpg\"><strong>papiery MKiS<\/strong><\/a>; \u017ce <em>jestem Artyst\u0105<\/em>, warto by\u0142o.)<br \/>mr m.<\/p>\n\n\n\n<ul class=\"wp-block-gallery columns-4 is-cropped wp-block-gallery-1 is-layout-flex wp-block-gallery-is-layout-flex\"><li class=\"blocks-gallery-item\"><figure><a href=\"https:\/\/pracownia52.pl\/www\/wp-content\/uploads\/2013\/03\/alber-strobel.jpg\"><img loading=\"lazy\" decoding=\"async\" width=\"550\" height=\"450\" src=\"https:\/\/pracownia52.pl\/www\/wp-content\/uploads\/2013\/03\/alber-strobel.jpg\" alt=\"\" data-id=\"3612\" class=\"wp-image-3612\" srcset=\"https:\/\/pracownia52.pl\/www\/wp-content\/uploads\/2013\/03\/alber-strobel.jpg?v=1627124104 550w, https:\/\/pracownia52.pl\/www\/wp-content\/uploads\/2013\/03\/alber-strobel-300x245.jpg?v=1627124104 300w\" sizes=\"auto, (max-width: 550px) 100vw, 550px\" \/><\/a><\/figure><\/li><li class=\"blocks-gallery-item\"><figure><a href=\"https:\/\/pracownia52.pl\/www\/wp-content\/uploads\/2013\/03\/alte-1a-ddi-tan-dr.jpg\"><img loading=\"lazy\" decoding=\"async\" width=\"500\" height=\"334\" src=\"https:\/\/pracownia52.pl\/www\/wp-content\/uploads\/2013\/03\/alte-1a-ddi-tan-dr.jpg\" alt=\"\" data-id=\"3613\" class=\"wp-image-3613\" srcset=\"https:\/\/pracownia52.pl\/www\/wp-content\/uploads\/2013\/03\/alte-1a-ddi-tan-dr.jpg?v=1627124104 500w, https:\/\/pracownia52.pl\/www\/wp-content\/uploads\/2013\/03\/alte-1a-ddi-tan-dr-300x200.jpg?v=1627124104 300w\" sizes=\"auto, (max-width: 500px) 100vw, 500px\" \/><\/a><\/figure><\/li><li class=\"blocks-gallery-item\"><figure><a href=\"https:\/\/pracownia52.pl\/www\/wp-content\/uploads\/2013\/03\/aska-sienicka-mid-70-mn.jpg\"><img loading=\"lazy\" decoding=\"async\" width=\"450\" height=\"607\" src=\"https:\/\/pracownia52.pl\/www\/wp-content\/uploads\/2013\/03\/aska-sienicka-mid-70-mn.jpg\" alt=\"\" data-id=\"3614\" class=\"wp-image-3614\" srcset=\"https:\/\/pracownia52.pl\/www\/wp-content\/uploads\/2013\/03\/aska-sienicka-mid-70-mn.jpg?v=1627124104 450w, https:\/\/pracownia52.pl\/www\/wp-content\/uploads\/2013\/03\/aska-sienicka-mid-70-mn-222x300.jpg?v=1627124104 222w\" sizes=\"auto, (max-width: 450px) 100vw, 450px\" \/><\/a><\/figure><\/li><li class=\"blocks-gallery-item\"><figure><a href=\"https:\/\/pracownia52.pl\/www\/wp-content\/uploads\/2013\/03\/bozena-stryjek-1978-mn.jpg\"><img loading=\"lazy\" decoding=\"async\" width=\"550\" height=\"408\" src=\"https:\/\/pracownia52.pl\/www\/wp-content\/uploads\/2013\/03\/bozena-stryjek-1978-mn.jpg\" alt=\"\" data-id=\"3615\" class=\"wp-image-3615\" srcset=\"https:\/\/pracownia52.pl\/www\/wp-content\/uploads\/2013\/03\/bozena-stryjek-1978-mn.jpg?v=1627124104 550w, https:\/\/pracownia52.pl\/www\/wp-content\/uploads\/2013\/03\/bozena-stryjek-1978-mn-300x223.jpg?v=1627124104 300w\" sizes=\"auto, (max-width: 550px) 100vw, 550px\" \/><\/a><\/figure><\/li><li class=\"blocks-gallery-item\"><figure><a href=\"https:\/\/pracownia52.pl\/www\/wp-content\/uploads\/2013\/03\/czeslaw-niemen.jpg\"><img loading=\"lazy\" decoding=\"async\" width=\"500\" height=\"688\" src=\"https:\/\/pracownia52.pl\/www\/wp-content\/uploads\/2013\/03\/czeslaw-niemen.jpg\" alt=\"\" data-id=\"3616\" class=\"wp-image-3616\" srcset=\"https:\/\/pracownia52.pl\/www\/wp-content\/uploads\/2013\/03\/czeslaw-niemen.jpg?v=1627124103 500w, https:\/\/pracownia52.pl\/www\/wp-content\/uploads\/2013\/03\/czeslaw-niemen-218x300.jpg?v=1627124103 218w\" sizes=\"auto, (max-width: 500px) 100vw, 500px\" \/><\/a><\/figure><\/li><li class=\"blocks-gallery-item\"><figure><a href=\"https:\/\/pracownia52.pl\/www\/wp-content\/uploads\/2013\/03\/dziwacznie.jpg\"><img loading=\"lazy\" decoding=\"async\" width=\"450\" height=\"686\" src=\"https:\/\/pracownia52.pl\/www\/wp-content\/uploads\/2013\/03\/dziwacznie.jpg\" alt=\"\" data-id=\"3617\" class=\"wp-image-3617\" srcset=\"https:\/\/pracownia52.pl\/www\/wp-content\/uploads\/2013\/03\/dziwacznie.jpg?v=1627124103 450w, https:\/\/pracownia52.pl\/www\/wp-content\/uploads\/2013\/03\/dziwacznie-197x300.jpg?v=1627124103 197w\" sizes=\"auto, (max-width: 450px) 100vw, 450px\" \/><\/a><\/figure><\/li><li class=\"blocks-gallery-item\"><figure><a href=\"https:\/\/pracownia52.pl\/www\/wp-content\/uploads\/2013\/03\/eric-clapton.jpg\"><img loading=\"lazy\" decoding=\"async\" width=\"500\" height=\"648\" src=\"https:\/\/pracownia52.pl\/www\/wp-content\/uploads\/2013\/03\/eric-clapton.jpg\" alt=\"\" data-id=\"3618\" class=\"wp-image-3618\" srcset=\"https:\/\/pracownia52.pl\/www\/wp-content\/uploads\/2013\/03\/eric-clapton.jpg?v=1627124103 500w, https:\/\/pracownia52.pl\/www\/wp-content\/uploads\/2013\/03\/eric-clapton-231x300.jpg?v=1627124103 231w\" sizes=\"auto, (max-width: 500px) 100vw, 500px\" \/><\/a><\/figure><\/li><li class=\"blocks-gallery-item\"><figure><a href=\"https:\/\/pracownia52.pl\/www\/wp-content\/uploads\/2013\/03\/ewabiejat-kuba-mn.jpg\"><img loading=\"lazy\" decoding=\"async\" width=\"450\" height=\"676\" src=\"https:\/\/pracownia52.pl\/www\/wp-content\/uploads\/2013\/03\/ewabiejat-kuba-mn.jpg\" alt=\"\" data-id=\"3619\" class=\"wp-image-3619\" srcset=\"https:\/\/pracownia52.pl\/www\/wp-content\/uploads\/2013\/03\/ewabiejat-kuba-mn.jpg?v=1627124103 450w, https:\/\/pracownia52.pl\/www\/wp-content\/uploads\/2013\/03\/ewabiejat-kuba-mn-200x300.jpg?v=1627124103 200w\" sizes=\"auto, (max-width: 450px) 100vw, 450px\" \/><\/a><\/figure><\/li><li class=\"blocks-gallery-item\"><figure><a href=\"https:\/\/pracownia52.pl\/www\/wp-content\/uploads\/2013\/03\/hoza-mid-70-6x9-mn.jpg\"><img loading=\"lazy\" decoding=\"async\" width=\"450\" height=\"782\" src=\"https:\/\/pracownia52.pl\/www\/wp-content\/uploads\/2013\/03\/hoza-mid-70-6x9-mn.jpg\" alt=\"\" data-id=\"3620\" class=\"wp-image-3620\" srcset=\"https:\/\/pracownia52.pl\/www\/wp-content\/uploads\/2013\/03\/hoza-mid-70-6x9-mn.jpg?v=1627124103 450w, https:\/\/pracownia52.pl\/www\/wp-content\/uploads\/2013\/03\/hoza-mid-70-6x9-mn-173x300.jpg?v=1627124103 173w\" sizes=\"auto, (max-width: 450px) 100vw, 450px\" \/><\/a><\/figure><\/li><li class=\"blocks-gallery-item\"><figure><a href=\"https:\/\/pracownia52.pl\/www\/wp-content\/uploads\/2013\/03\/jamiol-pozytyw-kolor-repr-m.jpg\"><img loading=\"lazy\" decoding=\"async\" width=\"450\" height=\"683\" src=\"https:\/\/pracownia52.pl\/www\/wp-content\/uploads\/2013\/03\/jamiol-pozytyw-kolor-repr-m.jpg\" alt=\"\" data-id=\"3621\" class=\"wp-image-3621\" srcset=\"https:\/\/pracownia52.pl\/www\/wp-content\/uploads\/2013\/03\/jamiol-pozytyw-kolor-repr-m.jpg?v=1627124102 450w, https:\/\/pracownia52.pl\/www\/wp-content\/uploads\/2013\/03\/jamiol-pozytyw-kolor-repr-m-198x300.jpg?v=1627124102 198w\" sizes=\"auto, (max-width: 450px) 100vw, 450px\" \/><\/a><\/figure><\/li><li class=\"blocks-gallery-item\"><figure><a href=\"https:\/\/pracownia52.pl\/www\/wp-content\/uploads\/2013\/03\/jaremko-miskiewicz-mn.jpg\"><img loading=\"lazy\" decoding=\"async\" width=\"550\" height=\"376\" src=\"https:\/\/pracownia52.pl\/www\/wp-content\/uploads\/2013\/03\/jaremko-miskiewicz-mn.jpg\" alt=\"\" data-id=\"3622\" class=\"wp-image-3622\" srcset=\"https:\/\/pracownia52.pl\/www\/wp-content\/uploads\/2013\/03\/jaremko-miskiewicz-mn.jpg?v=1627124102 550w, https:\/\/pracownia52.pl\/www\/wp-content\/uploads\/2013\/03\/jaremko-miskiewicz-mn-300x205.jpg?v=1627124102 300w\" sizes=\"auto, (max-width: 550px) 100vw, 550px\" \/><\/a><\/figure><\/li><li class=\"blocks-gallery-item\"><figure><a href=\"https:\/\/pracownia52.pl\/www\/wp-content\/uploads\/2013\/03\/krakow-205-neg.jpg\"><img loading=\"lazy\" decoding=\"async\" width=\"550\" height=\"109\" src=\"https:\/\/pracownia52.pl\/www\/wp-content\/uploads\/2013\/03\/krakow-205-neg.jpg\" alt=\"\" data-id=\"3623\" class=\"wp-image-3623\" srcset=\"https:\/\/pracownia52.pl\/www\/wp-content\/uploads\/2013\/03\/krakow-205-neg.jpg?v=1627124102 550w, https:\/\/pracownia52.pl\/www\/wp-content\/uploads\/2013\/03\/krakow-205-neg-300x59.jpg?v=1627124102 300w\" sizes=\"auto, (max-width: 550px) 100vw, 550px\" \/><\/a><\/figure><\/li><li class=\"blocks-gallery-item\"><figure><a href=\"https:\/\/pracownia52.pl\/www\/wp-content\/uploads\/2013\/03\/krakow-205-pos.jpg\"><img loading=\"lazy\" decoding=\"async\" width=\"500\" height=\"211\" src=\"https:\/\/pracownia52.pl\/www\/wp-content\/uploads\/2013\/03\/krakow-205-pos.jpg\" alt=\"\" data-id=\"3624\" class=\"wp-image-3624\" srcset=\"https:\/\/pracownia52.pl\/www\/wp-content\/uploads\/2013\/03\/krakow-205-pos.jpg?v=1627124102 500w, https:\/\/pracownia52.pl\/www\/wp-content\/uploads\/2013\/03\/krakow-205-pos-300x127.jpg?v=1627124102 300w\" sizes=\"auto, (max-width: 500px) 100vw, 500px\" \/><\/a><\/figure><\/li><li class=\"blocks-gallery-item\"><figure><a href=\"https:\/\/pracownia52.pl\/www\/wp-content\/uploads\/2013\/03\/lowicz-1974-boze-cialo.jpg\"><img loading=\"lazy\" decoding=\"async\" width=\"550\" height=\"413\" src=\"https:\/\/pracownia52.pl\/www\/wp-content\/uploads\/2013\/03\/lowicz-1974-boze-cialo.jpg\" alt=\"\" data-id=\"3625\" class=\"wp-image-3625\" srcset=\"https:\/\/pracownia52.pl\/www\/wp-content\/uploads\/2013\/03\/lowicz-1974-boze-cialo.jpg?v=1627124101 550w, https:\/\/pracownia52.pl\/www\/wp-content\/uploads\/2013\/03\/lowicz-1974-boze-cialo-300x225.jpg?v=1627124101 300w\" sizes=\"auto, (max-width: 550px) 100vw, 550px\" \/><\/a><\/figure><\/li><li class=\"blocks-gallery-item\"><figure><a href=\"https:\/\/pracownia52.pl\/www\/wp-content\/uploads\/2013\/03\/manual-chemie-an-mn.jpg\"><img loading=\"lazy\" decoding=\"async\" width=\"600\" height=\"411\" src=\"https:\/\/pracownia52.pl\/www\/wp-content\/uploads\/2013\/03\/manual-chemie-an-mn.jpg\" alt=\"\" data-id=\"3626\" class=\"wp-image-3626\" srcset=\"https:\/\/pracownia52.pl\/www\/wp-content\/uploads\/2013\/03\/manual-chemie-an-mn.jpg?v=1627124101 600w, https:\/\/pracownia52.pl\/www\/wp-content\/uploads\/2013\/03\/manual-chemie-an-mn-300x206.jpg?v=1627124101 300w\" sizes=\"auto, (max-width: 600px) 100vw, 600px\" \/><\/a><\/figure><\/li><li class=\"blocks-gallery-item\"><figure><a href=\"https:\/\/pracownia52.pl\/www\/wp-content\/uploads\/2013\/03\/manual-chemie-babcia-jozefa.jpg\"><img loading=\"lazy\" decoding=\"async\" width=\"550\" height=\"430\" src=\"https:\/\/pracownia52.pl\/www\/wp-content\/uploads\/2013\/03\/manual-chemie-babcia-jozefa.jpg\" alt=\"\" data-id=\"3627\" class=\"wp-image-3627\" srcset=\"https:\/\/pracownia52.pl\/www\/wp-content\/uploads\/2013\/03\/manual-chemie-babcia-jozefa.jpg?v=1627124101 550w, https:\/\/pracownia52.pl\/www\/wp-content\/uploads\/2013\/03\/manual-chemie-babcia-jozefa-300x235.jpg?v=1627124101 300w\" sizes=\"auto, (max-width: 550px) 100vw, 550px\" \/><\/a><\/figure><\/li><li class=\"blocks-gallery-item\"><figure><a href=\"https:\/\/pracownia52.pl\/www\/wp-content\/uploads\/2013\/03\/manual-chemie-joanna-mn.jpg\"><img loading=\"lazy\" decoding=\"async\" width=\"450\" height=\"603\" src=\"https:\/\/pracownia52.pl\/www\/wp-content\/uploads\/2013\/03\/manual-chemie-joanna-mn.jpg\" alt=\"\" data-id=\"3628\" class=\"wp-image-3628\" srcset=\"https:\/\/pracownia52.pl\/www\/wp-content\/uploads\/2013\/03\/manual-chemie-joanna-mn.jpg?v=1627124101 450w, https:\/\/pracownia52.pl\/www\/wp-content\/uploads\/2013\/03\/manual-chemie-joanna-mn-224x300.jpg?v=1627124101 224w\" sizes=\"auto, (max-width: 450px) 100vw, 450px\" \/><\/a><\/figure><\/li><li class=\"blocks-gallery-item\"><figure><a href=\"https:\/\/pracownia52.pl\/www\/wp-content\/uploads\/2013\/03\/manual-chemie-park-mn.jpg\"><img loading=\"lazy\" decoding=\"async\" width=\"550\" height=\"391\" src=\"https:\/\/pracownia52.pl\/www\/wp-content\/uploads\/2013\/03\/manual-chemie-park-mn.jpg\" alt=\"\" data-id=\"3629\" class=\"wp-image-3629\" srcset=\"https:\/\/pracownia52.pl\/www\/wp-content\/uploads\/2013\/03\/manual-chemie-park-mn.jpg?v=1627124100 550w, https:\/\/pracownia52.pl\/www\/wp-content\/uploads\/2013\/03\/manual-chemie-park-mn-300x213.jpg?v=1627124100 300w\" sizes=\"auto, (max-width: 550px) 100vw, 550px\" \/><\/a><\/figure><\/li><li class=\"blocks-gallery-item\"><figure><a href=\"https:\/\/pracownia52.pl\/www\/wp-content\/uploads\/2013\/03\/manual-chemie-pewex-mn.jpg\"><img loading=\"lazy\" decoding=\"async\" width=\"550\" height=\"391\" src=\"https:\/\/pracownia52.pl\/www\/wp-content\/uploads\/2013\/03\/manual-chemie-pewex-mn.jpg\" alt=\"\" data-id=\"3630\" class=\"wp-image-3630\" srcset=\"https:\/\/pracownia52.pl\/www\/wp-content\/uploads\/2013\/03\/manual-chemie-pewex-mn.jpg?v=1627124100 550w, https:\/\/pracownia52.pl\/www\/wp-content\/uploads\/2013\/03\/manual-chemie-pewex-mn-300x213.jpg?v=1627124100 300w\" sizes=\"auto, (max-width: 550px) 100vw, 550px\" \/><\/a><\/figure><\/li><li class=\"blocks-gallery-item\"><figure><a href=\"https:\/\/pracownia52.pl\/www\/wp-content\/uploads\/2013\/03\/manual-chemie-reprod-mn.jpg\"><img loading=\"lazy\" decoding=\"async\" width=\"550\" height=\"411\" src=\"https:\/\/pracownia52.pl\/www\/wp-content\/uploads\/2013\/03\/manual-chemie-reprod-mn.jpg\" alt=\"\" data-id=\"3631\" class=\"wp-image-3631\" srcset=\"https:\/\/pracownia52.pl\/www\/wp-content\/uploads\/2013\/03\/manual-chemie-reprod-mn.jpg?v=1627124100 550w, https:\/\/pracownia52.pl\/www\/wp-content\/uploads\/2013\/03\/manual-chemie-reprod-mn-300x224.jpg?v=1627124100 300w\" sizes=\"auto, (max-width: 550px) 100vw, 550px\" \/><\/a><\/figure><\/li><li class=\"blocks-gallery-item\"><figure><a href=\"https:\/\/pracownia52.pl\/www\/wp-content\/uploads\/2013\/03\/manual-chemie-the-quortet-m.jpg\"><img loading=\"lazy\" decoding=\"async\" width=\"450\" height=\"643\" src=\"https:\/\/pracownia52.pl\/www\/wp-content\/uploads\/2013\/03\/manual-chemie-the-quortet-m.jpg\" alt=\"\" data-id=\"3632\" class=\"wp-image-3632\" srcset=\"https:\/\/pracownia52.pl\/www\/wp-content\/uploads\/2013\/03\/manual-chemie-the-quortet-m.jpg?v=1627124099 450w, https:\/\/pracownia52.pl\/www\/wp-content\/uploads\/2013\/03\/manual-chemie-the-quortet-m-210x300.jpg?v=1627124099 210w\" sizes=\"auto, (max-width: 450px) 100vw, 450px\" \/><\/a><\/figure><\/li><li class=\"blocks-gallery-item\"><figure><a href=\"https:\/\/pracownia52.pl\/www\/wp-content\/uploads\/2013\/03\/manual-chemie-zosia-r-mn.jpg\"><img loading=\"lazy\" decoding=\"async\" width=\"550\" height=\"392\" src=\"https:\/\/pracownia52.pl\/www\/wp-content\/uploads\/2013\/03\/manual-chemie-zosia-r-mn.jpg\" alt=\"\" data-id=\"3633\" class=\"wp-image-3633\" srcset=\"https:\/\/pracownia52.pl\/www\/wp-content\/uploads\/2013\/03\/manual-chemie-zosia-r-mn.jpg?v=1627124099 550w, https:\/\/pracownia52.pl\/www\/wp-content\/uploads\/2013\/03\/manual-chemie-zosia-r-mn-300x214.jpg?v=1627124099 300w\" sizes=\"auto, (max-width: 550px) 100vw, 550px\" \/><\/a><\/figure><\/li><li class=\"blocks-gallery-item\"><figure><a href=\"https:\/\/pracownia52.pl\/www\/wp-content\/uploads\/2013\/03\/manual-chemie-zosia-sama-mn.jpg\"><img loading=\"lazy\" decoding=\"async\" width=\"550\" height=\"410\" src=\"https:\/\/pracownia52.pl\/www\/wp-content\/uploads\/2013\/03\/manual-chemie-zosia-sama-mn.jpg\" alt=\"\" data-id=\"3634\" class=\"wp-image-3634\" srcset=\"https:\/\/pracownia52.pl\/www\/wp-content\/uploads\/2013\/03\/manual-chemie-zosia-sama-mn.jpg?v=1627124099 550w, https:\/\/pracownia52.pl\/www\/wp-content\/uploads\/2013\/03\/manual-chemie-zosia-sama-mn-300x224.jpg?v=1627124099 300w\" sizes=\"auto, (max-width: 550px) 100vw, 550px\" \/><\/a><\/figure><\/li><li class=\"blocks-gallery-item\"><figure><a href=\"https:\/\/pracownia52.pl\/www\/wp-content\/uploads\/2013\/03\/manual-stegny-mn.jpg\"><img loading=\"lazy\" decoding=\"async\" width=\"550\" height=\"410\" src=\"https:\/\/pracownia52.pl\/www\/wp-content\/uploads\/2013\/03\/manual-stegny-mn.jpg\" alt=\"\" data-id=\"3635\" class=\"wp-image-3635\" srcset=\"https:\/\/pracownia52.pl\/www\/wp-content\/uploads\/2013\/03\/manual-stegny-mn.jpg?v=1627124099 550w, https:\/\/pracownia52.pl\/www\/wp-content\/uploads\/2013\/03\/manual-stegny-mn-300x224.jpg?v=1627124099 300w\" sizes=\"auto, (max-width: 550px) 100vw, 550px\" \/><\/a><\/figure><\/li><li class=\"blocks-gallery-item\"><figure><a href=\"https:\/\/pracownia52.pl\/www\/wp-content\/uploads\/2013\/03\/manual-tarnobrzeg-mn.jpg\"><img loading=\"lazy\" decoding=\"async\" width=\"350\" height=\"761\" src=\"https:\/\/pracownia52.pl\/www\/wp-content\/uploads\/2013\/03\/manual-tarnobrzeg-mn.jpg\" alt=\"\" data-id=\"3636\" class=\"wp-image-3636\" srcset=\"https:\/\/pracownia52.pl\/www\/wp-content\/uploads\/2013\/03\/manual-tarnobrzeg-mn.jpg?v=1627124099 350w, https:\/\/pracownia52.pl\/www\/wp-content\/uploads\/2013\/03\/manual-tarnobrzeg-mn-138x300.jpg?v=1627124099 138w\" sizes=\"auto, (max-width: 350px) 100vw, 350px\" \/><\/a><\/figure><\/li><li class=\"blocks-gallery-item\"><figure><a href=\"https:\/\/pracownia52.pl\/www\/wp-content\/uploads\/2013\/03\/perforacja-371mn.jpg\"><img loading=\"lazy\" decoding=\"async\" width=\"550\" height=\"405\" src=\"https:\/\/pracownia52.pl\/www\/wp-content\/uploads\/2013\/03\/perforacja-371mn.jpg\" alt=\"\" data-id=\"3638\" class=\"wp-image-3638\" srcset=\"https:\/\/pracownia52.pl\/www\/wp-content\/uploads\/2013\/03\/perforacja-371mn.jpg?v=1627124098 550w, https:\/\/pracownia52.pl\/www\/wp-content\/uploads\/2013\/03\/perforacja-371mn-300x221.jpg?v=1627124098 300w\" sizes=\"auto, (max-width: 550px) 100vw, 550px\" \/><\/a><\/figure><\/li><\/ul>\n","protected":false},"excerpt":{"rendered":"<p>Z lat 70. p\u00f3\u017aniej mi si\u0119 znudzi\u0142y: efekty s\u0105 powtarzalne.(Ale dosta\u0142em za nie papiery MKiS; \u017ce jestem Artyst\u0105, warto by\u0142o.)mr m.<\/p>\n","protected":false},"author":1,"featured_media":0,"parent":0,"menu_order":3,"comment_status":"closed","ping_status":"open","template":"","meta":{"footnotes":""},"class_list":["post-3611","page","type-page","status-publish","hentry"],"_links":{"self":[{"href":"https:\/\/pracownia52.pl\/www\/index.php?rest_route=\/wp\/v2\/pages\/3611","targetHints":{"allow":["GET"]}}],"collection":[{"href":"https:\/\/pracownia52.pl\/www\/index.php?rest_route=\/wp\/v2\/pages"}],"about":[{"href":"https:\/\/pracownia52.pl\/www\/index.php?rest_route=\/wp\/v2\/types\/page"}],"author":[{"embeddable":true,"href":"https:\/\/pracownia52.pl\/www\/index.php?rest_route=\/wp\/v2\/users\/1"}],"replies":[{"embeddable":true,"href":"https:\/\/pracownia52.pl\/www\/index.php?rest_route=%2Fwp%2Fv2%2Fcomments&post=3611"}],"version-history":[{"count":9,"href":"https:\/\/pracownia52.pl\/www\/index.php?rest_route=\/wp\/v2\/pages\/3611\/revisions"}],"predecessor-version":[{"id":8407,"href":"https:\/\/pracownia52.pl\/www\/index.php?rest_route=\/wp\/v2\/pages\/3611\/revisions\/8407"}],"wp:attachment":[{"href":"https:\/\/pracownia52.pl\/www\/index.php?rest_route=%2Fwp%2Fv2%2Fmedia&parent=3611"}],"curies":[{"name":"wp","href":"https:\/\/api.w.org\/{rel}","templated":true}]}}