{"id":3712,"date":"2013-04-10T20:14:20","date_gmt":"2013-04-10T20:14:20","guid":{"rendered":"http:\/\/pracownia52.pl\/www\/?page_id=3712"},"modified":"2022-05-22T07:36:26","modified_gmt":"2022-05-22T07:36:26","slug":"rock-arena-1983","status":"publish","type":"page","link":"https:\/\/pracownia52.pl\/www\/?page_id=3712","title":{"rendered":"Rock Arena (1983, 1985)"},"content":{"rendered":"\n<p>Dla pana <a href=\"https:\/\/pracownia52.pl\/www\/?p=7072\"><strong>Mariana Nevesel\u00fd&#8217;ego<\/strong><\/a> z dedykacj\u0105. (ta d\u0142o\u0144 \u2013 to Ma\u0142gosia O.)<br \/>1983 \u2013 to (m.in.) <a href=\"http:\/\/pracownia52.pl\/www\/?page_id=416\"><strong>Krzak<\/strong><\/a> (jeszcze z <a href=\"http:\/\/pracownia52.pl\/www\/?page_id=698\">Ry\u015bkiem Skibi\u0144skim<\/a> i go\u015bcinnie z t\u0142umem ludzi: Jan Bo, <a href=\"http:\/\/pracownia52.pl\/www\/?page_id=1656\">Krzesimir D\u0119bski<\/a>, <a href=\"http:\/\/pracownia52.pl\/www\/?page_id=181\">Rysiek Riedel<\/a>, <a href=\"http:\/\/pracownia52.pl\/www\/?page_id=3431\">Jorgos Skolias<\/a>\u2026). Poza nimi: <a href=\"http:\/\/pracownia52.pl\/www\/?page_id=1643\"><strong>Kontrola W<\/strong><\/a>., inni, sporo. Ni\u017cej afisz, mo\u017cna poczyta\u0107, kto by\u0142.<br \/>\u2026<br \/>Polecam te\u017c wpis: \u201e<a href=\"https:\/\/ooops.pl\/?p=33194\"><strong>Mijali\u015bmy si\u0119 na tym dachu<\/strong><\/a>\u201d.<br \/>\u2026<br \/> za\u015b 1985 \u2013 to (m.in.) <a href=\"http:\/\/pracownia52.pl\/www\/?page_id=2767\"><strong>Made in Poland<\/strong><\/a>.<br \/> mr m.<br \/><strong>1983<\/strong><br \/><\/p>\n\n\n\n<figure class=\"wp-block-gallery has-nested-images columns-3 is-cropped wp-block-gallery-1 is-layout-flex wp-block-gallery-is-layout-flex\">\n<figure class=\"wp-block-image size-large\"><a href=\"https:\/\/pracownia52.pl\/www\/wp-content\/uploads\/2017\/12\/rock-arena-1985-m-ostrowska-o1mod.jpg\"><img loading=\"lazy\" decoding=\"async\" width=\"800\" height=\"528\" data-id=\"7423\" src=\"https:\/\/pracownia52.pl\/www\/wp-content\/uploads\/2017\/12\/rock-arena-1985-m-ostrowska-o1mod.jpg\" alt=\"\" class=\"wp-image-7423\" srcset=\"https:\/\/pracownia52.pl\/www\/wp-content\/uploads\/2017\/12\/rock-arena-1985-m-ostrowska-o1mod.jpg?v=1627123712 800w, https:\/\/pracownia52.pl\/www\/wp-content\/uploads\/2017\/12\/rock-arena-1985-m-ostrowska-o1mod-300x198.jpg?v=1627123712 300w, https:\/\/pracownia52.pl\/www\/wp-content\/uploads\/2017\/12\/rock-arena-1985-m-ostrowska-o1mod-768x507.jpg?v=1627123712 768w\" sizes=\"auto, (max-width: 767px) 89vw, (max-width: 1000px) 54vw, (max-width: 1071px) 543px, 580px\" \/><\/a><\/figure>\n\n\n\n<figure class=\"wp-block-image size-large\"><a href=\"https:\/\/pracownia52.pl\/www\/wp-content\/uploads\/2017\/12\/rock-arena-fani-rep-1983-mn.jpg\"><img loading=\"lazy\" decoding=\"async\" width=\"600\" height=\"402\" data-id=\"7424\" src=\"https:\/\/pracownia52.pl\/www\/wp-content\/uploads\/2017\/12\/rock-arena-fani-rep-1983-mn.jpg\" alt=\"\" class=\"wp-image-7424\" srcset=\"https:\/\/pracownia52.pl\/www\/wp-content\/uploads\/2017\/12\/rock-arena-fani-rep-1983-mn.jpg?v=1627123712 600w, https:\/\/pracownia52.pl\/www\/wp-content\/uploads\/2017\/12\/rock-arena-fani-rep-1983-mn-300x201.jpg?v=1627123712 300w\" sizes=\"auto, (max-width: 600px) 100vw, 600px\" \/><\/a><\/figure>\n\n\n\n<figure class=\"wp-block-image size-large\"><a href=\"https:\/\/pracownia52.pl\/www\/wp-content\/uploads\/2017\/12\/malgosia-ostrowska-rock-Arena-1985-201mnmod.jpg\"><img loading=\"lazy\" decoding=\"async\" width=\"1600\" height=\"536\" data-id=\"7421\" src=\"https:\/\/pracownia52.pl\/www\/wp-content\/uploads\/2017\/12\/malgosia-ostrowska-rock-Arena-1985-201mnmod.jpg\" alt=\"\" class=\"wp-image-7421\" srcset=\"https:\/\/pracownia52.pl\/www\/wp-content\/uploads\/2017\/12\/malgosia-ostrowska-rock-Arena-1985-201mnmod.jpg?v=1627123712 1600w, https:\/\/pracownia52.pl\/www\/wp-content\/uploads\/2017\/12\/malgosia-ostrowska-rock-Arena-1985-201mnmod-300x101.jpg?v=1627123712 300w, https:\/\/pracownia52.pl\/www\/wp-content\/uploads\/2017\/12\/malgosia-ostrowska-rock-Arena-1985-201mnmod-1024x343.jpg?v=1627123712 1024w, https:\/\/pracownia52.pl\/www\/wp-content\/uploads\/2017\/12\/malgosia-ostrowska-rock-Arena-1985-201mnmod-768x257.jpg?v=1627123712 768w, https:\/\/pracownia52.pl\/www\/wp-content\/uploads\/2017\/12\/malgosia-ostrowska-rock-Arena-1985-201mnmod-1536x515.jpg?v=1627123712 1536w\" sizes=\"auto, (max-width: 767px) 89vw, (max-width: 1000px) 54vw, (max-width: 1071px) 543px, 580px\" \/><\/a><\/figure>\n\n\n\n<figure class=\"wp-block-image size-large\"><a href=\"https:\/\/pracownia52.pl\/www\/wp-content\/uploads\/2017\/12\/rockarena1983kontrbrylu-mn.jpg\"><img loading=\"lazy\" decoding=\"async\" width=\"900\" height=\"595\" data-id=\"7426\" src=\"https:\/\/pracownia52.pl\/www\/wp-content\/uploads\/2017\/12\/rockarena1983kontrbrylu-mn.jpg\" alt=\"\" class=\"wp-image-7426\" srcset=\"https:\/\/pracownia52.pl\/www\/wp-content\/uploads\/2017\/12\/rockarena1983kontrbrylu-mn.jpg?v=1627123711 900w, https:\/\/pracownia52.pl\/www\/wp-content\/uploads\/2017\/12\/rockarena1983kontrbrylu-mn-300x198.jpg?v=1627123711 300w, https:\/\/pracownia52.pl\/www\/wp-content\/uploads\/2017\/12\/rockarena1983kontrbrylu-mn-768x508.jpg?v=1627123711 768w\" sizes=\"auto, (max-width: 767px) 89vw, (max-width: 1000px) 54vw, (max-width: 1071px) 543px, 580px\" \/><\/a><\/figure>\n\n\n\n<figure class=\"wp-block-image size-large\"><a href=\"https:\/\/pracownia52.pl\/www\/wp-content\/uploads\/2017\/12\/rockarena1983punki-cd205o3mn.jpg\"><img loading=\"lazy\" decoding=\"async\" width=\"900\" height=\"601\" data-id=\"7427\" src=\"https:\/\/pracownia52.pl\/www\/wp-content\/uploads\/2017\/12\/rockarena1983punki-cd205o3mn.jpg\" alt=\"\" class=\"wp-image-7427\" srcset=\"https:\/\/pracownia52.pl\/www\/wp-content\/uploads\/2017\/12\/rockarena1983punki-cd205o3mn.jpg?v=1627123711 900w, https:\/\/pracownia52.pl\/www\/wp-content\/uploads\/2017\/12\/rockarena1983punki-cd205o3mn-300x200.jpg?v=1627123711 300w, https:\/\/pracownia52.pl\/www\/wp-content\/uploads\/2017\/12\/rockarena1983punki-cd205o3mn-768x513.jpg?v=1627123711 768w\" sizes=\"auto, (max-width: 767px) 89vw, (max-width: 1000px) 54vw, (max-width: 1071px) 543px, 580px\" \/><\/a><\/figure>\n\n\n\n<figure class=\"wp-block-image size-large\"><a href=\"https:\/\/pracownia52.pl\/www\/wp-content\/uploads\/2018\/10\/rock-arena-1983-inne-001-afisz-low.jpg\"><img loading=\"lazy\" decoding=\"async\" width=\"796\" height=\"1200\" data-id=\"7751\" src=\"https:\/\/pracownia52.pl\/www\/wp-content\/uploads\/2018\/10\/rock-arena-1983-inne-001-afisz-low.jpg\" alt=\"\" class=\"wp-image-7751\" srcset=\"https:\/\/pracownia52.pl\/www\/wp-content\/uploads\/2018\/10\/rock-arena-1983-inne-001-afisz-low.jpg?v=1627123699 796w, https:\/\/pracownia52.pl\/www\/wp-content\/uploads\/2018\/10\/rock-arena-1983-inne-001-afisz-low-199x300.jpg?v=1627123699 199w, https:\/\/pracownia52.pl\/www\/wp-content\/uploads\/2018\/10\/rock-arena-1983-inne-001-afisz-low-679x1024.jpg?v=1627123699 679w, https:\/\/pracownia52.pl\/www\/wp-content\/uploads\/2018\/10\/rock-arena-1983-inne-001-afisz-low-768x1158.jpg?v=1627123699 768w\" sizes=\"auto, (max-width: 767px) 89vw, (max-width: 1000px) 54vw, (max-width: 1071px) 543px, 580px\" \/><\/a><\/figure>\n<\/figure>\n\n\n\n<p><strong>1985 <\/strong><br \/>Link do <a href=\"https:\/\/www.last.fm\/pl\/festival\/3933055+Rock+Arena+%2785\/lineup\"><strong>wi\u0119kszego info<\/strong><\/a>: Hanoi Rocks, Klincz, Lady Pank, Lombard, The Meteors, Oddzia\u0142 Zamkni\u0119ty, Pankow, Papa Dance, Pretty Maids, Rendez-Vous, Republika, <strong><a href=\"https:\/\/pracownia52.pl\/www\/?page_id=725\">Shakin&#8217;Dudi<\/a><\/strong>\u2026<\/p>\n\n\n\n<figure class=\"wp-block-image\"><img loading=\"lazy\" decoding=\"async\" width=\"1024\" height=\"679\" src=\"https:\/\/pracownia52.pl\/www\/wp-content\/uploads\/2019\/04\/1985-chyba-Hanoi-Rocks-poznan-fot-mr-makowski-987-1024x679.jpg\" alt=\"\" class=\"wp-image-9327\" srcset=\"https:\/\/pracownia52.pl\/www\/wp-content\/uploads\/2019\/04\/1985-chyba-Hanoi-Rocks-poznan-fot-mr-makowski-987-1024x679.jpg?v=1627123603 1024w, https:\/\/pracownia52.pl\/www\/wp-content\/uploads\/2019\/04\/1985-chyba-Hanoi-Rocks-poznan-fot-mr-makowski-987-300x199.jpg?v=1627123603 300w, https:\/\/pracownia52.pl\/www\/wp-content\/uploads\/2019\/04\/1985-chyba-Hanoi-Rocks-poznan-fot-mr-makowski-987-768x509.jpg?v=1627123603 768w, https:\/\/pracownia52.pl\/www\/wp-content\/uploads\/2019\/04\/1985-chyba-Hanoi-Rocks-poznan-fot-mr-makowski-987.jpg?v=1627123603 1200w\" sizes=\"auto, (max-width: 767px) 89vw, (max-width: 1000px) 54vw, (max-width: 1071px) 543px, 580px\" \/><figcaption><strong><a href=\"https:\/\/pl.wikipedia.org\/wiki\/Hanoi_Rocks\">Hanoi Rocks<\/a><\/strong> (\u2026? podobno nie, zob. ni\u017cej) \u2013 1985, Pozna\u0144<br \/><br \/><a href=\"https:\/\/www.facebook.com\/grzegorz.brzozowicz\">Grzegorz Brzozowicz<\/a> <em>To na 100% nie jest Hanoi Rocks<\/em> (\u2026). <em>By\u0142 wtedy z nimi pierwszy b\u0119bniarz The Clash <\/em>(Terry Chimes \u2013 mr m.)<em> i robi\u0142em z nim wywiad. Grali i to zacnie. By\u0142a konferencje prasowa na kt\u00f3rej nikt nie umia\u0142 zada\u0107 pytania wi\u0119c porzucali papierowymi kulkami w dziennikarzy i sobie poszli.<\/em><br \/>\u2026<br \/>Pawe\u0142 Kot:<br \/><em>To nie Hanoi tylko The Bolshoi na konferencji prasowej w maju 1989 roku przed koncertem w katowickim Spodku gdzie supportem by\u0142o T Love<\/em> (\u2026)<br \/>Ale to niemo\u017cliwe, bo w 1989 ju\u017c nie robi\u0142em zdj\u0119\u0107. (A mo\u017ce ono nie moje?)<br \/>mr m.<br \/><br \/><\/figcaption><\/figure>\n\n\n\n<figure class=\"wp-block-gallery has-nested-images columns-default is-cropped wp-block-gallery-2 is-layout-flex wp-block-gallery-is-layout-flex\">\n<figure class=\"wp-block-image size-large\"><a href=\"https:\/\/pracownia52.pl\/www\/wp-content\/uploads\/2017\/12\/rock-arena-1985-ackerman-lomb-modmn.jpg\"><img loading=\"lazy\" decoding=\"async\" width=\"800\" height=\"529\" data-id=\"7422\" src=\"https:\/\/pracownia52.pl\/www\/wp-content\/uploads\/2017\/12\/rock-arena-1985-ackerman-lomb-modmn.jpg\" alt=\"\" class=\"wp-image-7422\" srcset=\"https:\/\/pracownia52.pl\/www\/wp-content\/uploads\/2017\/12\/rock-arena-1985-ackerman-lomb-modmn.jpg?v=1627123712 800w, https:\/\/pracownia52.pl\/www\/wp-content\/uploads\/2017\/12\/rock-arena-1985-ackerman-lomb-modmn-300x198.jpg?v=1627123712 300w, https:\/\/pracownia52.pl\/www\/wp-content\/uploads\/2017\/12\/rock-arena-1985-ackerman-lomb-modmn-768x508.jpg?v=1627123712 768w\" sizes=\"auto, (max-width: 767px) 89vw, (max-width: 1000px) 54vw, (max-width: 1071px) 543px, 580px\" \/><\/a><figcaption><strong><a href=\"https:\/\/pl.wikipedia.org\/wiki\/Jan_Akkerman\">Jan Akkerman<\/a><\/strong> (gra z Lombardem)<\/figcaption><\/figure>\n\n\n\n<figure class=\"wp-block-image size-large\"><a href=\"https:\/\/pracownia52.pl\/www\/wp-content\/uploads\/2011\/09\/made-rock-arena-3-low.jpg\"><img loading=\"lazy\" decoding=\"async\" width=\"800\" height=\"525\" data-id=\"4752\" src=\"https:\/\/pracownia52.pl\/www\/wp-content\/uploads\/2011\/09\/made-rock-arena-3-low.jpg\" alt=\"\" class=\"wp-image-4752\" srcset=\"https:\/\/pracownia52.pl\/www\/wp-content\/uploads\/2011\/09\/made-rock-arena-3-low.jpg?v=1627123960 800w, https:\/\/pracownia52.pl\/www\/wp-content\/uploads\/2011\/09\/made-rock-arena-3-low-300x197.jpg?v=1627123960 300w, https:\/\/pracownia52.pl\/www\/wp-content\/uploads\/2011\/09\/made-rock-arena-3-low-768x504.jpg?v=1627123960 768w\" sizes=\"auto, (max-width: 767px) 89vw, (max-width: 1000px) 54vw, (max-width: 1071px) 543px, 580px\" \/><\/a><figcaption><a href=\"https:\/\/pracownia52.pl\/www\/?page_id=2767\"><strong>M<\/strong><strong>ade in Poland<\/strong><\/a><\/figcaption><\/figure>\n\n\n\n<figure class=\"wp-block-image size-large\"><a href=\"https:\/\/pracownia52.pl\/www\/wp-content\/uploads\/2011\/09\/made-in-poland-v700-kolor-1985-rock-arena-01-low-mod.jpg\"><img loading=\"lazy\" decoding=\"async\" width=\"800\" height=\"517\" data-id=\"4751\" src=\"https:\/\/pracownia52.pl\/www\/wp-content\/uploads\/2011\/09\/made-in-poland-v700-kolor-1985-rock-arena-01-low-mod.jpg\" alt=\"\" class=\"wp-image-4751\" srcset=\"https:\/\/pracownia52.pl\/www\/wp-content\/uploads\/2011\/09\/made-in-poland-v700-kolor-1985-rock-arena-01-low-mod.jpg?v=1627123960 800w, https:\/\/pracownia52.pl\/www\/wp-content\/uploads\/2011\/09\/made-in-poland-v700-kolor-1985-rock-arena-01-low-mod-300x194.jpg?v=1627123960 300w, https:\/\/pracownia52.pl\/www\/wp-content\/uploads\/2011\/09\/made-in-poland-v700-kolor-1985-rock-arena-01-low-mod-768x496.jpg?v=1627123960 768w\" sizes=\"auto, (max-width: 767px) 89vw, (max-width: 1000px) 54vw, (max-width: 1071px) 543px, 580px\" \/><\/a><figcaption><a href=\"https:\/\/pracownia52.pl\/www\/?page_id=2767\"><strong>Made in Poland<\/strong><\/a><\/figcaption><\/figure>\n\n\n\n<figure class=\"wp-block-image size-large\"><a href=\"https:\/\/pracownia52.pl\/www\/wp-content\/uploads\/2022\/05\/sal-solo-1983-Rock-Arena-nowe-6-311-fot-mr-makowski-modyfikowane-.jpg\"><img loading=\"lazy\" decoding=\"async\" width=\"677\" height=\"1024\" data-id=\"10085\" src=\"https:\/\/pracownia52.pl\/www\/wp-content\/uploads\/2022\/05\/sal-solo-1983-Rock-Arena-nowe-6-311-fot-mr-makowski-modyfikowane--677x1024.jpg\" alt=\"\" class=\"wp-image-10085\" srcset=\"https:\/\/pracownia52.pl\/www\/wp-content\/uploads\/2022\/05\/sal-solo-1983-Rock-Arena-nowe-6-311-fot-mr-makowski-modyfikowane--677x1024.jpg 677w, https:\/\/pracownia52.pl\/www\/wp-content\/uploads\/2022\/05\/sal-solo-1983-Rock-Arena-nowe-6-311-fot-mr-makowski-modyfikowane--198x300.jpg 198w, https:\/\/pracownia52.pl\/www\/wp-content\/uploads\/2022\/05\/sal-solo-1983-Rock-Arena-nowe-6-311-fot-mr-makowski-modyfikowane--768x1162.jpg 768w, https:\/\/pracownia52.pl\/www\/wp-content\/uploads\/2022\/05\/sal-solo-1983-Rock-Arena-nowe-6-311-fot-mr-makowski-modyfikowane-.jpg 793w\" sizes=\"auto, (max-width: 677px) 100vw, 677px\" \/><\/a><figcaption>Sal Solo, Classix Nouveaux (1983)<\/figcaption><\/figure>\n\n\n\n<figure class=\"wp-block-image size-large\"><a href=\"https:\/\/pracownia52.pl\/www\/wp-content\/uploads\/2019\/04\/Rock-Arena-1985-meteores-cz-b-fot-mr-makowski-001.jpg\"><img loading=\"lazy\" decoding=\"async\" width=\"1024\" height=\"672\" data-id=\"9333\" src=\"https:\/\/pracownia52.pl\/www\/wp-content\/uploads\/2019\/04\/Rock-Arena-1985-meteores-cz-b-fot-mr-makowski-001-1024x672.jpg\" alt=\"\" class=\"wp-image-9333\" srcset=\"https:\/\/pracownia52.pl\/www\/wp-content\/uploads\/2019\/04\/Rock-Arena-1985-meteores-cz-b-fot-mr-makowski-001-1024x672.jpg?v=1627123603 1024w, https:\/\/pracownia52.pl\/www\/wp-content\/uploads\/2019\/04\/Rock-Arena-1985-meteores-cz-b-fot-mr-makowski-001-300x197.jpg?v=1627123603 300w, https:\/\/pracownia52.pl\/www\/wp-content\/uploads\/2019\/04\/Rock-Arena-1985-meteores-cz-b-fot-mr-makowski-001-768x504.jpg?v=1627123603 768w, https:\/\/pracownia52.pl\/www\/wp-content\/uploads\/2019\/04\/Rock-Arena-1985-meteores-cz-b-fot-mr-makowski-001.jpg?v=1627123603 1200w\" sizes=\"auto, (max-width: 767px) 89vw, (max-width: 1000px) 54vw, (max-width: 1071px) 543px, 580px\" \/><\/a><figcaption>The Meteors<\/figcaption><\/figure>\n<\/figure>\n","protected":false},"excerpt":{"rendered":"<p>Dla pana Mariana Nevesel\u00fd&#8217;ego z dedykacj\u0105. (ta d\u0142o\u0144 \u2013 to Ma\u0142gosia O.)1983 \u2013 to (m.in.) Krzak (jeszcze z Ry\u015bkiem Skibi\u0144skim i go\u015bcinnie z t\u0142umem ludzi: Jan Bo, Krzesimir D\u0119bski, Rysiek Riedel, Jorgos Skolias\u2026). Poza nimi: Kontrola W., inni, sporo. Ni\u017cej afisz, mo\u017cna poczyta\u0107, kto by\u0142.\u2026Polecam te\u017c wpis: \u201eMijali\u015bmy si\u0119 na tym dachu\u201d.\u2026 za\u015b 1985 \u2013 &hellip; <\/p>\n<p class=\"link-more\"><a href=\"https:\/\/pracownia52.pl\/www\/?page_id=3712\" class=\"more-link\">Czytaj dalej<span class=\"screen-reader-text\"> \u201eRock Arena (1983, 1985)\u201d<\/span><\/a><\/p>\n","protected":false},"author":1,"featured_media":3715,"parent":0,"menu_order":0,"comment_status":"closed","ping_status":"open","template":"","meta":{"footnotes":""},"class_list":["post-3712","page","type-page","status-publish","has-post-thumbnail","hentry"],"_links":{"self":[{"href":"https:\/\/pracownia52.pl\/www\/index.php?rest_route=\/wp\/v2\/pages\/3712","targetHints":{"allow":["GET"]}}],"collection":[{"href":"https:\/\/pracownia52.pl\/www\/index.php?rest_route=\/wp\/v2\/pages"}],"about":[{"href":"https:\/\/pracownia52.pl\/www\/index.php?rest_route=\/wp\/v2\/types\/page"}],"author":[{"embeddable":true,"href":"https:\/\/pracownia52.pl\/www\/index.php?rest_route=\/wp\/v2\/users\/1"}],"replies":[{"embeddable":true,"href":"https:\/\/pracownia52.pl\/www\/index.php?rest_route=%2Fwp%2Fv2%2Fcomments&post=3712"}],"version-history":[{"count":34,"href":"https:\/\/pracownia52.pl\/www\/index.php?rest_route=\/wp\/v2\/pages\/3712\/revisions"}],"predecessor-version":[{"id":10090,"href":"https:\/\/pracownia52.pl\/www\/index.php?rest_route=\/wp\/v2\/pages\/3712\/revisions\/10090"}],"wp:featuredmedia":[{"embeddable":true,"href":"https:\/\/pracownia52.pl\/www\/index.php?rest_route=\/wp\/v2\/media\/3715"}],"wp:attachment":[{"href":"https:\/\/pracownia52.pl\/www\/index.php?rest_route=%2Fwp%2Fv2%2Fmedia&parent=3712"}],"curies":[{"name":"wp","href":"https:\/\/api.w.org\/{rel}","templated":true}]}}