{"id":3721,"date":"2013-04-26T07:08:57","date_gmt":"2013-04-26T07:08:57","guid":{"rendered":"http:\/\/pracownia52.pl\/www\/?page_id=3721"},"modified":"2020-06-02T09:45:52","modified_gmt":"2020-06-02T09:45:52","slug":"rock-panorama-moskwa","status":"publish","type":"page","link":"https:\/\/pracownia52.pl\/www\/?page_id=3721","title":{"rendered":"Rock Panorama \u2013 Moskwa"},"content":{"rendered":"\n<p>\u2026czyli \u201e\u0420\u043e\u043a-\u043f\u0430\u043d\u043e\u0440\u0430\u043c\u0430-87\u201d, \u201epierwszy oficjalny\u201d (wcze\u015bniej ju\u017c by\u0142y inne, ale ten tak nazywano; mam nawet jakie\u015b \u2013 cudze, nie moje \u2013 zdj\u0119cia z 1987, musz\u0119 wskanowa\u0107\u2026) <strong><a href=\"https:\/\/ru.wikipedia.org\/wiki\/\u0420\u043e\u043a-\u043f\u0430\u043d\u043e\u0440\u0430\u043c\u0430-87\">festiwal rockowy w Moskwie<\/a><\/strong>, <strong>1987<\/strong> r. <br \/>Wart opowie\u015bci. muzyka mniej, ale ten hotel, pomara\u0144czowy szampan i ci Koledzy-muzycy z Mo\u0142dawii, z koszem (wiklinowym) wina w\u0142asnego, domowego \u2013 i drugim koszem jab\u0142ek cudownych (te\u017c w\u0142asnych); te nocne akcje jazdy ze zmienianiem samochod\u00f3w, do jakich\u015b \u201em\u0142odych-dzikich\u201d malarzy, w ruderach, wszystko w alkoholowym ot\u0119pieniu: wiadomo, prohibicja\u2026<br \/>No i czarny Murzyn w milicyjnym mundurze na korytarzu hotelu \u201erossija\u201d. tak, spore wra\u017cenie.<\/p>\n\n\n\n<blockquote class=\"wp-block-quote is-layout-flow wp-block-quote-is-layout-flow\"><p>(\u2026)<br \/><em>\u2026a pami\u0119tasz Adasiu, jako\u017ce\u015bmy Czarnego Murzyna Ruskiego Milicjanta na korytarzu w hotelu Rossija widzieli; ale nie oba, tylko osobno? co to nas nadred. B. \u2013 kt\u00f3ry rz\u0105dzi\u0142 loterj\u0105 dla dziennikarzy w SDuPerelu, w kt\u00f3rej zawsze by\u0142a \u0141ada do wygrania; i nikt jako\u015b chyba nie wygrywa\u0142\u2026 i p\u00f3\u017aniej ci grzeczniejsi mieli nowe samochody\u2026<br \/>no to wys\u0142a\u0142 razem do Mskwy; na 1-szy odwil\u017cowy Festywal Rokendrollowy u Ruskich! aby\u015bmy si\u0119 pogodzili zapewne\u2026 i cho\u0107 Murzynowi tylko bia\u0142ka w oczach, guziki w p\u0142aszczu i Czerwona gwiazda \u015bwieci\u0142y w ciemno\u015bci; i to nie by\u0142a delirka, cho\u0107 mog\u0142a \u2013 <\/em><a href=\"http:\/\/ooops.pl\/?p=8621\"><strong><em>my si\u0119 jednak nie pogodzili<\/em><\/strong><\/a><em>.<\/em><br \/>(\u2026)<br \/>mr m.<\/p><cite>o \u201eMagazynie Muzycznym\u201d w blogu \u201e<strong><a href=\"https:\/\/pracownia52.pl\/www\/?page_id=461\">ooops<\/a><\/strong>\u201d<\/cite><\/blockquote>\n\n\n\n<figure class=\"wp-block-image\"><img loading=\"lazy\" decoding=\"async\" width=\"800\" height=\"525\" src=\"http:\/\/pracownia52.pl\/www\/wp-content\/uploads\/2013\/04\/1987-moskwa-festiwal-rock-panorama-kulisy-12.jpg\" alt=\"1987-moskwa-festiwal-rock-panorama-kulisy-12\" class=\"wp-image-3723\" srcset=\"https:\/\/pracownia52.pl\/www\/wp-content\/uploads\/2013\/04\/1987-moskwa-festiwal-rock-panorama-kulisy-12.jpg?v=1627124087 800w, https:\/\/pracownia52.pl\/www\/wp-content\/uploads\/2013\/04\/1987-moskwa-festiwal-rock-panorama-kulisy-12-300x197.jpg?v=1627124087 300w, https:\/\/pracownia52.pl\/www\/wp-content\/uploads\/2013\/04\/1987-moskwa-festiwal-rock-panorama-kulisy-12-768x504.jpg?v=1627124087 768w\" sizes=\"auto, (max-width: 767px) 89vw, (max-width: 1000px) 54vw, (max-width: 1071px) 543px, 580px\" \/><\/figure>\n\n\n\n<figure class=\"wp-block-gallery columns-6 is-cropped wp-block-gallery-1 is-layout-flex wp-block-gallery-is-layout-flex\"><ul class=\"blocks-gallery-grid\"><li class=\"blocks-gallery-item\"><figure><a href=\"https:\/\/pracownia52.pl\/www\/wp-content\/uploads\/2013\/04\/1987-moskwa-fest-Rock-panorama-organizatorka-7.jpg\"><img loading=\"lazy\" decoding=\"async\" width=\"800\" height=\"530\" src=\"https:\/\/pracownia52.pl\/www\/wp-content\/uploads\/2013\/04\/1987-moskwa-fest-Rock-panorama-organizatorka-7.jpg\" alt=\"\" data-id=\"3726\" class=\"wp-image-3726\" srcset=\"https:\/\/pracownia52.pl\/www\/wp-content\/uploads\/2013\/04\/1987-moskwa-fest-Rock-panorama-organizatorka-7.jpg?v=1627124087 800w, https:\/\/pracownia52.pl\/www\/wp-content\/uploads\/2013\/04\/1987-moskwa-fest-Rock-panorama-organizatorka-7-300x199.jpg?v=1627124087 300w, https:\/\/pracownia52.pl\/www\/wp-content\/uploads\/2013\/04\/1987-moskwa-fest-Rock-panorama-organizatorka-7-768x509.jpg?v=1627124087 768w\" sizes=\"auto, (max-width: 767px) 89vw, (max-width: 1000px) 54vw, (max-width: 1071px) 543px, 580px\" \/><\/a><\/figure><\/li><li class=\"blocks-gallery-item\"><figure><a href=\"https:\/\/pracownia52.pl\/www\/wp-content\/uploads\/2013\/04\/1987-moskwa-GUM-pl-Czerwony-3.jpg\"><img loading=\"lazy\" decoding=\"async\" width=\"800\" height=\"532\" src=\"https:\/\/pracownia52.pl\/www\/wp-content\/uploads\/2013\/04\/1987-moskwa-GUM-pl-Czerwony-3.jpg\" alt=\"\" data-id=\"3728\" class=\"wp-image-3728\" srcset=\"https:\/\/pracownia52.pl\/www\/wp-content\/uploads\/2013\/04\/1987-moskwa-GUM-pl-Czerwony-3.jpg?v=1627124087 800w, https:\/\/pracownia52.pl\/www\/wp-content\/uploads\/2013\/04\/1987-moskwa-GUM-pl-Czerwony-3-300x200.jpg?v=1627124087 300w, https:\/\/pracownia52.pl\/www\/wp-content\/uploads\/2013\/04\/1987-moskwa-GUM-pl-Czerwony-3-768x511.jpg?v=1627124087 768w\" sizes=\"auto, (max-width: 767px) 89vw, (max-width: 1000px) 54vw, (max-width: 1071px) 543px, 580px\" \/><\/a><\/figure><\/li><li class=\"blocks-gallery-item\"><figure><a href=\"https:\/\/pracownia52.pl\/www\/wp-content\/uploads\/2013\/04\/1987-moskwa-GUM-szary-Tlum-4.jpg\"><img loading=\"lazy\" decoding=\"async\" width=\"800\" height=\"527\" src=\"https:\/\/pracownia52.pl\/www\/wp-content\/uploads\/2013\/04\/1987-moskwa-GUM-szary-Tlum-4.jpg\" alt=\"\" data-id=\"3729\" class=\"wp-image-3729\" srcset=\"https:\/\/pracownia52.pl\/www\/wp-content\/uploads\/2013\/04\/1987-moskwa-GUM-szary-Tlum-4.jpg?v=1627124087 800w, https:\/\/pracownia52.pl\/www\/wp-content\/uploads\/2013\/04\/1987-moskwa-GUM-szary-Tlum-4-300x198.jpg?v=1627124087 300w, https:\/\/pracownia52.pl\/www\/wp-content\/uploads\/2013\/04\/1987-moskwa-GUM-szary-Tlum-4-768x506.jpg?v=1627124087 768w\" sizes=\"auto, (max-width: 767px) 89vw, (max-width: 1000px) 54vw, (max-width: 1071px) 543px, 580px\" \/><\/a><\/figure><\/li><li class=\"blocks-gallery-item\"><figure><a href=\"https:\/\/pracownia52.pl\/www\/wp-content\/uploads\/2013\/04\/1987-moskwa-pl-czerwony-10.jpg\"><img loading=\"lazy\" decoding=\"async\" width=\"800\" height=\"529\" src=\"https:\/\/pracownia52.pl\/www\/wp-content\/uploads\/2013\/04\/1987-moskwa-pl-czerwony-10.jpg\" alt=\"\" data-id=\"3730\" class=\"wp-image-3730\" srcset=\"https:\/\/pracownia52.pl\/www\/wp-content\/uploads\/2013\/04\/1987-moskwa-pl-czerwony-10.jpg?v=1627124086 800w, https:\/\/pracownia52.pl\/www\/wp-content\/uploads\/2013\/04\/1987-moskwa-pl-czerwony-10-300x198.jpg?v=1627124086 300w, https:\/\/pracownia52.pl\/www\/wp-content\/uploads\/2013\/04\/1987-moskwa-pl-czerwony-10-768x508.jpg?v=1627124086 768w\" sizes=\"auto, (max-width: 767px) 89vw, (max-width: 1000px) 54vw, (max-width: 1071px) 543px, 580px\" \/><\/a><\/figure><\/li><li class=\"blocks-gallery-item\"><figure><a href=\"https:\/\/pracownia52.pl\/www\/wp-content\/uploads\/2013\/04\/1987-moskwa-plac-manezowy-11.jpg\"><img loading=\"lazy\" decoding=\"async\" width=\"800\" height=\"531\" src=\"https:\/\/pracownia52.pl\/www\/wp-content\/uploads\/2013\/04\/1987-moskwa-plac-manezowy-11.jpg\" alt=\"\" data-id=\"3731\" class=\"wp-image-3731\" srcset=\"https:\/\/pracownia52.pl\/www\/wp-content\/uploads\/2013\/04\/1987-moskwa-plac-manezowy-11.jpg?v=1627124086 800w, https:\/\/pracownia52.pl\/www\/wp-content\/uploads\/2013\/04\/1987-moskwa-plac-manezowy-11-300x199.jpg?v=1627124086 300w, https:\/\/pracownia52.pl\/www\/wp-content\/uploads\/2013\/04\/1987-moskwa-plac-manezowy-11-768x510.jpg?v=1627124086 768w\" sizes=\"auto, (max-width: 767px) 89vw, (max-width: 1000px) 54vw, (max-width: 1071px) 543px, 580px\" \/><\/a><\/figure><\/li><li class=\"blocks-gallery-item\"><figure><a href=\"https:\/\/pracownia52.pl\/www\/wp-content\/uploads\/2013\/04\/1987-moskwa-rock-panorama-6.jpg\"><img loading=\"lazy\" decoding=\"async\" width=\"800\" height=\"529\" src=\"https:\/\/pracownia52.pl\/www\/wp-content\/uploads\/2013\/04\/1987-moskwa-rock-panorama-6.jpg\" alt=\"\" data-id=\"3732\" class=\"wp-image-3732\" srcset=\"https:\/\/pracownia52.pl\/www\/wp-content\/uploads\/2013\/04\/1987-moskwa-rock-panorama-6.jpg?v=1627124086 800w, https:\/\/pracownia52.pl\/www\/wp-content\/uploads\/2013\/04\/1987-moskwa-rock-panorama-6-300x198.jpg?v=1627124086 300w, https:\/\/pracownia52.pl\/www\/wp-content\/uploads\/2013\/04\/1987-moskwa-rock-panorama-6-768x508.jpg?v=1627124086 768w\" sizes=\"auto, (max-width: 767px) 89vw, (max-width: 1000px) 54vw, (max-width: 1071px) 543px, 580px\" \/><\/a><\/figure><\/li><li class=\"blocks-gallery-item\"><figure><a href=\"https:\/\/pracownia52.pl\/www\/wp-content\/uploads\/2013\/04\/1987-moskwa-rock-panorama-festywal-parking-13.jpg\"><img loading=\"lazy\" decoding=\"async\" width=\"800\" height=\"533\" src=\"https:\/\/pracownia52.pl\/www\/wp-content\/uploads\/2013\/04\/1987-moskwa-rock-panorama-festywal-parking-13.jpg\" alt=\"\" data-id=\"3733\" class=\"wp-image-3733\" srcset=\"https:\/\/pracownia52.pl\/www\/wp-content\/uploads\/2013\/04\/1987-moskwa-rock-panorama-festywal-parking-13.jpg?v=1627124086 800w, https:\/\/pracownia52.pl\/www\/wp-content\/uploads\/2013\/04\/1987-moskwa-rock-panorama-festywal-parking-13-300x200.jpg?v=1627124086 300w, https:\/\/pracownia52.pl\/www\/wp-content\/uploads\/2013\/04\/1987-moskwa-rock-panorama-festywal-parking-13-768x512.jpg?v=1627124086 768w\" sizes=\"auto, (max-width: 767px) 89vw, (max-width: 1000px) 54vw, (max-width: 1071px) 543px, 580px\" \/><\/a><\/figure><\/li><\/ul><\/figure>\n\n\n\n<figure class=\"wp-block-gallery columns-3 is-cropped wp-block-gallery-2 is-layout-flex wp-block-gallery-is-layout-flex\"><ul class=\"blocks-gallery-grid\"><li class=\"blocks-gallery-item\"><figure><a href=\"https:\/\/pracownia52.pl\/www\/wp-content\/uploads\/2019\/03\/cccp-1987-moskwa-Rock-Panorama-fot-mr-makowski-874-fot-mr-makowski-1024x688.jpg\"><img loading=\"lazy\" decoding=\"async\" width=\"1024\" height=\"688\" src=\"https:\/\/pracownia52.pl\/www\/wp-content\/uploads\/2019\/03\/cccp-1987-moskwa-Rock-Panorama-fot-mr-makowski-874-fot-mr-makowski-1024x688.jpg\" alt=\"\" data-id=\"9241\" data-link=\"https:\/\/pracownia52.pl\/www\/?attachment_id=9241\" class=\"wp-image-9241\" srcset=\"https:\/\/pracownia52.pl\/www\/wp-content\/uploads\/2019\/03\/cccp-1987-moskwa-Rock-Panorama-fot-mr-makowski-874-fot-mr-makowski-1024x688.jpg?v=1627123610 1024w, https:\/\/pracownia52.pl\/www\/wp-content\/uploads\/2019\/03\/cccp-1987-moskwa-Rock-Panorama-fot-mr-makowski-874-fot-mr-makowski-300x202.jpg?v=1627123610 300w, https:\/\/pracownia52.pl\/www\/wp-content\/uploads\/2019\/03\/cccp-1987-moskwa-Rock-Panorama-fot-mr-makowski-874-fot-mr-makowski-768x516.jpg?v=1627123610 768w, https:\/\/pracownia52.pl\/www\/wp-content\/uploads\/2019\/03\/cccp-1987-moskwa-Rock-Panorama-fot-mr-makowski-874-fot-mr-makowski.jpg?v=1627123610 1200w\" sizes=\"auto, (max-width: 767px) 89vw, (max-width: 1000px) 54vw, (max-width: 1071px) 543px, 580px\" \/><\/a><\/figure><\/li><li class=\"blocks-gallery-item\"><figure><a href=\"https:\/\/pracownia52.pl\/www\/wp-content\/uploads\/2019\/03\/cccp-1987-moskwa-Rock-Panorama-fot-mr-makowski-875-fot-mr-makowski-1024x690.jpg\"><img loading=\"lazy\" decoding=\"async\" width=\"1024\" height=\"690\" src=\"https:\/\/pracownia52.pl\/www\/wp-content\/uploads\/2019\/03\/cccp-1987-moskwa-Rock-Panorama-fot-mr-makowski-875-fot-mr-makowski-1024x690.jpg\" alt=\"\" data-id=\"9242\" data-link=\"https:\/\/pracownia52.pl\/www\/?attachment_id=9242\" class=\"wp-image-9242\" srcset=\"https:\/\/pracownia52.pl\/www\/wp-content\/uploads\/2019\/03\/cccp-1987-moskwa-Rock-Panorama-fot-mr-makowski-875-fot-mr-makowski-1024x690.jpg?v=1627123610 1024w, https:\/\/pracownia52.pl\/www\/wp-content\/uploads\/2019\/03\/cccp-1987-moskwa-Rock-Panorama-fot-mr-makowski-875-fot-mr-makowski-300x202.jpg?v=1627123610 300w, https:\/\/pracownia52.pl\/www\/wp-content\/uploads\/2019\/03\/cccp-1987-moskwa-Rock-Panorama-fot-mr-makowski-875-fot-mr-makowski-768x518.jpg?v=1627123610 768w, https:\/\/pracownia52.pl\/www\/wp-content\/uploads\/2019\/03\/cccp-1987-moskwa-Rock-Panorama-fot-mr-makowski-875-fot-mr-makowski.jpg?v=1627123610 1200w\" sizes=\"auto, (max-width: 767px) 89vw, (max-width: 1000px) 54vw, (max-width: 1071px) 543px, 580px\" \/><\/a><\/figure><\/li><li class=\"blocks-gallery-item\"><figure><a href=\"https:\/\/pracownia52.pl\/www\/wp-content\/uploads\/2019\/03\/cccp-1987-moskwa-Rock-Panorama-fot-mr-makowski-877-fot-mr-makowski-712x1024.jpg\"><img loading=\"lazy\" decoding=\"async\" width=\"712\" height=\"1024\" src=\"https:\/\/pracownia52.pl\/www\/wp-content\/uploads\/2019\/03\/cccp-1987-moskwa-Rock-Panorama-fot-mr-makowski-877-fot-mr-makowski-712x1024.jpg\" alt=\"\" data-id=\"9243\" data-link=\"https:\/\/pracownia52.pl\/www\/?attachment_id=9243\" class=\"wp-image-9243\" srcset=\"https:\/\/pracownia52.pl\/www\/wp-content\/uploads\/2019\/03\/cccp-1987-moskwa-Rock-Panorama-fot-mr-makowski-877-fot-mr-makowski-712x1024.jpg?v=1627123609 712w, https:\/\/pracownia52.pl\/www\/wp-content\/uploads\/2019\/03\/cccp-1987-moskwa-Rock-Panorama-fot-mr-makowski-877-fot-mr-makowski-209x300.jpg?v=1627123609 209w, https:\/\/pracownia52.pl\/www\/wp-content\/uploads\/2019\/03\/cccp-1987-moskwa-Rock-Panorama-fot-mr-makowski-877-fot-mr-makowski-768x1105.jpg?v=1627123609 768w, https:\/\/pracownia52.pl\/www\/wp-content\/uploads\/2019\/03\/cccp-1987-moskwa-Rock-Panorama-fot-mr-makowski-877-fot-mr-makowski.jpg?v=1627123609 834w\" sizes=\"auto, (max-width: 712px) 100vw, 712px\" \/><\/a><\/figure><\/li><\/ul><\/figure>\n","protected":false},"excerpt":{"rendered":"<p>\u2026czyli \u201e\u0420\u043e\u043a-\u043f\u0430\u043d\u043e\u0440\u0430\u043c\u0430-87\u201d, \u201epierwszy oficjalny\u201d (wcze\u015bniej ju\u017c by\u0142y inne, ale ten tak nazywano; mam nawet jakie\u015b \u2013 cudze, nie moje \u2013 zdj\u0119cia z 1987, musz\u0119 wskanowa\u0107\u2026) festiwal rockowy w Moskwie, 1987 r. Wart opowie\u015bci. muzyka mniej, ale ten hotel, pomara\u0144czowy szampan i ci Koledzy-muzycy z Mo\u0142dawii, z koszem (wiklinowym) wina w\u0142asnego, domowego \u2013 i drugim koszem &hellip; <\/p>\n<p class=\"link-more\"><a href=\"https:\/\/pracownia52.pl\/www\/?page_id=3721\" class=\"more-link\">Czytaj dalej<span class=\"screen-reader-text\"> \u201eRock Panorama \u2013 Moskwa\u201d<\/span><\/a><\/p>\n","protected":false},"author":1,"featured_media":9241,"parent":0,"menu_order":0,"comment_status":"closed","ping_status":"open","template":"","meta":{"footnotes":""},"class_list":["post-3721","page","type-page","status-publish","has-post-thumbnail","hentry"],"_links":{"self":[{"href":"https:\/\/pracownia52.pl\/www\/index.php?rest_route=\/wp\/v2\/pages\/3721","targetHints":{"allow":["GET"]}}],"collection":[{"href":"https:\/\/pracownia52.pl\/www\/index.php?rest_route=\/wp\/v2\/pages"}],"about":[{"href":"https:\/\/pracownia52.pl\/www\/index.php?rest_route=\/wp\/v2\/types\/page"}],"author":[{"embeddable":true,"href":"https:\/\/pracownia52.pl\/www\/index.php?rest_route=\/wp\/v2\/users\/1"}],"replies":[{"embeddable":true,"href":"https:\/\/pracownia52.pl\/www\/index.php?rest_route=%2Fwp%2Fv2%2Fcomments&post=3721"}],"version-history":[{"count":22,"href":"https:\/\/pracownia52.pl\/www\/index.php?rest_route=\/wp\/v2\/pages\/3721\/revisions"}],"predecessor-version":[{"id":9714,"href":"https:\/\/pracownia52.pl\/www\/index.php?rest_route=\/wp\/v2\/pages\/3721\/revisions\/9714"}],"wp:featuredmedia":[{"embeddable":true,"href":"https:\/\/pracownia52.pl\/www\/index.php?rest_route=\/wp\/v2\/media\/9241"}],"wp:attachment":[{"href":"https:\/\/pracownia52.pl\/www\/index.php?rest_route=%2Fwp%2Fv2%2Fmedia&parent=3721"}],"curies":[{"name":"wp","href":"https:\/\/api.w.org\/{rel}","templated":true}]}}