{"id":373,"date":"2010-06-11T11:10:48","date_gmt":"2010-06-11T11:10:48","guid":{"rendered":"http:\/\/pracownia52.pl\/www\/?page_id=373"},"modified":"2019-02-05T11:42:28","modified_gmt":"2019-02-05T11:42:28","slug":"johan-asherton","status":"publish","type":"page","link":"https:\/\/pracownia52.pl\/www\/?page_id=373","title":{"rendered":"Johan Asherton"},"content":{"rendered":"\n<p>piosenkarz francuski i podobno (nieco) rokendrollowy. (zrobili\u015bmy w kraju, z moim scenariuszem, na samym pocz\u0105tku lat 90. \u2013 dla niego teledysk do MTV; i nawet poszed\u0142 ;) mi\u0142y facet, chyba lekko przera\u017cony, \u017ce znalaz\u0142 si\u0119 tu, w dziczy, prawie jak na Syberii (= zaraz wyjd\u0105 nied\u017awiedzie z ka\u0142achami\u2026)<br \/> i faktycznie: prawie wszystko \u2013 z TVP na lewo, po znajomo\u015bci i <em>w u\u017cywanych banknotach w sraczu<\/em> \u2013 jak mawia\u0142 Adam G. a w trakcie realizacji \u2013 ekipa si\u0119 ur\u0105ba\u0142a \u2013  i daaaaleko odeszli od scenariusza\u2026 (\u201eto si\u0119 zmontuje\u2026&#8221;)<br \/> mr m.<br \/> <\/p>\n\n\n\n<ul class=\"wp-block-gallery columns-3 is-cropped wp-block-gallery-1 is-layout-flex wp-block-gallery-is-layout-flex\"><li class=\"blocks-gallery-item\"><figure><a href=\"https:\/\/pracownia52.pl\/www\/wp-content\/uploads\/2010\/06\/asherton-0002-w.jpg\"><img loading=\"lazy\" decoding=\"async\" width=\"450\" height=\"682\" src=\"https:\/\/pracownia52.pl\/www\/wp-content\/uploads\/2010\/06\/asherton-0002-w.jpg\" alt=\"\" data-id=\"7063\" class=\"wp-image-7063\" srcset=\"https:\/\/pracownia52.pl\/www\/wp-content\/uploads\/2010\/06\/asherton-0002-w.jpg?v=1627123730 450w, https:\/\/pracownia52.pl\/www\/wp-content\/uploads\/2010\/06\/asherton-0002-w-198x300.jpg?v=1627123730 198w\" sizes=\"auto, (max-width: 450px) 100vw, 450px\" \/><\/a><\/figure><\/li><li class=\"blocks-gallery-item\"><figure><a href=\"https:\/\/pracownia52.pl\/www\/wp-content\/uploads\/2010\/06\/asherton-0001-w.jpg\"><img loading=\"lazy\" decoding=\"async\" width=\"350\" height=\"525\" src=\"https:\/\/pracownia52.pl\/www\/wp-content\/uploads\/2010\/06\/asherton-0001-w.jpg\" alt=\"\" data-id=\"375\" class=\"wp-image-375\" srcset=\"https:\/\/pracownia52.pl\/www\/wp-content\/uploads\/2010\/06\/asherton-0001-w.jpg?v=1627124308 350w, https:\/\/pracownia52.pl\/www\/wp-content\/uploads\/2010\/06\/asherton-0001-w-200x300.jpg?v=1627124308 200w\" sizes=\"auto, (max-width: 350px) 100vw, 350px\" \/><\/a><\/figure><\/li><\/ul>\n","protected":false},"excerpt":{"rendered":"<p>piosenkarz francuski i podobno (nieco) rokendrollowy. (zrobili\u015bmy w kraju, z moim scenariuszem, na samym pocz\u0105tku lat 90. \u2013 dla niego teledysk do MTV; i nawet poszed\u0142 ;) mi\u0142y facet, chyba lekko przera\u017cony, \u017ce znalaz\u0142 si\u0119 tu, w dziczy, prawie jak na Syberii (= zaraz wyjd\u0105 nied\u017awiedzie z ka\u0142achami\u2026) i faktycznie: prawie wszystko \u2013 z TVP &hellip; <\/p>\n<p class=\"link-more\"><a href=\"https:\/\/pracownia52.pl\/www\/?page_id=373\" class=\"more-link\">Czytaj dalej<span class=\"screen-reader-text\"> \u201eJohan Asherton\u201d<\/span><\/a><\/p>\n","protected":false},"author":1,"featured_media":8959,"parent":0,"menu_order":0,"comment_status":"closed","ping_status":"open","template":"","meta":{"footnotes":""},"class_list":["post-373","page","type-page","status-publish","has-post-thumbnail","hentry"],"_links":{"self":[{"href":"https:\/\/pracownia52.pl\/www\/index.php?rest_route=\/wp\/v2\/pages\/373","targetHints":{"allow":["GET"]}}],"collection":[{"href":"https:\/\/pracownia52.pl\/www\/index.php?rest_route=\/wp\/v2\/pages"}],"about":[{"href":"https:\/\/pracownia52.pl\/www\/index.php?rest_route=\/wp\/v2\/types\/page"}],"author":[{"embeddable":true,"href":"https:\/\/pracownia52.pl\/www\/index.php?rest_route=\/wp\/v2\/users\/1"}],"replies":[{"embeddable":true,"href":"https:\/\/pracownia52.pl\/www\/index.php?rest_route=%2Fwp%2Fv2%2Fcomments&post=373"}],"version-history":[{"count":10,"href":"https:\/\/pracownia52.pl\/www\/index.php?rest_route=\/wp\/v2\/pages\/373\/revisions"}],"predecessor-version":[{"id":8958,"href":"https:\/\/pracownia52.pl\/www\/index.php?rest_route=\/wp\/v2\/pages\/373\/revisions\/8958"}],"wp:featuredmedia":[{"embeddable":true,"href":"https:\/\/pracownia52.pl\/www\/index.php?rest_route=\/wp\/v2\/media\/8959"}],"wp:attachment":[{"href":"https:\/\/pracownia52.pl\/www\/index.php?rest_route=%2Fwp%2Fv2%2Fmedia&parent=373"}],"curies":[{"name":"wp","href":"https:\/\/api.w.org\/{rel}","templated":true}]}}