{"id":3759,"date":"2013-06-04T06:54:11","date_gmt":"2013-06-04T06:54:11","guid":{"rendered":"http:\/\/pracownia52.pl\/www\/?page_id=3759"},"modified":"2018-12-24T12:31:56","modified_gmt":"2018-12-24T12:31:56","slug":"aya-rl","status":"publish","type":"page","link":"https:\/\/pracownia52.pl\/www\/?page_id=3759","title":{"rendered":"Aya RL"},"content":{"rendered":"\n<figure class=\"wp-block-image\"><img loading=\"lazy\" decoding=\"async\" width=\"550\" height=\"335\" src=\"http:\/\/pracownia52.pl\/www\/wp-content\/uploads\/2013\/06\/ayarl-1984-005-mn-mod.jpg\" alt=\"ayarl-1984-005-mn-mod\" class=\"wp-image-3764\" srcset=\"https:\/\/pracownia52.pl\/www\/wp-content\/uploads\/2013\/06\/ayarl-1984-005-mn-mod.jpg?v=1627124085 550w, https:\/\/pracownia52.pl\/www\/wp-content\/uploads\/2013\/06\/ayarl-1984-005-mn-mod-300x183.jpg?v=1627124085 300w\" sizes=\"auto, (max-width: 550px) 100vw, 550px\" \/><\/figure>\n\n\n\n<p>kilka zdj\u0119\u0107. przypadkowe w sumie. za to niekt\u00f3re jeszcze z 1984 r.<br \/>mr m.<br \/><\/p>\n\n\n\n<ul class=\"wp-block-gallery columns-4 is-cropped wp-block-gallery-1 is-layout-flex wp-block-gallery-is-layout-flex\"><li class=\"blocks-gallery-item\"><figure><a href=\"https:\/\/pracownia52.pl\/www\/wp-content\/uploads\/2013\/06\/aya-rl-igor-2.jpg\"><img loading=\"lazy\" decoding=\"async\" width=\"800\" height=\"547\" src=\"https:\/\/pracownia52.pl\/www\/wp-content\/uploads\/2013\/06\/aya-rl-igor-2.jpg\" alt=\"\" data-id=\"3763\" class=\"wp-image-3763\" srcset=\"https:\/\/pracownia52.pl\/www\/wp-content\/uploads\/2013\/06\/aya-rl-igor-2.jpg?v=1627124085 800w, https:\/\/pracownia52.pl\/www\/wp-content\/uploads\/2013\/06\/aya-rl-igor-2-300x205.jpg?v=1627124085 300w, https:\/\/pracownia52.pl\/www\/wp-content\/uploads\/2013\/06\/aya-rl-igor-2-768x525.jpg?v=1627124085 768w\" sizes=\"auto, (max-width: 767px) 89vw, (max-width: 1000px) 54vw, (max-width: 1071px) 543px, 580px\" \/><\/a><\/figure><\/li><li class=\"blocks-gallery-item\"><figure><a href=\"https:\/\/pracownia52.pl\/www\/wp-content\/uploads\/2013\/06\/aya-rl-git.jpg\"><img loading=\"lazy\" decoding=\"async\" width=\"800\" height=\"538\" src=\"https:\/\/pracownia52.pl\/www\/wp-content\/uploads\/2013\/06\/aya-rl-git.jpg\" alt=\"\" data-id=\"3762\" class=\"wp-image-3762\" srcset=\"https:\/\/pracownia52.pl\/www\/wp-content\/uploads\/2013\/06\/aya-rl-git.jpg?v=1627124085 800w, https:\/\/pracownia52.pl\/www\/wp-content\/uploads\/2013\/06\/aya-rl-git-300x202.jpg?v=1627124085 300w, https:\/\/pracownia52.pl\/www\/wp-content\/uploads\/2013\/06\/aya-rl-git-768x516.jpg?v=1627124085 768w\" sizes=\"auto, (max-width: 767px) 89vw, (max-width: 1000px) 54vw, (max-width: 1071px) 543px, 580px\" \/><\/a><\/figure><\/li><li class=\"blocks-gallery-item\"><figure><a href=\"https:\/\/pracownia52.pl\/www\/wp-content\/uploads\/2013\/06\/aya-rl-1984-p004-mod-mn.jpg\"><img loading=\"lazy\" decoding=\"async\" width=\"600\" height=\"398\" src=\"https:\/\/pracownia52.pl\/www\/wp-content\/uploads\/2013\/06\/aya-rl-1984-p004-mod-mn.jpg\" alt=\"\" data-id=\"3761\" class=\"wp-image-3761\" srcset=\"https:\/\/pracownia52.pl\/www\/wp-content\/uploads\/2013\/06\/aya-rl-1984-p004-mod-mn.jpg?v=1627124085 600w, https:\/\/pracownia52.pl\/www\/wp-content\/uploads\/2013\/06\/aya-rl-1984-p004-mod-mn-300x199.jpg?v=1627124085 300w\" sizes=\"auto, (max-width: 600px) 100vw, 600px\" \/><\/a><\/figure><\/li><\/ul>\n","protected":false},"excerpt":{"rendered":"<p>kilka zdj\u0119\u0107. przypadkowe w sumie. za to niekt\u00f3re jeszcze z 1984 r.mr m.<\/p>\n","protected":false},"author":1,"featured_media":0,"parent":0,"menu_order":0,"comment_status":"closed","ping_status":"open","template":"","meta":{"footnotes":""},"class_list":["post-3759","page","type-page","status-publish","hentry"],"_links":{"self":[{"href":"https:\/\/pracownia52.pl\/www\/index.php?rest_route=\/wp\/v2\/pages\/3759","targetHints":{"allow":["GET"]}}],"collection":[{"href":"https:\/\/pracownia52.pl\/www\/index.php?rest_route=\/wp\/v2\/pages"}],"about":[{"href":"https:\/\/pracownia52.pl\/www\/index.php?rest_route=\/wp\/v2\/types\/page"}],"author":[{"embeddable":true,"href":"https:\/\/pracownia52.pl\/www\/index.php?rest_route=\/wp\/v2\/users\/1"}],"replies":[{"embeddable":true,"href":"https:\/\/pracownia52.pl\/www\/index.php?rest_route=%2Fwp%2Fv2%2Fcomments&post=3759"}],"version-history":[{"count":11,"href":"https:\/\/pracownia52.pl\/www\/index.php?rest_route=\/wp\/v2\/pages\/3759\/revisions"}],"predecessor-version":[{"id":8282,"href":"https:\/\/pracownia52.pl\/www\/index.php?rest_route=\/wp\/v2\/pages\/3759\/revisions\/8282"}],"wp:attachment":[{"href":"https:\/\/pracownia52.pl\/www\/index.php?rest_route=%2Fwp%2Fv2%2Fmedia&parent=3759"}],"curies":[{"name":"wp","href":"https:\/\/api.w.org\/{rel}","templated":true}]}}