{"id":3770,"date":"2013-06-12T06:34:33","date_gmt":"2013-06-12T06:34:33","guid":{"rendered":"http:\/\/pracownia52.pl\/www\/?page_id=3770"},"modified":"2019-10-04T08:26:34","modified_gmt":"2019-10-04T08:26:34","slug":"numero-uno","status":"publish","type":"page","link":"https:\/\/pracownia52.pl\/www\/?page_id=3770","title":{"rendered":"Numero Uno"},"content":{"rendered":"\n<p>Nigdy praktycznie niepublikowane zdj\u0119cia ze wsp\u00f3lnej sesji <a href=\"http:\/\/pracownia52.pl\/www\/?page_id=181\"><strong>D\u017cemu<\/strong><\/a> i Pana <a href=\"http:\/\/pracownia52.pl\/www\/?page_id=774\"><strong>Tadeusza<\/strong><\/a>; pozna\u0144, 1987 \u2013 ostatnie moje zdj\u0119cia dla grupy. Jest tego troch\u0119 wi\u0119cej, za chwil\u0119\u2026<br \/>Umieszczone z inspiracji <strong>Piotra J. Madziara<\/strong>, dzi\u0119ki.<br \/>mr m.<br \/><\/p>\n\n\n\n<ul class=\"wp-block-gallery columns-2 is-cropped wp-block-gallery-1 is-layout-flex wp-block-gallery-is-layout-flex\"><li class=\"blocks-gallery-item\"><figure><a href=\"http:\/\/pracownia52.pl\/www\/wp-content\/uploads\/2013\/06\/dzem-nro-uno-studio-001.jpg\"><img loading=\"lazy\" decoding=\"async\" width=\"792\" height=\"523\" src=\"http:\/\/pracownia52.pl\/www\/wp-content\/uploads\/2013\/06\/dzem-nro-uno-studio-001.jpg\" alt=\"dzem-nro-uno-studio-001\" data-id=\"3773\" class=\"wp-image-3773\" srcset=\"https:\/\/pracownia52.pl\/www\/wp-content\/uploads\/2013\/06\/dzem-nro-uno-studio-001.jpg?v=1627124084 792w, https:\/\/pracownia52.pl\/www\/wp-content\/uploads\/2013\/06\/dzem-nro-uno-studio-001-300x198.jpg?v=1627124084 300w, https:\/\/pracownia52.pl\/www\/wp-content\/uploads\/2013\/06\/dzem-nro-uno-studio-001-768x507.jpg?v=1627124084 768w\" sizes=\"auto, (max-width: 767px) 89vw, (max-width: 1000px) 54vw, (max-width: 1071px) 543px, 580px\" \/><\/a><\/figure><\/li><li class=\"blocks-gallery-item\"><figure><a href=\"http:\/\/pracownia52.pl\/www\/wp-content\/uploads\/2013\/06\/nalepa-nrouno0010amn.jpg\"><img loading=\"lazy\" decoding=\"async\" width=\"600\" height=\"939\" src=\"http:\/\/pracownia52.pl\/www\/wp-content\/uploads\/2013\/06\/nalepa-nrouno0010amn.jpg\" alt=\"nalepa-nrouno0010amn\" data-id=\"3775\" class=\"wp-image-3775\" srcset=\"https:\/\/pracownia52.pl\/www\/wp-content\/uploads\/2013\/06\/nalepa-nrouno0010amn.jpg?v=1627124084 600w, https:\/\/pracownia52.pl\/www\/wp-content\/uploads\/2013\/06\/nalepa-nrouno0010amn-192x300.jpg?v=1627124084 192w\" sizes=\"auto, (max-width: 600px) 100vw, 600px\" \/><\/a><\/figure><\/li><\/ul>\n","protected":false},"excerpt":{"rendered":"<p>Nigdy praktycznie niepublikowane zdj\u0119cia ze wsp\u00f3lnej sesji D\u017cemu i Pana Tadeusza; pozna\u0144, 1987 \u2013 ostatnie moje zdj\u0119cia dla grupy. Jest tego troch\u0119 wi\u0119cej, za chwil\u0119\u2026Umieszczone z inspiracji Piotra J. Madziara, dzi\u0119ki.mr m.<\/p>\n","protected":false},"author":1,"featured_media":0,"parent":0,"menu_order":0,"comment_status":"closed","ping_status":"open","template":"","meta":{"footnotes":""},"class_list":["post-3770","page","type-page","status-publish","hentry"],"_links":{"self":[{"href":"https:\/\/pracownia52.pl\/www\/index.php?rest_route=\/wp\/v2\/pages\/3770","targetHints":{"allow":["GET"]}}],"collection":[{"href":"https:\/\/pracownia52.pl\/www\/index.php?rest_route=\/wp\/v2\/pages"}],"about":[{"href":"https:\/\/pracownia52.pl\/www\/index.php?rest_route=\/wp\/v2\/types\/page"}],"author":[{"embeddable":true,"href":"https:\/\/pracownia52.pl\/www\/index.php?rest_route=\/wp\/v2\/users\/1"}],"replies":[{"embeddable":true,"href":"https:\/\/pracownia52.pl\/www\/index.php?rest_route=%2Fwp%2Fv2%2Fcomments&post=3770"}],"version-history":[{"count":12,"href":"https:\/\/pracownia52.pl\/www\/index.php?rest_route=\/wp\/v2\/pages\/3770\/revisions"}],"predecessor-version":[{"id":9634,"href":"https:\/\/pracownia52.pl\/www\/index.php?rest_route=\/wp\/v2\/pages\/3770\/revisions\/9634"}],"wp:attachment":[{"href":"https:\/\/pracownia52.pl\/www\/index.php?rest_route=%2Fwp%2Fv2%2Fmedia&parent=3770"}],"curies":[{"name":"wp","href":"https:\/\/api.w.org\/{rel}","templated":true}]}}